{"id":31931,"date":"2015-12-11T18:13:34","date_gmt":"2015-12-11T17:13:34","guid":{"rendered":"http:\/\/www.boardlife.se\/?page_id=31931"},"modified":"2017-03-05T12:51:55","modified_gmt":"2017-03-05T11:51:55","slug":"cup-guide-longboard","status":"publish","type":"page","link":"https:\/\/boardlife.se\/en\/cup-guide-longboard\/","title":{"rendered":"Longboard buying guide"},"content":{"rendered":"<p>[spb_row element_name=&#8221;Row&#8221; wrap_type=&#8221;content-width&#8221; parallax_image_height=&#8221;content-height&#8221; parallax_image_movement=&#8221;fixed&#8221; parallax_image_speed=&#8221;0.5&#8243; bg_video_loop=&#8221;yes&#8221; parallax_video_height=&#8221;window-height&#8221; parallax_video_overlay=&#8221;none&#8221; row_overlay_opacity=&#8221;0&#8243; row_col_pos=&#8221;default&#8221; width=&#8221;1\/1&#8243; el_position=&#8221;first last&#8221;] [spb_divider type=&#8221;heading&#8221; heading_text=&#8221;TIPS P\u00c5 BRA CRUISERS&#8221; text=&#8221;Go to top&#8221; top_margin=&#8221;20px&#8221; bottom_margin=&#8221;10px&#8221; fullwidth=&#8221;yes&#8221; width=&#8221;1\/1&#8243; el_position=&#8221;first last&#8221;] [spb_boxed_content type=&#8221;whitestroke&#8221; custom_bg_colour=&#8221;#f9f9f9&#8243; box_link_target=&#8221;_self&#8221; padding_vertical=&#8221;2&#8243; padding_horizontal=&#8221;2&#8243; width=&#8221;1\/1&#8243; el_position=&#8221;first last&#8221;]<\/p>\n<h3>LITE ALLM\u00c4NT OM CRUISERBR\u00c4DOR<\/h3>\n<p>En cruiser \u00e4r oftast en br\u00e4da som har fokus p\u00e5 komfort och stabilitet. Ibland, men inte alltid, \u00e4r de l\u00e4ngre i modellen. Dock kan en allt f\u00f6r l\u00e5ng br\u00e4da bli sv\u00e5rman\u00f6vrerad om man \u00e4r ett barn eller v\u00e4ger mindre. Cruising och downhill \u00e4r tv\u00e5 \u00e5kstilar som \u00e4r varandras motpooler kan man s\u00e4ga. Den f\u00f6rsta klassiska longboarden var av formen pintail vilket \u00e4r den droppformade modellen. En modell som fortfarande levt kvar och som \u00e4r ruskigt trevlig att glida p\u00e5. D\u00e5 man cruisar kan det vara sk\u00f6nt med lite flex i br\u00e4dan. Cruising involverar ibland &#8221;dancing&#8221;, som \u00e4r en form av balanstricks d\u00e4r man g\u00e5r runt\/dansar p\u00e5 br\u00e4dan samtidigt som man \u00e5ker och sv\u00e4nger. Riktigt snyggt s\u00e4tt att imponera p\u00e5 dem man passerar p\u00e5 turen.<\/p>\n<p>[\/spb_boxed_content] [spb_divider type=&#8221;heading&#8221; text=&#8221;Go to top&#8221; top_margin=&#8221;10px&#8221; bottom_margin=&#8221;10px&#8221; fullwidth=&#8221;no&#8221; width=&#8221;1\/1&#8243; el_position=&#8221;first last&#8221;] [spb_column col_sm=&#8221;12&#8243; padding_horizontal=&#8221;0&#8243; width=&#8221;1\/1&#8243; el_position=&#8221;first last&#8221;] [spb_products title=&#8221;TIPS P\u00c5 BRA CRUISERBR\u00c4DOR&#8221; asset_type=&#8221;selected-products&#8221; products=&#8221;29557,29548,14883,25111,14036,43784,35813,35891,40608,37359&#8243; display_type=&#8221;standard&#8221; display_layout=&#8221;standard&#8221; multi_masonry=&#8221;no&#8221; carousel=&#8221;yes&#8221; fullwidth=&#8221;no&#8221; columns=&#8221;6&#8243; item_count=&#8221;8&#8243; order=&#8221;DESC&#8221; button_enabled=&#8221;yes&#8221; width=&#8221;1\/1&#8243; el_position=&#8221;first last&#8221;] [\/spb_column] [spb_icon_box title=&#8221;FORMEN&#8221; box_type=&#8221;standard-title&#8221; icon=&#8221;sf-im-preview&#8221; animate_svg=&#8221;no&#8221; target=&#8221;_self&#8221; animation=&#8221;none&#8221; animation_delay=&#8221;0&#8243; animated_box_style=&#8221;coloured&#8221; animated_box_rounded=&#8221;yes&#8221; width=&#8221;1\/3&#8243; el_position=&#8221;first&#8221;]<\/p>\n<p>Br\u00e4dan kan vara en pintail (droppformad) eller symmetrisk (d.v.s. lika \u00e5t b\u00e5da h\u00e5llen). En pintail blir i regel lite l\u00e5ngsammare i sv\u00e4ngarna. Det beror p\u00e5 att du inte skapar lika mycket h\u00e4vst\u00e5ng\/tryck p\u00e5 baktrucken d\u00e5 br\u00e4dan \u00e4r smalare baktill. Vill man ha en stabil br\u00e4da kan man v\u00e4lja en pintail.<\/p>\n<p>[\/spb_icon_box] [spb_icon_box title=&#8221;BR\u00c4DANS FLEX&#8221; box_type=&#8221;standard-title&#8221; icon=&#8221;fa-sort&#8221; animate_svg=&#8221;no&#8221; target=&#8221;_self&#8221; animation=&#8221;none&#8221; animation_delay=&#8221;0&#8243; animated_box_style=&#8221;coloured&#8221; animated_box_rounded=&#8221;yes&#8221; width=&#8221;1\/3&#8243;]<\/p>\n<p>En cruiser kan oftast vara sk\u00f6n att ha lite flex i. Det g\u00f6r att den \u00e4r mjukare och behagligare att ha som transport. Den tar upp vibrationer och g\u00f6r sv\u00e4ngarna lite softare.<\/p>\n<p>[\/spb_icon_box] [spb_icon_box title=&#8221;BR\u00c4DANS L\u00c4NGD&#8221; box_type=&#8221;standard-title&#8221; icon=&#8221;fa-arrows-h&#8221; animate_svg=&#8221;no&#8221; target=&#8221;_self&#8221; animation=&#8221;none&#8221; animation_delay=&#8221;0&#8243; animated_box_style=&#8221;coloured&#8221; animated_box_rounded=&#8221;yes&#8221; width=&#8221;1\/3&#8243; el_position=&#8221;last&#8221;]<\/p>\n<p>L\u00e4ngden p\u00e5 longboarden \u00e4r en smaksak. Det kan vara sk\u00f6nt att ha lite l\u00e4ngd p\u00e5 din cruiser d\u00e5 man oftast ska kicka mycket och ta fart. En l\u00e4ngre br\u00e4da ger i regel mer stabilitet \u00e4n en kortare. En l\u00e4ngd p\u00e5 mellan + 37&#8243; \u00e4r ganska normalt.<\/p>\n<p>[\/spb_icon_box] [\/spb_row] [spb_row element_name=&#8221;Row&#8221; wrap_type=&#8221;content-width&#8221; parallax_image_height=&#8221;content-height&#8221; parallax_image_movement=&#8221;fixed&#8221; parallax_image_speed=&#8221;0.5&#8243; bg_video_loop=&#8221;yes&#8221; parallax_video_height=&#8221;window-height&#8221; parallax_video_overlay=&#8221;none&#8221; row_overlay_opacity=&#8221;0&#8243; row_col_pos=&#8221;default&#8221; width=&#8221;1\/1&#8243; el_position=&#8221;first last&#8221;] [spb_divider type=&#8221;heading&#8221; heading_text=&#8221;TIPS P\u00c5 BRA ALLROUND\/FREERIDEBR\u00c4DOR&#8221; text=&#8221;Go to top&#8221; top_margin=&#8221;20px&#8221; bottom_margin=&#8221;10px&#8221; fullwidth=&#8221;yes&#8221; width=&#8221;1\/1&#8243; el_position=&#8221;first last&#8221;] [spb_boxed_content type=&#8221;whitestroke&#8221; custom_bg_colour=&#8221;#f9f9f9&#8243; box_link_target=&#8221;_self&#8221; padding_vertical=&#8221;2&#8243; padding_horizontal=&#8221;2&#8243; width=&#8221;1\/1&#8243; el_position=&#8221;first last&#8221;]<\/p>\n<h3>LITE ALLM\u00c4NT OM ALLROUND\/FREERIDEBR\u00c4DOR<\/h3>\n<p>En allroundbr\u00e4da \u00e4r \u00e4r en br\u00e4da som ska vara bra p\u00e5 allt, vilket oftast \u00e4r lite sv\u00e5rt. Cruising och downhill \u00e4r tv\u00e5 \u00e5kstilar som \u00e4r varandras motpooler kan man s\u00e4ga. Men freeride skulle man lite f\u00f6renklat kunna s\u00e4ga ligga mellan dessa. Det g\u00e5r oftast ut p\u00e5 att kunna \u00e5ka ner f\u00f6r lite backar. Det beh\u00f6ver inte n\u00f6dv\u00e4ndigtvis g\u00e5 fort men det involverar oftast en stor dos teknik. Det \u00e4r i denna typ av \u00e5kning som sliding oftast kommer in i bilden.<\/p>\n<p>[\/spb_boxed_content] [spb_divider type=&#8221;heading&#8221; text=&#8221;Go to top&#8221; top_margin=&#8221;10px&#8221; bottom_margin=&#8221;10px&#8221; fullwidth=&#8221;no&#8221; width=&#8221;1\/1&#8243; el_position=&#8221;first last&#8221;] [spb_column col_sm=&#8221;12&#8243; padding_horizontal=&#8221;0&#8243; width=&#8221;1\/1&#8243; el_position=&#8221;first last&#8221;] [spb_products title=&#8221;TIPS P\u00c5 BRA FREERIDEBR\u00c4DOR&#8221; asset_type=&#8221;selected-products&#8221; products=&#8221;15430,37348,25861,37590,34552,24574&#8243; display_type=&#8221;standard&#8221; display_layout=&#8221;standard&#8221; multi_masonry=&#8221;no&#8221; carousel=&#8221;yes&#8221; fullwidth=&#8221;no&#8221; columns=&#8221;6&#8243; item_count=&#8221;8&#8243; order_by=&#8221;rand&#8221; order=&#8221;DESC&#8221; button_enabled=&#8221;yes&#8221; width=&#8221;1\/1&#8243; el_position=&#8221;first last&#8221;] [\/spb_column] [spb_icon_box title=&#8221;FORMEN&#8221; box_type=&#8221;standard-title&#8221; icon=&#8221;sf-im-preview&#8221; animate_svg=&#8221;no&#8221; target=&#8221;_self&#8221; animation=&#8221;none&#8221; animation_delay=&#8221;0&#8243; animated_box_style=&#8221;coloured&#8221; animated_box_rounded=&#8221;yes&#8221; width=&#8221;1\/3&#8243; el_position=&#8221;first&#8221;]<\/p>\n<p>Br\u00e4dan kan med f\u00f6rdel vara symmetrisk (d.v.s. lika \u00e5t b\u00e5da h\u00e5llen). Det g\u00f6r den l\u00e4ttare att vara flexibel p\u00e5.<\/p>\n<p>[\/spb_icon_box] [spb_icon_box title=&#8221;BR\u00c4DANS FLEX&#8221; box_type=&#8221;standard-title&#8221; icon=&#8221;fa-sort&#8221; animate_svg=&#8221;no&#8221; target=&#8221;_self&#8221; animation=&#8221;none&#8221; animation_delay=&#8221;0&#8243; animated_box_style=&#8221;coloured&#8221; animated_box_rounded=&#8221;yes&#8221; width=&#8221;1\/3&#8243;]<\/p>\n<p>Br\u00e4dan b\u00f6r inte vara f\u00f6r mjuk i sj\u00e4lva br\u00e4dan\/decket. Om du t\u00e4nker ha den f\u00f6r slideing s\u00e5 kan det i s\u00e5 fall bli sv\u00e5rare.<\/p>\n<p>[\/spb_icon_box] [spb_icon_box title=&#8221;BR\u00c4DANS L\u00c4NGD&#8221; box_type=&#8221;standard-title&#8221; icon=&#8221;fa-arrows-h&#8221; animate_svg=&#8221;no&#8221; target=&#8221;_self&#8221; animation=&#8221;none&#8221; animation_delay=&#8221;0&#8243; animated_box_style=&#8221;coloured&#8221; animated_box_rounded=&#8221;yes&#8221; width=&#8221;1\/3&#8243; el_position=&#8221;last&#8221;]<\/p>\n<p>L\u00e4ngden p\u00e5 longboarden \u00e4r en smaksak men d\u00e5 hastigheten \u00f6kar \u00e4r det sk\u00f6nt om br\u00e4dan inte \u00e4r f\u00f6r kort. En l\u00e4ngd p\u00e5 mellan 36 &#8211; 41&#8243; \u00e4r ganska normalt.<\/p>\n<p>[\/spb_icon_box] [\/spb_row]<\/p>\n","protected":false},"excerpt":{"rendered":"<p>[spb_row element_name=&#8221;Row&#8221; wrap_type=&#8221;content-width&#8221; parallax_image_height=&#8221;content-height&#8221; parallax_image_movement=&#8221;fixed&#8221; parallax_image_speed=&#8221;0.5&#8243; bg_video_loop=&#8221;yes&#8221; parallax_video_height=&#8221;window-height&#8221; parallax_video_overlay=&#8221;none&#8221; row_overlay_opacity=&#8221;0&#8243; row_col_pos=&#8221;default&#8221; width=&#8221;1\/1&#8243; el_position=&#8221;first last&#8221;] [spb_divider type=&#8221;heading&#8221; heading_text=&#8221;TIPS P\u00c5 BRA CRUISERS&#8221; text=&#8221;Go to top&#8221; top_margin=&#8221;20px&#8221; bottom_margin=&#8221;10px&#8221; fullwidth=&#8221;yes&#8221; width=&#8221;1\/1&#8243; el_position=&#8221;first last&#8221;] [spb_boxed_content type=&#8221;whitestroke&#8221; custom_bg_colour=&#8221;#f9f9f9&#8243; box_link_target=&#8221;_self&#8221; padding_vertical=&#8221;2&#8243; padding_horizontal=&#8221;2&#8243; width=&#8221;1\/1&#8243; el_position=&#8221;first last&#8221;] LITE ALLM\u00c4NT OM CRUISERBR\u00c4DOR En cruiser \u00e4r oftast en br\u00e4da som har fokus p\u00e5 komfort och stabilitet. [&hellip;]<\/p>\n","protected":false},"author":3,"featured_media":0,"parent":0,"menu_order":0,"comment_status":"closed","ping_status":"closed","template":"","meta":{"_gspb_post_css":"","_crdt_document":"","footnotes":""},"class_list":["post-31931","page","type-page","status-publish","hentry"],"blocksy_meta":[],"yoast_head":"<!-- This site is optimized with the Yoast SEO plugin v27.5 - https:\/\/yoast.com\/product\/yoast-seo-wordpress\/ -->\n<title>K\u00f6pguide longboard - Boardlife<\/title>\n<meta name=\"description\" content=\"Ska du k\u00f6pa en f\u00f6rsta longboard? Vi vet att det kan vara sv\u00e5rt att v\u00e4lja. I v\u00e5r k\u00f6pguide har vi satt ihop lite tips f\u00f6r dig som ska k\u00f6pa longboard.\u00a0\" \/>\n<meta name=\"robots\" content=\"index, follow, max-snippet:-1, max-image-preview:large, max-video-preview:-1\" \/>\n<link rel=\"canonical\" href=\"https:\/\/boardlife.se\/en\/cup-guide-longboard\/?wmc-currency=SEK\" \/>\n<meta property=\"og:locale\" content=\"en_US\" \/>\n<meta property=\"og:type\" content=\"article\" \/>\n<meta property=\"og:title\" content=\"K\u00f6pguide longboard - Boardlife\" \/>\n<meta property=\"og:description\" content=\"Ska du k\u00f6pa en f\u00f6rsta longboard? Vi vet att det kan vara sv\u00e5rt att v\u00e4lja. I v\u00e5r k\u00f6pguide har vi satt ihop lite tips f\u00f6r dig som ska k\u00f6pa longboard.\u00a0\" \/>\n<meta property=\"og:url\" content=\"https:\/\/boardlife.se\/en\/cup-guide-longboard\/?wmc-currency=SEK\" \/>\n<meta property=\"og:site_name\" content=\"Boardlife\" \/>\n<meta property=\"article:publisher\" content=\"https:\/\/www.facebook.com\/Boardlife.se\" \/>\n<meta property=\"article:modified_time\" content=\"2017-03-05T11:51:55+00:00\" \/>\n<meta property=\"og:image\" content=\"https:\/\/www.boardlife.se\/wp-content\/uploads\/2014\/12\/gravatar-2.png\" \/>\n<meta name=\"twitter:card\" content=\"summary_large_image\" \/>\n<meta name=\"twitter:label1\" content=\"Est. reading time\" \/>\n\t<meta name=\"twitter:data1\" content=\"5 minutes\" \/>\n<script type=\"application\/ld+json\" class=\"yoast-schema-graph\">{\"@context\":\"https:\\\/\\\/schema.org\",\"@graph\":[{\"@type\":\"WebPage\",\"@id\":\"https:\\\/\\\/boardlife.se\\\/kopguide-longboard\\\/\",\"url\":\"https:\\\/\\\/boardlife.se\\\/kopguide-longboard\\\/\",\"name\":\"K\u00f6pguide longboard - Boardlife\",\"isPartOf\":{\"@id\":\"https:\\\/\\\/boardlife.se\\\/#website\"},\"datePublished\":\"2015-12-11T17:13:34+00:00\",\"dateModified\":\"2017-03-05T11:51:55+00:00\",\"description\":\"Ska du k\u00f6pa en f\u00f6rsta longboard? Vi vet att det kan vara sv\u00e5rt att v\u00e4lja. I v\u00e5r k\u00f6pguide har vi satt ihop lite tips f\u00f6r dig som ska k\u00f6pa longboard.\u00a0\",\"breadcrumb\":{\"@id\":\"https:\\\/\\\/boardlife.se\\\/kopguide-longboard\\\/#breadcrumb\"},\"inLanguage\":\"en-US\",\"potentialAction\":[{\"@type\":\"ReadAction\",\"target\":[\"https:\\\/\\\/boardlife.se\\\/kopguide-longboard\\\/\"]}]},{\"@type\":\"BreadcrumbList\",\"@id\":\"https:\\\/\\\/boardlife.se\\\/kopguide-longboard\\\/#breadcrumb\",\"itemListElement\":[{\"@type\":\"ListItem\",\"position\":1,\"name\":\"Hem\",\"item\":\"https:\\\/\\\/boardlife.se\\\/\"},{\"@type\":\"ListItem\",\"position\":2,\"name\":\"K\u00f6pguide longboard\"}]},{\"@type\":\"WebSite\",\"@id\":\"https:\\\/\\\/boardlife.se\\\/#website\",\"url\":\"https:\\\/\\\/boardlife.se\\\/\",\"name\":\"Boardlife.se\",\"description\":\"Provider of Lifestyle\",\"publisher\":{\"@id\":\"https:\\\/\\\/boardlife.se\\\/#organization\"},\"potentialAction\":[{\"@type\":\"SearchAction\",\"target\":{\"@type\":\"EntryPoint\",\"urlTemplate\":\"https:\\\/\\\/boardlife.se\\\/?s={search_term_string}\"},\"query-input\":{\"@type\":\"PropertyValueSpecification\",\"valueRequired\":true,\"valueName\":\"search_term_string\"}}],\"inLanguage\":\"en-US\"},{\"@type\":\"Organization\",\"@id\":\"https:\\\/\\\/boardlife.se\\\/#organization\",\"name\":\"Boardlife\",\"url\":\"https:\\\/\\\/boardlife.se\\\/\",\"logo\":{\"@type\":\"ImageObject\",\"inLanguage\":\"en-US\",\"@id\":\"https:\\\/\\\/boardlife.se\\\/#\\\/schema\\\/logo\\\/image\\\/\",\"url\":\"https:\\\/\\\/boardlife.se\\\/wp-content\\\/uploads\\\/2014\\\/09\\\/logo.png\",\"contentUrl\":\"https:\\\/\\\/boardlife.se\\\/wp-content\\\/uploads\\\/2014\\\/09\\\/logo.png\",\"width\":785,\"height\":103,\"caption\":\"Boardlife\"},\"image\":{\"@id\":\"https:\\\/\\\/boardlife.se\\\/#\\\/schema\\\/logo\\\/image\\\/\"},\"sameAs\":[\"https:\\\/\\\/www.facebook.com\\\/Boardlife.se\",\"http:\\\/\\\/instagram.com\\\/boardlife_official\"]}]}<\/script>\n<!-- \/ Yoast SEO plugin. -->","yoast_head_json":{"title":"Buying guide longboard - Boardlife","description":"Are you buying your first longboard? We know it can be difficult to choose. In our buying guide, we have put together some tips for those of you who are about to buy a longboard.\u00a0","robots":{"index":"index","follow":"follow","max-snippet":"max-snippet:-1","max-image-preview":"max-image-preview:large","max-video-preview":"max-video-preview:-1"},"canonical":"https:\/\/boardlife.se\/en\/cup-guide-longboard\/?wmc-currency=SEK","og_locale":"en_US","og_type":"article","og_title":"K\u00f6pguide longboard - Boardlife","og_description":"Ska du k\u00f6pa en f\u00f6rsta longboard? Vi vet att det kan vara sv\u00e5rt att v\u00e4lja. I v\u00e5r k\u00f6pguide har vi satt ihop lite tips f\u00f6r dig som ska k\u00f6pa longboard.\u00a0","og_url":"https:\/\/boardlife.se\/en\/cup-guide-longboard\/?wmc-currency=SEK","og_site_name":"Boardlife","article_publisher":"https:\/\/www.facebook.com\/Boardlife.se","article_modified_time":"2017-03-05T11:51:55+00:00","og_image":[{"url":"https:\/\/www.boardlife.se\/wp-content\/uploads\/2014\/12\/gravatar-2.png","type":"","width":"","height":""}],"twitter_card":"summary_large_image","twitter_misc":{"Est. reading time":"5 minutes"},"schema":{"@context":"https:\/\/schema.org","@graph":[{"@type":"WebPage","@id":"https:\/\/boardlife.se\/kopguide-longboard\/","url":"https:\/\/boardlife.se\/kopguide-longboard\/","name":"Buying guide longboard - Boardlife","isPartOf":{"@id":"https:\/\/boardlife.se\/#website"},"datePublished":"2015-12-11T17:13:34+00:00","dateModified":"2017-03-05T11:51:55+00:00","description":"Are you buying your first longboard? We know it can be difficult to choose. In our buying guide, we have put together some tips for those of you who are about to buy a longboard.\u00a0","breadcrumb":{"@id":"https:\/\/boardlife.se\/kopguide-longboard\/#breadcrumb"},"inLanguage":"en-US","potentialAction":[{"@type":"ReadAction","target":["https:\/\/boardlife.se\/kopguide-longboard\/"]}]},{"@type":"BreadcrumbList","@id":"https:\/\/boardlife.se\/kopguide-longboard\/#breadcrumb","itemListElement":[{"@type":"ListItem","position":1,"name":"Hem","item":"https:\/\/boardlife.se\/"},{"@type":"ListItem","position":2,"name":"K\u00f6pguide longboard"}]},{"@type":"WebSite","@id":"https:\/\/boardlife.se\/#website","url":"https:\/\/boardlife.se\/","name":"Boardlife.se","description":"Lifestyle Provider","publisher":{"@id":"https:\/\/boardlife.se\/#organization"},"potentialAction":[{"@type":"SearchAction","target":{"@type":"EntryPoint","urlTemplate":"https:\/\/boardlife.se\/?s={search_term_string}"},"query-input":{"@type":"PropertyValueSpecification","valueRequired":true,"valueName":"search_term_string"}}],"inLanguage":"en-US"},{"@type":"Organization","@id":"https:\/\/boardlife.se\/#organization","name":"Boardlife","url":"https:\/\/boardlife.se\/","logo":{"@type":"ImageObject","inLanguage":"en-US","@id":"https:\/\/boardlife.se\/#\/schema\/logo\/image\/","url":"https:\/\/boardlife.se\/wp-content\/uploads\/2014\/09\/logo.png","contentUrl":"https:\/\/boardlife.se\/wp-content\/uploads\/2014\/09\/logo.png","width":785,"height":103,"caption":"Boardlife"},"image":{"@id":"https:\/\/boardlife.se\/#\/schema\/logo\/image\/"},"sameAs":["https:\/\/www.facebook.com\/Boardlife.se","http:\/\/instagram.com\/boardlife_official"]}]}},"jetpack_sharing_enabled":true,"_links":{"self":[{"href":"https:\/\/boardlife.se\/en\/wp-json\/wp\/v2\/pages\/31931","targetHints":{"allow":["GET"]}}],"collection":[{"href":"https:\/\/boardlife.se\/en\/wp-json\/wp\/v2\/pages"}],"about":[{"href":"https:\/\/boardlife.se\/en\/wp-json\/wp\/v2\/types\/page"}],"author":[{"embeddable":true,"href":"https:\/\/boardlife.se\/en\/wp-json\/wp\/v2\/users\/3"}],"replies":[{"embeddable":true,"href":"https:\/\/boardlife.se\/en\/wp-json\/wp\/v2\/comments?post=31931"}],"version-history":[{"count":0,"href":"https:\/\/boardlife.se\/en\/wp-json\/wp\/v2\/pages\/31931\/revisions"}],"wp:attachment":[{"href":"https:\/\/boardlife.se\/en\/wp-json\/wp\/v2\/media?parent=31931"}],"curies":[{"name":"wp","href":"https:\/\/api.w.org\/{rel}","templated":true}]}}