{"id":10553,"date":"2015-06-05T11:51:24","date_gmt":"2015-06-05T09:51:24","guid":{"rendered":"http:\/\/boardlife.se\/produkt\/tsg-evolution-flat-green\/"},"modified":"2026-05-12T08:26:30","modified_gmt":"2026-05-12T06:26:30","slug":"tsg-evolution-flat-green","status":"publish","type":"product","link":"https:\/\/boardlife.se\/en\/shop\/protection\/helmets\/tsg-evolution-flat-green\/","title":{"rendered":"TSG Evolution Flat Green"},"content":{"rendered":"<p>TSG Evolution Flat Green. Hj\u00e4lm framtagen av TSG pro skate team.<br \/>\nCE-certifierad hj\u00e4lm med bra vaddering.<\/p>\n<p>Technical information:<br \/>\n&#8211; High impact ABS skal<br \/>\n&#8211; Skak resistant EPS<br \/>\n&#8211; Anatomisk bra passform<br \/>\n&#8211; Hard Shell konstruktion<br \/>\n&#8211; ABS yttre skal<br \/>\n&#8211; EPS impact skum<br \/>\n-Ventilationsh\u00e5l<br \/>\n&#8211; Air Flow Kanaler<br \/>\n&#8211; Tv\u00e4ttbara och v\u00e4rmeresistenta komfort pads i 2 olika storlekar<br \/>\n&#8211; 3-punkts sp\u00e4nnen<br \/>\n&#8211; Snap Chin st\u00e4ngning<br \/>\n&#8211; Material: Plast, frigolit, polyester, Nylon<\/p>\n<p>Size guide: (circumference)<br \/>\nS\/M = 54-56 cm \/ 21.3-22.0&#8242;<br \/>\n<del>L\/XL = 57-59 cm \/ 22.4-23.2&#8242;<\/del><\/p>","protected":false},"excerpt":{"rendered":"<p>Discontinued color model but otherwise exactly the same helmet and construction.<\/p>","protected":false},"featured_media":10557,"comment_status":"open","ping_status":"closed","template":"","meta":{"_gspb_post_css":"","_crdt_document":""},"product_brand":[2622],"product_cat":[90],"product_tag":[898],"class_list":{"0":"post-10553","1":"product","2":"type-product","3":"status-publish","4":"has-post-thumbnail","6":"product_brand-tsg-technical-safety-gear","7":"product_cat-helmets","8":"product_tag-tsg-technical-safety-gear","9":"pa_manufacturer-tsg-technical-safety-gear","10":"pa_storlekar-lxl","11":"pa_storlekar-sm","13":"first","14":"outofstock","15":"sale","16":"taxable","17":"shipping-taxable","18":"purchasable","19":"product-type-variable","20":"has-default-attributes"},"ct_brands":[{"id":2622,"name":"TSG - Technical Safety Gear","slug":"tsg-technical-safety-gear"}],"yoast_head":"<!-- This site is optimized with the Yoast SEO plugin v27.5 - https:\/\/yoast.com\/product\/yoast-seo-wordpress\/ -->\n<title>TSG Evolution Flat Green - Boardlife<\/title>\n<meta name=\"description\" content=\"TSG Evolution Flat Green perfekt longboardhj\u00e4msom \u00e4r v\u00e4l skyddad och framtagen av TSG pro skate team. CE-certifierad hj\u00e4lm med bra vaddering.\" \/>\n<meta name=\"robots\" content=\"index, follow, max-snippet:-1, max-image-preview:large, max-video-preview:-1\" \/>\n<link rel=\"canonical\" href=\"https:\/\/boardlife.se\/en\/shop\/protection\/helmets\/tsg-evolution-flat-green\/?wmc-currency=SEK\" \/>\n<meta property=\"og:locale\" content=\"en_US\" \/>\n<meta property=\"og:type\" content=\"article\" \/>\n<meta property=\"og:title\" content=\"TSG Evolution Flat Green - Boardlife\" \/>\n<meta property=\"og:description\" content=\"TSG Evolution Flat Green perfekt longboardhj\u00e4msom \u00e4r v\u00e4l skyddad och framtagen av TSG pro skate team. CE-certifierad hj\u00e4lm med bra vaddering.\" \/>\n<meta property=\"og:url\" content=\"https:\/\/boardlife.se\/en\/shop\/protection\/helmets\/tsg-evolution-flat-green\/?wmc-currency=SEK\" \/>\n<meta property=\"og:site_name\" content=\"Boardlife\" \/>\n<meta property=\"article:publisher\" content=\"https:\/\/www.facebook.com\/Boardlife.se\" \/>\n<meta property=\"article:modified_time\" content=\"2026-05-12T06:26:30+00:00\" \/>\n<meta property=\"og:image\" content=\"https:\/\/boardlife.se\/wp-content\/uploads\/2013\/06\/TSG-EVOLUTION-FLAT-green.jpg\" \/>\n\t<meta property=\"og:image:width\" content=\"932\" \/>\n\t<meta property=\"og:image:height\" content=\"750\" \/>\n\t<meta property=\"og:image:type\" content=\"image\/jpeg\" \/>\n<meta name=\"twitter:card\" content=\"summary_large_image\" \/>\n<script type=\"application\/ld+json\" class=\"yoast-schema-graph\">{\"@context\":\"https:\\\/\\\/schema.org\",\"@graph\":[{\"@type\":\"WebPage\",\"@id\":\"https:\\\/\\\/boardlife.se\\\/shop\\\/protection\\\/helmets\\\/tsg-evolution-flat-green\\\/\",\"url\":\"https:\\\/\\\/boardlife.se\\\/shop\\\/protection\\\/helmets\\\/tsg-evolution-flat-green\\\/\",\"name\":\"TSG Evolution Flat Green - Boardlife\",\"isPartOf\":{\"@id\":\"https:\\\/\\\/boardlife.se\\\/#website\"},\"primaryImageOfPage\":{\"@id\":\"https:\\\/\\\/boardlife.se\\\/shop\\\/protection\\\/helmets\\\/tsg-evolution-flat-green\\\/#primaryimage\"},\"image\":{\"@id\":\"https:\\\/\\\/boardlife.se\\\/shop\\\/protection\\\/helmets\\\/tsg-evolution-flat-green\\\/#primaryimage\"},\"thumbnailUrl\":\"https:\\\/\\\/boardlife.se\\\/wp-content\\\/uploads\\\/2013\\\/06\\\/TSG-EVOLUTION-FLAT-green.jpg\",\"datePublished\":\"2015-06-05T09:51:24+00:00\",\"dateModified\":\"2026-05-12T06:26:30+00:00\",\"description\":\"TSG Evolution Flat Green perfekt longboardhj\u00e4msom \u00e4r v\u00e4l skyddad och framtagen av TSG pro skate team. CE-certifierad hj\u00e4lm med bra vaddering.\",\"breadcrumb\":{\"@id\":\"https:\\\/\\\/boardlife.se\\\/shop\\\/protection\\\/helmets\\\/tsg-evolution-flat-green\\\/#breadcrumb\"},\"inLanguage\":\"en-US\",\"potentialAction\":[{\"@type\":\"ReadAction\",\"target\":[\"https:\\\/\\\/boardlife.se\\\/shop\\\/protection\\\/helmets\\\/tsg-evolution-flat-green\\\/\"]}]},{\"@type\":\"ImageObject\",\"inLanguage\":\"en-US\",\"@id\":\"https:\\\/\\\/boardlife.se\\\/shop\\\/protection\\\/helmets\\\/tsg-evolution-flat-green\\\/#primaryimage\",\"url\":\"https:\\\/\\\/boardlife.se\\\/wp-content\\\/uploads\\\/2013\\\/06\\\/TSG-EVOLUTION-FLAT-green.jpg\",\"contentUrl\":\"https:\\\/\\\/boardlife.se\\\/wp-content\\\/uploads\\\/2013\\\/06\\\/TSG-EVOLUTION-FLAT-green.jpg\",\"width\":932,\"height\":750},{\"@type\":\"BreadcrumbList\",\"@id\":\"https:\\\/\\\/boardlife.se\\\/shop\\\/protection\\\/helmets\\\/tsg-evolution-flat-green\\\/#breadcrumb\",\"itemListElement\":[{\"@type\":\"ListItem\",\"position\":1,\"name\":\"Hem\",\"item\":\"https:\\\/\\\/boardlife.se\\\/\"},{\"@type\":\"ListItem\",\"position\":2,\"name\":\"V\u00e4lkommen till skateparadiset\",\"item\":\"https:\\\/\\\/boardlife.se\\\/shop\\\/\"},{\"@type\":\"ListItem\",\"position\":3,\"name\":\"TSG Evolution Flat Green\"}]},{\"@type\":\"WebSite\",\"@id\":\"https:\\\/\\\/boardlife.se\\\/#website\",\"url\":\"https:\\\/\\\/boardlife.se\\\/\",\"name\":\"Boardlife.se\",\"description\":\"Provider of Lifestyle\",\"publisher\":{\"@id\":\"https:\\\/\\\/boardlife.se\\\/#organization\"},\"potentialAction\":[{\"@type\":\"SearchAction\",\"target\":{\"@type\":\"EntryPoint\",\"urlTemplate\":\"https:\\\/\\\/boardlife.se\\\/?s={search_term_string}\"},\"query-input\":{\"@type\":\"PropertyValueSpecification\",\"valueRequired\":true,\"valueName\":\"search_term_string\"}}],\"inLanguage\":\"en-US\"},{\"@type\":\"Organization\",\"@id\":\"https:\\\/\\\/boardlife.se\\\/#organization\",\"name\":\"Boardlife\",\"url\":\"https:\\\/\\\/boardlife.se\\\/\",\"logo\":{\"@type\":\"ImageObject\",\"inLanguage\":\"en-US\",\"@id\":\"https:\\\/\\\/boardlife.se\\\/#\\\/schema\\\/logo\\\/image\\\/\",\"url\":\"https:\\\/\\\/boardlife.se\\\/wp-content\\\/uploads\\\/2014\\\/09\\\/logo.png\",\"contentUrl\":\"https:\\\/\\\/boardlife.se\\\/wp-content\\\/uploads\\\/2014\\\/09\\\/logo.png\",\"width\":785,\"height\":103,\"caption\":\"Boardlife\"},\"image\":{\"@id\":\"https:\\\/\\\/boardlife.se\\\/#\\\/schema\\\/logo\\\/image\\\/\"},\"sameAs\":[\"https:\\\/\\\/www.facebook.com\\\/Boardlife.se\",\"http:\\\/\\\/instagram.com\\\/boardlife_official\"]}]}<\/script>\n<!-- \/ Yoast SEO plugin. -->","yoast_head_json":{"title":"TSG Evolution Flat Green - Boardlife","description":"TSG Evolution Flat Green perfect longboard helmet that is well protected and developed by the TSG pro skate team. CE certified helmet with good padding.","robots":{"index":"index","follow":"follow","max-snippet":"max-snippet:-1","max-image-preview":"max-image-preview:large","max-video-preview":"max-video-preview:-1"},"canonical":"https:\/\/boardlife.se\/en\/shop\/protection\/helmets\/tsg-evolution-flat-green\/?wmc-currency=SEK","og_locale":"en_US","og_type":"article","og_title":"TSG Evolution Flat Green - Boardlife","og_description":"TSG Evolution Flat Green perfekt longboardhj\u00e4msom \u00e4r v\u00e4l skyddad och framtagen av TSG pro skate team. CE-certifierad hj\u00e4lm med bra vaddering.","og_url":"https:\/\/boardlife.se\/en\/shop\/protection\/helmets\/tsg-evolution-flat-green\/?wmc-currency=SEK","og_site_name":"Boardlife","article_publisher":"https:\/\/www.facebook.com\/Boardlife.se","article_modified_time":"2026-05-12T06:26:30+00:00","og_image":[{"width":932,"height":750,"url":"https:\/\/boardlife.se\/wp-content\/uploads\/2013\/06\/TSG-EVOLUTION-FLAT-green.jpg","type":"image\/jpeg"}],"twitter_card":"summary_large_image","schema":{"@context":"https:\/\/schema.org","@graph":[{"@type":"WebPage","@id":"https:\/\/boardlife.se\/shop\/protection\/helmets\/tsg-evolution-flat-green\/","url":"https:\/\/boardlife.se\/shop\/protection\/helmets\/tsg-evolution-flat-green\/","name":"TSG Evolution Flat Green - Boardlife","isPartOf":{"@id":"https:\/\/boardlife.se\/#website"},"primaryImageOfPage":{"@id":"https:\/\/boardlife.se\/shop\/protection\/helmets\/tsg-evolution-flat-green\/#primaryimage"},"image":{"@id":"https:\/\/boardlife.se\/shop\/protection\/helmets\/tsg-evolution-flat-green\/#primaryimage"},"thumbnailUrl":"https:\/\/boardlife.se\/wp-content\/uploads\/2013\/06\/TSG-EVOLUTION-FLAT-green.jpg","datePublished":"2015-06-05T09:51:24+00:00","dateModified":"2026-05-12T06:26:30+00:00","description":"TSG Evolution Flat Green perfect longboard helmet that is well protected and developed by the TSG pro skate team. CE certified helmet with good padding.","breadcrumb":{"@id":"https:\/\/boardlife.se\/shop\/protection\/helmets\/tsg-evolution-flat-green\/#breadcrumb"},"inLanguage":"en-US","potentialAction":[{"@type":"ReadAction","target":["https:\/\/boardlife.se\/shop\/protection\/helmets\/tsg-evolution-flat-green\/"]}]},{"@type":"ImageObject","inLanguage":"en-US","@id":"https:\/\/boardlife.se\/shop\/protection\/helmets\/tsg-evolution-flat-green\/#primaryimage","url":"https:\/\/boardlife.se\/wp-content\/uploads\/2013\/06\/TSG-EVOLUTION-FLAT-green.jpg","contentUrl":"https:\/\/boardlife.se\/wp-content\/uploads\/2013\/06\/TSG-EVOLUTION-FLAT-green.jpg","width":932,"height":750},{"@type":"BreadcrumbList","@id":"https:\/\/boardlife.se\/shop\/protection\/helmets\/tsg-evolution-flat-green\/#breadcrumb","itemListElement":[{"@type":"ListItem","position":1,"name":"Hem","item":"https:\/\/boardlife.se\/"},{"@type":"ListItem","position":2,"name":"V\u00e4lkommen till skateparadiset","item":"https:\/\/boardlife.se\/shop\/"},{"@type":"ListItem","position":3,"name":"TSG Evolution Flat Green"}]},{"@type":"WebSite","@id":"https:\/\/boardlife.se\/#website","url":"https:\/\/boardlife.se\/","name":"Boardlife.se","description":"Lifestyle Provider","publisher":{"@id":"https:\/\/boardlife.se\/#organization"},"potentialAction":[{"@type":"SearchAction","target":{"@type":"EntryPoint","urlTemplate":"https:\/\/boardlife.se\/?s={search_term_string}"},"query-input":{"@type":"PropertyValueSpecification","valueRequired":true,"valueName":"search_term_string"}}],"inLanguage":"en-US"},{"@type":"Organization","@id":"https:\/\/boardlife.se\/#organization","name":"Boardlife","url":"https:\/\/boardlife.se\/","logo":{"@type":"ImageObject","inLanguage":"en-US","@id":"https:\/\/boardlife.se\/#\/schema\/logo\/image\/","url":"https:\/\/boardlife.se\/wp-content\/uploads\/2014\/09\/logo.png","contentUrl":"https:\/\/boardlife.se\/wp-content\/uploads\/2014\/09\/logo.png","width":785,"height":103,"caption":"Boardlife"},"image":{"@id":"https:\/\/boardlife.se\/#\/schema\/logo\/image\/"},"sameAs":["https:\/\/www.facebook.com\/Boardlife.se","http:\/\/instagram.com\/boardlife_official"]}]}},"jetpack_sharing_enabled":true,"_links":{"self":[{"href":"https:\/\/boardlife.se\/en\/wp-json\/wp\/v2\/product\/10553","targetHints":{"allow":["GET"]}}],"collection":[{"href":"https:\/\/boardlife.se\/en\/wp-json\/wp\/v2\/product"}],"about":[{"href":"https:\/\/boardlife.se\/en\/wp-json\/wp\/v2\/types\/product"}],"replies":[{"embeddable":true,"href":"https:\/\/boardlife.se\/en\/wp-json\/wp\/v2\/comments?post=10553"}],"wp:featuredmedia":[{"embeddable":true,"href":"https:\/\/boardlife.se\/en\/wp-json\/wp\/v2\/media\/10557"}],"wp:attachment":[{"href":"https:\/\/boardlife.se\/en\/wp-json\/wp\/v2\/media?parent=10553"}],"wp:term":[{"taxonomy":"product_brand","embeddable":true,"href":"https:\/\/boardlife.se\/en\/wp-json\/wp\/v2\/product_brand?post=10553"},{"taxonomy":"product_cat","embeddable":true,"href":"https:\/\/boardlife.se\/en\/wp-json\/wp\/v2\/product_cat?post=10553"},{"taxonomy":"product_tag","embeddable":true,"href":"https:\/\/boardlife.se\/en\/wp-json\/wp\/v2\/product_tag?post=10553"}],"curies":[{"name":"wp","href":"https:\/\/api.w.org\/{rel}","templated":true}]}}