{"id":112462,"date":"2020-06-17T12:14:16","date_gmt":"2020-06-17T10:14:16","guid":{"rendered":"https:\/\/www.boardlife.se\/?post_type=product&#038;p=112462"},"modified":"2026-03-03T19:35:57","modified_gmt":"2026-03-03T18:35:57","slug":"evolve-bash-guard-kit","status":"publish","type":"product","link":"https:\/\/boardlife.se\/en\/shop\/electric-skateboard\/electric-spare-parts\/evolve-bash-guard-kit\/","title":{"rendered":"Evolve Bash Guard Kit"},"content":{"rendered":"<p>The Bash Guard kit from Evolve not only gives you a nice, robust look on your board, but also protects the motors from impacts when you are in a little rougher terrain. Also works as a handle or to hang your board from. Made of quality aluminum with a matte black finish.<\/p>\n<h3>Contents<\/h3>\n<ul>\n<li>2 x CNC Skid plate brackets<\/li>\n<li>3 x CNC Protection Bars<\/li>\n<li>1 x Screw Set<\/li>\n<li>2 x CNC\u00a01500W\u00a0Motor plates\u00a0<em>(just with 1500w option, the 3000w does not include motor plates)<\/em><\/li>\n<\/ul>\n<h3>Compatibility<\/h3>\n<ul>\n<li>3000w: Hadean and GTR2<\/li>\n<li>1500w: Stoke 2, GTR1, Stoke 1, GT and GTX<\/li>\n<\/ul>\n<p><strong>Original description:<\/strong><\/p>\n<p>We created this bash guard for the Stoke board and we loved the tough look it gave the board so much we knew we had to offer it up for GT\/GTR &amp; Hadean boards. The kit itself is made from CNC 7075 aluminum with a matte black finish. Not only does it have a cool look and aid in protecting the motors, it also makes for a great handle to drag your board along. Switching to this set up is as easy as replacing your motor plates and takes about 10 minutes.<\/p>\n<p>Skyddet passar b\u00e5de nyare modeller och \u00e4ldre modeller.<\/p>","protected":false},"excerpt":{"rendered":"<p>The Bash Guard kit from Evolve not only gives you a nice, robust look on your board, but also protects the motors from impacts when you are in a little rougher terrain. Also works as a handle or to hang your board from. Made of quality aluminum with a matte black finish. Choose the kit that fits the motors you have on your board.<\/p>\n<ul>\n<li>3000w: Hadean &amp; GTR2<\/li>\n<li>1500w: Stoke 2, GTR1, Stoke 1, GT &amp; GTX<\/li>\n<\/ul>","protected":false},"featured_media":112465,"comment_status":"open","ping_status":"closed","template":"","meta":{"_gspb_post_css":"","_crdt_document":""},"product_brand":[2557],"product_cat":[1947],"product_tag":[],"class_list":{"0":"post-112462","1":"product","2":"type-product","3":"status-publish","4":"has-post-thumbnail","6":"product_brand-evolve-skateboards","7":"product_cat-electric-spareparts","8":"pa_manufacturer-evolve","10":"first","11":"instock","12":"sale","13":"taxable","14":"shipping-taxable","15":"purchasable","16":"product-type-variable","17":"has-default-attributes"},"ct_brands":[{"id":2557,"name":"Evolve Skateboards","slug":"evolve-skateboards"}],"yoast_head":"<!-- This site is optimized with the Yoast SEO plugin v27.5 - https:\/\/yoast.com\/product\/yoast-seo-wordpress\/ -->\n<title>Evolve Bash Guard Kit - Boardlife<\/title>\n<meta name=\"description\" content=\"Bash Guard kittet fr\u00e5n Evolve ger dig inte bara ett sk\u00f6nt robust utseende p\u00e5 din br\u00e4da, utan skyddar ocks\u00e5 motorerna fr\u00e5n st\u00f6tar n\u00e4r du \u00e4r i lite tuffare terr\u00e4ng. Fungerar \u00e4ven som handtag eller att h\u00e4nga upp din br\u00e4da i. Tillverkad i kvalitativt aluminium med mattsvart finish.\" \/>\n<meta name=\"robots\" content=\"index, follow, max-snippet:-1, max-image-preview:large, max-video-preview:-1\" \/>\n<link rel=\"canonical\" href=\"https:\/\/boardlife.se\/en\/shop\/electric-skateboard\/electric-spare-parts\/evolve-bash-guard-kit\/?wmc-currency=SEK\" \/>\n<meta property=\"og:locale\" content=\"en_US\" \/>\n<meta property=\"og:type\" content=\"article\" \/>\n<meta property=\"og:title\" content=\"Evolve Bash Guard Kit - Boardlife\" \/>\n<meta property=\"og:description\" content=\"Bash Guard kittet fr\u00e5n Evolve ger dig inte bara ett sk\u00f6nt robust utseende p\u00e5 din br\u00e4da, utan skyddar ocks\u00e5 motorerna fr\u00e5n st\u00f6tar n\u00e4r du \u00e4r i lite tuffare terr\u00e4ng. Fungerar \u00e4ven som handtag eller att h\u00e4nga upp din br\u00e4da i. Tillverkad i kvalitativt aluminium med mattsvart finish.\" \/>\n<meta property=\"og:url\" content=\"https:\/\/boardlife.se\/en\/shop\/electric-skateboard\/electric-spare-parts\/evolve-bash-guard-kit\/?wmc-currency=SEK\" \/>\n<meta property=\"og:site_name\" content=\"Boardlife\" \/>\n<meta property=\"article:publisher\" content=\"https:\/\/www.facebook.com\/Boardlife.se\" \/>\n<meta property=\"article:modified_time\" content=\"2026-03-03T18:35:57+00:00\" \/>\n<meta property=\"og:image\" content=\"https:\/\/boardlife.se\/wp-content\/uploads\/2020\/06\/Bash-Guard-kit-parts.jpg\" \/>\n\t<meta property=\"og:image:width\" content=\"1000\" \/>\n\t<meta property=\"og:image:height\" content=\"1000\" \/>\n\t<meta property=\"og:image:type\" content=\"image\/jpeg\" \/>\n<meta name=\"twitter:card\" content=\"summary_large_image\" \/>\n<meta name=\"twitter:label1\" content=\"Est. reading time\" \/>\n\t<meta name=\"twitter:data1\" content=\"1 minute\" \/>\n<script type=\"application\/ld+json\" class=\"yoast-schema-graph\">{\"@context\":\"https:\\\/\\\/schema.org\",\"@graph\":[{\"@type\":\"WebPage\",\"@id\":\"https:\\\/\\\/boardlife.se\\\/shop\\\/electric-skate\\\/electric-spareparts\\\/evolve-bash-guard-kit\\\/\",\"url\":\"https:\\\/\\\/boardlife.se\\\/shop\\\/electric-skate\\\/electric-spareparts\\\/evolve-bash-guard-kit\\\/\",\"name\":\"Evolve Bash Guard Kit - Boardlife\",\"isPartOf\":{\"@id\":\"https:\\\/\\\/boardlife.se\\\/#website\"},\"primaryImageOfPage\":{\"@id\":\"https:\\\/\\\/boardlife.se\\\/shop\\\/electric-skate\\\/electric-spareparts\\\/evolve-bash-guard-kit\\\/#primaryimage\"},\"image\":{\"@id\":\"https:\\\/\\\/boardlife.se\\\/shop\\\/electric-skate\\\/electric-spareparts\\\/evolve-bash-guard-kit\\\/#primaryimage\"},\"thumbnailUrl\":\"https:\\\/\\\/boardlife.se\\\/wp-content\\\/uploads\\\/2020\\\/06\\\/Bash-Guard-kit-parts.jpg\",\"datePublished\":\"2020-06-17T10:14:16+00:00\",\"dateModified\":\"2026-03-03T18:35:57+00:00\",\"description\":\"Bash Guard kittet fr\u00e5n Evolve ger dig inte bara ett sk\u00f6nt robust utseende p\u00e5 din br\u00e4da, utan skyddar ocks\u00e5 motorerna fr\u00e5n st\u00f6tar n\u00e4r du \u00e4r i lite tuffare terr\u00e4ng. Fungerar \u00e4ven som handtag eller att h\u00e4nga upp din br\u00e4da i. Tillverkad i kvalitativt aluminium med mattsvart finish.\",\"breadcrumb\":{\"@id\":\"https:\\\/\\\/boardlife.se\\\/shop\\\/electric-skate\\\/electric-spareparts\\\/evolve-bash-guard-kit\\\/#breadcrumb\"},\"inLanguage\":\"en-US\",\"potentialAction\":[{\"@type\":\"ReadAction\",\"target\":[\"https:\\\/\\\/boardlife.se\\\/shop\\\/electric-skate\\\/electric-spareparts\\\/evolve-bash-guard-kit\\\/\"]}]},{\"@type\":\"ImageObject\",\"inLanguage\":\"en-US\",\"@id\":\"https:\\\/\\\/boardlife.se\\\/shop\\\/electric-skate\\\/electric-spareparts\\\/evolve-bash-guard-kit\\\/#primaryimage\",\"url\":\"https:\\\/\\\/boardlife.se\\\/wp-content\\\/uploads\\\/2020\\\/06\\\/Bash-Guard-kit-parts.jpg\",\"contentUrl\":\"https:\\\/\\\/boardlife.se\\\/wp-content\\\/uploads\\\/2020\\\/06\\\/Bash-Guard-kit-parts.jpg\",\"width\":1000,\"height\":1000,\"caption\":\"Bash Guard kit parts\"},{\"@type\":\"BreadcrumbList\",\"@id\":\"https:\\\/\\\/boardlife.se\\\/shop\\\/electric-skate\\\/electric-spareparts\\\/evolve-bash-guard-kit\\\/#breadcrumb\",\"itemListElement\":[{\"@type\":\"ListItem\",\"position\":1,\"name\":\"Hem\",\"item\":\"https:\\\/\\\/boardlife.se\\\/\"},{\"@type\":\"ListItem\",\"position\":2,\"name\":\"V\u00e4lkommen till skateparadiset\",\"item\":\"https:\\\/\\\/boardlife.se\\\/shop\\\/\"},{\"@type\":\"ListItem\",\"position\":3,\"name\":\"Evolve Bash Guard Kit\"}]},{\"@type\":\"WebSite\",\"@id\":\"https:\\\/\\\/boardlife.se\\\/#website\",\"url\":\"https:\\\/\\\/boardlife.se\\\/\",\"name\":\"Boardlife.se\",\"description\":\"Provider of Lifestyle\",\"publisher\":{\"@id\":\"https:\\\/\\\/boardlife.se\\\/#organization\"},\"potentialAction\":[{\"@type\":\"SearchAction\",\"target\":{\"@type\":\"EntryPoint\",\"urlTemplate\":\"https:\\\/\\\/boardlife.se\\\/?s={search_term_string}\"},\"query-input\":{\"@type\":\"PropertyValueSpecification\",\"valueRequired\":true,\"valueName\":\"search_term_string\"}}],\"inLanguage\":\"en-US\"},{\"@type\":\"Organization\",\"@id\":\"https:\\\/\\\/boardlife.se\\\/#organization\",\"name\":\"Boardlife\",\"url\":\"https:\\\/\\\/boardlife.se\\\/\",\"logo\":{\"@type\":\"ImageObject\",\"inLanguage\":\"en-US\",\"@id\":\"https:\\\/\\\/boardlife.se\\\/#\\\/schema\\\/logo\\\/image\\\/\",\"url\":\"https:\\\/\\\/boardlife.se\\\/wp-content\\\/uploads\\\/2014\\\/09\\\/logo.png\",\"contentUrl\":\"https:\\\/\\\/boardlife.se\\\/wp-content\\\/uploads\\\/2014\\\/09\\\/logo.png\",\"width\":785,\"height\":103,\"caption\":\"Boardlife\"},\"image\":{\"@id\":\"https:\\\/\\\/boardlife.se\\\/#\\\/schema\\\/logo\\\/image\\\/\"},\"sameAs\":[\"https:\\\/\\\/www.facebook.com\\\/Boardlife.se\",\"http:\\\/\\\/instagram.com\\\/boardlife_official\"]}]}<\/script>\n<!-- \/ Yoast SEO plugin. -->","yoast_head_json":{"title":"Evolve Bash Guard Kit - Boardlife","description":"The Bash Guard kit from Evolve not only gives you a nice, robust look on your board, but also protects the motors from impacts when you are in a little rougher terrain. Also works as a handle or to hang your board from. Made of quality aluminum with a matte black finish.","robots":{"index":"index","follow":"follow","max-snippet":"max-snippet:-1","max-image-preview":"max-image-preview:large","max-video-preview":"max-video-preview:-1"},"canonical":"https:\/\/boardlife.se\/en\/shop\/electric-skateboard\/electric-spare-parts\/evolve-bash-guard-kit\/?wmc-currency=SEK","og_locale":"en_US","og_type":"article","og_title":"Evolve Bash Guard Kit - Boardlife","og_description":"Bash Guard kittet fr\u00e5n Evolve ger dig inte bara ett sk\u00f6nt robust utseende p\u00e5 din br\u00e4da, utan skyddar ocks\u00e5 motorerna fr\u00e5n st\u00f6tar n\u00e4r du \u00e4r i lite tuffare terr\u00e4ng. Fungerar \u00e4ven som handtag eller att h\u00e4nga upp din br\u00e4da i. Tillverkad i kvalitativt aluminium med mattsvart finish.","og_url":"https:\/\/boardlife.se\/en\/shop\/electric-skateboard\/electric-spare-parts\/evolve-bash-guard-kit\/?wmc-currency=SEK","og_site_name":"Boardlife","article_publisher":"https:\/\/www.facebook.com\/Boardlife.se","article_modified_time":"2026-03-03T18:35:57+00:00","og_image":[{"width":1000,"height":1000,"url":"https:\/\/boardlife.se\/wp-content\/uploads\/2020\/06\/Bash-Guard-kit-parts.jpg","type":"image\/jpeg"}],"twitter_card":"summary_large_image","twitter_misc":{"Est. reading time":"1 minute"},"schema":{"@context":"https:\/\/schema.org","@graph":[{"@type":"WebPage","@id":"https:\/\/boardlife.se\/shop\/electric-skate\/electric-spareparts\/evolve-bash-guard-kit\/","url":"https:\/\/boardlife.se\/shop\/electric-skate\/electric-spareparts\/evolve-bash-guard-kit\/","name":"Evolve Bash Guard Kit - Boardlife","isPartOf":{"@id":"https:\/\/boardlife.se\/#website"},"primaryImageOfPage":{"@id":"https:\/\/boardlife.se\/shop\/electric-skate\/electric-spareparts\/evolve-bash-guard-kit\/#primaryimage"},"image":{"@id":"https:\/\/boardlife.se\/shop\/electric-skate\/electric-spareparts\/evolve-bash-guard-kit\/#primaryimage"},"thumbnailUrl":"https:\/\/boardlife.se\/wp-content\/uploads\/2020\/06\/Bash-Guard-kit-parts.jpg","datePublished":"2020-06-17T10:14:16+00:00","dateModified":"2026-03-03T18:35:57+00:00","description":"The Bash Guard kit from Evolve not only gives you a nice, robust look on your board, but also protects the motors from impacts when you are in a little rougher terrain. Also works as a handle or to hang your board from. Made of quality aluminum with a matte black finish.","breadcrumb":{"@id":"https:\/\/boardlife.se\/shop\/electric-skate\/electric-spareparts\/evolve-bash-guard-kit\/#breadcrumb"},"inLanguage":"en-US","potentialAction":[{"@type":"ReadAction","target":["https:\/\/boardlife.se\/shop\/electric-skate\/electric-spareparts\/evolve-bash-guard-kit\/"]}]},{"@type":"ImageObject","inLanguage":"en-US","@id":"https:\/\/boardlife.se\/shop\/electric-skate\/electric-spareparts\/evolve-bash-guard-kit\/#primaryimage","url":"https:\/\/boardlife.se\/wp-content\/uploads\/2020\/06\/Bash-Guard-kit-parts.jpg","contentUrl":"https:\/\/boardlife.se\/wp-content\/uploads\/2020\/06\/Bash-Guard-kit-parts.jpg","width":1000,"height":1000,"caption":"Bash Guard kit parts"},{"@type":"BreadcrumbList","@id":"https:\/\/boardlife.se\/shop\/electric-skate\/electric-spareparts\/evolve-bash-guard-kit\/#breadcrumb","itemListElement":[{"@type":"ListItem","position":1,"name":"Hem","item":"https:\/\/boardlife.se\/"},{"@type":"ListItem","position":2,"name":"V\u00e4lkommen till skateparadiset","item":"https:\/\/boardlife.se\/shop\/"},{"@type":"ListItem","position":3,"name":"Evolve Bash Guard Kit"}]},{"@type":"WebSite","@id":"https:\/\/boardlife.se\/#website","url":"https:\/\/boardlife.se\/","name":"Boardlife.se","description":"Lifestyle Provider","publisher":{"@id":"https:\/\/boardlife.se\/#organization"},"potentialAction":[{"@type":"SearchAction","target":{"@type":"EntryPoint","urlTemplate":"https:\/\/boardlife.se\/?s={search_term_string}"},"query-input":{"@type":"PropertyValueSpecification","valueRequired":true,"valueName":"search_term_string"}}],"inLanguage":"en-US"},{"@type":"Organization","@id":"https:\/\/boardlife.se\/#organization","name":"Boardlife","url":"https:\/\/boardlife.se\/","logo":{"@type":"ImageObject","inLanguage":"en-US","@id":"https:\/\/boardlife.se\/#\/schema\/logo\/image\/","url":"https:\/\/boardlife.se\/wp-content\/uploads\/2014\/09\/logo.png","contentUrl":"https:\/\/boardlife.se\/wp-content\/uploads\/2014\/09\/logo.png","width":785,"height":103,"caption":"Boardlife"},"image":{"@id":"https:\/\/boardlife.se\/#\/schema\/logo\/image\/"},"sameAs":["https:\/\/www.facebook.com\/Boardlife.se","http:\/\/instagram.com\/boardlife_official"]}]}},"jetpack_sharing_enabled":true,"_links":{"self":[{"href":"https:\/\/boardlife.se\/en\/wp-json\/wp\/v2\/product\/112462","targetHints":{"allow":["GET"]}}],"collection":[{"href":"https:\/\/boardlife.se\/en\/wp-json\/wp\/v2\/product"}],"about":[{"href":"https:\/\/boardlife.se\/en\/wp-json\/wp\/v2\/types\/product"}],"replies":[{"embeddable":true,"href":"https:\/\/boardlife.se\/en\/wp-json\/wp\/v2\/comments?post=112462"}],"wp:featuredmedia":[{"embeddable":true,"href":"https:\/\/boardlife.se\/en\/wp-json\/wp\/v2\/media\/112465"}],"wp:attachment":[{"href":"https:\/\/boardlife.se\/en\/wp-json\/wp\/v2\/media?parent=112462"}],"wp:term":[{"taxonomy":"product_brand","embeddable":true,"href":"https:\/\/boardlife.se\/en\/wp-json\/wp\/v2\/product_brand?post=112462"},{"taxonomy":"product_cat","embeddable":true,"href":"https:\/\/boardlife.se\/en\/wp-json\/wp\/v2\/product_cat?post=112462"},{"taxonomy":"product_tag","embeddable":true,"href":"https:\/\/boardlife.se\/en\/wp-json\/wp\/v2\/product_tag?post=112462"}],"curies":[{"name":"wp","href":"https:\/\/api.w.org\/{rel}","templated":true}]}}