{"id":113544,"date":"2020-07-11T14:21:25","date_gmt":"2020-07-11T12:21:25","guid":{"rendered":"https:\/\/www.boardlife.se\/?post_type=product&#038;p=113544"},"modified":"2024-12-04T01:57:30","modified_gmt":"2024-12-04T00:57:30","slug":"american-socks-red-noise","status":"publish","type":"product","link":"https:\/\/boardlife.se\/en\/shop\/streetwear\/socks\/american-socks-red-noise\/","title":{"rendered":"American Socks Red Noise"},"content":{"rendered":"<p>Om du vill vara ordentligt hardcore skate b\u00f6r du lyssna nu. American Socks \u00e4r m\u00e4rket som ger dig just den looken och k\u00e4nslan. American Socks lever f\u00f6r alternativ livsstil d\u00e4r du kan uttrycka din stil genom dina strumpor. Inspirerade av 70-talet levererar American Socks en strumpa med r\u00e4tt stuk och f\u00f6rst\u00e4rkt kring h\u00e4l och t\u00e5.<\/p>\n<p>Det st\u00e4mmer \u00e4ven att strumporna kommer med en boost till dina skate och vardagsskills. H\u00f6r och h\u00e4pna s\u00e5 ger Red Noise dig ytterligare karisma och ljudniv\u00e5 j\u00e4mf\u00f6rt med de tv\u00e5 andra modellerna i serien:<\/p>\n<p>Nightmare Flip: +3<br \/>\nCharisma: +6<br \/>\nSound volume: +6<\/p>\n<p>Red Noise kommer i h\u00f6jden Mid High och storleken One Size som motsvarar ca 36-45.<\/p>","protected":false},"excerpt":{"rendered":"<p>Om du vill vara ordentligt hardcore skate b\u00f6r du lyssna nu. American Socks \u00e4r m\u00e4rket som ger dig just den looken och k\u00e4nslan. American Socks lever f\u00f6r alternativ livsstil d\u00e4r du kan uttrycka din stil genom dina strumpor. Inspirerade av 70-talet levererar American Socks en strumpa med r\u00e4tt stuk och f\u00f6rst\u00e4rkt kring h\u00e4l och t\u00e5.<\/p>\n<p>Red Noise kommer i h\u00f6jden Mid High och storleken One Size som motsvarar ca 36-45.<\/p>","protected":false},"featured_media":113546,"comment_status":"open","ping_status":"closed","template":"","meta":{"_gspb_post_css":"","_crdt_document":""},"product_brand":[2526],"product_cat":[1703],"product_tag":[],"class_list":{"0":"post-113544","1":"product","2":"type-product","3":"status-publish","4":"has-post-thumbnail","6":"product_brand-american-socks","7":"product_cat-socks","8":"pa_manufacturer-american-socks","9":"pa_storlekar-one-size-36-45","11":"first","12":"outofstock","13":"taxable","14":"shipping-taxable","15":"purchasable","16":"product-type-simple"},"ct_brands":[{"id":2526,"name":"American Socks","slug":"american-socks"}],"yoast_head":"<!-- This site is optimized with the Yoast SEO plugin v27.6 - https:\/\/yoast.com\/product\/yoast-seo-wordpress\/ -->\n<title>American Socks Red Noise - Boardlife<\/title>\n<meta name=\"description\" content=\"Om du vill vara ordentligt hardcore skate b\u00f6r du lyssna nu. American Socks \u00e4r m\u00e4rket som ger dig just den looken och k\u00e4nslan. American Socks lever f\u00f6r alternativ livsstil d\u00e4r du kan uttrycka din stil genom dina strumpor.\" \/>\n<meta name=\"robots\" content=\"index, follow, max-snippet:-1, max-image-preview:large, max-video-preview:-1\" \/>\n<link rel=\"canonical\" href=\"https:\/\/boardlife.se\/en\/shop\/streetwear\/socks\/american-socks-red-noise\/?wmc-currency=SEK\" \/>\n<meta property=\"og:locale\" content=\"en_US\" \/>\n<meta property=\"og:type\" content=\"article\" \/>\n<meta property=\"og:title\" content=\"American Socks Red Noise - Boardlife\" \/>\n<meta property=\"og:description\" content=\"Om du vill vara ordentligt hardcore skate b\u00f6r du lyssna nu. American Socks \u00e4r m\u00e4rket som ger dig just den looken och k\u00e4nslan. American Socks lever f\u00f6r alternativ livsstil d\u00e4r du kan uttrycka din stil genom dina strumpor.\" \/>\n<meta property=\"og:url\" content=\"https:\/\/boardlife.se\/en\/shop\/streetwear\/socks\/american-socks-red-noise\/?wmc-currency=SEK\" \/>\n<meta property=\"og:site_name\" content=\"Boardlife\" \/>\n<meta property=\"article:publisher\" content=\"https:\/\/www.facebook.com\/Boardlife.se\" \/>\n<meta property=\"article:modified_time\" content=\"2024-12-04T00:57:30+00:00\" \/>\n<meta property=\"og:image\" content=\"https:\/\/boardlife.se\/wp-content\/uploads\/2020\/07\/american-socks-red-noise.jpg\" \/>\n\t<meta property=\"og:image:width\" content=\"1000\" \/>\n\t<meta property=\"og:image:height\" content=\"1000\" \/>\n\t<meta property=\"og:image:type\" content=\"image\/jpeg\" \/>\n<meta name=\"twitter:card\" content=\"summary_large_image\" \/>\n<meta name=\"twitter:label1\" content=\"Est. reading time\" \/>\n\t<meta name=\"twitter:data1\" content=\"1 minute\" \/>\n<script type=\"application\/ld+json\" class=\"yoast-schema-graph\">{\"@context\":\"https:\\\/\\\/schema.org\",\"@graph\":[{\"@type\":\"WebPage\",\"@id\":\"https:\\\/\\\/boardlife.se\\\/shop\\\/streetwear\\\/socks\\\/american-socks-red-noise\\\/\",\"url\":\"https:\\\/\\\/boardlife.se\\\/shop\\\/streetwear\\\/socks\\\/american-socks-red-noise\\\/\",\"name\":\"American Socks Red Noise - Boardlife\",\"isPartOf\":{\"@id\":\"https:\\\/\\\/boardlife.se\\\/#website\"},\"primaryImageOfPage\":{\"@id\":\"https:\\\/\\\/boardlife.se\\\/shop\\\/streetwear\\\/socks\\\/american-socks-red-noise\\\/#primaryimage\"},\"image\":{\"@id\":\"https:\\\/\\\/boardlife.se\\\/shop\\\/streetwear\\\/socks\\\/american-socks-red-noise\\\/#primaryimage\"},\"thumbnailUrl\":\"https:\\\/\\\/boardlife.se\\\/wp-content\\\/uploads\\\/2020\\\/07\\\/american-socks-red-noise.jpg\",\"datePublished\":\"2020-07-11T12:21:25+00:00\",\"dateModified\":\"2024-12-04T00:57:30+00:00\",\"description\":\"Om du vill vara ordentligt hardcore skate b\u00f6r du lyssna nu. American Socks \u00e4r m\u00e4rket som ger dig just den looken och k\u00e4nslan. American Socks lever f\u00f6r alternativ livsstil d\u00e4r du kan uttrycka din stil genom dina strumpor.\",\"breadcrumb\":{\"@id\":\"https:\\\/\\\/boardlife.se\\\/shop\\\/streetwear\\\/socks\\\/american-socks-red-noise\\\/#breadcrumb\"},\"inLanguage\":\"en-US\",\"potentialAction\":[{\"@type\":\"ReadAction\",\"target\":[\"https:\\\/\\\/boardlife.se\\\/shop\\\/streetwear\\\/socks\\\/american-socks-red-noise\\\/\"]}]},{\"@type\":\"ImageObject\",\"inLanguage\":\"en-US\",\"@id\":\"https:\\\/\\\/boardlife.se\\\/shop\\\/streetwear\\\/socks\\\/american-socks-red-noise\\\/#primaryimage\",\"url\":\"https:\\\/\\\/boardlife.se\\\/wp-content\\\/uploads\\\/2020\\\/07\\\/american-socks-red-noise.jpg\",\"contentUrl\":\"https:\\\/\\\/boardlife.se\\\/wp-content\\\/uploads\\\/2020\\\/07\\\/american-socks-red-noise.jpg\",\"width\":1000,\"height\":1000,\"caption\":\"american socks red noise\"},{\"@type\":\"BreadcrumbList\",\"@id\":\"https:\\\/\\\/boardlife.se\\\/shop\\\/streetwear\\\/socks\\\/american-socks-red-noise\\\/#breadcrumb\",\"itemListElement\":[{\"@type\":\"ListItem\",\"position\":1,\"name\":\"Hem\",\"item\":\"https:\\\/\\\/boardlife.se\\\/\"},{\"@type\":\"ListItem\",\"position\":2,\"name\":\"V\u00e4lkommen till skateparadiset\",\"item\":\"https:\\\/\\\/boardlife.se\\\/shop\\\/\"},{\"@type\":\"ListItem\",\"position\":3,\"name\":\"American Socks Red Noise\"}]},{\"@type\":\"WebSite\",\"@id\":\"https:\\\/\\\/boardlife.se\\\/#website\",\"url\":\"https:\\\/\\\/boardlife.se\\\/\",\"name\":\"Boardlife.se\",\"description\":\"Provider of Lifestyle\",\"publisher\":{\"@id\":\"https:\\\/\\\/boardlife.se\\\/#organization\"},\"potentialAction\":[{\"@type\":\"SearchAction\",\"target\":{\"@type\":\"EntryPoint\",\"urlTemplate\":\"https:\\\/\\\/boardlife.se\\\/?s={search_term_string}\"},\"query-input\":{\"@type\":\"PropertyValueSpecification\",\"valueRequired\":true,\"valueName\":\"search_term_string\"}}],\"inLanguage\":\"en-US\"},{\"@type\":\"Organization\",\"@id\":\"https:\\\/\\\/boardlife.se\\\/#organization\",\"name\":\"Boardlife\",\"url\":\"https:\\\/\\\/boardlife.se\\\/\",\"logo\":{\"@type\":\"ImageObject\",\"inLanguage\":\"en-US\",\"@id\":\"https:\\\/\\\/boardlife.se\\\/#\\\/schema\\\/logo\\\/image\\\/\",\"url\":\"https:\\\/\\\/boardlife.se\\\/wp-content\\\/uploads\\\/2014\\\/09\\\/logo.png\",\"contentUrl\":\"https:\\\/\\\/boardlife.se\\\/wp-content\\\/uploads\\\/2014\\\/09\\\/logo.png\",\"width\":785,\"height\":103,\"caption\":\"Boardlife\"},\"image\":{\"@id\":\"https:\\\/\\\/boardlife.se\\\/#\\\/schema\\\/logo\\\/image\\\/\"},\"sameAs\":[\"https:\\\/\\\/www.facebook.com\\\/Boardlife.se\",\"http:\\\/\\\/instagram.com\\\/boardlife_official\"]}]}<\/script>\n<!-- \/ Yoast SEO plugin. -->","yoast_head_json":{"title":"American Socks Red Noise - Boardlife","description":"If you want to be a hardcore skater, listen up now. American Socks is the brand that gives you that look and feel. American Socks lives for an alternative lifestyle where you can express your style through your socks.","robots":{"index":"index","follow":"follow","max-snippet":"max-snippet:-1","max-image-preview":"max-image-preview:large","max-video-preview":"max-video-preview:-1"},"canonical":"https:\/\/boardlife.se\/en\/shop\/streetwear\/socks\/american-socks-red-noise\/?wmc-currency=SEK","og_locale":"en_US","og_type":"article","og_title":"American Socks Red Noise - Boardlife","og_description":"Om du vill vara ordentligt hardcore skate b\u00f6r du lyssna nu. American Socks \u00e4r m\u00e4rket som ger dig just den looken och k\u00e4nslan. American Socks lever f\u00f6r alternativ livsstil d\u00e4r du kan uttrycka din stil genom dina strumpor.","og_url":"https:\/\/boardlife.se\/en\/shop\/streetwear\/socks\/american-socks-red-noise\/?wmc-currency=SEK","og_site_name":"Boardlife","article_publisher":"https:\/\/www.facebook.com\/Boardlife.se","article_modified_time":"2024-12-04T00:57:30+00:00","og_image":[{"width":1000,"height":1000,"url":"https:\/\/boardlife.se\/wp-content\/uploads\/2020\/07\/american-socks-red-noise.jpg","type":"image\/jpeg"}],"twitter_card":"summary_large_image","twitter_misc":{"Est. reading time":"1 minute"},"schema":{"@context":"https:\/\/schema.org","@graph":[{"@type":"WebPage","@id":"https:\/\/boardlife.se\/shop\/streetwear\/socks\/american-socks-red-noise\/","url":"https:\/\/boardlife.se\/shop\/streetwear\/socks\/american-socks-red-noise\/","name":"American Socks Red Noise - Boardlife","isPartOf":{"@id":"https:\/\/boardlife.se\/#website"},"primaryImageOfPage":{"@id":"https:\/\/boardlife.se\/shop\/streetwear\/socks\/american-socks-red-noise\/#primaryimage"},"image":{"@id":"https:\/\/boardlife.se\/shop\/streetwear\/socks\/american-socks-red-noise\/#primaryimage"},"thumbnailUrl":"https:\/\/boardlife.se\/wp-content\/uploads\/2020\/07\/american-socks-red-noise.jpg","datePublished":"2020-07-11T12:21:25+00:00","dateModified":"2024-12-04T00:57:30+00:00","description":"If you want to be a hardcore skater, listen up now. American Socks is the brand that gives you that look and feel. American Socks lives for an alternative lifestyle where you can express your style through your socks.","breadcrumb":{"@id":"https:\/\/boardlife.se\/shop\/streetwear\/socks\/american-socks-red-noise\/#breadcrumb"},"inLanguage":"en-US","potentialAction":[{"@type":"ReadAction","target":["https:\/\/boardlife.se\/shop\/streetwear\/socks\/american-socks-red-noise\/"]}]},{"@type":"ImageObject","inLanguage":"en-US","@id":"https:\/\/boardlife.se\/shop\/streetwear\/socks\/american-socks-red-noise\/#primaryimage","url":"https:\/\/boardlife.se\/wp-content\/uploads\/2020\/07\/american-socks-red-noise.jpg","contentUrl":"https:\/\/boardlife.se\/wp-content\/uploads\/2020\/07\/american-socks-red-noise.jpg","width":1000,"height":1000,"caption":"american socks red noise"},{"@type":"BreadcrumbList","@id":"https:\/\/boardlife.se\/shop\/streetwear\/socks\/american-socks-red-noise\/#breadcrumb","itemListElement":[{"@type":"ListItem","position":1,"name":"Hem","item":"https:\/\/boardlife.se\/"},{"@type":"ListItem","position":2,"name":"V\u00e4lkommen till skateparadiset","item":"https:\/\/boardlife.se\/shop\/"},{"@type":"ListItem","position":3,"name":"American Socks Red Noise"}]},{"@type":"WebSite","@id":"https:\/\/boardlife.se\/#website","url":"https:\/\/boardlife.se\/","name":"Boardlife.se","description":"Lifestyle Provider","publisher":{"@id":"https:\/\/boardlife.se\/#organization"},"potentialAction":[{"@type":"SearchAction","target":{"@type":"EntryPoint","urlTemplate":"https:\/\/boardlife.se\/?s={search_term_string}"},"query-input":{"@type":"PropertyValueSpecification","valueRequired":true,"valueName":"search_term_string"}}],"inLanguage":"en-US"},{"@type":"Organization","@id":"https:\/\/boardlife.se\/#organization","name":"Boardlife","url":"https:\/\/boardlife.se\/","logo":{"@type":"ImageObject","inLanguage":"en-US","@id":"https:\/\/boardlife.se\/#\/schema\/logo\/image\/","url":"https:\/\/boardlife.se\/wp-content\/uploads\/2014\/09\/logo.png","contentUrl":"https:\/\/boardlife.se\/wp-content\/uploads\/2014\/09\/logo.png","width":785,"height":103,"caption":"Boardlife"},"image":{"@id":"https:\/\/boardlife.se\/#\/schema\/logo\/image\/"},"sameAs":["https:\/\/www.facebook.com\/Boardlife.se","http:\/\/instagram.com\/boardlife_official"]}]}},"jetpack_sharing_enabled":true,"_links":{"self":[{"href":"https:\/\/boardlife.se\/en\/wp-json\/wp\/v2\/product\/113544","targetHints":{"allow":["GET"]}}],"collection":[{"href":"https:\/\/boardlife.se\/en\/wp-json\/wp\/v2\/product"}],"about":[{"href":"https:\/\/boardlife.se\/en\/wp-json\/wp\/v2\/types\/product"}],"replies":[{"embeddable":true,"href":"https:\/\/boardlife.se\/en\/wp-json\/wp\/v2\/comments?post=113544"}],"wp:featuredmedia":[{"embeddable":true,"href":"https:\/\/boardlife.se\/en\/wp-json\/wp\/v2\/media\/113546"}],"wp:attachment":[{"href":"https:\/\/boardlife.se\/en\/wp-json\/wp\/v2\/media?parent=113544"}],"wp:term":[{"taxonomy":"product_brand","embeddable":true,"href":"https:\/\/boardlife.se\/en\/wp-json\/wp\/v2\/product_brand?post=113544"},{"taxonomy":"product_cat","embeddable":true,"href":"https:\/\/boardlife.se\/en\/wp-json\/wp\/v2\/product_cat?post=113544"},{"taxonomy":"product_tag","embeddable":true,"href":"https:\/\/boardlife.se\/en\/wp-json\/wp\/v2\/product_tag?post=113544"}],"curies":[{"name":"wp","href":"https:\/\/api.w.org\/{rel}","templated":true}]}}