{"id":114308,"date":"2020-07-19T11:51:43","date_gmt":"2020-07-19T09:51:43","guid":{"rendered":"https:\/\/www.boardlife.se\/?post_type=product&#038;p=114308"},"modified":"2026-01-27T09:53:17","modified_gmt":"2026-01-27T08:53:17","slug":"evolve-gtr-97mm-76a-purple","status":"publish","type":"product","link":"https:\/\/boardlife.se\/en\/shop\/electric-skateboard\/electric-spare-parts\/wheels-tires\/evolve-gtr-97mm-76a-purple\/","title":{"rendered":"Evolve GTR 97mm 76a Purple"},"content":{"rendered":"<p>Att ha ett vettigt hjul p\u00e5 din br\u00e4da \u00e4r minst sagt en viktig del. Evolves egna GTR-hjul p\u00e5 97mm \u00e4r inte bara extra stora f\u00f6r att ge dig bra hastighet och b\u00e4ttre stabilitet n\u00e4r du k\u00f6r p\u00e5 stenar eller annat skr\u00e4p p\u00e5 v\u00e4gen. Dessutom \u00e4r de mjukare hjulen idealiska f\u00f6r att ge dig b\u00e4ttre komfort och bra grepp under din f\u00e4rd.<\/p>\n<h3>Original Description<\/h3>\n<p>No matter how well the board performs, the wheels will define the ride experience! We wanted nothing but the best wheel to be used on our Evolve boards. So we have teamed up with one of the best manufacturers in California USA to produce our new 97mm GT wheel.<\/p>\n<p>Fast, Comfortable, &amp; Functional \u2014 At 97mm tall, this wheel provides maximum roll speed for cruising, carving and going FAST!. The 56mm contact patch with its surface skin provides ultimate grip, while the subtly rounded edges help the wheels pass smoothly across pavement cracks.<\/p>\n<p>Inline Race Formula \u2014 The Evolve 97mm wheel is poured with a special Inline Race Formula for maximum rolling speed that provides ultimate grip yet is extremely soft and smooth when riding. Once the 97mm wheel is worn in it just gets better with age, it really is the nirvana of all urethanes!<\/p>\n<p>SPECS<\/p>\n<p>Diameter: 97mm<br \/>\nWidth: 57<br \/>\nContact Patch: 56mm<br \/>\nDurometer: 76a<br \/>\nFormula: Inline Race Formula<\/p>","protected":false},"excerpt":{"rendered":"<p>If you need big wheels for your board, you have Evolve&#039;s own 97mm wheels at your disposal. Also with a softer duro of 76a to give you good grip and better comfort.<\/p>","protected":false},"featured_media":114306,"comment_status":"open","ping_status":"closed","template":"","meta":{"_gspb_post_css":"","_crdt_document":""},"product_brand":[2557],"product_cat":[1947,38,2265],"product_tag":[],"class_list":{"0":"post-114308","1":"product","2":"type-product","3":"status-publish","4":"has-post-thumbnail","6":"product_brand-evolve-skateboards","7":"product_cat-electric-spareparts","8":"product_cat-wheels-longboard","9":"product_cat-wheels-tires","10":"pa_diameter-97mm","11":"pa_durometer-76a","12":"pa_kontaktyta-56mm","13":"pa_manufacturer-evolve","15":"first","16":"instock","17":"sale","18":"taxable","19":"shipping-taxable","20":"purchasable","21":"product-type-simple"},"ct_brands":[{"id":2557,"name":"Evolve Skateboards","slug":"evolve-skateboards"}],"yoast_head":"<!-- This site is optimized with the Yoast SEO plugin v27.5 - https:\/\/yoast.com\/product\/yoast-seo-wordpress\/ -->\n<title>Evolve GTR 97mm 76a Purple - Boardlife<\/title>\n<meta name=\"description\" content=\"Om du beh\u00f6ver rej\u00e4la hjul till din br\u00e4da har du Evolves egna 97mm till f\u00f6rfogande. Dessutom med en softare duro p\u00e5 76a f\u00f6r att ge dig bra grepp och b\u00e4ttre komfort.\u00a0\" \/>\n<meta name=\"robots\" content=\"index, follow, max-snippet:-1, max-image-preview:large, max-video-preview:-1\" \/>\n<link rel=\"canonical\" href=\"https:\/\/boardlife.se\/en\/shop\/electric-skateboard\/electric-spare-parts\/wheels-tires\/evolve-gtr-97mm-76a-purple\/?wmc-currency=SEK\" \/>\n<meta property=\"og:locale\" content=\"en_US\" \/>\n<meta property=\"og:type\" content=\"article\" \/>\n<meta property=\"og:title\" content=\"Evolve GTR 97mm 76a Purple - Boardlife\" \/>\n<meta property=\"og:description\" content=\"Om du beh\u00f6ver rej\u00e4la hjul till din br\u00e4da har du Evolves egna 97mm till f\u00f6rfogande. Dessutom med en softare duro p\u00e5 76a f\u00f6r att ge dig bra grepp och b\u00e4ttre komfort.\u00a0\" \/>\n<meta property=\"og:url\" content=\"https:\/\/boardlife.se\/en\/shop\/electric-skateboard\/electric-spare-parts\/wheels-tires\/evolve-gtr-97mm-76a-purple\/?wmc-currency=SEK\" \/>\n<meta property=\"og:site_name\" content=\"Boardlife\" \/>\n<meta property=\"article:publisher\" content=\"https:\/\/www.facebook.com\/Boardlife.se\" \/>\n<meta property=\"article:modified_time\" content=\"2026-01-27T08:53:17+00:00\" \/>\n<meta property=\"og:image\" content=\"https:\/\/boardlife.se\/wp-content\/uploads\/2020\/07\/Evolve_street-wheels-97_Purple-76a.jpg\" \/>\n\t<meta property=\"og:image:width\" content=\"1100\" \/>\n\t<meta property=\"og:image:height\" content=\"1100\" \/>\n\t<meta property=\"og:image:type\" content=\"image\/jpeg\" \/>\n<meta name=\"twitter:card\" content=\"summary_large_image\" \/>\n<meta name=\"twitter:label1\" content=\"Est. reading time\" \/>\n\t<meta name=\"twitter:data1\" content=\"1 minute\" \/>\n<script type=\"application\/ld+json\" class=\"yoast-schema-graph\">{\"@context\":\"https:\\\/\\\/schema.org\",\"@graph\":[{\"@type\":\"WebPage\",\"@id\":\"https:\\\/\\\/boardlife.se\\\/shop\\\/electric-skate\\\/electric-spareparts\\\/wheels-tires\\\/evolve-gtr-97mm-76a-purple\\\/\",\"url\":\"https:\\\/\\\/boardlife.se\\\/shop\\\/electric-skate\\\/electric-spareparts\\\/wheels-tires\\\/evolve-gtr-97mm-76a-purple\\\/\",\"name\":\"Evolve GTR 97mm 76a Purple - Boardlife\",\"isPartOf\":{\"@id\":\"https:\\\/\\\/boardlife.se\\\/#website\"},\"primaryImageOfPage\":{\"@id\":\"https:\\\/\\\/boardlife.se\\\/shop\\\/electric-skate\\\/electric-spareparts\\\/wheels-tires\\\/evolve-gtr-97mm-76a-purple\\\/#primaryimage\"},\"image\":{\"@id\":\"https:\\\/\\\/boardlife.se\\\/shop\\\/electric-skate\\\/electric-spareparts\\\/wheels-tires\\\/evolve-gtr-97mm-76a-purple\\\/#primaryimage\"},\"thumbnailUrl\":\"https:\\\/\\\/boardlife.se\\\/wp-content\\\/uploads\\\/2020\\\/07\\\/Evolve_street-wheels-97_Purple-76a.jpg\",\"datePublished\":\"2020-07-19T09:51:43+00:00\",\"dateModified\":\"2026-01-27T08:53:17+00:00\",\"description\":\"Om du beh\u00f6ver rej\u00e4la hjul till din br\u00e4da har du Evolves egna 97mm till f\u00f6rfogande. Dessutom med en softare duro p\u00e5 76a f\u00f6r att ge dig bra grepp och b\u00e4ttre komfort.\u00a0\",\"breadcrumb\":{\"@id\":\"https:\\\/\\\/boardlife.se\\\/shop\\\/electric-skate\\\/electric-spareparts\\\/wheels-tires\\\/evolve-gtr-97mm-76a-purple\\\/#breadcrumb\"},\"inLanguage\":\"en-US\",\"potentialAction\":[{\"@type\":\"ReadAction\",\"target\":[\"https:\\\/\\\/boardlife.se\\\/shop\\\/electric-skate\\\/electric-spareparts\\\/wheels-tires\\\/evolve-gtr-97mm-76a-purple\\\/\"]}]},{\"@type\":\"ImageObject\",\"inLanguage\":\"en-US\",\"@id\":\"https:\\\/\\\/boardlife.se\\\/shop\\\/electric-skate\\\/electric-spareparts\\\/wheels-tires\\\/evolve-gtr-97mm-76a-purple\\\/#primaryimage\",\"url\":\"https:\\\/\\\/boardlife.se\\\/wp-content\\\/uploads\\\/2020\\\/07\\\/Evolve_street-wheels-97_Purple-76a.jpg\",\"contentUrl\":\"https:\\\/\\\/boardlife.se\\\/wp-content\\\/uploads\\\/2020\\\/07\\\/Evolve_street-wheels-97_Purple-76a.jpg\",\"width\":1100,\"height\":1100,\"caption\":\"Evolve Skateboards street wheels 97mm Purple 76a\"},{\"@type\":\"BreadcrumbList\",\"@id\":\"https:\\\/\\\/boardlife.se\\\/shop\\\/electric-skate\\\/electric-spareparts\\\/wheels-tires\\\/evolve-gtr-97mm-76a-purple\\\/#breadcrumb\",\"itemListElement\":[{\"@type\":\"ListItem\",\"position\":1,\"name\":\"Hem\",\"item\":\"https:\\\/\\\/boardlife.se\\\/\"},{\"@type\":\"ListItem\",\"position\":2,\"name\":\"V\u00e4lkommen till skateparadiset\",\"item\":\"https:\\\/\\\/boardlife.se\\\/shop\\\/\"},{\"@type\":\"ListItem\",\"position\":3,\"name\":\"Evolve GTR 97mm 76a Purple\"}]},{\"@type\":\"WebSite\",\"@id\":\"https:\\\/\\\/boardlife.se\\\/#website\",\"url\":\"https:\\\/\\\/boardlife.se\\\/\",\"name\":\"Boardlife.se\",\"description\":\"Provider of Lifestyle\",\"publisher\":{\"@id\":\"https:\\\/\\\/boardlife.se\\\/#organization\"},\"potentialAction\":[{\"@type\":\"SearchAction\",\"target\":{\"@type\":\"EntryPoint\",\"urlTemplate\":\"https:\\\/\\\/boardlife.se\\\/?s={search_term_string}\"},\"query-input\":{\"@type\":\"PropertyValueSpecification\",\"valueRequired\":true,\"valueName\":\"search_term_string\"}}],\"inLanguage\":\"en-US\"},{\"@type\":\"Organization\",\"@id\":\"https:\\\/\\\/boardlife.se\\\/#organization\",\"name\":\"Boardlife\",\"url\":\"https:\\\/\\\/boardlife.se\\\/\",\"logo\":{\"@type\":\"ImageObject\",\"inLanguage\":\"en-US\",\"@id\":\"https:\\\/\\\/boardlife.se\\\/#\\\/schema\\\/logo\\\/image\\\/\",\"url\":\"https:\\\/\\\/boardlife.se\\\/wp-content\\\/uploads\\\/2014\\\/09\\\/logo.png\",\"contentUrl\":\"https:\\\/\\\/boardlife.se\\\/wp-content\\\/uploads\\\/2014\\\/09\\\/logo.png\",\"width\":785,\"height\":103,\"caption\":\"Boardlife\"},\"image\":{\"@id\":\"https:\\\/\\\/boardlife.se\\\/#\\\/schema\\\/logo\\\/image\\\/\"},\"sameAs\":[\"https:\\\/\\\/www.facebook.com\\\/Boardlife.se\",\"http:\\\/\\\/instagram.com\\\/boardlife_official\"]}]}<\/script>\n<!-- \/ Yoast SEO plugin. -->","yoast_head_json":{"title":"Evolve GTR 97mm 76a Purple - Boardlife","description":"If you need big wheels for your board, you have Evolve&#039;s own 97mm wheels at your disposal. Also with a softer duro of 76a to give you good grip and better comfort.\u00a0","robots":{"index":"index","follow":"follow","max-snippet":"max-snippet:-1","max-image-preview":"max-image-preview:large","max-video-preview":"max-video-preview:-1"},"canonical":"https:\/\/boardlife.se\/en\/shop\/electric-skateboard\/electric-spare-parts\/wheels-tires\/evolve-gtr-97mm-76a-purple\/?wmc-currency=SEK","og_locale":"en_US","og_type":"article","og_title":"Evolve GTR 97mm 76a Purple - Boardlife","og_description":"Om du beh\u00f6ver rej\u00e4la hjul till din br\u00e4da har du Evolves egna 97mm till f\u00f6rfogande. Dessutom med en softare duro p\u00e5 76a f\u00f6r att ge dig bra grepp och b\u00e4ttre komfort.\u00a0","og_url":"https:\/\/boardlife.se\/en\/shop\/electric-skateboard\/electric-spare-parts\/wheels-tires\/evolve-gtr-97mm-76a-purple\/?wmc-currency=SEK","og_site_name":"Boardlife","article_publisher":"https:\/\/www.facebook.com\/Boardlife.se","article_modified_time":"2026-01-27T08:53:17+00:00","og_image":[{"width":1100,"height":1100,"url":"https:\/\/boardlife.se\/wp-content\/uploads\/2020\/07\/Evolve_street-wheels-97_Purple-76a.jpg","type":"image\/jpeg"}],"twitter_card":"summary_large_image","twitter_misc":{"Est. reading time":"1 minute"},"schema":{"@context":"https:\/\/schema.org","@graph":[{"@type":"WebPage","@id":"https:\/\/boardlife.se\/shop\/electric-skate\/electric-spareparts\/wheels-tires\/evolve-gtr-97mm-76a-purple\/","url":"https:\/\/boardlife.se\/shop\/electric-skate\/electric-spareparts\/wheels-tires\/evolve-gtr-97mm-76a-purple\/","name":"Evolve GTR 97mm 76a Purple - Boardlife","isPartOf":{"@id":"https:\/\/boardlife.se\/#website"},"primaryImageOfPage":{"@id":"https:\/\/boardlife.se\/shop\/electric-skate\/electric-spareparts\/wheels-tires\/evolve-gtr-97mm-76a-purple\/#primaryimage"},"image":{"@id":"https:\/\/boardlife.se\/shop\/electric-skate\/electric-spareparts\/wheels-tires\/evolve-gtr-97mm-76a-purple\/#primaryimage"},"thumbnailUrl":"https:\/\/boardlife.se\/wp-content\/uploads\/2020\/07\/Evolve_street-wheels-97_Purple-76a.jpg","datePublished":"2020-07-19T09:51:43+00:00","dateModified":"2026-01-27T08:53:17+00:00","description":"If you need big wheels for your board, you have Evolve&#039;s own 97mm wheels at your disposal. Also with a softer duro of 76a to give you good grip and better comfort.\u00a0","breadcrumb":{"@id":"https:\/\/boardlife.se\/shop\/electric-skate\/electric-spareparts\/wheels-tires\/evolve-gtr-97mm-76a-purple\/#breadcrumb"},"inLanguage":"en-US","potentialAction":[{"@type":"ReadAction","target":["https:\/\/boardlife.se\/shop\/electric-skate\/electric-spareparts\/wheels-tires\/evolve-gtr-97mm-76a-purple\/"]}]},{"@type":"ImageObject","inLanguage":"en-US","@id":"https:\/\/boardlife.se\/shop\/electric-skate\/electric-spareparts\/wheels-tires\/evolve-gtr-97mm-76a-purple\/#primaryimage","url":"https:\/\/boardlife.se\/wp-content\/uploads\/2020\/07\/Evolve_street-wheels-97_Purple-76a.jpg","contentUrl":"https:\/\/boardlife.se\/wp-content\/uploads\/2020\/07\/Evolve_street-wheels-97_Purple-76a.jpg","width":1100,"height":1100,"caption":"Evolve Skateboards street wheels 97mm Purple 76a"},{"@type":"BreadcrumbList","@id":"https:\/\/boardlife.se\/shop\/electric-skate\/electric-spareparts\/wheels-tires\/evolve-gtr-97mm-76a-purple\/#breadcrumb","itemListElement":[{"@type":"ListItem","position":1,"name":"Hem","item":"https:\/\/boardlife.se\/"},{"@type":"ListItem","position":2,"name":"V\u00e4lkommen till skateparadiset","item":"https:\/\/boardlife.se\/shop\/"},{"@type":"ListItem","position":3,"name":"Evolve GTR 97mm 76a Purple"}]},{"@type":"WebSite","@id":"https:\/\/boardlife.se\/#website","url":"https:\/\/boardlife.se\/","name":"Boardlife.se","description":"Lifestyle Provider","publisher":{"@id":"https:\/\/boardlife.se\/#organization"},"potentialAction":[{"@type":"SearchAction","target":{"@type":"EntryPoint","urlTemplate":"https:\/\/boardlife.se\/?s={search_term_string}"},"query-input":{"@type":"PropertyValueSpecification","valueRequired":true,"valueName":"search_term_string"}}],"inLanguage":"en-US"},{"@type":"Organization","@id":"https:\/\/boardlife.se\/#organization","name":"Boardlife","url":"https:\/\/boardlife.se\/","logo":{"@type":"ImageObject","inLanguage":"en-US","@id":"https:\/\/boardlife.se\/#\/schema\/logo\/image\/","url":"https:\/\/boardlife.se\/wp-content\/uploads\/2014\/09\/logo.png","contentUrl":"https:\/\/boardlife.se\/wp-content\/uploads\/2014\/09\/logo.png","width":785,"height":103,"caption":"Boardlife"},"image":{"@id":"https:\/\/boardlife.se\/#\/schema\/logo\/image\/"},"sameAs":["https:\/\/www.facebook.com\/Boardlife.se","http:\/\/instagram.com\/boardlife_official"]}]}},"jetpack_sharing_enabled":true,"_links":{"self":[{"href":"https:\/\/boardlife.se\/en\/wp-json\/wp\/v2\/product\/114308","targetHints":{"allow":["GET"]}}],"collection":[{"href":"https:\/\/boardlife.se\/en\/wp-json\/wp\/v2\/product"}],"about":[{"href":"https:\/\/boardlife.se\/en\/wp-json\/wp\/v2\/types\/product"}],"replies":[{"embeddable":true,"href":"https:\/\/boardlife.se\/en\/wp-json\/wp\/v2\/comments?post=114308"}],"wp:featuredmedia":[{"embeddable":true,"href":"https:\/\/boardlife.se\/en\/wp-json\/wp\/v2\/media\/114306"}],"wp:attachment":[{"href":"https:\/\/boardlife.se\/en\/wp-json\/wp\/v2\/media?parent=114308"}],"wp:term":[{"taxonomy":"product_brand","embeddable":true,"href":"https:\/\/boardlife.se\/en\/wp-json\/wp\/v2\/product_brand?post=114308"},{"taxonomy":"product_cat","embeddable":true,"href":"https:\/\/boardlife.se\/en\/wp-json\/wp\/v2\/product_cat?post=114308"},{"taxonomy":"product_tag","embeddable":true,"href":"https:\/\/boardlife.se\/en\/wp-json\/wp\/v2\/product_tag?post=114308"}],"curies":[{"name":"wp","href":"https:\/\/api.w.org\/{rel}","templated":true}]}}