{"id":114310,"date":"2020-07-19T11:56:07","date_gmt":"2020-07-19T09:56:07","guid":{"rendered":"https:\/\/www.boardlife.se\/?post_type=product&#038;p=114310"},"modified":"2022-02-26T13:26:43","modified_gmt":"2022-02-26T12:26:43","slug":"evolve-standard-pivot-cups","status":"publish","type":"product","link":"https:\/\/boardlife.se\/en\/shop\/electric-skateboard\/electric-spare-parts\/evolve-standard-pivot-cups\/","title":{"rendered":"Evolve Standard Pivot Cups (2 pcs)"},"content":{"rendered":"<p>N\u00e5got som m\u00e5nga gl\u00f6mmer att h\u00e5lla i gott skick \u00e4r dina Pivot Cups. Kanske f\u00f6r att man s\u00e4llan kontrollerar hur de m\u00e5r d\u00e5 de sitter ganska g\u00f6mda. Men slitna pivot cups \u00e4r n\u00e5got som absolut p\u00e5verkar hur din br\u00e4da beter sig. Du kan f\u00e5 en br\u00e4da som vobblar eller beter sig inkonsekvent n\u00e4r du bara \u00e5ker rakt fram. Se till att dina koppar \u00e4r fit for fight. En l\u00e5g kostnad f\u00f6r att ha en desto sk\u00f6nare skate.<\/p>\n<p>Dessa pivot cups \u00e4r f\u00f6r Evolves truckar. D\u00e5 Evolve k\u00f6r med dubbel-h\u00e4ngd truck s\u00e5 har du totalt 4 koppar per br\u00e4da.<\/p>\n<p>V\u00e5ra pivot cups s\u00e4ljs i par s\u00e5 vill du ha f\u00f6r hela br\u00e4dan beh\u00f6ver du best\u00e4lla 2 set.<\/p>","protected":false},"excerpt":{"rendered":"<p>Make sure to always have an extra set of pivot cups in your bag. Worn cups are pointless and will result in a board that is inconsistent and tends to wobble easily. A cheap spare that makes a big difference. Our cups are sold in packs of 2.<\/p>","protected":false},"featured_media":114311,"comment_status":"open","ping_status":"closed","template":"","meta":{"_gspb_post_css":"","_crdt_document":""},"product_brand":[2557],"product_cat":[85,1947],"product_tag":[],"class_list":{"0":"post-114310","1":"product","2":"type-product","3":"status-publish","4":"has-post-thumbnail","6":"product_brand-evolve-skateboards","7":"product_cat-bushings-longboard","8":"product_cat-electric-spareparts","9":"pa_manufacturer-evolve","11":"first","12":"instock","13":"taxable","14":"shipping-taxable","15":"purchasable","16":"product-type-simple"},"ct_brands":[{"id":2557,"name":"Evolve Skateboards","slug":"evolve-skateboards"}],"yoast_head":"<!-- This site is optimized with the Yoast SEO plugin v27.5 - https:\/\/yoast.com\/product\/yoast-seo-wordpress\/ -->\n<title>Evolve Standard Pivot Cups (2 st) - Boardlife<\/title>\n<meta name=\"robots\" content=\"index, follow, max-snippet:-1, max-image-preview:large, max-video-preview:-1\" \/>\n<link rel=\"canonical\" href=\"https:\/\/boardlife.se\/en\/shop\/electric-skateboard\/electric-spare-parts\/evolve-standard-pivot-cups\/?wmc-currency=SEK\" \/>\n<meta property=\"og:locale\" content=\"en_US\" \/>\n<meta property=\"og:type\" content=\"article\" \/>\n<meta property=\"og:title\" content=\"Evolve Standard Pivot Cups (2 st) - Boardlife\" \/>\n<meta property=\"og:description\" content=\"Se till att alltid ha ett set extra pivot cups i v\u00e4skan. Slitna koppar \u00e4r ingen mening att ha och du f\u00e5r p\u00e5 s\u00e5 vis en br\u00e4da som inte \u00e4r konsekvent och som dessutom tenderar att vobbla l\u00e4tt. En billig reservdel som har stor betydelse. V\u00e5ra koppar s\u00e4ljs i 2-pack.\" \/>\n<meta property=\"og:url\" content=\"https:\/\/boardlife.se\/en\/shop\/electric-skateboard\/electric-spare-parts\/evolve-standard-pivot-cups\/?wmc-currency=SEK\" \/>\n<meta property=\"og:site_name\" content=\"Boardlife\" \/>\n<meta property=\"article:publisher\" content=\"https:\/\/www.facebook.com\/Boardlife.se\" \/>\n<meta property=\"article:modified_time\" content=\"2022-02-26T12:26:43+00:00\" \/>\n<meta property=\"og:image\" content=\"https:\/\/boardlife.se\/wp-content\/uploads\/2020\/07\/Evolve_pivot-cups.jpg\" \/>\n\t<meta property=\"og:image:width\" content=\"1080\" \/>\n\t<meta property=\"og:image:height\" content=\"1080\" \/>\n\t<meta property=\"og:image:type\" content=\"image\/jpeg\" \/>\n<meta name=\"twitter:card\" content=\"summary_large_image\" \/>\n<meta name=\"twitter:label1\" content=\"Est. reading time\" \/>\n\t<meta name=\"twitter:data1\" content=\"1 minute\" \/>\n<script type=\"application\/ld+json\" class=\"yoast-schema-graph\">{\"@context\":\"https:\\\/\\\/schema.org\",\"@graph\":[{\"@type\":\"WebPage\",\"@id\":\"https:\\\/\\\/boardlife.se\\\/shop\\\/electric-skate\\\/electric-spareparts\\\/evolve-standard-pivot-cups\\\/\",\"url\":\"https:\\\/\\\/boardlife.se\\\/shop\\\/electric-skate\\\/electric-spareparts\\\/evolve-standard-pivot-cups\\\/\",\"name\":\"Evolve Standard Pivot Cups (2 st) - Boardlife\",\"isPartOf\":{\"@id\":\"https:\\\/\\\/boardlife.se\\\/#website\"},\"primaryImageOfPage\":{\"@id\":\"https:\\\/\\\/boardlife.se\\\/shop\\\/electric-skate\\\/electric-spareparts\\\/evolve-standard-pivot-cups\\\/#primaryimage\"},\"image\":{\"@id\":\"https:\\\/\\\/boardlife.se\\\/shop\\\/electric-skate\\\/electric-spareparts\\\/evolve-standard-pivot-cups\\\/#primaryimage\"},\"thumbnailUrl\":\"https:\\\/\\\/boardlife.se\\\/wp-content\\\/uploads\\\/2020\\\/07\\\/Evolve_pivot-cups.jpg\",\"datePublished\":\"2020-07-19T09:56:07+00:00\",\"dateModified\":\"2022-02-26T12:26:43+00:00\",\"breadcrumb\":{\"@id\":\"https:\\\/\\\/boardlife.se\\\/shop\\\/electric-skate\\\/electric-spareparts\\\/evolve-standard-pivot-cups\\\/#breadcrumb\"},\"inLanguage\":\"en-US\",\"potentialAction\":[{\"@type\":\"ReadAction\",\"target\":[\"https:\\\/\\\/boardlife.se\\\/shop\\\/electric-skate\\\/electric-spareparts\\\/evolve-standard-pivot-cups\\\/\"]}]},{\"@type\":\"ImageObject\",\"inLanguage\":\"en-US\",\"@id\":\"https:\\\/\\\/boardlife.se\\\/shop\\\/electric-skate\\\/electric-spareparts\\\/evolve-standard-pivot-cups\\\/#primaryimage\",\"url\":\"https:\\\/\\\/boardlife.se\\\/wp-content\\\/uploads\\\/2020\\\/07\\\/Evolve_pivot-cups.jpg\",\"contentUrl\":\"https:\\\/\\\/boardlife.se\\\/wp-content\\\/uploads\\\/2020\\\/07\\\/Evolve_pivot-cups.jpg\",\"width\":1080,\"height\":1080,\"caption\":\"Evolve pivot cups\"},{\"@type\":\"BreadcrumbList\",\"@id\":\"https:\\\/\\\/boardlife.se\\\/shop\\\/electric-skate\\\/electric-spareparts\\\/evolve-standard-pivot-cups\\\/#breadcrumb\",\"itemListElement\":[{\"@type\":\"ListItem\",\"position\":1,\"name\":\"Hem\",\"item\":\"https:\\\/\\\/boardlife.se\\\/\"},{\"@type\":\"ListItem\",\"position\":2,\"name\":\"V\u00e4lkommen till skateparadiset\",\"item\":\"https:\\\/\\\/boardlife.se\\\/shop\\\/\"},{\"@type\":\"ListItem\",\"position\":3,\"name\":\"Evolve Standard Pivot Cups (2 st)\"}]},{\"@type\":\"WebSite\",\"@id\":\"https:\\\/\\\/boardlife.se\\\/#website\",\"url\":\"https:\\\/\\\/boardlife.se\\\/\",\"name\":\"Boardlife.se\",\"description\":\"Provider of Lifestyle\",\"publisher\":{\"@id\":\"https:\\\/\\\/boardlife.se\\\/#organization\"},\"potentialAction\":[{\"@type\":\"SearchAction\",\"target\":{\"@type\":\"EntryPoint\",\"urlTemplate\":\"https:\\\/\\\/boardlife.se\\\/?s={search_term_string}\"},\"query-input\":{\"@type\":\"PropertyValueSpecification\",\"valueRequired\":true,\"valueName\":\"search_term_string\"}}],\"inLanguage\":\"en-US\"},{\"@type\":\"Organization\",\"@id\":\"https:\\\/\\\/boardlife.se\\\/#organization\",\"name\":\"Boardlife\",\"url\":\"https:\\\/\\\/boardlife.se\\\/\",\"logo\":{\"@type\":\"ImageObject\",\"inLanguage\":\"en-US\",\"@id\":\"https:\\\/\\\/boardlife.se\\\/#\\\/schema\\\/logo\\\/image\\\/\",\"url\":\"https:\\\/\\\/boardlife.se\\\/wp-content\\\/uploads\\\/2014\\\/09\\\/logo.png\",\"contentUrl\":\"https:\\\/\\\/boardlife.se\\\/wp-content\\\/uploads\\\/2014\\\/09\\\/logo.png\",\"width\":785,\"height\":103,\"caption\":\"Boardlife\"},\"image\":{\"@id\":\"https:\\\/\\\/boardlife.se\\\/#\\\/schema\\\/logo\\\/image\\\/\"},\"sameAs\":[\"https:\\\/\\\/www.facebook.com\\\/Boardlife.se\",\"http:\\\/\\\/instagram.com\\\/boardlife_official\"]}]}<\/script>\n<!-- \/ Yoast SEO plugin. -->","yoast_head_json":{"title":"Evolve Standard Pivot Cups (2 pcs) - Boardlife","robots":{"index":"index","follow":"follow","max-snippet":"max-snippet:-1","max-image-preview":"max-image-preview:large","max-video-preview":"max-video-preview:-1"},"canonical":"https:\/\/boardlife.se\/en\/shop\/electric-skateboard\/electric-spare-parts\/evolve-standard-pivot-cups\/?wmc-currency=SEK","og_locale":"en_US","og_type":"article","og_title":"Evolve Standard Pivot Cups (2 st) - Boardlife","og_description":"Se till att alltid ha ett set extra pivot cups i v\u00e4skan. Slitna koppar \u00e4r ingen mening att ha och du f\u00e5r p\u00e5 s\u00e5 vis en br\u00e4da som inte \u00e4r konsekvent och som dessutom tenderar att vobbla l\u00e4tt. En billig reservdel som har stor betydelse. V\u00e5ra koppar s\u00e4ljs i 2-pack.","og_url":"https:\/\/boardlife.se\/en\/shop\/electric-skateboard\/electric-spare-parts\/evolve-standard-pivot-cups\/?wmc-currency=SEK","og_site_name":"Boardlife","article_publisher":"https:\/\/www.facebook.com\/Boardlife.se","article_modified_time":"2022-02-26T12:26:43+00:00","og_image":[{"width":1080,"height":1080,"url":"https:\/\/boardlife.se\/wp-content\/uploads\/2020\/07\/Evolve_pivot-cups.jpg","type":"image\/jpeg"}],"twitter_card":"summary_large_image","twitter_misc":{"Est. reading time":"1 minute"},"schema":{"@context":"https:\/\/schema.org","@graph":[{"@type":"WebPage","@id":"https:\/\/boardlife.se\/shop\/electric-skate\/electric-spareparts\/evolve-standard-pivot-cups\/","url":"https:\/\/boardlife.se\/shop\/electric-skate\/electric-spareparts\/evolve-standard-pivot-cups\/","name":"Evolve Standard Pivot Cups (2 pcs) - Boardlife","isPartOf":{"@id":"https:\/\/boardlife.se\/#website"},"primaryImageOfPage":{"@id":"https:\/\/boardlife.se\/shop\/electric-skate\/electric-spareparts\/evolve-standard-pivot-cups\/#primaryimage"},"image":{"@id":"https:\/\/boardlife.se\/shop\/electric-skate\/electric-spareparts\/evolve-standard-pivot-cups\/#primaryimage"},"thumbnailUrl":"https:\/\/boardlife.se\/wp-content\/uploads\/2020\/07\/Evolve_pivot-cups.jpg","datePublished":"2020-07-19T09:56:07+00:00","dateModified":"2022-02-26T12:26:43+00:00","breadcrumb":{"@id":"https:\/\/boardlife.se\/shop\/electric-skate\/electric-spareparts\/evolve-standard-pivot-cups\/#breadcrumb"},"inLanguage":"en-US","potentialAction":[{"@type":"ReadAction","target":["https:\/\/boardlife.se\/shop\/electric-skate\/electric-spareparts\/evolve-standard-pivot-cups\/"]}]},{"@type":"ImageObject","inLanguage":"en-US","@id":"https:\/\/boardlife.se\/shop\/electric-skate\/electric-spareparts\/evolve-standard-pivot-cups\/#primaryimage","url":"https:\/\/boardlife.se\/wp-content\/uploads\/2020\/07\/Evolve_pivot-cups.jpg","contentUrl":"https:\/\/boardlife.se\/wp-content\/uploads\/2020\/07\/Evolve_pivot-cups.jpg","width":1080,"height":1080,"caption":"Evolve pivot cups"},{"@type":"BreadcrumbList","@id":"https:\/\/boardlife.se\/shop\/electric-skate\/electric-spareparts\/evolve-standard-pivot-cups\/#breadcrumb","itemListElement":[{"@type":"ListItem","position":1,"name":"Hem","item":"https:\/\/boardlife.se\/"},{"@type":"ListItem","position":2,"name":"V\u00e4lkommen till skateparadiset","item":"https:\/\/boardlife.se\/shop\/"},{"@type":"ListItem","position":3,"name":"Evolve Standard Pivot Cups (2 st)"}]},{"@type":"WebSite","@id":"https:\/\/boardlife.se\/#website","url":"https:\/\/boardlife.se\/","name":"Boardlife.se","description":"Lifestyle Provider","publisher":{"@id":"https:\/\/boardlife.se\/#organization"},"potentialAction":[{"@type":"SearchAction","target":{"@type":"EntryPoint","urlTemplate":"https:\/\/boardlife.se\/?s={search_term_string}"},"query-input":{"@type":"PropertyValueSpecification","valueRequired":true,"valueName":"search_term_string"}}],"inLanguage":"en-US"},{"@type":"Organization","@id":"https:\/\/boardlife.se\/#organization","name":"Boardlife","url":"https:\/\/boardlife.se\/","logo":{"@type":"ImageObject","inLanguage":"en-US","@id":"https:\/\/boardlife.se\/#\/schema\/logo\/image\/","url":"https:\/\/boardlife.se\/wp-content\/uploads\/2014\/09\/logo.png","contentUrl":"https:\/\/boardlife.se\/wp-content\/uploads\/2014\/09\/logo.png","width":785,"height":103,"caption":"Boardlife"},"image":{"@id":"https:\/\/boardlife.se\/#\/schema\/logo\/image\/"},"sameAs":["https:\/\/www.facebook.com\/Boardlife.se","http:\/\/instagram.com\/boardlife_official"]}]}},"jetpack_sharing_enabled":true,"_links":{"self":[{"href":"https:\/\/boardlife.se\/en\/wp-json\/wp\/v2\/product\/114310","targetHints":{"allow":["GET"]}}],"collection":[{"href":"https:\/\/boardlife.se\/en\/wp-json\/wp\/v2\/product"}],"about":[{"href":"https:\/\/boardlife.se\/en\/wp-json\/wp\/v2\/types\/product"}],"replies":[{"embeddable":true,"href":"https:\/\/boardlife.se\/en\/wp-json\/wp\/v2\/comments?post=114310"}],"wp:featuredmedia":[{"embeddable":true,"href":"https:\/\/boardlife.se\/en\/wp-json\/wp\/v2\/media\/114311"}],"wp:attachment":[{"href":"https:\/\/boardlife.se\/en\/wp-json\/wp\/v2\/media?parent=114310"}],"wp:term":[{"taxonomy":"product_brand","embeddable":true,"href":"https:\/\/boardlife.se\/en\/wp-json\/wp\/v2\/product_brand?post=114310"},{"taxonomy":"product_cat","embeddable":true,"href":"https:\/\/boardlife.se\/en\/wp-json\/wp\/v2\/product_cat?post=114310"},{"taxonomy":"product_tag","embeddable":true,"href":"https:\/\/boardlife.se\/en\/wp-json\/wp\/v2\/product_tag?post=114310"}],"curies":[{"name":"wp","href":"https:\/\/api.w.org\/{rel}","templated":true}]}}