{"id":119602,"date":"2020-08-14T15:26:02","date_gmt":"2020-08-14T13:26:02","guid":{"rendered":"https:\/\/www.boardlife.se\/?post_type=product&#038;p=119602"},"modified":"2023-12-14T12:21:49","modified_gmt":"2023-12-14T11:21:49","slug":"american-socks-shark-attack","status":"publish","type":"product","link":"https:\/\/boardlife.se\/en\/shop\/streetwear\/socks\/american-socks-shark-attack\/","title":{"rendered":"American Socks Shark Attack"},"content":{"rendered":"<p>Du beh\u00f6ver inte vara marinbiolog f\u00f6r att fatta tycke f\u00f6r denna strumpan. Shark Attack \u00e4r en strumpa med h\u00e4rligt f\u00e4rgstick i d\u00e4r du kan gl\u00e4nsa n\u00e4r du glider runt p\u00e5 br\u00e4dan n\u00e4sta g\u00e5ng. Passar alla h\u00f6gtider lika bra. Strumporna ing\u00e5r i American Socks Signature Series. Detta \u00e4r strumpan f\u00f6r dig som inte har n\u00e5got emot att se lite tuffare ut \u00e4n alla andra. Vill du hellre vara o-cool, anonym och osynlig s\u00e5 avr\u00e5der vi dig fr\u00e5n att k\u00f6pa denna strumpa. Grymmare skatestrumpor f\u00e5r du garanterat leta efter. Signature Series \u00e4r strumpor med betydligt fr\u00e4ckare m\u00f6nster men du har fortfarande kvar de klassiska r\u00e4nderna l\u00e4ngst upp. En helt unik skatestrumpa som g\u00f6r dig en aning snyggare oavsett hur du tidigare s\u00e5g ut. American Socks st\u00e5r f\u00f6r bra kvalitet och en garanterat hardcore look d\u00e4r ute.<\/p>\n<p>All Signature Series socks have a \u201dmid high\u201d shaft length and therefore keep you warm around the calf and protect the shin slightly better against any failed tricks from the board.<\/p>\n<p>To keep them looking and feeling the same over time, it&#039;s a good idea to follow the washing instructions. Other than that, you&#039;re free to go on whatever adventures you want.<\/p>\n<p>Moisture-Wicking Technology to keep your feet cool and dry. A great way to avoid smelling musty when you actively use the socks.<br \/>\n55% Coolmax , 13% Cotton, 29% Polyamide, 3% Elastane<\/p>\n<p><img loading=\"lazy\" decoding=\"async\" class=\"alignnone wp-image-113871\" src=\"https:\/\/www.boardlife.se\/wp-content\/uploads\/2020\/07\/size-guide-1024x416.png\" alt=\"American Socks Profile Guide\" width=\"700\" height=\"284\" srcset=\"https:\/\/boardlife.se\/wp-content\/uploads\/2020\/07\/size-guide-1024x416.png 1024w, https:\/\/boardlife.se\/wp-content\/uploads\/2020\/07\/size-guide-300x122.png 300w, https:\/\/boardlife.se\/wp-content\/uploads\/2020\/07\/size-guide-600x244.png 600w, https:\/\/boardlife.se\/wp-content\/uploads\/2020\/07\/size-guide-768x312.png 768w, https:\/\/boardlife.se\/wp-content\/uploads\/2020\/07\/size-guide-1000x406.png 1000w, https:\/\/boardlife.se\/wp-content\/uploads\/2020\/07\/size-guide-720x293.png 720w, https:\/\/boardlife.se\/wp-content\/uploads\/2020\/07\/size-guide-200x81.png 200w, https:\/\/boardlife.se\/wp-content\/uploads\/2020\/07\/size-guide.png 1100w\" sizes=\"auto, (max-width: 700px) 100vw, 700px\" \/><\/p>","protected":false},"excerpt":{"rendered":"<p>You don&#039;t have to be a marine biologist to like this sock. Shark Attack is a sock with a lovely splash of color where you can shine when you slide around on the board next time. Fits all occasions equally well. A completely unique skate sock that makes you look a little better no matter how you looked before. American Socks stands for good quality and a guaranteed hardcore look out there. You can be naked and still look well dressed, if you keep the socks on, that is. Signature Series are socks with significantly bolder patterns but you still have the classic stripes at the top.<\/p>","protected":false},"featured_media":119671,"comment_status":"open","ping_status":"closed","template":"","meta":{"_gspb_post_css":"","_crdt_document":""},"product_brand":[2526],"product_cat":[1703],"product_tag":[],"class_list":{"0":"post-119602","1":"product","2":"type-product","3":"status-publish","4":"has-post-thumbnail","6":"product_brand-american-socks","7":"product_cat-socks","8":"pa_manufacturer-american-socks","9":"pa_storlekar-l-xl-42-46","10":"pa_storlekar-s-m-37-41","12":"first","13":"instock","14":"taxable","15":"shipping-taxable","16":"purchasable","17":"product-type-variable","18":"has-default-attributes"},"ct_brands":[{"id":2526,"name":"American Socks","slug":"american-socks"}],"yoast_head":"<!-- This site is optimized with the Yoast SEO plugin v27.6 - https:\/\/yoast.com\/product\/yoast-seo-wordpress\/ -->\n<title>American Socks Shark Attack - Boardlife<\/title>\n<meta name=\"description\" content=\"Du beh\u00f6ver inte vara marinbiolog f\u00f6r att fatta tycke f\u00f6r denna strumpan. Shark Attack \u00e4r en strumpa med h\u00e4rligt f\u00e4rgstick i d\u00e4r du kan gl\u00e4nsa n\u00e4r du glider runt p\u00e5 br\u00e4dan n\u00e4sta g\u00e5ng. Passar alla h\u00f6gtider lika bra.Detta \u00e4r strumpan f\u00f6r dig som inte har n\u00e5got emot att se lite tuffare ut \u00e4n alla andra.\" \/>\n<meta name=\"robots\" content=\"index, follow, max-snippet:-1, max-image-preview:large, max-video-preview:-1\" \/>\n<link rel=\"canonical\" href=\"https:\/\/boardlife.se\/en\/shop\/streetwear\/socks\/american-socks-shark-attack\/?wmc-currency=SEK\" \/>\n<meta property=\"og:locale\" content=\"en_US\" \/>\n<meta property=\"og:type\" content=\"article\" \/>\n<meta property=\"og:title\" content=\"American Socks Shark Attack - Boardlife\" \/>\n<meta property=\"og:description\" content=\"Du beh\u00f6ver inte vara marinbiolog f\u00f6r att fatta tycke f\u00f6r denna strumpan. Shark Attack \u00e4r en strumpa med h\u00e4rligt f\u00e4rgstick i d\u00e4r du kan gl\u00e4nsa n\u00e4r du glider runt p\u00e5 br\u00e4dan n\u00e4sta g\u00e5ng. Passar alla h\u00f6gtider lika bra.Detta \u00e4r strumpan f\u00f6r dig som inte har n\u00e5got emot att se lite tuffare ut \u00e4n alla andra.\" \/>\n<meta property=\"og:url\" content=\"https:\/\/boardlife.se\/en\/shop\/streetwear\/socks\/american-socks-shark-attack\/?wmc-currency=SEK\" \/>\n<meta property=\"og:site_name\" content=\"Boardlife\" \/>\n<meta property=\"article:publisher\" content=\"https:\/\/www.facebook.com\/Boardlife.se\" \/>\n<meta property=\"article:modified_time\" content=\"2023-12-14T11:21:49+00:00\" \/>\n<meta property=\"og:image\" content=\"https:\/\/boardlife.se\/wp-content\/uploads\/2020\/08\/american-socks-signature-shark-attack.jpg\" \/>\n\t<meta property=\"og:image:width\" content=\"1000\" \/>\n\t<meta property=\"og:image:height\" content=\"1000\" \/>\n\t<meta property=\"og:image:type\" content=\"image\/jpeg\" \/>\n<meta name=\"twitter:card\" content=\"summary_large_image\" \/>\n<meta name=\"twitter:label1\" content=\"Est. reading time\" \/>\n\t<meta name=\"twitter:data1\" content=\"1 minute\" \/>\n<script type=\"application\/ld+json\" class=\"yoast-schema-graph\">{\"@context\":\"https:\\\/\\\/schema.org\",\"@graph\":[{\"@type\":\"WebPage\",\"@id\":\"https:\\\/\\\/boardlife.se\\\/shop\\\/streetwear\\\/socks\\\/american-socks-shark-attack\\\/\",\"url\":\"https:\\\/\\\/boardlife.se\\\/shop\\\/streetwear\\\/socks\\\/american-socks-shark-attack\\\/\",\"name\":\"American Socks Shark Attack - Boardlife\",\"isPartOf\":{\"@id\":\"https:\\\/\\\/boardlife.se\\\/#website\"},\"primaryImageOfPage\":{\"@id\":\"https:\\\/\\\/boardlife.se\\\/shop\\\/streetwear\\\/socks\\\/american-socks-shark-attack\\\/#primaryimage\"},\"image\":{\"@id\":\"https:\\\/\\\/boardlife.se\\\/shop\\\/streetwear\\\/socks\\\/american-socks-shark-attack\\\/#primaryimage\"},\"thumbnailUrl\":\"https:\\\/\\\/boardlife.se\\\/wp-content\\\/uploads\\\/2020\\\/08\\\/american-socks-signature-shark-attack.jpg\",\"datePublished\":\"2020-08-14T13:26:02+00:00\",\"dateModified\":\"2023-12-14T11:21:49+00:00\",\"description\":\"Du beh\u00f6ver inte vara marinbiolog f\u00f6r att fatta tycke f\u00f6r denna strumpan. Shark Attack \u00e4r en strumpa med h\u00e4rligt f\u00e4rgstick i d\u00e4r du kan gl\u00e4nsa n\u00e4r du glider runt p\u00e5 br\u00e4dan n\u00e4sta g\u00e5ng. Passar alla h\u00f6gtider lika bra.Detta \u00e4r strumpan f\u00f6r dig som inte har n\u00e5got emot att se lite tuffare ut \u00e4n alla andra.\",\"breadcrumb\":{\"@id\":\"https:\\\/\\\/boardlife.se\\\/shop\\\/streetwear\\\/socks\\\/american-socks-shark-attack\\\/#breadcrumb\"},\"inLanguage\":\"en-US\",\"potentialAction\":[{\"@type\":\"ReadAction\",\"target\":[\"https:\\\/\\\/boardlife.se\\\/shop\\\/streetwear\\\/socks\\\/american-socks-shark-attack\\\/\"]}]},{\"@type\":\"ImageObject\",\"inLanguage\":\"en-US\",\"@id\":\"https:\\\/\\\/boardlife.se\\\/shop\\\/streetwear\\\/socks\\\/american-socks-shark-attack\\\/#primaryimage\",\"url\":\"https:\\\/\\\/boardlife.se\\\/wp-content\\\/uploads\\\/2020\\\/08\\\/american-socks-signature-shark-attack.jpg\",\"contentUrl\":\"https:\\\/\\\/boardlife.se\\\/wp-content\\\/uploads\\\/2020\\\/08\\\/american-socks-signature-shark-attack.jpg\",\"width\":1000,\"height\":1000,\"caption\":\"American Socks - Signature Shark Attack\"},{\"@type\":\"BreadcrumbList\",\"@id\":\"https:\\\/\\\/boardlife.se\\\/shop\\\/streetwear\\\/socks\\\/american-socks-shark-attack\\\/#breadcrumb\",\"itemListElement\":[{\"@type\":\"ListItem\",\"position\":1,\"name\":\"Hem\",\"item\":\"https:\\\/\\\/boardlife.se\\\/\"},{\"@type\":\"ListItem\",\"position\":2,\"name\":\"V\u00e4lkommen till skateparadiset\",\"item\":\"https:\\\/\\\/boardlife.se\\\/shop\\\/\"},{\"@type\":\"ListItem\",\"position\":3,\"name\":\"American Socks Shark Attack\"}]},{\"@type\":\"WebSite\",\"@id\":\"https:\\\/\\\/boardlife.se\\\/#website\",\"url\":\"https:\\\/\\\/boardlife.se\\\/\",\"name\":\"Boardlife.se\",\"description\":\"Provider of Lifestyle\",\"publisher\":{\"@id\":\"https:\\\/\\\/boardlife.se\\\/#organization\"},\"potentialAction\":[{\"@type\":\"SearchAction\",\"target\":{\"@type\":\"EntryPoint\",\"urlTemplate\":\"https:\\\/\\\/boardlife.se\\\/?s={search_term_string}\"},\"query-input\":{\"@type\":\"PropertyValueSpecification\",\"valueRequired\":true,\"valueName\":\"search_term_string\"}}],\"inLanguage\":\"en-US\"},{\"@type\":\"Organization\",\"@id\":\"https:\\\/\\\/boardlife.se\\\/#organization\",\"name\":\"Boardlife\",\"url\":\"https:\\\/\\\/boardlife.se\\\/\",\"logo\":{\"@type\":\"ImageObject\",\"inLanguage\":\"en-US\",\"@id\":\"https:\\\/\\\/boardlife.se\\\/#\\\/schema\\\/logo\\\/image\\\/\",\"url\":\"https:\\\/\\\/boardlife.se\\\/wp-content\\\/uploads\\\/2014\\\/09\\\/logo.png\",\"contentUrl\":\"https:\\\/\\\/boardlife.se\\\/wp-content\\\/uploads\\\/2014\\\/09\\\/logo.png\",\"width\":785,\"height\":103,\"caption\":\"Boardlife\"},\"image\":{\"@id\":\"https:\\\/\\\/boardlife.se\\\/#\\\/schema\\\/logo\\\/image\\\/\"},\"sameAs\":[\"https:\\\/\\\/www.facebook.com\\\/Boardlife.se\",\"http:\\\/\\\/instagram.com\\\/boardlife_official\"]}]}<\/script>\n<!-- \/ Yoast SEO plugin. -->","yoast_head_json":{"title":"American Socks Shark Attack - Boardlife","description":"You don&#039;t have to be a marine biologist to like this sock. Shark Attack is a sock with a lovely splash of color where you can shine when you slide around on the board next time. Fits all occasions equally well. This is the sock for those of you who don&#039;t mind looking a little tougher than everyone else.","robots":{"index":"index","follow":"follow","max-snippet":"max-snippet:-1","max-image-preview":"max-image-preview:large","max-video-preview":"max-video-preview:-1"},"canonical":"https:\/\/boardlife.se\/en\/shop\/streetwear\/socks\/american-socks-shark-attack\/?wmc-currency=SEK","og_locale":"en_US","og_type":"article","og_title":"American Socks Shark Attack - Boardlife","og_description":"Du beh\u00f6ver inte vara marinbiolog f\u00f6r att fatta tycke f\u00f6r denna strumpan. Shark Attack \u00e4r en strumpa med h\u00e4rligt f\u00e4rgstick i d\u00e4r du kan gl\u00e4nsa n\u00e4r du glider runt p\u00e5 br\u00e4dan n\u00e4sta g\u00e5ng. Passar alla h\u00f6gtider lika bra.Detta \u00e4r strumpan f\u00f6r dig som inte har n\u00e5got emot att se lite tuffare ut \u00e4n alla andra.","og_url":"https:\/\/boardlife.se\/en\/shop\/streetwear\/socks\/american-socks-shark-attack\/?wmc-currency=SEK","og_site_name":"Boardlife","article_publisher":"https:\/\/www.facebook.com\/Boardlife.se","article_modified_time":"2023-12-14T11:21:49+00:00","og_image":[{"width":1000,"height":1000,"url":"https:\/\/boardlife.se\/wp-content\/uploads\/2020\/08\/american-socks-signature-shark-attack.jpg","type":"image\/jpeg"}],"twitter_card":"summary_large_image","twitter_misc":{"Est. reading time":"1 minute"},"schema":{"@context":"https:\/\/schema.org","@graph":[{"@type":"WebPage","@id":"https:\/\/boardlife.se\/shop\/streetwear\/socks\/american-socks-shark-attack\/","url":"https:\/\/boardlife.se\/shop\/streetwear\/socks\/american-socks-shark-attack\/","name":"American Socks Shark Attack - Boardlife","isPartOf":{"@id":"https:\/\/boardlife.se\/#website"},"primaryImageOfPage":{"@id":"https:\/\/boardlife.se\/shop\/streetwear\/socks\/american-socks-shark-attack\/#primaryimage"},"image":{"@id":"https:\/\/boardlife.se\/shop\/streetwear\/socks\/american-socks-shark-attack\/#primaryimage"},"thumbnailUrl":"https:\/\/boardlife.se\/wp-content\/uploads\/2020\/08\/american-socks-signature-shark-attack.jpg","datePublished":"2020-08-14T13:26:02+00:00","dateModified":"2023-12-14T11:21:49+00:00","description":"You don&#039;t have to be a marine biologist to like this sock. Shark Attack is a sock with a lovely splash of color where you can shine when you slide around on the board next time. Fits all occasions equally well. This is the sock for those of you who don&#039;t mind looking a little tougher than everyone else.","breadcrumb":{"@id":"https:\/\/boardlife.se\/shop\/streetwear\/socks\/american-socks-shark-attack\/#breadcrumb"},"inLanguage":"en-US","potentialAction":[{"@type":"ReadAction","target":["https:\/\/boardlife.se\/shop\/streetwear\/socks\/american-socks-shark-attack\/"]}]},{"@type":"ImageObject","inLanguage":"en-US","@id":"https:\/\/boardlife.se\/shop\/streetwear\/socks\/american-socks-shark-attack\/#primaryimage","url":"https:\/\/boardlife.se\/wp-content\/uploads\/2020\/08\/american-socks-signature-shark-attack.jpg","contentUrl":"https:\/\/boardlife.se\/wp-content\/uploads\/2020\/08\/american-socks-signature-shark-attack.jpg","width":1000,"height":1000,"caption":"American Socks - Signature Shark Attack"},{"@type":"BreadcrumbList","@id":"https:\/\/boardlife.se\/shop\/streetwear\/socks\/american-socks-shark-attack\/#breadcrumb","itemListElement":[{"@type":"ListItem","position":1,"name":"Hem","item":"https:\/\/boardlife.se\/"},{"@type":"ListItem","position":2,"name":"V\u00e4lkommen till skateparadiset","item":"https:\/\/boardlife.se\/shop\/"},{"@type":"ListItem","position":3,"name":"American Socks Shark Attack"}]},{"@type":"WebSite","@id":"https:\/\/boardlife.se\/#website","url":"https:\/\/boardlife.se\/","name":"Boardlife.se","description":"Lifestyle Provider","publisher":{"@id":"https:\/\/boardlife.se\/#organization"},"potentialAction":[{"@type":"SearchAction","target":{"@type":"EntryPoint","urlTemplate":"https:\/\/boardlife.se\/?s={search_term_string}"},"query-input":{"@type":"PropertyValueSpecification","valueRequired":true,"valueName":"search_term_string"}}],"inLanguage":"en-US"},{"@type":"Organization","@id":"https:\/\/boardlife.se\/#organization","name":"Boardlife","url":"https:\/\/boardlife.se\/","logo":{"@type":"ImageObject","inLanguage":"en-US","@id":"https:\/\/boardlife.se\/#\/schema\/logo\/image\/","url":"https:\/\/boardlife.se\/wp-content\/uploads\/2014\/09\/logo.png","contentUrl":"https:\/\/boardlife.se\/wp-content\/uploads\/2014\/09\/logo.png","width":785,"height":103,"caption":"Boardlife"},"image":{"@id":"https:\/\/boardlife.se\/#\/schema\/logo\/image\/"},"sameAs":["https:\/\/www.facebook.com\/Boardlife.se","http:\/\/instagram.com\/boardlife_official"]}]}},"jetpack_sharing_enabled":true,"_links":{"self":[{"href":"https:\/\/boardlife.se\/en\/wp-json\/wp\/v2\/product\/119602","targetHints":{"allow":["GET"]}}],"collection":[{"href":"https:\/\/boardlife.se\/en\/wp-json\/wp\/v2\/product"}],"about":[{"href":"https:\/\/boardlife.se\/en\/wp-json\/wp\/v2\/types\/product"}],"replies":[{"embeddable":true,"href":"https:\/\/boardlife.se\/en\/wp-json\/wp\/v2\/comments?post=119602"}],"wp:featuredmedia":[{"embeddable":true,"href":"https:\/\/boardlife.se\/en\/wp-json\/wp\/v2\/media\/119671"}],"wp:attachment":[{"href":"https:\/\/boardlife.se\/en\/wp-json\/wp\/v2\/media?parent=119602"}],"wp:term":[{"taxonomy":"product_brand","embeddable":true,"href":"https:\/\/boardlife.se\/en\/wp-json\/wp\/v2\/product_brand?post=119602"},{"taxonomy":"product_cat","embeddable":true,"href":"https:\/\/boardlife.se\/en\/wp-json\/wp\/v2\/product_cat?post=119602"},{"taxonomy":"product_tag","embeddable":true,"href":"https:\/\/boardlife.se\/en\/wp-json\/wp\/v2\/product_tag?post=119602"}],"curies":[{"name":"wp","href":"https:\/\/api.w.org\/{rel}","templated":true}]}}