{"id":120786,"date":"2020-08-22T12:21:42","date_gmt":"2020-08-22T10:21:42","guid":{"rendered":"https:\/\/www.boardlife.se\/?post_type=product&#038;p=120786"},"modified":"2024-10-22T06:59:20","modified_gmt":"2024-10-22T04:59:20","slug":"heartwood-royal-rubbers-53mm-99a","status":"publish","type":"product","link":"https:\/\/boardlife.se\/en\/shop\/skateboard\/skateboard-components\/skateboard-wheels\/heartwood-royal-rubbers-53mm-99a\/","title":{"rendered":"Heartwood Royal Rubbers 53mm 99a"},"content":{"rendered":"<p>Heartwood lanserar ett riktigt sp\u00e4nnande allroundhjul f\u00f6r skateboard. En serie som de valt att kalla Royal Rubbers. Ett h\u00f6gklassigt hjul som blir \u00f6dmjukt genom att priset \u00e4r v\u00e4ldigt bra trots det. Hjulet kommer i den universella storleken 53mm men som har en n\u00e5got mjukare duro\/h\u00e5rdhet f\u00f6r att kunna rulla sk\u00f6nare om du \u00e4r utanf\u00f6r skateparken ocks\u00e5. F\u00f6r dig som letar efter ett bra hjul f\u00f6r blandad \u00e5kning till ett grymt bra pris, d\u00e5 \u00e4r Royal Rubbers ett bra svar.<\/p>\n<h3>Original Description<\/h3>\n<p>One day we sat down with a cold one after a great evening session. We started discussing how we wanted our favorite skate wheel. It should be around 32mm wide and with a hardness of 99a to suit allround skate and still have the grip on different types of asphalt. But most important, affordable. Just a really good wheel, no shit. After our sweaty T-shirts got dried in the warm evening breeze we concluded \u2013\u00a0we should cut the crap and just do it.<br \/>\nSo that\u2019s what we did, the rest is history.<\/p>\n<p>The Royal Rubbers was created with flexible skating in mind. Street or park, you decide.<br \/>\nLet us introduce the Royal Rubbers \u2013 awesome but still humble.<\/p>","protected":false},"excerpt":{"rendered":"<p>A high-quality all-round wheel but with a modest price. A good size for most types of riding and a slightly softer duro that is a little more comfortable for those who also want to ride a little outside the skatepark. This version is 53mm.<\/p>","protected":false},"featured_media":120787,"comment_status":"open","ping_status":"closed","template":"","meta":{"_gspb_post_css":"","_crdt_document":""},"product_brand":[2570],"product_cat":[967],"product_tag":[],"class_list":{"0":"post-120786","1":"product","2":"type-product","3":"status-publish","4":"has-post-thumbnail","6":"product_brand-heartwood","7":"product_cat-wheels-skateboard","8":"pa_diameter-53mm","9":"pa_durometer-99a","10":"pa_manufacturer-heartwood","12":"first","13":"instock","14":"sale","15":"taxable","16":"shipping-taxable","17":"purchasable","18":"product-type-simple"},"ct_brands":[{"id":2570,"name":"Heartwood","slug":"heartwood"}],"yoast_head":"<!-- This site is optimized with the Yoast SEO plugin v27.5 - https:\/\/yoast.com\/product\/yoast-seo-wordpress\/ -->\n<title>Heartwood Royal Rubbers 53mm 99a - Boardlife<\/title>\n<meta name=\"description\" content=\"Ett h\u00f6gklassigt allroundhjul men med ett \u00f6dmjukt pris. En bra storlek f\u00f6r den mesta typen av \u00e5kning samt en n\u00e5got softare duro som blir lite sk\u00f6nare f\u00f6r dig som \u00e4ven vill \u00e5ka lite utanf\u00f6r skateparken.\u00a0\" \/>\n<meta name=\"robots\" content=\"index, follow, max-snippet:-1, max-image-preview:large, max-video-preview:-1\" \/>\n<link rel=\"canonical\" href=\"https:\/\/boardlife.se\/en\/shop\/skateboard\/skateboard-components\/skateboard-wheels\/heartwood-royal-rubbers-53mm-99a\/?wmc-currency=SEK\" \/>\n<meta property=\"og:locale\" content=\"en_US\" \/>\n<meta property=\"og:type\" content=\"article\" \/>\n<meta property=\"og:title\" content=\"Heartwood Royal Rubbers 53mm 99a - Boardlife\" \/>\n<meta property=\"og:description\" content=\"Ett h\u00f6gklassigt allroundhjul men med ett \u00f6dmjukt pris. En bra storlek f\u00f6r den mesta typen av \u00e5kning samt en n\u00e5got softare duro som blir lite sk\u00f6nare f\u00f6r dig som \u00e4ven vill \u00e5ka lite utanf\u00f6r skateparken.\u00a0\" \/>\n<meta property=\"og:url\" content=\"https:\/\/boardlife.se\/en\/shop\/skateboard\/skateboard-components\/skateboard-wheels\/heartwood-royal-rubbers-53mm-99a\/?wmc-currency=SEK\" \/>\n<meta property=\"og:site_name\" content=\"Boardlife\" \/>\n<meta property=\"article:publisher\" content=\"https:\/\/www.facebook.com\/Boardlife.se\" \/>\n<meta property=\"article:modified_time\" content=\"2024-10-22T04:59:20+00:00\" \/>\n<meta property=\"og:image\" content=\"https:\/\/boardlife.se\/wp-content\/uploads\/2020\/08\/heartwood-royal-rubbers-skate-wheel-53mm-99a.jpg\" \/>\n\t<meta property=\"og:image:width\" content=\"1100\" \/>\n\t<meta property=\"og:image:height\" content=\"1100\" \/>\n\t<meta property=\"og:image:type\" content=\"image\/jpeg\" \/>\n<meta name=\"twitter:card\" content=\"summary_large_image\" \/>\n<meta name=\"twitter:label1\" content=\"Est. reading time\" \/>\n\t<meta name=\"twitter:data1\" content=\"1 minute\" \/>\n<script type=\"application\/ld+json\" class=\"yoast-schema-graph\">{\"@context\":\"https:\\\/\\\/schema.org\",\"@graph\":[{\"@type\":\"WebPage\",\"@id\":\"https:\\\/\\\/boardlife.se\\\/shop\\\/skateboard\\\/components-skateboard\\\/wheels-skateboard\\\/heartwood-royal-rubbers-53mm-99a\\\/\",\"url\":\"https:\\\/\\\/boardlife.se\\\/shop\\\/skateboard\\\/components-skateboard\\\/wheels-skateboard\\\/heartwood-royal-rubbers-53mm-99a\\\/\",\"name\":\"Heartwood Royal Rubbers 53mm 99a - Boardlife\",\"isPartOf\":{\"@id\":\"https:\\\/\\\/boardlife.se\\\/#website\"},\"primaryImageOfPage\":{\"@id\":\"https:\\\/\\\/boardlife.se\\\/shop\\\/skateboard\\\/components-skateboard\\\/wheels-skateboard\\\/heartwood-royal-rubbers-53mm-99a\\\/#primaryimage\"},\"image\":{\"@id\":\"https:\\\/\\\/boardlife.se\\\/shop\\\/skateboard\\\/components-skateboard\\\/wheels-skateboard\\\/heartwood-royal-rubbers-53mm-99a\\\/#primaryimage\"},\"thumbnailUrl\":\"https:\\\/\\\/boardlife.se\\\/wp-content\\\/uploads\\\/2020\\\/08\\\/heartwood-royal-rubbers-skate-wheel-53mm-99a.jpg\",\"datePublished\":\"2020-08-22T10:21:42+00:00\",\"dateModified\":\"2024-10-22T04:59:20+00:00\",\"description\":\"Ett h\u00f6gklassigt allroundhjul men med ett \u00f6dmjukt pris. En bra storlek f\u00f6r den mesta typen av \u00e5kning samt en n\u00e5got softare duro som blir lite sk\u00f6nare f\u00f6r dig som \u00e4ven vill \u00e5ka lite utanf\u00f6r skateparken.\u00a0\",\"breadcrumb\":{\"@id\":\"https:\\\/\\\/boardlife.se\\\/shop\\\/skateboard\\\/components-skateboard\\\/wheels-skateboard\\\/heartwood-royal-rubbers-53mm-99a\\\/#breadcrumb\"},\"inLanguage\":\"en-US\",\"potentialAction\":[{\"@type\":\"ReadAction\",\"target\":[\"https:\\\/\\\/boardlife.se\\\/shop\\\/skateboard\\\/components-skateboard\\\/wheels-skateboard\\\/heartwood-royal-rubbers-53mm-99a\\\/\"]}]},{\"@type\":\"ImageObject\",\"inLanguage\":\"en-US\",\"@id\":\"https:\\\/\\\/boardlife.se\\\/shop\\\/skateboard\\\/components-skateboard\\\/wheels-skateboard\\\/heartwood-royal-rubbers-53mm-99a\\\/#primaryimage\",\"url\":\"https:\\\/\\\/boardlife.se\\\/wp-content\\\/uploads\\\/2020\\\/08\\\/heartwood-royal-rubbers-skate-wheel-53mm-99a.jpg\",\"contentUrl\":\"https:\\\/\\\/boardlife.se\\\/wp-content\\\/uploads\\\/2020\\\/08\\\/heartwood-royal-rubbers-skate-wheel-53mm-99a.jpg\",\"width\":1100,\"height\":1100,\"caption\":\"Heartwood Royal Rubbers skate wheel 53mm 99a\"},{\"@type\":\"BreadcrumbList\",\"@id\":\"https:\\\/\\\/boardlife.se\\\/shop\\\/skateboard\\\/components-skateboard\\\/wheels-skateboard\\\/heartwood-royal-rubbers-53mm-99a\\\/#breadcrumb\",\"itemListElement\":[{\"@type\":\"ListItem\",\"position\":1,\"name\":\"Hem\",\"item\":\"https:\\\/\\\/boardlife.se\\\/\"},{\"@type\":\"ListItem\",\"position\":2,\"name\":\"V\u00e4lkommen till skateparadiset\",\"item\":\"https:\\\/\\\/boardlife.se\\\/shop\\\/\"},{\"@type\":\"ListItem\",\"position\":3,\"name\":\"Heartwood Royal Rubbers 53mm 99a\"}]},{\"@type\":\"WebSite\",\"@id\":\"https:\\\/\\\/boardlife.se\\\/#website\",\"url\":\"https:\\\/\\\/boardlife.se\\\/\",\"name\":\"Boardlife.se\",\"description\":\"Provider of Lifestyle\",\"publisher\":{\"@id\":\"https:\\\/\\\/boardlife.se\\\/#organization\"},\"potentialAction\":[{\"@type\":\"SearchAction\",\"target\":{\"@type\":\"EntryPoint\",\"urlTemplate\":\"https:\\\/\\\/boardlife.se\\\/?s={search_term_string}\"},\"query-input\":{\"@type\":\"PropertyValueSpecification\",\"valueRequired\":true,\"valueName\":\"search_term_string\"}}],\"inLanguage\":\"en-US\"},{\"@type\":\"Organization\",\"@id\":\"https:\\\/\\\/boardlife.se\\\/#organization\",\"name\":\"Boardlife\",\"url\":\"https:\\\/\\\/boardlife.se\\\/\",\"logo\":{\"@type\":\"ImageObject\",\"inLanguage\":\"en-US\",\"@id\":\"https:\\\/\\\/boardlife.se\\\/#\\\/schema\\\/logo\\\/image\\\/\",\"url\":\"https:\\\/\\\/boardlife.se\\\/wp-content\\\/uploads\\\/2014\\\/09\\\/logo.png\",\"contentUrl\":\"https:\\\/\\\/boardlife.se\\\/wp-content\\\/uploads\\\/2014\\\/09\\\/logo.png\",\"width\":785,\"height\":103,\"caption\":\"Boardlife\"},\"image\":{\"@id\":\"https:\\\/\\\/boardlife.se\\\/#\\\/schema\\\/logo\\\/image\\\/\"},\"sameAs\":[\"https:\\\/\\\/www.facebook.com\\\/Boardlife.se\",\"http:\\\/\\\/instagram.com\\\/boardlife_official\"]}]}<\/script>\n<!-- \/ Yoast SEO plugin. -->","yoast_head_json":{"title":"Heartwood Royal Rubbers 53mm 99a - Boardlife","description":"A high-quality all-round wheel but with a modest price. A good size for most types of riding and a slightly softer duro that is a little more comfortable for those who also want to ride a little outside the skatepark.\u00a0","robots":{"index":"index","follow":"follow","max-snippet":"max-snippet:-1","max-image-preview":"max-image-preview:large","max-video-preview":"max-video-preview:-1"},"canonical":"https:\/\/boardlife.se\/en\/shop\/skateboard\/skateboard-components\/skateboard-wheels\/heartwood-royal-rubbers-53mm-99a\/?wmc-currency=SEK","og_locale":"en_US","og_type":"article","og_title":"Heartwood Royal Rubbers 53mm 99a - Boardlife","og_description":"Ett h\u00f6gklassigt allroundhjul men med ett \u00f6dmjukt pris. En bra storlek f\u00f6r den mesta typen av \u00e5kning samt en n\u00e5got softare duro som blir lite sk\u00f6nare f\u00f6r dig som \u00e4ven vill \u00e5ka lite utanf\u00f6r skateparken.\u00a0","og_url":"https:\/\/boardlife.se\/en\/shop\/skateboard\/skateboard-components\/skateboard-wheels\/heartwood-royal-rubbers-53mm-99a\/?wmc-currency=SEK","og_site_name":"Boardlife","article_publisher":"https:\/\/www.facebook.com\/Boardlife.se","article_modified_time":"2024-10-22T04:59:20+00:00","og_image":[{"width":1100,"height":1100,"url":"https:\/\/boardlife.se\/wp-content\/uploads\/2020\/08\/heartwood-royal-rubbers-skate-wheel-53mm-99a.jpg","type":"image\/jpeg"}],"twitter_card":"summary_large_image","twitter_misc":{"Est. reading time":"1 minute"},"schema":{"@context":"https:\/\/schema.org","@graph":[{"@type":"WebPage","@id":"https:\/\/boardlife.se\/shop\/skateboard\/components-skateboard\/wheels-skateboard\/heartwood-royal-rubbers-53mm-99a\/","url":"https:\/\/boardlife.se\/shop\/skateboard\/components-skateboard\/wheels-skateboard\/heartwood-royal-rubbers-53mm-99a\/","name":"Heartwood Royal Rubbers 53mm 99a - Boardlife","isPartOf":{"@id":"https:\/\/boardlife.se\/#website"},"primaryImageOfPage":{"@id":"https:\/\/boardlife.se\/shop\/skateboard\/components-skateboard\/wheels-skateboard\/heartwood-royal-rubbers-53mm-99a\/#primaryimage"},"image":{"@id":"https:\/\/boardlife.se\/shop\/skateboard\/components-skateboard\/wheels-skateboard\/heartwood-royal-rubbers-53mm-99a\/#primaryimage"},"thumbnailUrl":"https:\/\/boardlife.se\/wp-content\/uploads\/2020\/08\/heartwood-royal-rubbers-skate-wheel-53mm-99a.jpg","datePublished":"2020-08-22T10:21:42+00:00","dateModified":"2024-10-22T04:59:20+00:00","description":"A high-quality all-round wheel but with a modest price. A good size for most types of riding and a slightly softer duro that is a little more comfortable for those who also want to ride a little outside the skatepark.\u00a0","breadcrumb":{"@id":"https:\/\/boardlife.se\/shop\/skateboard\/components-skateboard\/wheels-skateboard\/heartwood-royal-rubbers-53mm-99a\/#breadcrumb"},"inLanguage":"en-US","potentialAction":[{"@type":"ReadAction","target":["https:\/\/boardlife.se\/shop\/skateboard\/components-skateboard\/wheels-skateboard\/heartwood-royal-rubbers-53mm-99a\/"]}]},{"@type":"ImageObject","inLanguage":"en-US","@id":"https:\/\/boardlife.se\/shop\/skateboard\/components-skateboard\/wheels-skateboard\/heartwood-royal-rubbers-53mm-99a\/#primaryimage","url":"https:\/\/boardlife.se\/wp-content\/uploads\/2020\/08\/heartwood-royal-rubbers-skate-wheel-53mm-99a.jpg","contentUrl":"https:\/\/boardlife.se\/wp-content\/uploads\/2020\/08\/heartwood-royal-rubbers-skate-wheel-53mm-99a.jpg","width":1100,"height":1100,"caption":"Heartwood Royal Rubbers skate wheel 53mm 99a"},{"@type":"BreadcrumbList","@id":"https:\/\/boardlife.se\/shop\/skateboard\/components-skateboard\/wheels-skateboard\/heartwood-royal-rubbers-53mm-99a\/#breadcrumb","itemListElement":[{"@type":"ListItem","position":1,"name":"Hem","item":"https:\/\/boardlife.se\/"},{"@type":"ListItem","position":2,"name":"V\u00e4lkommen till skateparadiset","item":"https:\/\/boardlife.se\/shop\/"},{"@type":"ListItem","position":3,"name":"Heartwood Royal Rubbers 53mm 99a"}]},{"@type":"WebSite","@id":"https:\/\/boardlife.se\/#website","url":"https:\/\/boardlife.se\/","name":"Boardlife.se","description":"Lifestyle Provider","publisher":{"@id":"https:\/\/boardlife.se\/#organization"},"potentialAction":[{"@type":"SearchAction","target":{"@type":"EntryPoint","urlTemplate":"https:\/\/boardlife.se\/?s={search_term_string}"},"query-input":{"@type":"PropertyValueSpecification","valueRequired":true,"valueName":"search_term_string"}}],"inLanguage":"en-US"},{"@type":"Organization","@id":"https:\/\/boardlife.se\/#organization","name":"Boardlife","url":"https:\/\/boardlife.se\/","logo":{"@type":"ImageObject","inLanguage":"en-US","@id":"https:\/\/boardlife.se\/#\/schema\/logo\/image\/","url":"https:\/\/boardlife.se\/wp-content\/uploads\/2014\/09\/logo.png","contentUrl":"https:\/\/boardlife.se\/wp-content\/uploads\/2014\/09\/logo.png","width":785,"height":103,"caption":"Boardlife"},"image":{"@id":"https:\/\/boardlife.se\/#\/schema\/logo\/image\/"},"sameAs":["https:\/\/www.facebook.com\/Boardlife.se","http:\/\/instagram.com\/boardlife_official"]}]}},"jetpack_sharing_enabled":true,"_links":{"self":[{"href":"https:\/\/boardlife.se\/en\/wp-json\/wp\/v2\/product\/120786","targetHints":{"allow":["GET"]}}],"collection":[{"href":"https:\/\/boardlife.se\/en\/wp-json\/wp\/v2\/product"}],"about":[{"href":"https:\/\/boardlife.se\/en\/wp-json\/wp\/v2\/types\/product"}],"replies":[{"embeddable":true,"href":"https:\/\/boardlife.se\/en\/wp-json\/wp\/v2\/comments?post=120786"}],"wp:featuredmedia":[{"embeddable":true,"href":"https:\/\/boardlife.se\/en\/wp-json\/wp\/v2\/media\/120787"}],"wp:attachment":[{"href":"https:\/\/boardlife.se\/en\/wp-json\/wp\/v2\/media?parent=120786"}],"wp:term":[{"taxonomy":"product_brand","embeddable":true,"href":"https:\/\/boardlife.se\/en\/wp-json\/wp\/v2\/product_brand?post=120786"},{"taxonomy":"product_cat","embeddable":true,"href":"https:\/\/boardlife.se\/en\/wp-json\/wp\/v2\/product_cat?post=120786"},{"taxonomy":"product_tag","embeddable":true,"href":"https:\/\/boardlife.se\/en\/wp-json\/wp\/v2\/product_tag?post=120786"}],"curies":[{"name":"wp","href":"https:\/\/api.w.org\/{rel}","templated":true}]}}