{"id":132655,"date":"2021-01-21T17:42:20","date_gmt":"2021-01-21T16:42:20","guid":{"rendered":"https:\/\/www.boardlife.se\/?post_type=product&#038;p=132655"},"modified":"2026-01-09T11:22:59","modified_gmt":"2026-01-09T10:22:59","slug":"flux-transfer-series-xf-black","status":"publish","type":"product","link":"https:\/\/boardlife.se\/en\/shop\/snow\/snowboarding\/snowboard-bindings\/flux-transfer-series-xf-black\/","title":{"rendered":"Flux Transfer Series XF Black"},"content":{"rendered":"<p>Flux Transfer series XF \u00e4r en kompetent snowboardbindning direkt fr\u00e5n Japan. Med l\u00e5ng erfarenhet i ryggen har man utvecklat bindningar under en l\u00e5ng tid.<\/p>\n<p>Transfer XF har m\u00e5nga fina egenskaper h\u00e4r har du n\u00e5gra av dem:<\/p>\n<p><strong>Highback<\/strong><\/p>\n<ul>\n<li>En klassisk yttre symmetrisk shape i kombination med en inre asymmetrisk form l\u00e5ter dig f\u00e5 b\u00e4ttre kontroll n\u00e4r du landar efter att du hoppat.<\/li>\n<li>Superstark nylon med en medium flex l\u00e5ter dig f\u00e5 en bra respons f\u00f6r all typ av \u00e5kning.<\/li>\n<li>Extra l\u00e4tt Lean Adjuster som l\u00e5ter sig justeras med en enkel r\u00f6relse.<\/li>\n<li>Micro Adjuster som l\u00e5ter dig justera din fram\u00e5tlutning med 2,5\u00b0 grader i varje click.<\/li>\n<\/ul>\n<p><strong>Baseplate<\/strong><\/p>\n<ul>\n<li>Basplattan erbjuder en omatchad \u00f6verl\u00e4gsenhet n\u00e4r det kommer till kraft\u00f6verf\u00f6ring. Detta tack vare en ultral\u00e4tt konstruktion.<\/li>\n<li>Nylon och glasfibermix f\u00f6r allround f\u00f6rb\u00e4ttring.<\/li>\n<li>Verktygsl\u00f6s justering f\u00f6r att g\u00f6ra justeringar enklare n\u00e4r du \u00e4r iv\u00e4g. Skruvstopp skyddar skruvar fr\u00e5n att trilla loss om de \u00e4r l\u00f6sa.<\/li>\n<li>Justerbar t\u00e5 och h\u00e4lkudde f\u00f6r att passa sko- och br\u00e4dstorlek<\/li>\n<li>Footon hj\u00e4lper till att f\u00f6rhindra att sn\u00f6 fastnar och byggs p\u00e5 p\u00e5 br\u00e4dan \u00e4ven under de tuffaste f\u00f6rh\u00e5llanden.<\/li>\n<\/ul>\n<p><strong>Strap <\/strong><\/p>\n<ul>\n<li>Waffle-Strap sp\u00e4nnen ger extra sk\u00f6n komfort och genom sin utformning f\u00e5r du ocks\u00e5 f\u00f6rb\u00e4ttrad kraft\u00f6verf\u00f6ring.<\/li>\n<li>Beer Buckle &#8211; En ny utformning p\u00e5 bindningens buckle f\u00f6r att g\u00f6ra det \u00e4n l\u00e4ttare att sp\u00e4nna utan st\u00f6rre kraftanstr\u00e4ngning. Dessutom h\u00e5ller sp\u00e4nnet en cool feature d\u00e4r du f\u00e5r en kapsyl\u00f6ppnare genom din konstruktion.<\/li>\n<li>T\u00e5sp\u00e4nnet \u00e4r otroligt m\u00e5ngsidigt och passar all typ av \u00e5kning och \u00e4r dessutom \u00e4r den gjort f\u00f6r att sitta bra p\u00e5 alla typer av boots p\u00e5 marknaden.<\/li>\n<li>En L-guide ser till att h\u00e5lla utskjutande del av sp\u00e4nnet inskjutet i ett h\u00f6lje f\u00f6r att slippa att det fastnar i n\u00e5got.<\/li>\n<li>UU Fit ser till att din fot och boots sitter ihop med bindningen med en grym kontakt. En 360\u00b0 kontakt ger dig en k\u00e4nsla av kontroll och f\u00f6rdelar trycket fr\u00e5n dina f\u00f6tter vidare till br\u00e4dan.<\/li>\n<\/ul>\n<h2><img loading=\"lazy\" decoding=\"async\" class=\"alignnone size-full wp-image-132691\" src=\"https:\/\/www.boardlife.se\/wp-content\/uploads\/2021\/01\/flux-snowboard-bindings-boot-size-chart-transfer.gif\" alt=\"Flux snowboard bindings boot size chart transfer\" width=\"566\" height=\"213\" \/><\/h2>\n<h2>Original Description<\/h2>\n<h3>A classic design boasting cutting-edge performance.<\/h3>\n<p>A high-performance model for the next generation of boarding, ergonomically developed for incredible performance and comfort.<\/p>\n<p>&nbsp;<\/p>\n<div>\n<h3>CONSTRUCTION<\/h3>\n<\/div>\n<div>\n<div>\n<h4>HIGHBACK<\/h4>\n<h5>-Retro-Mod<\/h5>\n<p>The outside takes on a classically symmetrical shape. The inner asymmetric structure provides resilience while following the movement of the boots, and offers improved torsion control when landing.<\/p>\n<h5>-Super Tough Nylon<\/h5>\n<p>A fiber mix with a medium flex that is perfect for all mountain riding.<\/p>\n<h5>-Redux Lean Adjuster<\/h5>\n<p>Lightweight thanks to its smaller size. Adjusts easily with a single motion.<\/p>\n<h5>-Micro Adjuster<\/h5>\n<p>Adjust forward lean in 2.5-degree increments with each click for even finer high back settings.<\/p>\n<\/div>\n<div>\n<h4>BASE PLATE<\/h4>\n<h5>-Transfer<\/h5>\n<p>Offers unmatched power transfer and direct response with an ultra-lightweight design.<\/p>\n<h5>-Performance Blend<\/h5>\n<p>A nylon and fiberglass mix for all-around performance.<\/p>\n<h5>-Toolless Lever<\/h5>\n<p>Find your optimum settings without any tools. The stopper prevents any screws from coming loose.<\/p>\n<h5>-Adjustable Toe &amp; Heel Cushion<\/h5>\n<p>A movable cushion that can be adjusted to suit the boot size and board width.<\/p>\n<h5>-Footon<\/h5>\n<p>Made from materials that offer resistance to snow buildup even in the harshest of conditions. Gives a more direct board feel with all the cushion you need.<\/p>\n<\/div>\n<div>\n<h4>STRAP<\/h4>\n<h5>-Waffle Strap<\/h5>\n<p>Waffle-shaped cushioning provides ample hold and unparalleled comfort, and the two-layer construction offers direct power transfer.<\/p>\n<h5>-Beer Buckle<\/h5>\n<p>Newly engineered buckles give you more leverage when cranking down on the straps, allowing you to get to the last click with minimal effort. Features a bottle opener for that well-earned drink.<\/p>\n<h5>-FTM versa<\/h5>\n<p>Versatile use as a toe strap or foot wrap for any style of riding. Uses a flexible material designed to fit any boot on the market.<\/p>\n<h5>-L-Guide<\/h5>\n<p>Easily stows ratchet straps.<\/p>\n<h5>-UU Fit<\/h5>\n<p>The strap system that provides a 360-degree hold, providing a natural hugging feeling and uniform pressure.<\/p>\n<\/div>\n<\/div>","protected":false},"excerpt":{"rendered":"<p>The Flux Transfer Series XF is a classic that gives you a snowboard binding with many possibilities combined with its really nice comfort. With a focus on ultimate power transfer, you get a binding that is extra good for carving and when doing ollies.<\/p>\n<p><img loading=\"lazy\" decoding=\"async\" class=\"alignnone size-full wp-image-132688\" src=\"https:\/\/www.boardlife.se\/wp-content\/uploads\/2021\/01\/flux-snowboard-bindings-XF-transfer-series_performance.png\" alt=\"Flux Transfer Series XF Specs\" width=\"300\" height=\"66\" srcset=\"https:\/\/boardlife.se\/wp-content\/uploads\/2021\/01\/flux-snowboard-bindings-XF-transfer-series_performance.png 300w, https:\/\/boardlife.se\/wp-content\/uploads\/2021\/01\/flux-snowboard-bindings-XF-transfer-series_performance-200x44.png 200w\" sizes=\"auto, (max-width: 300px) 100vw, 300px\" \/><\/p>\n<p>You will find a low and nice spec under more information.<\/p>","protected":false},"featured_media":132664,"comment_status":"open","ping_status":"closed","template":"","meta":{"_gspb_post_css":"","_crdt_document":""},"product_brand":[2601],"product_cat":[2308],"product_tag":[],"class_list":{"0":"post-132655","1":"product","2":"type-product","3":"status-publish","4":"has-post-thumbnail","6":"product_brand-retrospec","7":"product_cat-snowboard-bindings","8":"pa_manufacturer-flux","10":"first","11":"instock","12":"sale","13":"taxable","14":"shipping-taxable","15":"purchasable","16":"product-type-variable","17":"has-default-attributes"},"ct_brands":[{"id":2601,"name":"Retrospec","slug":"retrospec"}],"yoast_head":"<!-- This site is optimized with the Yoast SEO plugin v27.5 - https:\/\/yoast.com\/product\/yoast-seo-wordpress\/ -->\n<title>Flux Transfer Series XF Black - Boardlife<\/title>\n<meta name=\"robots\" content=\"index, follow, max-snippet:-1, max-image-preview:large, max-video-preview:-1\" \/>\n<link rel=\"canonical\" href=\"https:\/\/boardlife.se\/en\/shop\/snow\/snowboarding\/snowboard-bindings\/flux-transfer-series-xf-black\/?wmc-currency=SEK\" \/>\n<meta property=\"og:locale\" content=\"en_US\" \/>\n<meta property=\"og:type\" content=\"article\" \/>\n<meta property=\"og:title\" content=\"Flux Transfer Series XF Black - Boardlife\" \/>\n<meta property=\"og:description\" content=\"Flux Transfer Series XF \u00e4r en klassiker som ger dig en snowboardbindning med m\u00e5nga m\u00f6jligheter ihop med sin riktigt fina komfort. Med fokus p\u00e5 ultimat kraft\u00f6verf\u00f6ring f\u00e5r du en bindning som \u00e4r extra bra f\u00f6r carving och n\u00e4r du g\u00f6r ollies.    Du hittar en l\u00e5g och fin spec under mer information.\" \/>\n<meta property=\"og:url\" content=\"https:\/\/boardlife.se\/en\/shop\/snow\/snowboarding\/snowboard-bindings\/flux-transfer-series-xf-black\/?wmc-currency=SEK\" \/>\n<meta property=\"og:site_name\" content=\"Boardlife\" \/>\n<meta property=\"article:publisher\" content=\"https:\/\/www.facebook.com\/Boardlife.se\" \/>\n<meta property=\"article:modified_time\" content=\"2026-01-09T10:22:59+00:00\" \/>\n<meta property=\"og:image\" content=\"https:\/\/boardlife.se\/wp-content\/uploads\/2021\/01\/flux-snowboard-binding-XF-series-black2.jpg\" \/>\n\t<meta property=\"og:image:width\" content=\"1200\" \/>\n\t<meta property=\"og:image:height\" content=\"1200\" \/>\n\t<meta property=\"og:image:type\" content=\"image\/jpeg\" \/>\n<meta name=\"twitter:card\" content=\"summary_large_image\" \/>\n<meta name=\"twitter:label1\" content=\"Est. reading time\" \/>\n\t<meta name=\"twitter:data1\" content=\"3 minutes\" \/>\n<script type=\"application\/ld+json\" class=\"yoast-schema-graph\">{\"@context\":\"https:\\\/\\\/schema.org\",\"@graph\":[{\"@type\":\"WebPage\",\"@id\":\"https:\\\/\\\/boardlife.se\\\/shop\\\/snow\\\/snowboard\\\/snowboard-bindings\\\/flux-transfer-series-xf-black\\\/\",\"url\":\"https:\\\/\\\/boardlife.se\\\/shop\\\/snow\\\/snowboard\\\/snowboard-bindings\\\/flux-transfer-series-xf-black\\\/\",\"name\":\"Flux Transfer Series XF Black - Boardlife\",\"isPartOf\":{\"@id\":\"https:\\\/\\\/boardlife.se\\\/#website\"},\"primaryImageOfPage\":{\"@id\":\"https:\\\/\\\/boardlife.se\\\/shop\\\/snow\\\/snowboard\\\/snowboard-bindings\\\/flux-transfer-series-xf-black\\\/#primaryimage\"},\"image\":{\"@id\":\"https:\\\/\\\/boardlife.se\\\/shop\\\/snow\\\/snowboard\\\/snowboard-bindings\\\/flux-transfer-series-xf-black\\\/#primaryimage\"},\"thumbnailUrl\":\"https:\\\/\\\/boardlife.se\\\/wp-content\\\/uploads\\\/2021\\\/01\\\/flux-snowboard-binding-XF-series-black2.jpg\",\"datePublished\":\"2021-01-21T16:42:20+00:00\",\"dateModified\":\"2026-01-09T10:22:59+00:00\",\"breadcrumb\":{\"@id\":\"https:\\\/\\\/boardlife.se\\\/shop\\\/snow\\\/snowboard\\\/snowboard-bindings\\\/flux-transfer-series-xf-black\\\/#breadcrumb\"},\"inLanguage\":\"en-US\",\"potentialAction\":[{\"@type\":\"ReadAction\",\"target\":[\"https:\\\/\\\/boardlife.se\\\/shop\\\/snow\\\/snowboard\\\/snowboard-bindings\\\/flux-transfer-series-xf-black\\\/\"]}]},{\"@type\":\"ImageObject\",\"inLanguage\":\"en-US\",\"@id\":\"https:\\\/\\\/boardlife.se\\\/shop\\\/snow\\\/snowboard\\\/snowboard-bindings\\\/flux-transfer-series-xf-black\\\/#primaryimage\",\"url\":\"https:\\\/\\\/boardlife.se\\\/wp-content\\\/uploads\\\/2021\\\/01\\\/flux-snowboard-binding-XF-series-black2.jpg\",\"contentUrl\":\"https:\\\/\\\/boardlife.se\\\/wp-content\\\/uploads\\\/2021\\\/01\\\/flux-snowboard-binding-XF-series-black2.jpg\",\"width\":1200,\"height\":1200,\"caption\":\"flux snowboard binding XF series black2\"},{\"@type\":\"BreadcrumbList\",\"@id\":\"https:\\\/\\\/boardlife.se\\\/shop\\\/snow\\\/snowboard\\\/snowboard-bindings\\\/flux-transfer-series-xf-black\\\/#breadcrumb\",\"itemListElement\":[{\"@type\":\"ListItem\",\"position\":1,\"name\":\"Hem\",\"item\":\"https:\\\/\\\/boardlife.se\\\/\"},{\"@type\":\"ListItem\",\"position\":2,\"name\":\"V\u00e4lkommen till skateparadiset\",\"item\":\"https:\\\/\\\/boardlife.se\\\/shop\\\/\"},{\"@type\":\"ListItem\",\"position\":3,\"name\":\"Flux Transfer Series XF Black\"}]},{\"@type\":\"WebSite\",\"@id\":\"https:\\\/\\\/boardlife.se\\\/#website\",\"url\":\"https:\\\/\\\/boardlife.se\\\/\",\"name\":\"Boardlife.se\",\"description\":\"Provider of Lifestyle\",\"publisher\":{\"@id\":\"https:\\\/\\\/boardlife.se\\\/#organization\"},\"potentialAction\":[{\"@type\":\"SearchAction\",\"target\":{\"@type\":\"EntryPoint\",\"urlTemplate\":\"https:\\\/\\\/boardlife.se\\\/?s={search_term_string}\"},\"query-input\":{\"@type\":\"PropertyValueSpecification\",\"valueRequired\":true,\"valueName\":\"search_term_string\"}}],\"inLanguage\":\"en-US\"},{\"@type\":\"Organization\",\"@id\":\"https:\\\/\\\/boardlife.se\\\/#organization\",\"name\":\"Boardlife\",\"url\":\"https:\\\/\\\/boardlife.se\\\/\",\"logo\":{\"@type\":\"ImageObject\",\"inLanguage\":\"en-US\",\"@id\":\"https:\\\/\\\/boardlife.se\\\/#\\\/schema\\\/logo\\\/image\\\/\",\"url\":\"https:\\\/\\\/boardlife.se\\\/wp-content\\\/uploads\\\/2014\\\/09\\\/logo.png\",\"contentUrl\":\"https:\\\/\\\/boardlife.se\\\/wp-content\\\/uploads\\\/2014\\\/09\\\/logo.png\",\"width\":785,\"height\":103,\"caption\":\"Boardlife\"},\"image\":{\"@id\":\"https:\\\/\\\/boardlife.se\\\/#\\\/schema\\\/logo\\\/image\\\/\"},\"sameAs\":[\"https:\\\/\\\/www.facebook.com\\\/Boardlife.se\",\"http:\\\/\\\/instagram.com\\\/boardlife_official\"]}]}<\/script>\n<!-- \/ Yoast SEO plugin. -->","yoast_head_json":{"title":"Flux Transfer Series XF Black - Boardlife","robots":{"index":"index","follow":"follow","max-snippet":"max-snippet:-1","max-image-preview":"max-image-preview:large","max-video-preview":"max-video-preview:-1"},"canonical":"https:\/\/boardlife.se\/en\/shop\/snow\/snowboarding\/snowboard-bindings\/flux-transfer-series-xf-black\/?wmc-currency=SEK","og_locale":"en_US","og_type":"article","og_title":"Flux Transfer Series XF Black - Boardlife","og_description":"Flux Transfer Series XF \u00e4r en klassiker som ger dig en snowboardbindning med m\u00e5nga m\u00f6jligheter ihop med sin riktigt fina komfort. Med fokus p\u00e5 ultimat kraft\u00f6verf\u00f6ring f\u00e5r du en bindning som \u00e4r extra bra f\u00f6r carving och n\u00e4r du g\u00f6r ollies.    Du hittar en l\u00e5g och fin spec under mer information.","og_url":"https:\/\/boardlife.se\/en\/shop\/snow\/snowboarding\/snowboard-bindings\/flux-transfer-series-xf-black\/?wmc-currency=SEK","og_site_name":"Boardlife","article_publisher":"https:\/\/www.facebook.com\/Boardlife.se","article_modified_time":"2026-01-09T10:22:59+00:00","og_image":[{"width":1200,"height":1200,"url":"https:\/\/boardlife.se\/wp-content\/uploads\/2021\/01\/flux-snowboard-binding-XF-series-black2.jpg","type":"image\/jpeg"}],"twitter_card":"summary_large_image","twitter_misc":{"Est. reading time":"3 minutes"},"schema":{"@context":"https:\/\/schema.org","@graph":[{"@type":"WebPage","@id":"https:\/\/boardlife.se\/shop\/snow\/snowboard\/snowboard-bindings\/flux-transfer-series-xf-black\/","url":"https:\/\/boardlife.se\/shop\/snow\/snowboard\/snowboard-bindings\/flux-transfer-series-xf-black\/","name":"Flux Transfer Series XF Black - Boardlife","isPartOf":{"@id":"https:\/\/boardlife.se\/#website"},"primaryImageOfPage":{"@id":"https:\/\/boardlife.se\/shop\/snow\/snowboard\/snowboard-bindings\/flux-transfer-series-xf-black\/#primaryimage"},"image":{"@id":"https:\/\/boardlife.se\/shop\/snow\/snowboard\/snowboard-bindings\/flux-transfer-series-xf-black\/#primaryimage"},"thumbnailUrl":"https:\/\/boardlife.se\/wp-content\/uploads\/2021\/01\/flux-snowboard-binding-XF-series-black2.jpg","datePublished":"2021-01-21T16:42:20+00:00","dateModified":"2026-01-09T10:22:59+00:00","breadcrumb":{"@id":"https:\/\/boardlife.se\/shop\/snow\/snowboard\/snowboard-bindings\/flux-transfer-series-xf-black\/#breadcrumb"},"inLanguage":"en-US","potentialAction":[{"@type":"ReadAction","target":["https:\/\/boardlife.se\/shop\/snow\/snowboard\/snowboard-bindings\/flux-transfer-series-xf-black\/"]}]},{"@type":"ImageObject","inLanguage":"en-US","@id":"https:\/\/boardlife.se\/shop\/snow\/snowboard\/snowboard-bindings\/flux-transfer-series-xf-black\/#primaryimage","url":"https:\/\/boardlife.se\/wp-content\/uploads\/2021\/01\/flux-snowboard-binding-XF-series-black2.jpg","contentUrl":"https:\/\/boardlife.se\/wp-content\/uploads\/2021\/01\/flux-snowboard-binding-XF-series-black2.jpg","width":1200,"height":1200,"caption":"flux snowboard binding XF series black2"},{"@type":"BreadcrumbList","@id":"https:\/\/boardlife.se\/shop\/snow\/snowboard\/snowboard-bindings\/flux-transfer-series-xf-black\/#breadcrumb","itemListElement":[{"@type":"ListItem","position":1,"name":"Hem","item":"https:\/\/boardlife.se\/"},{"@type":"ListItem","position":2,"name":"V\u00e4lkommen till skateparadiset","item":"https:\/\/boardlife.se\/shop\/"},{"@type":"ListItem","position":3,"name":"Flux Transfer Series XF Black"}]},{"@type":"WebSite","@id":"https:\/\/boardlife.se\/#website","url":"https:\/\/boardlife.se\/","name":"Boardlife.se","description":"Lifestyle Provider","publisher":{"@id":"https:\/\/boardlife.se\/#organization"},"potentialAction":[{"@type":"SearchAction","target":{"@type":"EntryPoint","urlTemplate":"https:\/\/boardlife.se\/?s={search_term_string}"},"query-input":{"@type":"PropertyValueSpecification","valueRequired":true,"valueName":"search_term_string"}}],"inLanguage":"en-US"},{"@type":"Organization","@id":"https:\/\/boardlife.se\/#organization","name":"Boardlife","url":"https:\/\/boardlife.se\/","logo":{"@type":"ImageObject","inLanguage":"en-US","@id":"https:\/\/boardlife.se\/#\/schema\/logo\/image\/","url":"https:\/\/boardlife.se\/wp-content\/uploads\/2014\/09\/logo.png","contentUrl":"https:\/\/boardlife.se\/wp-content\/uploads\/2014\/09\/logo.png","width":785,"height":103,"caption":"Boardlife"},"image":{"@id":"https:\/\/boardlife.se\/#\/schema\/logo\/image\/"},"sameAs":["https:\/\/www.facebook.com\/Boardlife.se","http:\/\/instagram.com\/boardlife_official"]}]}},"jetpack_sharing_enabled":true,"_links":{"self":[{"href":"https:\/\/boardlife.se\/en\/wp-json\/wp\/v2\/product\/132655","targetHints":{"allow":["GET"]}}],"collection":[{"href":"https:\/\/boardlife.se\/en\/wp-json\/wp\/v2\/product"}],"about":[{"href":"https:\/\/boardlife.se\/en\/wp-json\/wp\/v2\/types\/product"}],"replies":[{"embeddable":true,"href":"https:\/\/boardlife.se\/en\/wp-json\/wp\/v2\/comments?post=132655"}],"wp:featuredmedia":[{"embeddable":true,"href":"https:\/\/boardlife.se\/en\/wp-json\/wp\/v2\/media\/132664"}],"wp:attachment":[{"href":"https:\/\/boardlife.se\/en\/wp-json\/wp\/v2\/media?parent=132655"}],"wp:term":[{"taxonomy":"product_brand","embeddable":true,"href":"https:\/\/boardlife.se\/en\/wp-json\/wp\/v2\/product_brand?post=132655"},{"taxonomy":"product_cat","embeddable":true,"href":"https:\/\/boardlife.se\/en\/wp-json\/wp\/v2\/product_cat?post=132655"},{"taxonomy":"product_tag","embeddable":true,"href":"https:\/\/boardlife.se\/en\/wp-json\/wp\/v2\/product_tag?post=132655"}],"curies":[{"name":"wp","href":"https:\/\/api.w.org\/{rel}","templated":true}]}}