{"id":13372,"date":"2014-01-29T00:45:01","date_gmt":"2014-01-28T23:45:01","guid":{"rendered":"http:\/\/boardlife.se\/shop\/hjul\/orangatang-the-keanu-66mm-83a\/"},"modified":"2016-09-18T18:06:21","modified_gmt":"2016-09-18T16:06:21","slug":"orangatang-the-keanu-66mm-83a","status":"publish","type":"product","link":"https:\/\/boardlife.se\/en\/shop\/longboard\/longboard-components\/longboard-wheels\/orangatang-the-keanu-66mm-83a\/","title":{"rendered":"Orange Tong The Keanu 66mm 83a"},"content":{"rendered":"<p>H\u00e4rligt freeridehjul fr\u00e5n O-tang. The Keanu \u00e4r ett allroundhjul gjort f\u00f6r att klara allt fr\u00e5n l\u00e5nga slingrande backar till shredd sessions i parkeringshus. 66mm stort passar till lite mindre br\u00e4dor eller v\u00e4ldigt teknisk freeride. Tillverkad i O-tangs nya PeachyThane formula.<br \/>\nDiameter: 66mm<br \/>\nContact area: 38mm<br \/>\nHub: Centerset<\/p>\n<p><iframe loading=\"lazy\" title=\"Orangatang Centerset Wheels\" width=\"1290\" height=\"726\" src=\"https:\/\/www.youtube.com\/embed\/IVEIHc7Y4rQ?feature=oembed\" frameborder=\"0\" allow=\"accelerometer; autoplay; clipboard-write; encrypted-media; gyroscope; picture-in-picture; web-share\" referrerpolicy=\"strict-origin-when-cross-origin\" allowfullscreen><\/iframe><\/p>\n<p>S\u00e5 h\u00e4r s\u00e4ger Orangatang:<br \/>\n\u201cThe Keanu\u201d<br \/>\n66 mm diameter | 46.5 mm width | 38 mm contact | 139 g\/wheel | center set bearing seat<\/p>\n<p>With a diminutive presence and quick, bullet-time reflexes, The Keanu is a skilled and adaptable master of all terrains. Adept at slashing the asphalt point break as well as keeping up the speed for technical freeriding. Choose the red core. Whoa.<\/p>","protected":false},"excerpt":{"rendered":"<p>H\u00e4rligt freeridehjul fr\u00e5n O-tang. The Keanu \u00e4r ett allroundhjul gjort f\u00f6r att klara allt fr\u00e5n l\u00e5nga slingrande backar till shredd sessions i parkeringshus. 66mm stort passar till lite mindre br\u00e4dor eller v\u00e4ldigt teknisk freeride. Tillverkad i O-tangs nya PeachyThane formula. Diameter: 66mm Kontaktyta: 38mm Hub: Centerset S\u00e5 h\u00e4r s\u00e4ger Orangatang: \u201cThe Keanu\u201d 66 mm diameter [&hellip;]<\/p>\n","protected":false},"featured_media":28311,"comment_status":"open","ping_status":"closed","template":"","meta":{"_gspb_post_css":"","_crdt_document":""},"product_brand":[2588],"product_cat":[38],"product_tag":[877],"class_list":{"0":"post-13372","1":"product","2":"type-product","3":"status-publish","4":"has-post-thumbnail","6":"product_brand-orangatang-wheels","7":"product_cat-wheels-longboard","8":"product_tag-orangatang-wheels","9":"pa_diameter-66mm","10":"pa_durometer-86a","11":"pa_hub-placering-centerset","12":"pa_kontaktyta-38mm","13":"pa_manufacturer-orangatang-wheels","15":"first","16":"instock","17":"taxable","18":"shipping-taxable","19":"purchasable","20":"product-type-simple"},"ct_brands":[{"id":2588,"name":"Orange Tang Wheels","slug":"orangatang-wheels"}],"yoast_head":"<!-- This site is optimized with the Yoast SEO plugin v27.5 - https:\/\/yoast.com\/product\/yoast-seo-wordpress\/ -->\n<title>Orangatang The Keanu 66mm 83a - Boardlife<\/title>\n<meta name=\"robots\" content=\"index, follow, max-snippet:-1, max-image-preview:large, max-video-preview:-1\" \/>\n<link rel=\"canonical\" href=\"https:\/\/boardlife.se\/en\/shop\/longboard\/longboard-components\/longboard-wheels\/orangatang-the-keanu-66mm-83a\/?wmc-currency=SEK\" \/>\n<meta property=\"og:locale\" content=\"en_US\" \/>\n<meta property=\"og:type\" content=\"article\" \/>\n<meta property=\"og:title\" content=\"Orangatang The Keanu 66mm 83a - Boardlife\" \/>\n<meta property=\"og:description\" content=\"H\u00e4rligt freeridehjul fr\u00e5n O-tang. The Keanu \u00e4r ett allroundhjul gjort f\u00f6r att klara allt fr\u00e5n l\u00e5nga slingrande backar till shredd sessions i parkeringshus. 66mm stort passar till lite mindre br\u00e4dor eller v\u00e4ldigt teknisk freeride. Tillverkad i O-tangs nya PeachyThane formula. Diameter: 66mm Kontaktyta: 38mm Hub: Centerset S\u00e5 h\u00e4r s\u00e4ger Orangatang: \u201cThe Keanu\u201d 66 mm diameter [&hellip;]\" \/>\n<meta property=\"og:url\" content=\"https:\/\/boardlife.se\/en\/shop\/longboard\/longboard-components\/longboard-wheels\/orangatang-the-keanu-66mm-83a\/?wmc-currency=SEK\" \/>\n<meta property=\"og:site_name\" content=\"Boardlife\" \/>\n<meta property=\"article:publisher\" content=\"https:\/\/www.facebook.com\/Boardlife.se\" \/>\n<meta property=\"article:modified_time\" content=\"2016-09-18T16:06:21+00:00\" \/>\n<meta property=\"og:image\" content=\"https:\/\/boardlife.se\/wp-content\/uploads\/2014\/01\/Orangatang-The-Keanu-66mm-83a.jpg\" \/>\n\t<meta property=\"og:image:width\" content=\"726\" \/>\n\t<meta property=\"og:image:height\" content=\"710\" \/>\n\t<meta property=\"og:image:type\" content=\"image\/jpeg\" \/>\n<meta name=\"twitter:card\" content=\"summary_large_image\" \/>\n<meta name=\"twitter:label1\" content=\"Est. reading time\" \/>\n\t<meta name=\"twitter:data1\" content=\"1 minute\" \/>\n<script type=\"application\/ld+json\" class=\"yoast-schema-graph\">{\"@context\":\"https:\\\/\\\/schema.org\",\"@graph\":[{\"@type\":\"WebPage\",\"@id\":\"https:\\\/\\\/boardlife.se\\\/shop\\\/longboard\\\/components-longboard\\\/wheels-longboard\\\/orangatang-the-keanu-66mm-83a\\\/\",\"url\":\"https:\\\/\\\/boardlife.se\\\/shop\\\/longboard\\\/components-longboard\\\/wheels-longboard\\\/orangatang-the-keanu-66mm-83a\\\/\",\"name\":\"Orangatang The Keanu 66mm 83a - Boardlife\",\"isPartOf\":{\"@id\":\"https:\\\/\\\/boardlife.se\\\/#website\"},\"primaryImageOfPage\":{\"@id\":\"https:\\\/\\\/boardlife.se\\\/shop\\\/longboard\\\/components-longboard\\\/wheels-longboard\\\/orangatang-the-keanu-66mm-83a\\\/#primaryimage\"},\"image\":{\"@id\":\"https:\\\/\\\/boardlife.se\\\/shop\\\/longboard\\\/components-longboard\\\/wheels-longboard\\\/orangatang-the-keanu-66mm-83a\\\/#primaryimage\"},\"thumbnailUrl\":\"https:\\\/\\\/boardlife.se\\\/wp-content\\\/uploads\\\/2014\\\/01\\\/Orangatang-The-Keanu-66mm-83a.jpg\",\"datePublished\":\"2014-01-28T23:45:01+00:00\",\"dateModified\":\"2016-09-18T16:06:21+00:00\",\"breadcrumb\":{\"@id\":\"https:\\\/\\\/boardlife.se\\\/shop\\\/longboard\\\/components-longboard\\\/wheels-longboard\\\/orangatang-the-keanu-66mm-83a\\\/#breadcrumb\"},\"inLanguage\":\"en-US\",\"potentialAction\":[{\"@type\":\"ReadAction\",\"target\":[\"https:\\\/\\\/boardlife.se\\\/shop\\\/longboard\\\/components-longboard\\\/wheels-longboard\\\/orangatang-the-keanu-66mm-83a\\\/\"]}]},{\"@type\":\"ImageObject\",\"inLanguage\":\"en-US\",\"@id\":\"https:\\\/\\\/boardlife.se\\\/shop\\\/longboard\\\/components-longboard\\\/wheels-longboard\\\/orangatang-the-keanu-66mm-83a\\\/#primaryimage\",\"url\":\"https:\\\/\\\/boardlife.se\\\/wp-content\\\/uploads\\\/2014\\\/01\\\/Orangatang-The-Keanu-66mm-83a.jpg\",\"contentUrl\":\"https:\\\/\\\/boardlife.se\\\/wp-content\\\/uploads\\\/2014\\\/01\\\/Orangatang-The-Keanu-66mm-83a.jpg\",\"width\":726,\"height\":710},{\"@type\":\"BreadcrumbList\",\"@id\":\"https:\\\/\\\/boardlife.se\\\/shop\\\/longboard\\\/components-longboard\\\/wheels-longboard\\\/orangatang-the-keanu-66mm-83a\\\/#breadcrumb\",\"itemListElement\":[{\"@type\":\"ListItem\",\"position\":1,\"name\":\"Hem\",\"item\":\"https:\\\/\\\/boardlife.se\\\/\"},{\"@type\":\"ListItem\",\"position\":2,\"name\":\"V\u00e4lkommen till skateparadiset\",\"item\":\"https:\\\/\\\/boardlife.se\\\/shop\\\/\"},{\"@type\":\"ListItem\",\"position\":3,\"name\":\"Orangatang The Keanu 66mm 83a\"}]},{\"@type\":\"WebSite\",\"@id\":\"https:\\\/\\\/boardlife.se\\\/#website\",\"url\":\"https:\\\/\\\/boardlife.se\\\/\",\"name\":\"Boardlife.se\",\"description\":\"Provider of Lifestyle\",\"publisher\":{\"@id\":\"https:\\\/\\\/boardlife.se\\\/#organization\"},\"potentialAction\":[{\"@type\":\"SearchAction\",\"target\":{\"@type\":\"EntryPoint\",\"urlTemplate\":\"https:\\\/\\\/boardlife.se\\\/?s={search_term_string}\"},\"query-input\":{\"@type\":\"PropertyValueSpecification\",\"valueRequired\":true,\"valueName\":\"search_term_string\"}}],\"inLanguage\":\"en-US\"},{\"@type\":\"Organization\",\"@id\":\"https:\\\/\\\/boardlife.se\\\/#organization\",\"name\":\"Boardlife\",\"url\":\"https:\\\/\\\/boardlife.se\\\/\",\"logo\":{\"@type\":\"ImageObject\",\"inLanguage\":\"en-US\",\"@id\":\"https:\\\/\\\/boardlife.se\\\/#\\\/schema\\\/logo\\\/image\\\/\",\"url\":\"https:\\\/\\\/boardlife.se\\\/wp-content\\\/uploads\\\/2014\\\/09\\\/logo.png\",\"contentUrl\":\"https:\\\/\\\/boardlife.se\\\/wp-content\\\/uploads\\\/2014\\\/09\\\/logo.png\",\"width\":785,\"height\":103,\"caption\":\"Boardlife\"},\"image\":{\"@id\":\"https:\\\/\\\/boardlife.se\\\/#\\\/schema\\\/logo\\\/image\\\/\"},\"sameAs\":[\"https:\\\/\\\/www.facebook.com\\\/Boardlife.se\",\"http:\\\/\\\/instagram.com\\\/boardlife_official\"]}]}<\/script>\n<!-- \/ Yoast SEO plugin. -->","yoast_head_json":{"title":"Orangatang The Keanu 66mm 83a - Boardlife","robots":{"index":"index","follow":"follow","max-snippet":"max-snippet:-1","max-image-preview":"max-image-preview:large","max-video-preview":"max-video-preview:-1"},"canonical":"https:\/\/boardlife.se\/en\/shop\/longboard\/longboard-components\/longboard-wheels\/orangatang-the-keanu-66mm-83a\/?wmc-currency=SEK","og_locale":"en_US","og_type":"article","og_title":"Orangatang The Keanu 66mm 83a - Boardlife","og_description":"H\u00e4rligt freeridehjul fr\u00e5n O-tang. The Keanu \u00e4r ett allroundhjul gjort f\u00f6r att klara allt fr\u00e5n l\u00e5nga slingrande backar till shredd sessions i parkeringshus. 66mm stort passar till lite mindre br\u00e4dor eller v\u00e4ldigt teknisk freeride. Tillverkad i O-tangs nya PeachyThane formula. Diameter: 66mm Kontaktyta: 38mm Hub: Centerset S\u00e5 h\u00e4r s\u00e4ger Orangatang: \u201cThe Keanu\u201d 66 mm diameter [&hellip;]","og_url":"https:\/\/boardlife.se\/en\/shop\/longboard\/longboard-components\/longboard-wheels\/orangatang-the-keanu-66mm-83a\/?wmc-currency=SEK","og_site_name":"Boardlife","article_publisher":"https:\/\/www.facebook.com\/Boardlife.se","article_modified_time":"2016-09-18T16:06:21+00:00","og_image":[{"width":726,"height":710,"url":"https:\/\/boardlife.se\/wp-content\/uploads\/2014\/01\/Orangatang-The-Keanu-66mm-83a.jpg","type":"image\/jpeg"}],"twitter_card":"summary_large_image","twitter_misc":{"Est. reading time":"1 minute"},"schema":{"@context":"https:\/\/schema.org","@graph":[{"@type":"WebPage","@id":"https:\/\/boardlife.se\/shop\/longboard\/components-longboard\/wheels-longboard\/orangatang-the-keanu-66mm-83a\/","url":"https:\/\/boardlife.se\/shop\/longboard\/components-longboard\/wheels-longboard\/orangatang-the-keanu-66mm-83a\/","name":"Orangatang The Keanu 66mm 83a - Boardlife","isPartOf":{"@id":"https:\/\/boardlife.se\/#website"},"primaryImageOfPage":{"@id":"https:\/\/boardlife.se\/shop\/longboard\/components-longboard\/wheels-longboard\/orangatang-the-keanu-66mm-83a\/#primaryimage"},"image":{"@id":"https:\/\/boardlife.se\/shop\/longboard\/components-longboard\/wheels-longboard\/orangatang-the-keanu-66mm-83a\/#primaryimage"},"thumbnailUrl":"https:\/\/boardlife.se\/wp-content\/uploads\/2014\/01\/Orangatang-The-Keanu-66mm-83a.jpg","datePublished":"2014-01-28T23:45:01+00:00","dateModified":"2016-09-18T16:06:21+00:00","breadcrumb":{"@id":"https:\/\/boardlife.se\/shop\/longboard\/components-longboard\/wheels-longboard\/orangatang-the-keanu-66mm-83a\/#breadcrumb"},"inLanguage":"en-US","potentialAction":[{"@type":"ReadAction","target":["https:\/\/boardlife.se\/shop\/longboard\/components-longboard\/wheels-longboard\/orangatang-the-keanu-66mm-83a\/"]}]},{"@type":"ImageObject","inLanguage":"en-US","@id":"https:\/\/boardlife.se\/shop\/longboard\/components-longboard\/wheels-longboard\/orangatang-the-keanu-66mm-83a\/#primaryimage","url":"https:\/\/boardlife.se\/wp-content\/uploads\/2014\/01\/Orangatang-The-Keanu-66mm-83a.jpg","contentUrl":"https:\/\/boardlife.se\/wp-content\/uploads\/2014\/01\/Orangatang-The-Keanu-66mm-83a.jpg","width":726,"height":710},{"@type":"BreadcrumbList","@id":"https:\/\/boardlife.se\/shop\/longboard\/components-longboard\/wheels-longboard\/orangatang-the-keanu-66mm-83a\/#breadcrumb","itemListElement":[{"@type":"ListItem","position":1,"name":"Hem","item":"https:\/\/boardlife.se\/"},{"@type":"ListItem","position":2,"name":"V\u00e4lkommen till skateparadiset","item":"https:\/\/boardlife.se\/shop\/"},{"@type":"ListItem","position":3,"name":"Orangatang The Keanu 66mm 83a"}]},{"@type":"WebSite","@id":"https:\/\/boardlife.se\/#website","url":"https:\/\/boardlife.se\/","name":"Boardlife.se","description":"Lifestyle Provider","publisher":{"@id":"https:\/\/boardlife.se\/#organization"},"potentialAction":[{"@type":"SearchAction","target":{"@type":"EntryPoint","urlTemplate":"https:\/\/boardlife.se\/?s={search_term_string}"},"query-input":{"@type":"PropertyValueSpecification","valueRequired":true,"valueName":"search_term_string"}}],"inLanguage":"en-US"},{"@type":"Organization","@id":"https:\/\/boardlife.se\/#organization","name":"Boardlife","url":"https:\/\/boardlife.se\/","logo":{"@type":"ImageObject","inLanguage":"en-US","@id":"https:\/\/boardlife.se\/#\/schema\/logo\/image\/","url":"https:\/\/boardlife.se\/wp-content\/uploads\/2014\/09\/logo.png","contentUrl":"https:\/\/boardlife.se\/wp-content\/uploads\/2014\/09\/logo.png","width":785,"height":103,"caption":"Boardlife"},"image":{"@id":"https:\/\/boardlife.se\/#\/schema\/logo\/image\/"},"sameAs":["https:\/\/www.facebook.com\/Boardlife.se","http:\/\/instagram.com\/boardlife_official"]}]}},"jetpack_sharing_enabled":true,"_links":{"self":[{"href":"https:\/\/boardlife.se\/en\/wp-json\/wp\/v2\/product\/13372","targetHints":{"allow":["GET"]}}],"collection":[{"href":"https:\/\/boardlife.se\/en\/wp-json\/wp\/v2\/product"}],"about":[{"href":"https:\/\/boardlife.se\/en\/wp-json\/wp\/v2\/types\/product"}],"replies":[{"embeddable":true,"href":"https:\/\/boardlife.se\/en\/wp-json\/wp\/v2\/comments?post=13372"}],"wp:featuredmedia":[{"embeddable":true,"href":"https:\/\/boardlife.se\/en\/wp-json\/wp\/v2\/media\/28311"}],"wp:attachment":[{"href":"https:\/\/boardlife.se\/en\/wp-json\/wp\/v2\/media?parent=13372"}],"wp:term":[{"taxonomy":"product_brand","embeddable":true,"href":"https:\/\/boardlife.se\/en\/wp-json\/wp\/v2\/product_brand?post=13372"},{"taxonomy":"product_cat","embeddable":true,"href":"https:\/\/boardlife.se\/en\/wp-json\/wp\/v2\/product_cat?post=13372"},{"taxonomy":"product_tag","embeddable":true,"href":"https:\/\/boardlife.se\/en\/wp-json\/wp\/v2\/product_tag?post=13372"}],"curies":[{"name":"wp","href":"https:\/\/api.w.org\/{rel}","templated":true}]}}