{"id":17469,"date":"2014-07-23T11:59:35","date_gmt":"2014-07-23T09:59:35","guid":{"rendered":"http:\/\/boardlife.se\/?post_type=product&#038;p=17469"},"modified":"2025-09-19T13:17:22","modified_gmt":"2025-09-19T11:17:22","slug":"sector9-9-ball-replacement-puck","status":"publish","type":"product","link":"https:\/\/boardlife.se\/en\/shop\/protection\/sliding-gloves\/sector9-9-ball-replacement-puck\/","title":{"rendered":"Sector 9 9 Ball puck Blue"},"content":{"rendered":"<p>Beh\u00f6ver du nya puckar till dina slidehandskar? H\u00e4r har du ers\u00e4ttningspuckar som passar alla Sector9 handskar!<\/p>\n<p>F\u00f6rpackningen inneh\u00e5ller,<br \/>\n2 st ers\u00e4ttningspuckar f\u00f6r handflatorna.<\/p>","protected":false},"excerpt":{"rendered":"<p>Do you need new pucks for your slide gloves? Here you have replacement pucks that fit all Sector9 gloves! The package contains 2 replacement pucks for the palms.<\/p>","protected":false},"featured_media":17471,"comment_status":"open","ping_status":"closed","template":"","meta":{"_gspb_post_css":"","_crdt_document":""},"product_brand":[],"product_cat":[24,103,734],"product_tag":[1129],"class_list":{"0":"post-17469","1":"product","2":"type-product","3":"status-publish","4":"has-post-thumbnail","6":"product_cat-protection","7":"product_cat-slide-gloves","8":"product_cat-slidepucks","9":"product_tag-sector-9","10":"pa_manufacturer-sector-9","12":"first","13":"outofstock","14":"taxable","15":"shipping-taxable","16":"purchasable","17":"product-type-simple"},"ct_brands":[],"yoast_head":"<!-- This site is optimized with the Yoast SEO plugin v27.5 - https:\/\/yoast.com\/product\/yoast-seo-wordpress\/ -->\n<title>Sector 9 9 Ball puck Blue - Boardlife<\/title>\n<meta name=\"robots\" content=\"index, follow, max-snippet:-1, max-image-preview:large, max-video-preview:-1\" \/>\n<link rel=\"canonical\" href=\"https:\/\/boardlife.se\/en\/shop\/protection\/sliding-gloves\/sector9-9-ball-replacement-puck\/?wmc-currency=SEK\" \/>\n<meta property=\"og:locale\" content=\"en_US\" \/>\n<meta property=\"og:type\" content=\"article\" \/>\n<meta property=\"og:title\" content=\"Sector 9 9 Ball puck Blue - Boardlife\" \/>\n<meta property=\"og:description\" content=\"Beh\u00f6ver du nya puckar till dina slidehandskar? H\u00e4r har du ers\u00e4ttningspuckar som passar alla Sector9 handskar! F\u00f6rpackningen inneh\u00e5ller, 2 st ers\u00e4ttningspuckar f\u00f6r handflatorna.\" \/>\n<meta property=\"og:url\" content=\"https:\/\/boardlife.se\/en\/shop\/protection\/sliding-gloves\/sector9-9-ball-replacement-puck\/?wmc-currency=SEK\" \/>\n<meta property=\"og:site_name\" content=\"Boardlife\" \/>\n<meta property=\"article:publisher\" content=\"https:\/\/www.facebook.com\/Boardlife.se\" \/>\n<meta property=\"article:modified_time\" content=\"2025-09-19T11:17:22+00:00\" \/>\n<meta property=\"og:image\" content=\"https:\/\/boardlife.se\/wp-content\/uploads\/2014\/07\/sector-9-replacement-palm-puck-pack-bhnc-surgeon-slide-glove-gloves-2.jpg\" \/>\n\t<meta property=\"og:image:width\" content=\"926\" \/>\n\t<meta property=\"og:image:height\" content=\"755\" \/>\n\t<meta property=\"og:image:type\" content=\"image\/jpeg\" \/>\n<meta name=\"twitter:card\" content=\"summary_large_image\" \/>\n<script type=\"application\/ld+json\" class=\"yoast-schema-graph\">{\"@context\":\"https:\\\/\\\/schema.org\",\"@graph\":[{\"@type\":\"WebPage\",\"@id\":\"https:\\\/\\\/boardlife.se\\\/en\\\/shop\\\/protection\\\/sliding-gloves\\\/sector9-9-ball-replacement-puck\\\/\",\"url\":\"https:\\\/\\\/boardlife.se\\\/en\\\/shop\\\/protection\\\/sliding-gloves\\\/sector9-9-ball-replacement-puck\\\/\",\"name\":\"Sector 9 9 Ball puck Blue - Boardlife\",\"isPartOf\":{\"@id\":\"https:\\\/\\\/boardlife.se\\\/#website\"},\"primaryImageOfPage\":{\"@id\":\"https:\\\/\\\/boardlife.se\\\/en\\\/shop\\\/protection\\\/sliding-gloves\\\/sector9-9-ball-replacement-puck\\\/#primaryimage\"},\"image\":{\"@id\":\"https:\\\/\\\/boardlife.se\\\/en\\\/shop\\\/protection\\\/sliding-gloves\\\/sector9-9-ball-replacement-puck\\\/#primaryimage\"},\"thumbnailUrl\":\"https:\\\/\\\/boardlife.se\\\/wp-content\\\/uploads\\\/2014\\\/07\\\/sector-9-replacement-palm-puck-pack-bhnc-surgeon-slide-glove-gloves-2.jpg\",\"datePublished\":\"2014-07-23T09:59:35+00:00\",\"dateModified\":\"2025-09-19T11:17:22+00:00\",\"breadcrumb\":{\"@id\":\"https:\\\/\\\/boardlife.se\\\/en\\\/shop\\\/protection\\\/sliding-gloves\\\/sector9-9-ball-replacement-puck\\\/#breadcrumb\"},\"inLanguage\":\"en-US\",\"potentialAction\":[{\"@type\":\"ReadAction\",\"target\":[\"https:\\\/\\\/boardlife.se\\\/en\\\/shop\\\/protection\\\/sliding-gloves\\\/sector9-9-ball-replacement-puck\\\/\"]}]},{\"@type\":\"ImageObject\",\"inLanguage\":\"en-US\",\"@id\":\"https:\\\/\\\/boardlife.se\\\/en\\\/shop\\\/protection\\\/sliding-gloves\\\/sector9-9-ball-replacement-puck\\\/#primaryimage\",\"url\":\"https:\\\/\\\/boardlife.se\\\/wp-content\\\/uploads\\\/2014\\\/07\\\/sector-9-replacement-palm-puck-pack-bhnc-surgeon-slide-glove-gloves-2.jpg\",\"contentUrl\":\"https:\\\/\\\/boardlife.se\\\/wp-content\\\/uploads\\\/2014\\\/07\\\/sector-9-replacement-palm-puck-pack-bhnc-surgeon-slide-glove-gloves-2.jpg\",\"width\":926,\"height\":755},{\"@type\":\"BreadcrumbList\",\"@id\":\"https:\\\/\\\/boardlife.se\\\/en\\\/shop\\\/protection\\\/sliding-gloves\\\/sector9-9-ball-replacement-puck\\\/#breadcrumb\",\"itemListElement\":[{\"@type\":\"ListItem\",\"position\":1,\"name\":\"Hem\",\"item\":\"https:\\\/\\\/boardlife.se\\\/\"},{\"@type\":\"ListItem\",\"position\":2,\"name\":\"V\u00e4lkommen till skateparadiset\",\"item\":\"https:\\\/\\\/boardlife.se\\\/shop\\\/\"},{\"@type\":\"ListItem\",\"position\":3,\"name\":\"Sector 9 9 Ball puck Blue\"}]},{\"@type\":\"WebSite\",\"@id\":\"https:\\\/\\\/boardlife.se\\\/#website\",\"url\":\"https:\\\/\\\/boardlife.se\\\/\",\"name\":\"Boardlife.se\",\"description\":\"Provider of Lifestyle\",\"publisher\":{\"@id\":\"https:\\\/\\\/boardlife.se\\\/#organization\"},\"potentialAction\":[{\"@type\":\"SearchAction\",\"target\":{\"@type\":\"EntryPoint\",\"urlTemplate\":\"https:\\\/\\\/boardlife.se\\\/?s={search_term_string}\"},\"query-input\":{\"@type\":\"PropertyValueSpecification\",\"valueRequired\":true,\"valueName\":\"search_term_string\"}}],\"inLanguage\":\"en-US\"},{\"@type\":\"Organization\",\"@id\":\"https:\\\/\\\/boardlife.se\\\/#organization\",\"name\":\"Boardlife\",\"url\":\"https:\\\/\\\/boardlife.se\\\/\",\"logo\":{\"@type\":\"ImageObject\",\"inLanguage\":\"en-US\",\"@id\":\"https:\\\/\\\/boardlife.se\\\/#\\\/schema\\\/logo\\\/image\\\/\",\"url\":\"https:\\\/\\\/boardlife.se\\\/wp-content\\\/uploads\\\/2014\\\/09\\\/logo.png\",\"contentUrl\":\"https:\\\/\\\/boardlife.se\\\/wp-content\\\/uploads\\\/2014\\\/09\\\/logo.png\",\"width\":785,\"height\":103,\"caption\":\"Boardlife\"},\"image\":{\"@id\":\"https:\\\/\\\/boardlife.se\\\/#\\\/schema\\\/logo\\\/image\\\/\"},\"sameAs\":[\"https:\\\/\\\/www.facebook.com\\\/Boardlife.se\",\"http:\\\/\\\/instagram.com\\\/boardlife_official\"]}]}<\/script>\n<!-- \/ Yoast SEO plugin. -->","yoast_head_json":{"title":"Sector 9 9 Ball puck Blue - Boardlife","robots":{"index":"index","follow":"follow","max-snippet":"max-snippet:-1","max-image-preview":"max-image-preview:large","max-video-preview":"max-video-preview:-1"},"canonical":"https:\/\/boardlife.se\/en\/shop\/protection\/sliding-gloves\/sector9-9-ball-replacement-puck\/?wmc-currency=SEK","og_locale":"en_US","og_type":"article","og_title":"Sector 9 9 Ball puck Blue - Boardlife","og_description":"Beh\u00f6ver du nya puckar till dina slidehandskar? H\u00e4r har du ers\u00e4ttningspuckar som passar alla Sector9 handskar! F\u00f6rpackningen inneh\u00e5ller, 2 st ers\u00e4ttningspuckar f\u00f6r handflatorna.","og_url":"https:\/\/boardlife.se\/en\/shop\/protection\/sliding-gloves\/sector9-9-ball-replacement-puck\/?wmc-currency=SEK","og_site_name":"Boardlife","article_publisher":"https:\/\/www.facebook.com\/Boardlife.se","article_modified_time":"2025-09-19T11:17:22+00:00","og_image":[{"width":926,"height":755,"url":"https:\/\/boardlife.se\/wp-content\/uploads\/2014\/07\/sector-9-replacement-palm-puck-pack-bhnc-surgeon-slide-glove-gloves-2.jpg","type":"image\/jpeg"}],"twitter_card":"summary_large_image","schema":{"@context":"https:\/\/schema.org","@graph":[{"@type":"WebPage","@id":"https:\/\/boardlife.se\/en\/shop\/protection\/sliding-gloves\/sector9-9-ball-replacement-puck\/","url":"https:\/\/boardlife.se\/en\/shop\/protection\/sliding-gloves\/sector9-9-ball-replacement-puck\/","name":"Sector 9 9 Ball puck Blue - Boardlife","isPartOf":{"@id":"https:\/\/boardlife.se\/#website"},"primaryImageOfPage":{"@id":"https:\/\/boardlife.se\/en\/shop\/protection\/sliding-gloves\/sector9-9-ball-replacement-puck\/#primaryimage"},"image":{"@id":"https:\/\/boardlife.se\/en\/shop\/protection\/sliding-gloves\/sector9-9-ball-replacement-puck\/#primaryimage"},"thumbnailUrl":"https:\/\/boardlife.se\/wp-content\/uploads\/2014\/07\/sector-9-replacement-palm-puck-pack-bhnc-surgeon-slide-glove-gloves-2.jpg","datePublished":"2014-07-23T09:59:35+00:00","dateModified":"2025-09-19T11:17:22+00:00","breadcrumb":{"@id":"https:\/\/boardlife.se\/en\/shop\/protection\/sliding-gloves\/sector9-9-ball-replacement-puck\/#breadcrumb"},"inLanguage":"en-US","potentialAction":[{"@type":"ReadAction","target":["https:\/\/boardlife.se\/en\/shop\/protection\/sliding-gloves\/sector9-9-ball-replacement-puck\/"]}]},{"@type":"ImageObject","inLanguage":"en-US","@id":"https:\/\/boardlife.se\/en\/shop\/protection\/sliding-gloves\/sector9-9-ball-replacement-puck\/#primaryimage","url":"https:\/\/boardlife.se\/wp-content\/uploads\/2014\/07\/sector-9-replacement-palm-puck-pack-bhnc-surgeon-slide-glove-gloves-2.jpg","contentUrl":"https:\/\/boardlife.se\/wp-content\/uploads\/2014\/07\/sector-9-replacement-palm-puck-pack-bhnc-surgeon-slide-glove-gloves-2.jpg","width":926,"height":755},{"@type":"BreadcrumbList","@id":"https:\/\/boardlife.se\/en\/shop\/protection\/sliding-gloves\/sector9-9-ball-replacement-puck\/#breadcrumb","itemListElement":[{"@type":"ListItem","position":1,"name":"Hem","item":"https:\/\/boardlife.se\/"},{"@type":"ListItem","position":2,"name":"V\u00e4lkommen till skateparadiset","item":"https:\/\/boardlife.se\/shop\/"},{"@type":"ListItem","position":3,"name":"Sector 9 9 Ball puck Blue"}]},{"@type":"WebSite","@id":"https:\/\/boardlife.se\/#website","url":"https:\/\/boardlife.se\/","name":"Boardlife.se","description":"Lifestyle Provider","publisher":{"@id":"https:\/\/boardlife.se\/#organization"},"potentialAction":[{"@type":"SearchAction","target":{"@type":"EntryPoint","urlTemplate":"https:\/\/boardlife.se\/?s={search_term_string}"},"query-input":{"@type":"PropertyValueSpecification","valueRequired":true,"valueName":"search_term_string"}}],"inLanguage":"en-US"},{"@type":"Organization","@id":"https:\/\/boardlife.se\/#organization","name":"Boardlife","url":"https:\/\/boardlife.se\/","logo":{"@type":"ImageObject","inLanguage":"en-US","@id":"https:\/\/boardlife.se\/#\/schema\/logo\/image\/","url":"https:\/\/boardlife.se\/wp-content\/uploads\/2014\/09\/logo.png","contentUrl":"https:\/\/boardlife.se\/wp-content\/uploads\/2014\/09\/logo.png","width":785,"height":103,"caption":"Boardlife"},"image":{"@id":"https:\/\/boardlife.se\/#\/schema\/logo\/image\/"},"sameAs":["https:\/\/www.facebook.com\/Boardlife.se","http:\/\/instagram.com\/boardlife_official"]}]}},"jetpack_sharing_enabled":true,"_links":{"self":[{"href":"https:\/\/boardlife.se\/en\/wp-json\/wp\/v2\/product\/17469","targetHints":{"allow":["GET"]}}],"collection":[{"href":"https:\/\/boardlife.se\/en\/wp-json\/wp\/v2\/product"}],"about":[{"href":"https:\/\/boardlife.se\/en\/wp-json\/wp\/v2\/types\/product"}],"replies":[{"embeddable":true,"href":"https:\/\/boardlife.se\/en\/wp-json\/wp\/v2\/comments?post=17469"}],"wp:featuredmedia":[{"embeddable":true,"href":"https:\/\/boardlife.se\/en\/wp-json\/wp\/v2\/media\/17471"}],"wp:attachment":[{"href":"https:\/\/boardlife.se\/en\/wp-json\/wp\/v2\/media?parent=17469"}],"wp:term":[{"taxonomy":"product_brand","embeddable":true,"href":"https:\/\/boardlife.se\/en\/wp-json\/wp\/v2\/product_brand?post=17469"},{"taxonomy":"product_cat","embeddable":true,"href":"https:\/\/boardlife.se\/en\/wp-json\/wp\/v2\/product_cat?post=17469"},{"taxonomy":"product_tag","embeddable":true,"href":"https:\/\/boardlife.se\/en\/wp-json\/wp\/v2\/product_tag?post=17469"}],"curies":[{"name":"wp","href":"https:\/\/api.w.org\/{rel}","templated":true}]}}