{"id":243130,"date":"2024-10-29T12:33:26","date_gmt":"2024-10-29T11:33:26","guid":{"rendered":"https:\/\/www.boardlife.se\/?post_type=product&#038;p=243130"},"modified":"2026-01-06T10:59:53","modified_gmt":"2026-01-06T09:59:53","slug":"curlboard-ice-blades","status":"publish","type":"product","link":"https:\/\/boardlife.se\/en\/shop\/snow\/snow-skate\/curlboard-ice-blades\/","title":{"rendered":"Curfboard Ice Blades"},"content":{"rendered":"<p>Den absolut kaxigaste l\u00f6sningen f\u00f6r din vinterskate! Ett par isskenor fr\u00e5n Curfboard som l\u00e5ter dig byta ut hjulen och s\u00e4tta skenor p\u00e5 dina befintliga truckar.<\/p>\n<p><iframe loading=\"lazy\" title=\"Curfboard Ice Blades \u2013 Let&#039;s surf frozen water!\" width=\"1290\" height=\"726\" src=\"https:\/\/www.youtube.com\/embed\/pxBli8GoAlQ?feature=oembed\" frameborder=\"0\" allow=\"accelerometer; autoplay; clipboard-write; encrypted-media; gyroscope; picture-in-picture; web-share\" referrerpolicy=\"strict-origin-when-cross-origin\" allowfullscreen><\/iframe><\/p>\n<h2>Original Description<\/h2>\n<p>Ice is only frozen water! That\u2019s what we had in mind when developing these blades. You can now extend your surfskate season throughout the winter months by simply exchanging your wheels with<br \/>\nour blades. Training surf moves on ice or just cruise across these frozen waters, or even use a kite or wing to propel you further, are just a few of the new possibilities these blades create for you.<\/p>\n<p>The Curfboard Ice Blades give you the ultimate surf feeling of your Curfboard on ice, whether it\u2019s on lakes, ponds or the local ice rink. You\u2019ll be surprised how fast you can go and how easy it is to pump the board from a standstill to full speed. Carving turns, sliding the tail, it\u2019s all possible. Let\u2019s take your surfskating to a new dimension!<\/p>\n<p>Developed with passion and endless hours of testing over 5 years we optimized the shape and grind<br \/>\nof the blades to perfectly match our Curfboard surfskate truck system.<\/p>\n<p>&nbsp;<\/p>\n<h3>Tech<\/h3>\n<ul>\n<li>4 stainless steel ice blades (2 left-sided, 2 right-sided, 200 x 57 x 5 mm), designed and manufactured<br \/>\nin Germany.<\/li>\n<li>Suitable to be mounted on any standard skateboard truck with 8 mm diameter axis.<\/li>\n<\/ul>","protected":false},"excerpt":{"rendered":"<p>Isn&#039;t this the coolest transition from skate to ice?! Curfboard presents its ice rails that you can easily put on your existing board and suddenly you can skate on ice with. Fits all types of trucks but a hot tip is to combine them with a surfskate truck so you can pump speed. Since you&#039;re riding on ice, it&#039;s a bit tricky to push speed otherwise.<\/p>\n<p><span style=\"text-decoration: underline;\"><strong>As these rails are limited edition, pre-order is required. First come, first served! Estimated delivery in December.<\/strong><\/span><\/p>","protected":false},"featured_media":243132,"comment_status":"open","ping_status":"closed","template":"","meta":{"_gspb_post_css":"","_crdt_document":""},"product_brand":[2781],"product_cat":[547,1929,1654],"product_tag":[2780,2779],"class_list":{"0":"post-243130","1":"product","2":"type-product","3":"status-publish","4":"has-post-thumbnail","6":"product_brand-curfboard","7":"product_cat-snow","8":"product_cat-snowskate","9":"product_cat-surf-skate","10":"product_tag-ice-blades","11":"product_tag-ice-skateboard","13":"first","14":"outofstock","15":"taxable","16":"shipping-taxable","17":"purchasable","18":"product-type-simple"},"ct_brands":[{"id":2781,"name":"Curfboard","slug":"curveboard"}],"yoast_head":"<!-- This site is optimized with the Yoast SEO plugin v27.5 - https:\/\/yoast.com\/product\/yoast-seo-wordpress\/ -->\n<title>Curfboard Ice Blades - Boardlife<\/title>\n<meta name=\"description\" content=\"Vinterns h\u00e4ftigaste skatel\u00f6sning! Curfboard presenterar ice blades som du enkelt s\u00e4tter p\u00e5 din befintliga br\u00e4da och pl\u00f6tsligt kan skejta p\u00e5 is. Passar alla typer av truckar men ett tips \u00e4r att kombinera dem med en surfskatetruck d\u00e5 du kan pumpa fart. Eftersom du \u00e5ker p\u00e5 is \u00e4r det annars lite klurigt att pusha fart.\" \/>\n<meta name=\"robots\" content=\"index, follow, max-snippet:-1, max-image-preview:large, max-video-preview:-1\" \/>\n<link rel=\"canonical\" href=\"https:\/\/boardlife.se\/en\/shop\/snow\/snow-skate\/curlboard-ice-blades\/?wmc-currency=SEK\" \/>\n<meta property=\"og:locale\" content=\"en_US\" \/>\n<meta property=\"og:type\" content=\"article\" \/>\n<meta property=\"og:title\" content=\"Curfboard Ice Blades - Boardlife\" \/>\n<meta property=\"og:description\" content=\"Vinterns h\u00e4ftigaste skatel\u00f6sning! Curfboard presenterar ice blades som du enkelt s\u00e4tter p\u00e5 din befintliga br\u00e4da och pl\u00f6tsligt kan skejta p\u00e5 is. Passar alla typer av truckar men ett tips \u00e4r att kombinera dem med en surfskatetruck d\u00e5 du kan pumpa fart. Eftersom du \u00e5ker p\u00e5 is \u00e4r det annars lite klurigt att pusha fart.\" \/>\n<meta property=\"og:url\" content=\"https:\/\/boardlife.se\/en\/shop\/snow\/snow-skate\/curlboard-ice-blades\/?wmc-currency=SEK\" \/>\n<meta property=\"og:site_name\" content=\"Boardlife\" \/>\n<meta property=\"article:publisher\" content=\"https:\/\/www.facebook.com\/Boardlife.se\" \/>\n<meta property=\"article:modified_time\" content=\"2026-01-06T09:59:53+00:00\" \/>\n<meta property=\"og:image\" content=\"https:\/\/boardlife.se\/wp-content\/uploads\/2024\/10\/curfboard-ice-blades-main2.jpg\" \/>\n\t<meta property=\"og:image:width\" content=\"1100\" \/>\n\t<meta property=\"og:image:height\" content=\"1100\" \/>\n\t<meta property=\"og:image:type\" content=\"image\/jpeg\" \/>\n<meta name=\"twitter:card\" content=\"summary_large_image\" \/>\n<meta name=\"twitter:label1\" content=\"Est. reading time\" \/>\n\t<meta name=\"twitter:data1\" content=\"1 minute\" \/>\n<script type=\"application\/ld+json\" class=\"yoast-schema-graph\">{\"@context\":\"https:\\\/\\\/schema.org\",\"@graph\":[{\"@type\":\"WebPage\",\"@id\":\"https:\\\/\\\/boardlife.se\\\/shop\\\/snow\\\/snowskate\\\/curfboard-ice-blades\\\/\",\"url\":\"https:\\\/\\\/boardlife.se\\\/shop\\\/snow\\\/snowskate\\\/curfboard-ice-blades\\\/\",\"name\":\"Curfboard Ice Blades - Boardlife\",\"isPartOf\":{\"@id\":\"https:\\\/\\\/boardlife.se\\\/#website\"},\"primaryImageOfPage\":{\"@id\":\"https:\\\/\\\/boardlife.se\\\/shop\\\/snow\\\/snowskate\\\/curfboard-ice-blades\\\/#primaryimage\"},\"image\":{\"@id\":\"https:\\\/\\\/boardlife.se\\\/shop\\\/snow\\\/snowskate\\\/curfboard-ice-blades\\\/#primaryimage\"},\"thumbnailUrl\":\"https:\\\/\\\/boardlife.se\\\/wp-content\\\/uploads\\\/2024\\\/10\\\/curfboard-ice-blades-main2.jpg\",\"datePublished\":\"2024-10-29T11:33:26+00:00\",\"dateModified\":\"2026-01-06T09:59:53+00:00\",\"description\":\"Vinterns h\u00e4ftigaste skatel\u00f6sning! Curfboard presenterar ice blades som du enkelt s\u00e4tter p\u00e5 din befintliga br\u00e4da och pl\u00f6tsligt kan skejta p\u00e5 is. Passar alla typer av truckar men ett tips \u00e4r att kombinera dem med en surfskatetruck d\u00e5 du kan pumpa fart. Eftersom du \u00e5ker p\u00e5 is \u00e4r det annars lite klurigt att pusha fart.\",\"breadcrumb\":{\"@id\":\"https:\\\/\\\/boardlife.se\\\/shop\\\/snow\\\/snowskate\\\/curfboard-ice-blades\\\/#breadcrumb\"},\"inLanguage\":\"en-US\",\"potentialAction\":[{\"@type\":\"ReadAction\",\"target\":[\"https:\\\/\\\/boardlife.se\\\/shop\\\/snow\\\/snowskate\\\/curfboard-ice-blades\\\/\"]}]},{\"@type\":\"ImageObject\",\"inLanguage\":\"en-US\",\"@id\":\"https:\\\/\\\/boardlife.se\\\/shop\\\/snow\\\/snowskate\\\/curfboard-ice-blades\\\/#primaryimage\",\"url\":\"https:\\\/\\\/boardlife.se\\\/wp-content\\\/uploads\\\/2024\\\/10\\\/curfboard-ice-blades-main2.jpg\",\"contentUrl\":\"https:\\\/\\\/boardlife.se\\\/wp-content\\\/uploads\\\/2024\\\/10\\\/curfboard-ice-blades-main2.jpg\",\"width\":1100,\"height\":1100,\"caption\":\"Curfboard - Ice blades\"},{\"@type\":\"BreadcrumbList\",\"@id\":\"https:\\\/\\\/boardlife.se\\\/shop\\\/snow\\\/snowskate\\\/curfboard-ice-blades\\\/#breadcrumb\",\"itemListElement\":[{\"@type\":\"ListItem\",\"position\":1,\"name\":\"Hem\",\"item\":\"https:\\\/\\\/boardlife.se\\\/\"},{\"@type\":\"ListItem\",\"position\":2,\"name\":\"V\u00e4lkommen till skateparadiset\",\"item\":\"https:\\\/\\\/boardlife.se\\\/shop\\\/\"},{\"@type\":\"ListItem\",\"position\":3,\"name\":\"Curfboard Ice Blades\"}]},{\"@type\":\"WebSite\",\"@id\":\"https:\\\/\\\/boardlife.se\\\/#website\",\"url\":\"https:\\\/\\\/boardlife.se\\\/\",\"name\":\"Boardlife.se\",\"description\":\"Provider of Lifestyle\",\"publisher\":{\"@id\":\"https:\\\/\\\/boardlife.se\\\/#organization\"},\"potentialAction\":[{\"@type\":\"SearchAction\",\"target\":{\"@type\":\"EntryPoint\",\"urlTemplate\":\"https:\\\/\\\/boardlife.se\\\/?s={search_term_string}\"},\"query-input\":{\"@type\":\"PropertyValueSpecification\",\"valueRequired\":true,\"valueName\":\"search_term_string\"}}],\"inLanguage\":\"en-US\"},{\"@type\":\"Organization\",\"@id\":\"https:\\\/\\\/boardlife.se\\\/#organization\",\"name\":\"Boardlife\",\"url\":\"https:\\\/\\\/boardlife.se\\\/\",\"logo\":{\"@type\":\"ImageObject\",\"inLanguage\":\"en-US\",\"@id\":\"https:\\\/\\\/boardlife.se\\\/#\\\/schema\\\/logo\\\/image\\\/\",\"url\":\"https:\\\/\\\/boardlife.se\\\/wp-content\\\/uploads\\\/2014\\\/09\\\/logo.png\",\"contentUrl\":\"https:\\\/\\\/boardlife.se\\\/wp-content\\\/uploads\\\/2014\\\/09\\\/logo.png\",\"width\":785,\"height\":103,\"caption\":\"Boardlife\"},\"image\":{\"@id\":\"https:\\\/\\\/boardlife.se\\\/#\\\/schema\\\/logo\\\/image\\\/\"},\"sameAs\":[\"https:\\\/\\\/www.facebook.com\\\/Boardlife.se\",\"http:\\\/\\\/instagram.com\\\/boardlife_official\"]}]}<\/script>\n<!-- \/ Yoast SEO plugin. -->","yoast_head_json":{"title":"Curfboard Ice Blades - Boardlife","description":"Winter&#039;s coolest skate solution! Curfboard presents ice blades that you can easily put on your existing board and suddenly you can skate on ice. Fits all types of trucks but a tip is to combine them with a surfskate truck so you can pump speed. Since you are riding on ice, it is otherwise a bit tricky to push speed.","robots":{"index":"index","follow":"follow","max-snippet":"max-snippet:-1","max-image-preview":"max-image-preview:large","max-video-preview":"max-video-preview:-1"},"canonical":"https:\/\/boardlife.se\/en\/shop\/snow\/snow-skate\/curlboard-ice-blades\/?wmc-currency=SEK","og_locale":"en_US","og_type":"article","og_title":"Curfboard Ice Blades - Boardlife","og_description":"Vinterns h\u00e4ftigaste skatel\u00f6sning! Curfboard presenterar ice blades som du enkelt s\u00e4tter p\u00e5 din befintliga br\u00e4da och pl\u00f6tsligt kan skejta p\u00e5 is. Passar alla typer av truckar men ett tips \u00e4r att kombinera dem med en surfskatetruck d\u00e5 du kan pumpa fart. Eftersom du \u00e5ker p\u00e5 is \u00e4r det annars lite klurigt att pusha fart.","og_url":"https:\/\/boardlife.se\/en\/shop\/snow\/snow-skate\/curlboard-ice-blades\/?wmc-currency=SEK","og_site_name":"Boardlife","article_publisher":"https:\/\/www.facebook.com\/Boardlife.se","article_modified_time":"2026-01-06T09:59:53+00:00","og_image":[{"width":1100,"height":1100,"url":"https:\/\/boardlife.se\/wp-content\/uploads\/2024\/10\/curfboard-ice-blades-main2.jpg","type":"image\/jpeg"}],"twitter_card":"summary_large_image","twitter_misc":{"Est. reading time":"1 minute"},"schema":{"@context":"https:\/\/schema.org","@graph":[{"@type":"WebPage","@id":"https:\/\/boardlife.se\/shop\/snow\/snowskate\/curfboard-ice-blades\/","url":"https:\/\/boardlife.se\/shop\/snow\/snowskate\/curfboard-ice-blades\/","name":"Curfboard Ice Blades - Boardlife","isPartOf":{"@id":"https:\/\/boardlife.se\/#website"},"primaryImageOfPage":{"@id":"https:\/\/boardlife.se\/shop\/snow\/snowskate\/curfboard-ice-blades\/#primaryimage"},"image":{"@id":"https:\/\/boardlife.se\/shop\/snow\/snowskate\/curfboard-ice-blades\/#primaryimage"},"thumbnailUrl":"https:\/\/boardlife.se\/wp-content\/uploads\/2024\/10\/curfboard-ice-blades-main2.jpg","datePublished":"2024-10-29T11:33:26+00:00","dateModified":"2026-01-06T09:59:53+00:00","description":"Winter&#039;s coolest skate solution! Curfboard presents ice blades that you can easily put on your existing board and suddenly you can skate on ice. Fits all types of trucks but a tip is to combine them with a surfskate truck so you can pump speed. Since you are riding on ice, it is otherwise a bit tricky to push speed.","breadcrumb":{"@id":"https:\/\/boardlife.se\/shop\/snow\/snowskate\/curfboard-ice-blades\/#breadcrumb"},"inLanguage":"en-US","potentialAction":[{"@type":"ReadAction","target":["https:\/\/boardlife.se\/shop\/snow\/snowskate\/curfboard-ice-blades\/"]}]},{"@type":"ImageObject","inLanguage":"en-US","@id":"https:\/\/boardlife.se\/shop\/snow\/snowskate\/curfboard-ice-blades\/#primaryimage","url":"https:\/\/boardlife.se\/wp-content\/uploads\/2024\/10\/curfboard-ice-blades-main2.jpg","contentUrl":"https:\/\/boardlife.se\/wp-content\/uploads\/2024\/10\/curfboard-ice-blades-main2.jpg","width":1100,"height":1100,"caption":"Curfboard - Ice blades"},{"@type":"BreadcrumbList","@id":"https:\/\/boardlife.se\/shop\/snow\/snowskate\/curfboard-ice-blades\/#breadcrumb","itemListElement":[{"@type":"ListItem","position":1,"name":"Hem","item":"https:\/\/boardlife.se\/"},{"@type":"ListItem","position":2,"name":"V\u00e4lkommen till skateparadiset","item":"https:\/\/boardlife.se\/shop\/"},{"@type":"ListItem","position":3,"name":"Curfboard Ice Blades"}]},{"@type":"WebSite","@id":"https:\/\/boardlife.se\/#website","url":"https:\/\/boardlife.se\/","name":"Boardlife.se","description":"Lifestyle Provider","publisher":{"@id":"https:\/\/boardlife.se\/#organization"},"potentialAction":[{"@type":"SearchAction","target":{"@type":"EntryPoint","urlTemplate":"https:\/\/boardlife.se\/?s={search_term_string}"},"query-input":{"@type":"PropertyValueSpecification","valueRequired":true,"valueName":"search_term_string"}}],"inLanguage":"en-US"},{"@type":"Organization","@id":"https:\/\/boardlife.se\/#organization","name":"Boardlife","url":"https:\/\/boardlife.se\/","logo":{"@type":"ImageObject","inLanguage":"en-US","@id":"https:\/\/boardlife.se\/#\/schema\/logo\/image\/","url":"https:\/\/boardlife.se\/wp-content\/uploads\/2014\/09\/logo.png","contentUrl":"https:\/\/boardlife.se\/wp-content\/uploads\/2014\/09\/logo.png","width":785,"height":103,"caption":"Boardlife"},"image":{"@id":"https:\/\/boardlife.se\/#\/schema\/logo\/image\/"},"sameAs":["https:\/\/www.facebook.com\/Boardlife.se","http:\/\/instagram.com\/boardlife_official"]}]}},"jetpack_sharing_enabled":true,"_links":{"self":[{"href":"https:\/\/boardlife.se\/en\/wp-json\/wp\/v2\/product\/243130","targetHints":{"allow":["GET"]}}],"collection":[{"href":"https:\/\/boardlife.se\/en\/wp-json\/wp\/v2\/product"}],"about":[{"href":"https:\/\/boardlife.se\/en\/wp-json\/wp\/v2\/types\/product"}],"replies":[{"embeddable":true,"href":"https:\/\/boardlife.se\/en\/wp-json\/wp\/v2\/comments?post=243130"}],"wp:featuredmedia":[{"embeddable":true,"href":"https:\/\/boardlife.se\/en\/wp-json\/wp\/v2\/media\/243132"}],"wp:attachment":[{"href":"https:\/\/boardlife.se\/en\/wp-json\/wp\/v2\/media?parent=243130"}],"wp:term":[{"taxonomy":"product_brand","embeddable":true,"href":"https:\/\/boardlife.se\/en\/wp-json\/wp\/v2\/product_brand?post=243130"},{"taxonomy":"product_cat","embeddable":true,"href":"https:\/\/boardlife.se\/en\/wp-json\/wp\/v2\/product_cat?post=243130"},{"taxonomy":"product_tag","embeddable":true,"href":"https:\/\/boardlife.se\/en\/wp-json\/wp\/v2\/product_tag?post=243130"}],"curies":[{"name":"wp","href":"https:\/\/api.w.org\/{rel}","templated":true}]}}