{"id":24932,"date":"2015-03-30T16:13:41","date_gmt":"2015-03-30T14:13:41","guid":{"rendered":"http:\/\/boardlife.se\/?post_type=product&#038;p=24932"},"modified":"2025-03-26T11:09:30","modified_gmt":"2025-03-26T10:09:30","slug":"rad-bushings-white-86a","status":"publish","type":"product","link":"https:\/\/boardlife.se\/en\/shop\/longboard\/longboard-components\/longboard-bushings\/rad-bushings-white-86a\/","title":{"rendered":"RAD Bushings White 86a"},"content":{"rendered":"<p>RAD Bushings White 86a<\/p>\n<p>RAD Bushings will give your board the response and feel you have been searching for. Many people underestimate the value of a high performance bushing which is why RAD makes it easy by offering exactly what you need.<br \/>\nAvailable in 3 durometers (White-86a, Red-89a, Blue-92a) with 2 bushings, 2 stamped flat washers, in a reusable container. 100% R.A.D. American Urethane. Don&#8217;t underestimate the effects of premium bushings.<\/p>\n<p>Weight Range Suggestions:<br \/>\n86a White &gt; 40kg &#8211; 70kg<br \/>\n89a Red &gt; 65kg &#8211; 85kg<br \/>\n92a Blue &gt; 80kg+<\/p>","protected":false},"excerpt":{"rendered":"<p>RAD Bushings White 86a RAD Bushings will give your board the response and feel you have been searching for. Many people underestimate the value of a high performance bushing which is why R.A.D. makes it easy by offering exactly what you need. Available in 3 durometers (White-86a, Red-89a, Blue-92a) with 2 bushings, 2 stamped flat [&hellip;]<\/p>\n","protected":false},"featured_media":24936,"comment_status":"open","ping_status":"closed","template":"","meta":{"_gspb_post_css":"","_crdt_document":""},"product_brand":[2598],"product_cat":[85],"product_tag":[918],"class_list":{"0":"post-24932","1":"product","2":"type-product","3":"status-publish","4":"has-post-thumbnail","6":"product_brand-r-a-d","7":"product_cat-bushings-longboard","8":"product_tag-r-a-d","9":"pa_manufacturer-r-a-d","11":"first","12":"instock","13":"sale","14":"taxable","15":"shipping-taxable","16":"purchasable","17":"product-type-simple"},"ct_brands":[{"id":2598,"name":"ROW","slug":"r-a-d"}],"yoast_head":"<!-- This site is optimized with the Yoast SEO plugin v27.5 - https:\/\/yoast.com\/product\/yoast-seo-wordpress\/ -->\n<title>RAD Bushings White 86a - Boardlife<\/title>\n<meta name=\"description\" content=\"RAD Bushings White 86a kommer ge dig den k\u00e4nslan och respons du \u00e4r ute efter. Helt klart en av de b\u00e4sta bushingsen.\" \/>\n<meta name=\"robots\" content=\"index, follow, max-snippet:-1, max-image-preview:large, max-video-preview:-1\" \/>\n<link rel=\"canonical\" href=\"https:\/\/boardlife.se\/en\/shop\/longboard\/longboard-components\/longboard-bushings\/rad-bushings-white-86a\/?wmc-currency=SEK\" \/>\n<meta property=\"og:locale\" content=\"en_US\" \/>\n<meta property=\"og:type\" content=\"article\" \/>\n<meta property=\"og:title\" content=\"RAD Bushings White 86a - Boardlife\" \/>\n<meta property=\"og:description\" content=\"RAD Bushings White 86a kommer ge dig den k\u00e4nslan och respons du \u00e4r ute efter. Helt klart en av de b\u00e4sta bushingsen.\" \/>\n<meta property=\"og:url\" content=\"https:\/\/boardlife.se\/en\/shop\/longboard\/longboard-components\/longboard-bushings\/rad-bushings-white-86a\/?wmc-currency=SEK\" \/>\n<meta property=\"og:site_name\" content=\"Boardlife\" \/>\n<meta property=\"article:publisher\" content=\"https:\/\/www.facebook.com\/Boardlife.se\" \/>\n<meta property=\"article:modified_time\" content=\"2025-03-26T10:09:30+00:00\" \/>\n<meta property=\"og:image\" content=\"https:\/\/boardlife.se\/wp-content\/uploads\/2015\/03\/RAD-bushings-white.jpg\" \/>\n\t<meta property=\"og:image:width\" content=\"536\" \/>\n\t<meta property=\"og:image:height\" content=\"476\" \/>\n\t<meta property=\"og:image:type\" content=\"image\/jpeg\" \/>\n<meta name=\"twitter:card\" content=\"summary_large_image\" \/>\n<script type=\"application\/ld+json\" class=\"yoast-schema-graph\">{\"@context\":\"https:\\\/\\\/schema.org\",\"@graph\":[{\"@type\":\"WebPage\",\"@id\":\"https:\\\/\\\/boardlife.se\\\/en\\\/shop\\\/longboard\\\/longboard-components\\\/longboard-bushings\\\/rad-bushings-white-86a\\\/\",\"url\":\"https:\\\/\\\/boardlife.se\\\/en\\\/shop\\\/longboard\\\/longboard-components\\\/longboard-bushings\\\/rad-bushings-white-86a\\\/\",\"name\":\"RAD Bushings White 86a - Boardlife\",\"isPartOf\":{\"@id\":\"https:\\\/\\\/boardlife.se\\\/#website\"},\"primaryImageOfPage\":{\"@id\":\"https:\\\/\\\/boardlife.se\\\/en\\\/shop\\\/longboard\\\/longboard-components\\\/longboard-bushings\\\/rad-bushings-white-86a\\\/#primaryimage\"},\"image\":{\"@id\":\"https:\\\/\\\/boardlife.se\\\/en\\\/shop\\\/longboard\\\/longboard-components\\\/longboard-bushings\\\/rad-bushings-white-86a\\\/#primaryimage\"},\"thumbnailUrl\":\"https:\\\/\\\/boardlife.se\\\/wp-content\\\/uploads\\\/2015\\\/03\\\/RAD-bushings-white.jpg\",\"datePublished\":\"2015-03-30T14:13:41+00:00\",\"dateModified\":\"2025-03-26T10:09:30+00:00\",\"description\":\"RAD Bushings White 86a kommer ge dig den k\u00e4nslan och respons du \u00e4r ute efter. Helt klart en av de b\u00e4sta bushingsen.\",\"breadcrumb\":{\"@id\":\"https:\\\/\\\/boardlife.se\\\/en\\\/shop\\\/longboard\\\/longboard-components\\\/longboard-bushings\\\/rad-bushings-white-86a\\\/#breadcrumb\"},\"inLanguage\":\"en-US\",\"potentialAction\":[{\"@type\":\"ReadAction\",\"target\":[\"https:\\\/\\\/boardlife.se\\\/en\\\/shop\\\/longboard\\\/longboard-components\\\/longboard-bushings\\\/rad-bushings-white-86a\\\/\"]}]},{\"@type\":\"ImageObject\",\"inLanguage\":\"en-US\",\"@id\":\"https:\\\/\\\/boardlife.se\\\/en\\\/shop\\\/longboard\\\/longboard-components\\\/longboard-bushings\\\/rad-bushings-white-86a\\\/#primaryimage\",\"url\":\"https:\\\/\\\/boardlife.se\\\/wp-content\\\/uploads\\\/2015\\\/03\\\/RAD-bushings-white.jpg\",\"contentUrl\":\"https:\\\/\\\/boardlife.se\\\/wp-content\\\/uploads\\\/2015\\\/03\\\/RAD-bushings-white.jpg\",\"width\":536,\"height\":476,\"caption\":\"RAD Bushings White 86a\"},{\"@type\":\"BreadcrumbList\",\"@id\":\"https:\\\/\\\/boardlife.se\\\/en\\\/shop\\\/longboard\\\/longboard-components\\\/longboard-bushings\\\/rad-bushings-white-86a\\\/#breadcrumb\",\"itemListElement\":[{\"@type\":\"ListItem\",\"position\":1,\"name\":\"Hem\",\"item\":\"https:\\\/\\\/boardlife.se\\\/\"},{\"@type\":\"ListItem\",\"position\":2,\"name\":\"V\u00e4lkommen till skateparadiset\",\"item\":\"https:\\\/\\\/boardlife.se\\\/shop\\\/\"},{\"@type\":\"ListItem\",\"position\":3,\"name\":\"RAD Bushings White 86a\"}]},{\"@type\":\"WebSite\",\"@id\":\"https:\\\/\\\/boardlife.se\\\/#website\",\"url\":\"https:\\\/\\\/boardlife.se\\\/\",\"name\":\"Boardlife.se\",\"description\":\"Provider of Lifestyle\",\"publisher\":{\"@id\":\"https:\\\/\\\/boardlife.se\\\/#organization\"},\"potentialAction\":[{\"@type\":\"SearchAction\",\"target\":{\"@type\":\"EntryPoint\",\"urlTemplate\":\"https:\\\/\\\/boardlife.se\\\/?s={search_term_string}\"},\"query-input\":{\"@type\":\"PropertyValueSpecification\",\"valueRequired\":true,\"valueName\":\"search_term_string\"}}],\"inLanguage\":\"en-US\"},{\"@type\":\"Organization\",\"@id\":\"https:\\\/\\\/boardlife.se\\\/#organization\",\"name\":\"Boardlife\",\"url\":\"https:\\\/\\\/boardlife.se\\\/\",\"logo\":{\"@type\":\"ImageObject\",\"inLanguage\":\"en-US\",\"@id\":\"https:\\\/\\\/boardlife.se\\\/#\\\/schema\\\/logo\\\/image\\\/\",\"url\":\"https:\\\/\\\/boardlife.se\\\/wp-content\\\/uploads\\\/2014\\\/09\\\/logo.png\",\"contentUrl\":\"https:\\\/\\\/boardlife.se\\\/wp-content\\\/uploads\\\/2014\\\/09\\\/logo.png\",\"width\":785,\"height\":103,\"caption\":\"Boardlife\"},\"image\":{\"@id\":\"https:\\\/\\\/boardlife.se\\\/#\\\/schema\\\/logo\\\/image\\\/\"},\"sameAs\":[\"https:\\\/\\\/www.facebook.com\\\/Boardlife.se\",\"http:\\\/\\\/instagram.com\\\/boardlife_official\"]}]}<\/script>\n<!-- \/ Yoast SEO plugin. -->","yoast_head_json":{"title":"RAD Bushings White 86a - Boardlife","description":"RAD Bushings White 86a will give you the feel and response you are looking for. Definitely one of the best bushings.","robots":{"index":"index","follow":"follow","max-snippet":"max-snippet:-1","max-image-preview":"max-image-preview:large","max-video-preview":"max-video-preview:-1"},"canonical":"https:\/\/boardlife.se\/en\/shop\/longboard\/longboard-components\/longboard-bushings\/rad-bushings-white-86a\/?wmc-currency=SEK","og_locale":"en_US","og_type":"article","og_title":"RAD Bushings White 86a - Boardlife","og_description":"RAD Bushings White 86a kommer ge dig den k\u00e4nslan och respons du \u00e4r ute efter. Helt klart en av de b\u00e4sta bushingsen.","og_url":"https:\/\/boardlife.se\/en\/shop\/longboard\/longboard-components\/longboard-bushings\/rad-bushings-white-86a\/?wmc-currency=SEK","og_site_name":"Boardlife","article_publisher":"https:\/\/www.facebook.com\/Boardlife.se","article_modified_time":"2025-03-26T10:09:30+00:00","og_image":[{"width":536,"height":476,"url":"https:\/\/boardlife.se\/wp-content\/uploads\/2015\/03\/RAD-bushings-white.jpg","type":"image\/jpeg"}],"twitter_card":"summary_large_image","schema":{"@context":"https:\/\/schema.org","@graph":[{"@type":"WebPage","@id":"https:\/\/boardlife.se\/en\/shop\/longboard\/longboard-components\/longboard-bushings\/rad-bushings-white-86a\/","url":"https:\/\/boardlife.se\/en\/shop\/longboard\/longboard-components\/longboard-bushings\/rad-bushings-white-86a\/","name":"RAD Bushings White 86a - Boardlife","isPartOf":{"@id":"https:\/\/boardlife.se\/#website"},"primaryImageOfPage":{"@id":"https:\/\/boardlife.se\/en\/shop\/longboard\/longboard-components\/longboard-bushings\/rad-bushings-white-86a\/#primaryimage"},"image":{"@id":"https:\/\/boardlife.se\/en\/shop\/longboard\/longboard-components\/longboard-bushings\/rad-bushings-white-86a\/#primaryimage"},"thumbnailUrl":"https:\/\/boardlife.se\/wp-content\/uploads\/2015\/03\/RAD-bushings-white.jpg","datePublished":"2015-03-30T14:13:41+00:00","dateModified":"2025-03-26T10:09:30+00:00","description":"RAD Bushings White 86a will give you the feel and response you are looking for. Definitely one of the best bushings.","breadcrumb":{"@id":"https:\/\/boardlife.se\/en\/shop\/longboard\/longboard-components\/longboard-bushings\/rad-bushings-white-86a\/#breadcrumb"},"inLanguage":"en-US","potentialAction":[{"@type":"ReadAction","target":["https:\/\/boardlife.se\/en\/shop\/longboard\/longboard-components\/longboard-bushings\/rad-bushings-white-86a\/"]}]},{"@type":"ImageObject","inLanguage":"en-US","@id":"https:\/\/boardlife.se\/en\/shop\/longboard\/longboard-components\/longboard-bushings\/rad-bushings-white-86a\/#primaryimage","url":"https:\/\/boardlife.se\/wp-content\/uploads\/2015\/03\/RAD-bushings-white.jpg","contentUrl":"https:\/\/boardlife.se\/wp-content\/uploads\/2015\/03\/RAD-bushings-white.jpg","width":536,"height":476,"caption":"RAD Bushings White 86a"},{"@type":"BreadcrumbList","@id":"https:\/\/boardlife.se\/en\/shop\/longboard\/longboard-components\/longboard-bushings\/rad-bushings-white-86a\/#breadcrumb","itemListElement":[{"@type":"ListItem","position":1,"name":"Hem","item":"https:\/\/boardlife.se\/"},{"@type":"ListItem","position":2,"name":"V\u00e4lkommen till skateparadiset","item":"https:\/\/boardlife.se\/shop\/"},{"@type":"ListItem","position":3,"name":"RAD Bushings White 86a"}]},{"@type":"WebSite","@id":"https:\/\/boardlife.se\/#website","url":"https:\/\/boardlife.se\/","name":"Boardlife.se","description":"Lifestyle Provider","publisher":{"@id":"https:\/\/boardlife.se\/#organization"},"potentialAction":[{"@type":"SearchAction","target":{"@type":"EntryPoint","urlTemplate":"https:\/\/boardlife.se\/?s={search_term_string}"},"query-input":{"@type":"PropertyValueSpecification","valueRequired":true,"valueName":"search_term_string"}}],"inLanguage":"en-US"},{"@type":"Organization","@id":"https:\/\/boardlife.se\/#organization","name":"Boardlife","url":"https:\/\/boardlife.se\/","logo":{"@type":"ImageObject","inLanguage":"en-US","@id":"https:\/\/boardlife.se\/#\/schema\/logo\/image\/","url":"https:\/\/boardlife.se\/wp-content\/uploads\/2014\/09\/logo.png","contentUrl":"https:\/\/boardlife.se\/wp-content\/uploads\/2014\/09\/logo.png","width":785,"height":103,"caption":"Boardlife"},"image":{"@id":"https:\/\/boardlife.se\/#\/schema\/logo\/image\/"},"sameAs":["https:\/\/www.facebook.com\/Boardlife.se","http:\/\/instagram.com\/boardlife_official"]}]}},"jetpack_sharing_enabled":true,"_links":{"self":[{"href":"https:\/\/boardlife.se\/en\/wp-json\/wp\/v2\/product\/24932","targetHints":{"allow":["GET"]}}],"collection":[{"href":"https:\/\/boardlife.se\/en\/wp-json\/wp\/v2\/product"}],"about":[{"href":"https:\/\/boardlife.se\/en\/wp-json\/wp\/v2\/types\/product"}],"replies":[{"embeddable":true,"href":"https:\/\/boardlife.se\/en\/wp-json\/wp\/v2\/comments?post=24932"}],"wp:featuredmedia":[{"embeddable":true,"href":"https:\/\/boardlife.se\/en\/wp-json\/wp\/v2\/media\/24936"}],"wp:attachment":[{"href":"https:\/\/boardlife.se\/en\/wp-json\/wp\/v2\/media?parent=24932"}],"wp:term":[{"taxonomy":"product_brand","embeddable":true,"href":"https:\/\/boardlife.se\/en\/wp-json\/wp\/v2\/product_brand?post=24932"},{"taxonomy":"product_cat","embeddable":true,"href":"https:\/\/boardlife.se\/en\/wp-json\/wp\/v2\/product_cat?post=24932"},{"taxonomy":"product_tag","embeddable":true,"href":"https:\/\/boardlife.se\/en\/wp-json\/wp\/v2\/product_tag?post=24932"}],"curies":[{"name":"wp","href":"https:\/\/api.w.org\/{rel}","templated":true}]}}