{"id":291,"date":"2013-04-19T11:02:12","date_gmt":"2013-04-19T09:02:12","guid":{"rendered":"http:\/\/boardlife.se\/shop\/paris-180mm-v2-bla\/"},"modified":"2025-03-26T11:07:46","modified_gmt":"2025-03-26T10:07:46","slug":"paris-180mm-v2-blue","status":"publish","type":"product","link":"https:\/\/boardlife.se\/en\/shop\/longboard\/longboard-components\/longboard-trucks\/paris-180mm-v2-blue\/","title":{"rendered":"Paris 180mm V2 Blue"},"content":{"rendered":"<p>Paris V2 has the same great design but with some new upgrades and improvements!<\/p>\n<p>Redesigned, stronger hangers.<br \/>\nHarder pivot cups with longer lifetime.<br \/>\nStronger and more durable powder coated finish.<br \/>\nGrade8 kingpins.<br \/>\nImproved design around the kingpin hole in the axle for better carving.<\/p>\n<p>Comfortable cruising trucks with good turning ability and also stable at speed.<\/p>\n<p>Hangers: 180 mm.<br \/>\nBase plate: 50 degrees.<\/p>\n<p>Comes with Divine bushings (Standard 90A)!<br \/>\nSpecial urethane bushings with extremely good rebound.<\/p>","protected":false},"excerpt":{"rendered":"<p>Comfortable cruising trucks with good turning ability and also stable at speed.<\/p>","protected":false},"featured_media":1453,"comment_status":"open","ping_status":"closed","template":"","meta":{"_gspb_post_css":"","_crdt_document":""},"product_brand":[2590],"product_cat":[23],"product_tag":[893],"class_list":{"0":"post-291","1":"product","2":"type-product","3":"status-publish","4":"has-post-thumbnail","6":"product_brand-paris-truck-co","7":"product_cat-trucks-longboard","8":"product_tag-paris-truck-co","9":"pa_manufacturer-paris-truck-co","10":"pa_truck-bredd-180mm","11":"pa_vinkel-54","13":"first","14":"instock","15":"sale","16":"taxable","17":"shipping-taxable","18":"purchasable","19":"product-type-simple"},"ct_brands":[{"id":2590,"name":"Paris Truck Co.","slug":"paris-truck-co"}],"yoast_head":"<!-- This site is optimized with the Yoast SEO plugin v27.5 - https:\/\/yoast.com\/product\/yoast-seo-wordpress\/ -->\n<title>Paris 180mm V2 Blue - Boardlife<\/title>\n<meta name=\"description\" content=\"Paris V2 har samma gamla goa design fast med n\u00e5gra nya uppgraderingar och f\u00f6rb\u00e4ttringar! Sk\u00f6na cruisingtruckar med bra sv\u00e4ngf\u00f6rm\u00e5ga och dessutom fartstabila\" \/>\n<meta name=\"robots\" content=\"index, follow, max-snippet:-1, max-image-preview:large, max-video-preview:-1\" \/>\n<link rel=\"canonical\" href=\"https:\/\/boardlife.se\/en\/shop\/longboard\/longboard-components\/longboard-trucks\/paris-180mm-v2-blue\/?wmc-currency=SEK\" \/>\n<meta property=\"og:locale\" content=\"en_US\" \/>\n<meta property=\"og:type\" content=\"article\" \/>\n<meta property=\"og:title\" content=\"Paris 180mm V2 Blue - Boardlife\" \/>\n<meta property=\"og:description\" content=\"Paris V2 har samma gamla goa design fast med n\u00e5gra nya uppgraderingar och f\u00f6rb\u00e4ttringar! Sk\u00f6na cruisingtruckar med bra sv\u00e4ngf\u00f6rm\u00e5ga och dessutom fartstabila\" \/>\n<meta property=\"og:url\" content=\"https:\/\/boardlife.se\/en\/shop\/longboard\/longboard-components\/longboard-trucks\/paris-180mm-v2-blue\/?wmc-currency=SEK\" \/>\n<meta property=\"og:site_name\" content=\"Boardlife\" \/>\n<meta property=\"article:publisher\" content=\"https:\/\/www.facebook.com\/Boardlife.se\" \/>\n<meta property=\"article:modified_time\" content=\"2025-03-26T10:07:46+00:00\" \/>\n<meta property=\"og:image\" content=\"https:\/\/boardlife.se\/wp-content\/uploads\/2013\/04\/blue-1802.jpg\" \/>\n\t<meta property=\"og:image:width\" content=\"800\" \/>\n\t<meta property=\"og:image:height\" content=\"600\" \/>\n\t<meta property=\"og:image:type\" content=\"image\/jpeg\" \/>\n<meta name=\"twitter:card\" content=\"summary_large_image\" \/>\n<script type=\"application\/ld+json\" class=\"yoast-schema-graph\">{\"@context\":\"https:\\\/\\\/schema.org\",\"@graph\":[{\"@type\":\"WebPage\",\"@id\":\"https:\\\/\\\/boardlife.se\\\/shop\\\/longboard\\\/components-longboard\\\/trucks-longboard\\\/paris-180mm-v2-blue\\\/\",\"url\":\"https:\\\/\\\/boardlife.se\\\/shop\\\/longboard\\\/components-longboard\\\/trucks-longboard\\\/paris-180mm-v2-blue\\\/\",\"name\":\"Paris 180mm V2 Blue - Boardlife\",\"isPartOf\":{\"@id\":\"https:\\\/\\\/boardlife.se\\\/#website\"},\"primaryImageOfPage\":{\"@id\":\"https:\\\/\\\/boardlife.se\\\/shop\\\/longboard\\\/components-longboard\\\/trucks-longboard\\\/paris-180mm-v2-blue\\\/#primaryimage\"},\"image\":{\"@id\":\"https:\\\/\\\/boardlife.se\\\/shop\\\/longboard\\\/components-longboard\\\/trucks-longboard\\\/paris-180mm-v2-blue\\\/#primaryimage\"},\"thumbnailUrl\":\"https:\\\/\\\/boardlife.se\\\/wp-content\\\/uploads\\\/2013\\\/04\\\/blue-1802.jpg\",\"datePublished\":\"2013-04-19T09:02:12+00:00\",\"dateModified\":\"2025-03-26T10:07:46+00:00\",\"description\":\"Paris V2 har samma gamla goa design fast med n\u00e5gra nya uppgraderingar och f\u00f6rb\u00e4ttringar! Sk\u00f6na cruisingtruckar med bra sv\u00e4ngf\u00f6rm\u00e5ga och dessutom fartstabila\",\"breadcrumb\":{\"@id\":\"https:\\\/\\\/boardlife.se\\\/shop\\\/longboard\\\/components-longboard\\\/trucks-longboard\\\/paris-180mm-v2-blue\\\/#breadcrumb\"},\"inLanguage\":\"en-US\",\"potentialAction\":[{\"@type\":\"ReadAction\",\"target\":[\"https:\\\/\\\/boardlife.se\\\/shop\\\/longboard\\\/components-longboard\\\/trucks-longboard\\\/paris-180mm-v2-blue\\\/\"]}]},{\"@type\":\"ImageObject\",\"inLanguage\":\"en-US\",\"@id\":\"https:\\\/\\\/boardlife.se\\\/shop\\\/longboard\\\/components-longboard\\\/trucks-longboard\\\/paris-180mm-v2-blue\\\/#primaryimage\",\"url\":\"https:\\\/\\\/boardlife.se\\\/wp-content\\\/uploads\\\/2013\\\/04\\\/blue-1802.jpg\",\"contentUrl\":\"https:\\\/\\\/boardlife.se\\\/wp-content\\\/uploads\\\/2013\\\/04\\\/blue-1802.jpg\",\"width\":800,\"height\":600},{\"@type\":\"BreadcrumbList\",\"@id\":\"https:\\\/\\\/boardlife.se\\\/shop\\\/longboard\\\/components-longboard\\\/trucks-longboard\\\/paris-180mm-v2-blue\\\/#breadcrumb\",\"itemListElement\":[{\"@type\":\"ListItem\",\"position\":1,\"name\":\"Hem\",\"item\":\"https:\\\/\\\/boardlife.se\\\/\"},{\"@type\":\"ListItem\",\"position\":2,\"name\":\"V\u00e4lkommen till skateparadiset\",\"item\":\"https:\\\/\\\/boardlife.se\\\/shop\\\/\"},{\"@type\":\"ListItem\",\"position\":3,\"name\":\"Paris 180mm V2 Blue\"}]},{\"@type\":\"WebSite\",\"@id\":\"https:\\\/\\\/boardlife.se\\\/#website\",\"url\":\"https:\\\/\\\/boardlife.se\\\/\",\"name\":\"Boardlife.se\",\"description\":\"Provider of Lifestyle\",\"publisher\":{\"@id\":\"https:\\\/\\\/boardlife.se\\\/#organization\"},\"potentialAction\":[{\"@type\":\"SearchAction\",\"target\":{\"@type\":\"EntryPoint\",\"urlTemplate\":\"https:\\\/\\\/boardlife.se\\\/?s={search_term_string}\"},\"query-input\":{\"@type\":\"PropertyValueSpecification\",\"valueRequired\":true,\"valueName\":\"search_term_string\"}}],\"inLanguage\":\"en-US\"},{\"@type\":\"Organization\",\"@id\":\"https:\\\/\\\/boardlife.se\\\/#organization\",\"name\":\"Boardlife\",\"url\":\"https:\\\/\\\/boardlife.se\\\/\",\"logo\":{\"@type\":\"ImageObject\",\"inLanguage\":\"en-US\",\"@id\":\"https:\\\/\\\/boardlife.se\\\/#\\\/schema\\\/logo\\\/image\\\/\",\"url\":\"https:\\\/\\\/boardlife.se\\\/wp-content\\\/uploads\\\/2014\\\/09\\\/logo.png\",\"contentUrl\":\"https:\\\/\\\/boardlife.se\\\/wp-content\\\/uploads\\\/2014\\\/09\\\/logo.png\",\"width\":785,\"height\":103,\"caption\":\"Boardlife\"},\"image\":{\"@id\":\"https:\\\/\\\/boardlife.se\\\/#\\\/schema\\\/logo\\\/image\\\/\"},\"sameAs\":[\"https:\\\/\\\/www.facebook.com\\\/Boardlife.se\",\"http:\\\/\\\/instagram.com\\\/boardlife_official\"]}]}<\/script>\n<!-- \/ Yoast SEO plugin. -->","yoast_head_json":{"title":"Paris 180mm V2 Blue - Boardlife","description":"Paris V2 has the same old great design but with some new upgrades and improvements! Nice cruising trucks with good turning ability and also stable at speed","robots":{"index":"index","follow":"follow","max-snippet":"max-snippet:-1","max-image-preview":"max-image-preview:large","max-video-preview":"max-video-preview:-1"},"canonical":"https:\/\/boardlife.se\/en\/shop\/longboard\/longboard-components\/longboard-trucks\/paris-180mm-v2-blue\/?wmc-currency=SEK","og_locale":"en_US","og_type":"article","og_title":"Paris 180mm V2 Blue - Boardlife","og_description":"Paris V2 har samma gamla goa design fast med n\u00e5gra nya uppgraderingar och f\u00f6rb\u00e4ttringar! Sk\u00f6na cruisingtruckar med bra sv\u00e4ngf\u00f6rm\u00e5ga och dessutom fartstabila","og_url":"https:\/\/boardlife.se\/en\/shop\/longboard\/longboard-components\/longboard-trucks\/paris-180mm-v2-blue\/?wmc-currency=SEK","og_site_name":"Boardlife","article_publisher":"https:\/\/www.facebook.com\/Boardlife.se","article_modified_time":"2025-03-26T10:07:46+00:00","og_image":[{"width":800,"height":600,"url":"https:\/\/boardlife.se\/wp-content\/uploads\/2013\/04\/blue-1802.jpg","type":"image\/jpeg"}],"twitter_card":"summary_large_image","schema":{"@context":"https:\/\/schema.org","@graph":[{"@type":"WebPage","@id":"https:\/\/boardlife.se\/shop\/longboard\/components-longboard\/trucks-longboard\/paris-180mm-v2-blue\/","url":"https:\/\/boardlife.se\/shop\/longboard\/components-longboard\/trucks-longboard\/paris-180mm-v2-blue\/","name":"Paris 180mm V2 Blue - Boardlife","isPartOf":{"@id":"https:\/\/boardlife.se\/#website"},"primaryImageOfPage":{"@id":"https:\/\/boardlife.se\/shop\/longboard\/components-longboard\/trucks-longboard\/paris-180mm-v2-blue\/#primaryimage"},"image":{"@id":"https:\/\/boardlife.se\/shop\/longboard\/components-longboard\/trucks-longboard\/paris-180mm-v2-blue\/#primaryimage"},"thumbnailUrl":"https:\/\/boardlife.se\/wp-content\/uploads\/2013\/04\/blue-1802.jpg","datePublished":"2013-04-19T09:02:12+00:00","dateModified":"2025-03-26T10:07:46+00:00","description":"Paris V2 has the same old great design but with some new upgrades and improvements! Nice cruising trucks with good turning ability and also stable at speed","breadcrumb":{"@id":"https:\/\/boardlife.se\/shop\/longboard\/components-longboard\/trucks-longboard\/paris-180mm-v2-blue\/#breadcrumb"},"inLanguage":"en-US","potentialAction":[{"@type":"ReadAction","target":["https:\/\/boardlife.se\/shop\/longboard\/components-longboard\/trucks-longboard\/paris-180mm-v2-blue\/"]}]},{"@type":"ImageObject","inLanguage":"en-US","@id":"https:\/\/boardlife.se\/shop\/longboard\/components-longboard\/trucks-longboard\/paris-180mm-v2-blue\/#primaryimage","url":"https:\/\/boardlife.se\/wp-content\/uploads\/2013\/04\/blue-1802.jpg","contentUrl":"https:\/\/boardlife.se\/wp-content\/uploads\/2013\/04\/blue-1802.jpg","width":800,"height":600},{"@type":"BreadcrumbList","@id":"https:\/\/boardlife.se\/shop\/longboard\/components-longboard\/trucks-longboard\/paris-180mm-v2-blue\/#breadcrumb","itemListElement":[{"@type":"ListItem","position":1,"name":"Hem","item":"https:\/\/boardlife.se\/"},{"@type":"ListItem","position":2,"name":"V\u00e4lkommen till skateparadiset","item":"https:\/\/boardlife.se\/shop\/"},{"@type":"ListItem","position":3,"name":"Paris 180mm V2 Blue"}]},{"@type":"WebSite","@id":"https:\/\/boardlife.se\/#website","url":"https:\/\/boardlife.se\/","name":"Boardlife.se","description":"Lifestyle Provider","publisher":{"@id":"https:\/\/boardlife.se\/#organization"},"potentialAction":[{"@type":"SearchAction","target":{"@type":"EntryPoint","urlTemplate":"https:\/\/boardlife.se\/?s={search_term_string}"},"query-input":{"@type":"PropertyValueSpecification","valueRequired":true,"valueName":"search_term_string"}}],"inLanguage":"en-US"},{"@type":"Organization","@id":"https:\/\/boardlife.se\/#organization","name":"Boardlife","url":"https:\/\/boardlife.se\/","logo":{"@type":"ImageObject","inLanguage":"en-US","@id":"https:\/\/boardlife.se\/#\/schema\/logo\/image\/","url":"https:\/\/boardlife.se\/wp-content\/uploads\/2014\/09\/logo.png","contentUrl":"https:\/\/boardlife.se\/wp-content\/uploads\/2014\/09\/logo.png","width":785,"height":103,"caption":"Boardlife"},"image":{"@id":"https:\/\/boardlife.se\/#\/schema\/logo\/image\/"},"sameAs":["https:\/\/www.facebook.com\/Boardlife.se","http:\/\/instagram.com\/boardlife_official"]}]}},"jetpack_sharing_enabled":true,"_links":{"self":[{"href":"https:\/\/boardlife.se\/en\/wp-json\/wp\/v2\/product\/291","targetHints":{"allow":["GET"]}}],"collection":[{"href":"https:\/\/boardlife.se\/en\/wp-json\/wp\/v2\/product"}],"about":[{"href":"https:\/\/boardlife.se\/en\/wp-json\/wp\/v2\/types\/product"}],"replies":[{"embeddable":true,"href":"https:\/\/boardlife.se\/en\/wp-json\/wp\/v2\/comments?post=291"}],"wp:featuredmedia":[{"embeddable":true,"href":"https:\/\/boardlife.se\/en\/wp-json\/wp\/v2\/media\/1453"}],"wp:attachment":[{"href":"https:\/\/boardlife.se\/en\/wp-json\/wp\/v2\/media?parent=291"}],"wp:term":[{"taxonomy":"product_brand","embeddable":true,"href":"https:\/\/boardlife.se\/en\/wp-json\/wp\/v2\/product_brand?post=291"},{"taxonomy":"product_cat","embeddable":true,"href":"https:\/\/boardlife.se\/en\/wp-json\/wp\/v2\/product_cat?post=291"},{"taxonomy":"product_tag","embeddable":true,"href":"https:\/\/boardlife.se\/en\/wp-json\/wp\/v2\/product_tag?post=291"}],"curies":[{"name":"wp","href":"https:\/\/api.w.org\/{rel}","templated":true}]}}