{"id":298909,"date":"2025-12-19T12:07:48","date_gmt":"2025-12-19T11:07:48","guid":{"rendered":"https:\/\/www.boardlife.se\/?post_type=product&#038;p=298909"},"modified":"2026-01-06T10:58:09","modified_gmt":"2026-01-06T09:58:09","slug":"boardlife-skate-trainer","status":"publish","type":"product","link":"https:\/\/boardlife.se\/en\/shop\/stuff\/boardlife-skate-trainer\/","title":{"rendered":"Boardlife Skate Trainer"},"content":{"rendered":"<p>En grymt smart produkt som g\u00f6r att du enkelt kan st\u00e5 och \u00f6va p\u00e5 ollies utan att br\u00e4dan sticker iv\u00e4g. Passformen \u00e4r flexibel och universell och passar hjul mellan 48-65mm. Enkla att tr\u00e4 p\u00e5 och anv\u00e4nda sig av.<\/p>","protected":false},"excerpt":{"rendered":"<p>A really smart product that allows you to easily stand and practice ollies without the board sticking out. These skate trainers act as a stop that prevents the board from rolling away. Perfect when you are practicing on a surface where the board tends to roll away. The fit is flexible and universal and fits wheels between 48-65mm. Easy to put on and use.<\/p>","protected":false},"featured_media":298916,"comment_status":"open","ping_status":"closed","template":"","meta":{"_gspb_post_css":"","_crdt_document":""},"product_brand":[2537],"product_cat":[853,372],"product_tag":[],"class_list":{"0":"post-298909","1":"product","2":"type-product","3":"status-publish","4":"has-post-thumbnail","6":"product_brand-boardlife","7":"product_cat-skateboard","8":"product_cat-stuff","9":"pa_color-rod","10":"pa_color-svart","12":"first","13":"instock","14":"taxable","15":"shipping-taxable","16":"purchasable","17":"product-type-variable","18":"has-default-attributes"},"ct_brands":[{"id":2537,"name":"Boardlife","slug":"boardlife"}],"yoast_head":"<!-- This site is optimized with the Yoast SEO plugin v27.5 - https:\/\/yoast.com\/product\/yoast-seo-wordpress\/ -->\n<title>Boardlife Skate Trainer - Boardlife<\/title>\n<meta name=\"robots\" content=\"index, follow, max-snippet:-1, max-image-preview:large, max-video-preview:-1\" \/>\n<link rel=\"canonical\" href=\"https:\/\/boardlife.se\/en\/shop\/stuff\/boardlife-skate-trainer\/?wmc-currency=SEK\" \/>\n<meta property=\"og:locale\" content=\"en_US\" \/>\n<meta property=\"og:type\" content=\"article\" \/>\n<meta property=\"og:title\" content=\"Boardlife Skate Trainer - Boardlife\" \/>\n<meta property=\"og:description\" content=\"En grymt smart produkt som g\u00f6r att du enkelt kan st\u00e5 och \u00f6va p\u00e5 ollies utan att br\u00e4dan sticker iv\u00e4g. Dessa skate trainers fungerar som ett stopp som f\u00f6rhindrar att br\u00e4dan rullar iv\u00e4g. Perfekt n\u00e4r du ska \u00f6va p\u00e5 ett underlag d\u00e4r br\u00e4dan tenderar att rulla iv\u00e4g. Passformen \u00e4r flexibel och universell och passar hjul mellan 48-65mm. Enkla att tr\u00e4 p\u00e5 och anv\u00e4nda sig av.\" \/>\n<meta property=\"og:url\" content=\"https:\/\/boardlife.se\/en\/shop\/stuff\/boardlife-skate-trainer\/?wmc-currency=SEK\" \/>\n<meta property=\"og:site_name\" content=\"Boardlife\" \/>\n<meta property=\"article:publisher\" content=\"https:\/\/www.facebook.com\/Boardlife.se\" \/>\n<meta property=\"article:modified_time\" content=\"2026-01-06T09:58:09+00:00\" \/>\n<meta property=\"og:image\" content=\"https:\/\/boardlife.se\/wp-content\/uploads\/2025\/12\/boardlife-skate-trainer-black.jpg\" \/>\n\t<meta property=\"og:image:width\" content=\"800\" \/>\n\t<meta property=\"og:image:height\" content=\"800\" \/>\n\t<meta property=\"og:image:type\" content=\"image\/jpeg\" \/>\n<meta name=\"twitter:card\" content=\"summary_large_image\" \/>\n<script type=\"application\/ld+json\" class=\"yoast-schema-graph\">{\"@context\":\"https:\\\/\\\/schema.org\",\"@graph\":[{\"@type\":\"WebPage\",\"@id\":\"https:\\\/\\\/boardlife.se\\\/en\\\/shop\\\/stuff\\\/boardlife-skate-trainer\\\/\",\"url\":\"https:\\\/\\\/boardlife.se\\\/en\\\/shop\\\/stuff\\\/boardlife-skate-trainer\\\/\",\"name\":\"Boardlife Skate Trainer - Boardlife\",\"isPartOf\":{\"@id\":\"https:\\\/\\\/boardlife.se\\\/#website\"},\"primaryImageOfPage\":{\"@id\":\"https:\\\/\\\/boardlife.se\\\/en\\\/shop\\\/stuff\\\/boardlife-skate-trainer\\\/#primaryimage\"},\"image\":{\"@id\":\"https:\\\/\\\/boardlife.se\\\/en\\\/shop\\\/stuff\\\/boardlife-skate-trainer\\\/#primaryimage\"},\"thumbnailUrl\":\"https:\\\/\\\/boardlife.se\\\/wp-content\\\/uploads\\\/2025\\\/12\\\/boardlife-skate-trainer-black.jpg\",\"datePublished\":\"2025-12-19T11:07:48+00:00\",\"dateModified\":\"2026-01-06T09:58:09+00:00\",\"breadcrumb\":{\"@id\":\"https:\\\/\\\/boardlife.se\\\/en\\\/shop\\\/stuff\\\/boardlife-skate-trainer\\\/#breadcrumb\"},\"inLanguage\":\"en-US\",\"potentialAction\":[{\"@type\":\"ReadAction\",\"target\":[\"https:\\\/\\\/boardlife.se\\\/en\\\/shop\\\/stuff\\\/boardlife-skate-trainer\\\/\"]}]},{\"@type\":\"ImageObject\",\"inLanguage\":\"en-US\",\"@id\":\"https:\\\/\\\/boardlife.se\\\/en\\\/shop\\\/stuff\\\/boardlife-skate-trainer\\\/#primaryimage\",\"url\":\"https:\\\/\\\/boardlife.se\\\/wp-content\\\/uploads\\\/2025\\\/12\\\/boardlife-skate-trainer-black.jpg\",\"contentUrl\":\"https:\\\/\\\/boardlife.se\\\/wp-content\\\/uploads\\\/2025\\\/12\\\/boardlife-skate-trainer-black.jpg\",\"width\":800,\"height\":800,\"caption\":\"Boardlife skate trainer black\"},{\"@type\":\"BreadcrumbList\",\"@id\":\"https:\\\/\\\/boardlife.se\\\/en\\\/shop\\\/stuff\\\/boardlife-skate-trainer\\\/#breadcrumb\",\"itemListElement\":[{\"@type\":\"ListItem\",\"position\":1,\"name\":\"Hem\",\"item\":\"https:\\\/\\\/boardlife.se\\\/\"},{\"@type\":\"ListItem\",\"position\":2,\"name\":\"V\u00e4lkommen till skateparadiset\",\"item\":\"https:\\\/\\\/boardlife.se\\\/shop\\\/\"},{\"@type\":\"ListItem\",\"position\":3,\"name\":\"Boardlife Skate Trainer\"}]},{\"@type\":\"WebSite\",\"@id\":\"https:\\\/\\\/boardlife.se\\\/#website\",\"url\":\"https:\\\/\\\/boardlife.se\\\/\",\"name\":\"Boardlife.se\",\"description\":\"Provider of Lifestyle\",\"publisher\":{\"@id\":\"https:\\\/\\\/boardlife.se\\\/#organization\"},\"potentialAction\":[{\"@type\":\"SearchAction\",\"target\":{\"@type\":\"EntryPoint\",\"urlTemplate\":\"https:\\\/\\\/boardlife.se\\\/?s={search_term_string}\"},\"query-input\":{\"@type\":\"PropertyValueSpecification\",\"valueRequired\":true,\"valueName\":\"search_term_string\"}}],\"inLanguage\":\"en-US\"},{\"@type\":\"Organization\",\"@id\":\"https:\\\/\\\/boardlife.se\\\/#organization\",\"name\":\"Boardlife\",\"url\":\"https:\\\/\\\/boardlife.se\\\/\",\"logo\":{\"@type\":\"ImageObject\",\"inLanguage\":\"en-US\",\"@id\":\"https:\\\/\\\/boardlife.se\\\/#\\\/schema\\\/logo\\\/image\\\/\",\"url\":\"https:\\\/\\\/boardlife.se\\\/wp-content\\\/uploads\\\/2014\\\/09\\\/logo.png\",\"contentUrl\":\"https:\\\/\\\/boardlife.se\\\/wp-content\\\/uploads\\\/2014\\\/09\\\/logo.png\",\"width\":785,\"height\":103,\"caption\":\"Boardlife\"},\"image\":{\"@id\":\"https:\\\/\\\/boardlife.se\\\/#\\\/schema\\\/logo\\\/image\\\/\"},\"sameAs\":[\"https:\\\/\\\/www.facebook.com\\\/Boardlife.se\",\"http:\\\/\\\/instagram.com\\\/boardlife_official\"]}]}<\/script>\n<!-- \/ Yoast SEO plugin. -->","yoast_head_json":{"title":"Boardlife Skate Trainer - Boardlife","robots":{"index":"index","follow":"follow","max-snippet":"max-snippet:-1","max-image-preview":"max-image-preview:large","max-video-preview":"max-video-preview:-1"},"canonical":"https:\/\/boardlife.se\/en\/shop\/stuff\/boardlife-skate-trainer\/?wmc-currency=SEK","og_locale":"en_US","og_type":"article","og_title":"Boardlife Skate Trainer - Boardlife","og_description":"En grymt smart produkt som g\u00f6r att du enkelt kan st\u00e5 och \u00f6va p\u00e5 ollies utan att br\u00e4dan sticker iv\u00e4g. Dessa skate trainers fungerar som ett stopp som f\u00f6rhindrar att br\u00e4dan rullar iv\u00e4g. Perfekt n\u00e4r du ska \u00f6va p\u00e5 ett underlag d\u00e4r br\u00e4dan tenderar att rulla iv\u00e4g. Passformen \u00e4r flexibel och universell och passar hjul mellan 48-65mm. Enkla att tr\u00e4 p\u00e5 och anv\u00e4nda sig av.","og_url":"https:\/\/boardlife.se\/en\/shop\/stuff\/boardlife-skate-trainer\/?wmc-currency=SEK","og_site_name":"Boardlife","article_publisher":"https:\/\/www.facebook.com\/Boardlife.se","article_modified_time":"2026-01-06T09:58:09+00:00","og_image":[{"width":800,"height":800,"url":"https:\/\/boardlife.se\/wp-content\/uploads\/2025\/12\/boardlife-skate-trainer-black.jpg","type":"image\/jpeg"}],"twitter_card":"summary_large_image","schema":{"@context":"https:\/\/schema.org","@graph":[{"@type":"WebPage","@id":"https:\/\/boardlife.se\/en\/shop\/stuff\/boardlife-skate-trainer\/","url":"https:\/\/boardlife.se\/en\/shop\/stuff\/boardlife-skate-trainer\/","name":"Boardlife Skate Trainer - Boardlife","isPartOf":{"@id":"https:\/\/boardlife.se\/#website"},"primaryImageOfPage":{"@id":"https:\/\/boardlife.se\/en\/shop\/stuff\/boardlife-skate-trainer\/#primaryimage"},"image":{"@id":"https:\/\/boardlife.se\/en\/shop\/stuff\/boardlife-skate-trainer\/#primaryimage"},"thumbnailUrl":"https:\/\/boardlife.se\/wp-content\/uploads\/2025\/12\/boardlife-skate-trainer-black.jpg","datePublished":"2025-12-19T11:07:48+00:00","dateModified":"2026-01-06T09:58:09+00:00","breadcrumb":{"@id":"https:\/\/boardlife.se\/en\/shop\/stuff\/boardlife-skate-trainer\/#breadcrumb"},"inLanguage":"en-US","potentialAction":[{"@type":"ReadAction","target":["https:\/\/boardlife.se\/en\/shop\/stuff\/boardlife-skate-trainer\/"]}]},{"@type":"ImageObject","inLanguage":"en-US","@id":"https:\/\/boardlife.se\/en\/shop\/stuff\/boardlife-skate-trainer\/#primaryimage","url":"https:\/\/boardlife.se\/wp-content\/uploads\/2025\/12\/boardlife-skate-trainer-black.jpg","contentUrl":"https:\/\/boardlife.se\/wp-content\/uploads\/2025\/12\/boardlife-skate-trainer-black.jpg","width":800,"height":800,"caption":"Boardlife skate trainer black"},{"@type":"BreadcrumbList","@id":"https:\/\/boardlife.se\/en\/shop\/stuff\/boardlife-skate-trainer\/#breadcrumb","itemListElement":[{"@type":"ListItem","position":1,"name":"Hem","item":"https:\/\/boardlife.se\/"},{"@type":"ListItem","position":2,"name":"V\u00e4lkommen till skateparadiset","item":"https:\/\/boardlife.se\/shop\/"},{"@type":"ListItem","position":3,"name":"Boardlife Skate Trainer"}]},{"@type":"WebSite","@id":"https:\/\/boardlife.se\/#website","url":"https:\/\/boardlife.se\/","name":"Boardlife.se","description":"Lifestyle Provider","publisher":{"@id":"https:\/\/boardlife.se\/#organization"},"potentialAction":[{"@type":"SearchAction","target":{"@type":"EntryPoint","urlTemplate":"https:\/\/boardlife.se\/?s={search_term_string}"},"query-input":{"@type":"PropertyValueSpecification","valueRequired":true,"valueName":"search_term_string"}}],"inLanguage":"en-US"},{"@type":"Organization","@id":"https:\/\/boardlife.se\/#organization","name":"Boardlife","url":"https:\/\/boardlife.se\/","logo":{"@type":"ImageObject","inLanguage":"en-US","@id":"https:\/\/boardlife.se\/#\/schema\/logo\/image\/","url":"https:\/\/boardlife.se\/wp-content\/uploads\/2014\/09\/logo.png","contentUrl":"https:\/\/boardlife.se\/wp-content\/uploads\/2014\/09\/logo.png","width":785,"height":103,"caption":"Boardlife"},"image":{"@id":"https:\/\/boardlife.se\/#\/schema\/logo\/image\/"},"sameAs":["https:\/\/www.facebook.com\/Boardlife.se","http:\/\/instagram.com\/boardlife_official"]}]}},"jetpack_sharing_enabled":true,"_links":{"self":[{"href":"https:\/\/boardlife.se\/en\/wp-json\/wp\/v2\/product\/298909","targetHints":{"allow":["GET"]}}],"collection":[{"href":"https:\/\/boardlife.se\/en\/wp-json\/wp\/v2\/product"}],"about":[{"href":"https:\/\/boardlife.se\/en\/wp-json\/wp\/v2\/types\/product"}],"replies":[{"embeddable":true,"href":"https:\/\/boardlife.se\/en\/wp-json\/wp\/v2\/comments?post=298909"}],"wp:featuredmedia":[{"embeddable":true,"href":"https:\/\/boardlife.se\/en\/wp-json\/wp\/v2\/media\/298916"}],"wp:attachment":[{"href":"https:\/\/boardlife.se\/en\/wp-json\/wp\/v2\/media?parent=298909"}],"wp:term":[{"taxonomy":"product_brand","embeddable":true,"href":"https:\/\/boardlife.se\/en\/wp-json\/wp\/v2\/product_brand?post=298909"},{"taxonomy":"product_cat","embeddable":true,"href":"https:\/\/boardlife.se\/en\/wp-json\/wp\/v2\/product_cat?post=298909"},{"taxonomy":"product_tag","embeddable":true,"href":"https:\/\/boardlife.se\/en\/wp-json\/wp\/v2\/product_tag?post=298909"}],"curies":[{"name":"wp","href":"https:\/\/api.w.org\/{rel}","templated":true}]}}