{"id":314,"date":"2013-04-19T11:29:32","date_gmt":"2013-04-19T09:29:32","guid":{"rendered":"http:\/\/boardlife.se\/shop\/stimulus-86a-70mm\/"},"modified":"2024-05-30T16:29:52","modified_gmt":"2024-05-30T14:29:52","slug":"orange-stimulus-70mm-86a","status":"publish","type":"product","link":"https:\/\/boardlife.se\/en\/shop\/longboard\/longboard-components\/longboard-wheels\/orange-stimulus-70mm-86a\/","title":{"rendered":"Orange Tongs Stimulus 70mm 86a"},"content":{"rendered":"<p>Anpassade f\u00f6r att du l\u00e4ttare ska kunna slide:a.<\/p>\n<p>Hjulen \u00e4r tillverkade med runda l\u00e4ppar och f\u00f6rsliten slityta. Detta f\u00f6r att du ska kunna \u00e5ka med k\u00e4nslan av att ha s\u00e4kert grepp men ocks\u00e5 f\u00f6r att underl\u00e4tta och ge dig l\u00e4ngre och mer kontrollerade slides. Allts\u00e5 du beh\u00f6ver inte vara r\u00e4dd f\u00f6r att carva och \u00e5ka fort, hjulen slide:ar n\u00e4r du vill det.<\/p>\n<p>Hjulen har uppdaterats sedan releasen med en ny h\u00e5rdare k\u00e4rna som ger l\u00e4ngre livsl\u00e4ngd.<\/p>\n<p>[sf_fullscreenvideo type=&#8221;text-button&#8221; btntext=&#8221;Produktvideo&#8221; imageurl=&#8221;&#8221; videourl=&#8221;http:\/\/www.youtube.com\/watch?v=Nj1HZQgmkP0&#8243; extraclass=&#8221;&#8221;]<\/p>\n","protected":false},"excerpt":{"rendered":"<p>Perhaps one of Orangatang&#039;s most popular all-round wheels.<\/p>","protected":false},"featured_media":1062,"comment_status":"open","ping_status":"closed","template":"","meta":{"_gspb_post_css":"","_crdt_document":""},"product_brand":[2588],"product_cat":[38],"product_tag":[877],"class_list":{"0":"post-314","1":"product","2":"type-product","3":"status-publish","4":"has-post-thumbnail","6":"product_brand-orangatang-wheels","7":"product_cat-wheels-longboard","8":"product_tag-orangatang-wheels","9":"pa_diameter-70mm","10":"pa_durometer-86a","11":"pa_hub-placering-offset","12":"pa_kontaktyta-42mm","13":"pa_kontaktyta-orangatang-wheels","14":"pa_wheel-shape-rounded","16":"first","17":"outofstock","18":"taxable","19":"shipping-taxable","20":"purchasable","21":"product-type-simple"},"ct_brands":[{"id":2588,"name":"Orange Tang Wheels","slug":"orangatang-wheels"}],"yoast_head":"<!-- This site is optimized with the Yoast SEO plugin v27.5 - https:\/\/yoast.com\/product\/yoast-seo-wordpress\/ -->\n<title>Orangatang Stimulus 70mm 86a - Boardlife<\/title>\n<meta name=\"robots\" content=\"index, follow, max-snippet:-1, max-image-preview:large, max-video-preview:-1\" \/>\n<link rel=\"canonical\" href=\"https:\/\/boardlife.se\/en\/shop\/longboard\/longboard-components\/longboard-wheels\/orange-stimulus-70mm-86a\/?wmc-currency=SEK\" \/>\n<meta property=\"og:locale\" content=\"en_US\" \/>\n<meta property=\"og:type\" content=\"article\" \/>\n<meta property=\"og:title\" content=\"Orangatang Stimulus 70mm 86a - Boardlife\" \/>\n<meta property=\"og:description\" content=\"Ett av Orangatangs kanske mest popul\u00e4ra allroundhjul.\" \/>\n<meta property=\"og:url\" content=\"https:\/\/boardlife.se\/en\/shop\/longboard\/longboard-components\/longboard-wheels\/orange-stimulus-70mm-86a\/?wmc-currency=SEK\" \/>\n<meta property=\"og:site_name\" content=\"Boardlife\" \/>\n<meta property=\"article:publisher\" content=\"https:\/\/www.facebook.com\/Boardlife.se\" \/>\n<meta property=\"article:modified_time\" content=\"2024-05-30T14:29:52+00:00\" \/>\n<meta property=\"og:image\" content=\"https:\/\/boardlife.se\/wp-content\/uploads\/2013\/04\/stimulus70mm86a.jpg\" \/>\n\t<meta property=\"og:image:width\" content=\"381\" \/>\n\t<meta property=\"og:image:height\" content=\"381\" \/>\n\t<meta property=\"og:image:type\" content=\"image\/jpeg\" \/>\n<meta name=\"twitter:card\" content=\"summary_large_image\" \/>\n<meta name=\"twitter:label1\" content=\"Est. reading time\" \/>\n\t<meta name=\"twitter:data1\" content=\"1 minute\" \/>\n<script type=\"application\/ld+json\" class=\"yoast-schema-graph\">{\"@context\":\"https:\\\/\\\/schema.org\",\"@graph\":[{\"@type\":\"WebPage\",\"@id\":\"https:\\\/\\\/boardlife.se\\\/shop\\\/longboard\\\/components-longboard\\\/wheels-longboard\\\/orangatang-stimulus-70mm-86a\\\/\",\"url\":\"https:\\\/\\\/boardlife.se\\\/shop\\\/longboard\\\/components-longboard\\\/wheels-longboard\\\/orangatang-stimulus-70mm-86a\\\/\",\"name\":\"Orangatang Stimulus 70mm 86a - Boardlife\",\"isPartOf\":{\"@id\":\"https:\\\/\\\/boardlife.se\\\/#website\"},\"primaryImageOfPage\":{\"@id\":\"https:\\\/\\\/boardlife.se\\\/shop\\\/longboard\\\/components-longboard\\\/wheels-longboard\\\/orangatang-stimulus-70mm-86a\\\/#primaryimage\"},\"image\":{\"@id\":\"https:\\\/\\\/boardlife.se\\\/shop\\\/longboard\\\/components-longboard\\\/wheels-longboard\\\/orangatang-stimulus-70mm-86a\\\/#primaryimage\"},\"thumbnailUrl\":\"https:\\\/\\\/boardlife.se\\\/wp-content\\\/uploads\\\/2013\\\/04\\\/stimulus70mm86a.jpg\",\"datePublished\":\"2013-04-19T09:29:32+00:00\",\"dateModified\":\"2024-05-30T14:29:52+00:00\",\"breadcrumb\":{\"@id\":\"https:\\\/\\\/boardlife.se\\\/shop\\\/longboard\\\/components-longboard\\\/wheels-longboard\\\/orangatang-stimulus-70mm-86a\\\/#breadcrumb\"},\"inLanguage\":\"en-US\",\"potentialAction\":[{\"@type\":\"ReadAction\",\"target\":[\"https:\\\/\\\/boardlife.se\\\/shop\\\/longboard\\\/components-longboard\\\/wheels-longboard\\\/orangatang-stimulus-70mm-86a\\\/\"]}]},{\"@type\":\"ImageObject\",\"inLanguage\":\"en-US\",\"@id\":\"https:\\\/\\\/boardlife.se\\\/shop\\\/longboard\\\/components-longboard\\\/wheels-longboard\\\/orangatang-stimulus-70mm-86a\\\/#primaryimage\",\"url\":\"https:\\\/\\\/boardlife.se\\\/wp-content\\\/uploads\\\/2013\\\/04\\\/stimulus70mm86a.jpg\",\"contentUrl\":\"https:\\\/\\\/boardlife.se\\\/wp-content\\\/uploads\\\/2013\\\/04\\\/stimulus70mm86a.jpg\",\"width\":381,\"height\":381},{\"@type\":\"BreadcrumbList\",\"@id\":\"https:\\\/\\\/boardlife.se\\\/shop\\\/longboard\\\/components-longboard\\\/wheels-longboard\\\/orangatang-stimulus-70mm-86a\\\/#breadcrumb\",\"itemListElement\":[{\"@type\":\"ListItem\",\"position\":1,\"name\":\"Hem\",\"item\":\"https:\\\/\\\/boardlife.se\\\/\"},{\"@type\":\"ListItem\",\"position\":2,\"name\":\"V\u00e4lkommen till skateparadiset\",\"item\":\"https:\\\/\\\/boardlife.se\\\/shop\\\/\"},{\"@type\":\"ListItem\",\"position\":3,\"name\":\"Orangatang Stimulus 70mm 86a\"}]},{\"@type\":\"WebSite\",\"@id\":\"https:\\\/\\\/boardlife.se\\\/#website\",\"url\":\"https:\\\/\\\/boardlife.se\\\/\",\"name\":\"Boardlife.se\",\"description\":\"Provider of Lifestyle\",\"publisher\":{\"@id\":\"https:\\\/\\\/boardlife.se\\\/#organization\"},\"potentialAction\":[{\"@type\":\"SearchAction\",\"target\":{\"@type\":\"EntryPoint\",\"urlTemplate\":\"https:\\\/\\\/boardlife.se\\\/?s={search_term_string}\"},\"query-input\":{\"@type\":\"PropertyValueSpecification\",\"valueRequired\":true,\"valueName\":\"search_term_string\"}}],\"inLanguage\":\"en-US\"},{\"@type\":\"Organization\",\"@id\":\"https:\\\/\\\/boardlife.se\\\/#organization\",\"name\":\"Boardlife\",\"url\":\"https:\\\/\\\/boardlife.se\\\/\",\"logo\":{\"@type\":\"ImageObject\",\"inLanguage\":\"en-US\",\"@id\":\"https:\\\/\\\/boardlife.se\\\/#\\\/schema\\\/logo\\\/image\\\/\",\"url\":\"https:\\\/\\\/boardlife.se\\\/wp-content\\\/uploads\\\/2014\\\/09\\\/logo.png\",\"contentUrl\":\"https:\\\/\\\/boardlife.se\\\/wp-content\\\/uploads\\\/2014\\\/09\\\/logo.png\",\"width\":785,\"height\":103,\"caption\":\"Boardlife\"},\"image\":{\"@id\":\"https:\\\/\\\/boardlife.se\\\/#\\\/schema\\\/logo\\\/image\\\/\"},\"sameAs\":[\"https:\\\/\\\/www.facebook.com\\\/Boardlife.se\",\"http:\\\/\\\/instagram.com\\\/boardlife_official\"]}]}<\/script>\n<!-- \/ Yoast SEO plugin. -->","yoast_head_json":{"title":"Orangatang Stimulus 70mm 86a - Boardlife","robots":{"index":"index","follow":"follow","max-snippet":"max-snippet:-1","max-image-preview":"max-image-preview:large","max-video-preview":"max-video-preview:-1"},"canonical":"https:\/\/boardlife.se\/en\/shop\/longboard\/longboard-components\/longboard-wheels\/orange-stimulus-70mm-86a\/?wmc-currency=SEK","og_locale":"en_US","og_type":"article","og_title":"Orangatang Stimulus 70mm 86a - Boardlife","og_description":"Ett av Orangatangs kanske mest popul\u00e4ra allroundhjul.","og_url":"https:\/\/boardlife.se\/en\/shop\/longboard\/longboard-components\/longboard-wheels\/orange-stimulus-70mm-86a\/?wmc-currency=SEK","og_site_name":"Boardlife","article_publisher":"https:\/\/www.facebook.com\/Boardlife.se","article_modified_time":"2024-05-30T14:29:52+00:00","og_image":[{"width":381,"height":381,"url":"https:\/\/boardlife.se\/wp-content\/uploads\/2013\/04\/stimulus70mm86a.jpg","type":"image\/jpeg"}],"twitter_card":"summary_large_image","twitter_misc":{"Est. reading time":"1 minute"},"schema":{"@context":"https:\/\/schema.org","@graph":[{"@type":"WebPage","@id":"https:\/\/boardlife.se\/shop\/longboard\/components-longboard\/wheels-longboard\/orangatang-stimulus-70mm-86a\/","url":"https:\/\/boardlife.se\/shop\/longboard\/components-longboard\/wheels-longboard\/orangatang-stimulus-70mm-86a\/","name":"Orangatang Stimulus 70mm 86a - Boardlife","isPartOf":{"@id":"https:\/\/boardlife.se\/#website"},"primaryImageOfPage":{"@id":"https:\/\/boardlife.se\/shop\/longboard\/components-longboard\/wheels-longboard\/orangatang-stimulus-70mm-86a\/#primaryimage"},"image":{"@id":"https:\/\/boardlife.se\/shop\/longboard\/components-longboard\/wheels-longboard\/orangatang-stimulus-70mm-86a\/#primaryimage"},"thumbnailUrl":"https:\/\/boardlife.se\/wp-content\/uploads\/2013\/04\/stimulus70mm86a.jpg","datePublished":"2013-04-19T09:29:32+00:00","dateModified":"2024-05-30T14:29:52+00:00","breadcrumb":{"@id":"https:\/\/boardlife.se\/shop\/longboard\/components-longboard\/wheels-longboard\/orangatang-stimulus-70mm-86a\/#breadcrumb"},"inLanguage":"en-US","potentialAction":[{"@type":"ReadAction","target":["https:\/\/boardlife.se\/shop\/longboard\/components-longboard\/wheels-longboard\/orangatang-stimulus-70mm-86a\/"]}]},{"@type":"ImageObject","inLanguage":"en-US","@id":"https:\/\/boardlife.se\/shop\/longboard\/components-longboard\/wheels-longboard\/orangatang-stimulus-70mm-86a\/#primaryimage","url":"https:\/\/boardlife.se\/wp-content\/uploads\/2013\/04\/stimulus70mm86a.jpg","contentUrl":"https:\/\/boardlife.se\/wp-content\/uploads\/2013\/04\/stimulus70mm86a.jpg","width":381,"height":381},{"@type":"BreadcrumbList","@id":"https:\/\/boardlife.se\/shop\/longboard\/components-longboard\/wheels-longboard\/orangatang-stimulus-70mm-86a\/#breadcrumb","itemListElement":[{"@type":"ListItem","position":1,"name":"Hem","item":"https:\/\/boardlife.se\/"},{"@type":"ListItem","position":2,"name":"V\u00e4lkommen till skateparadiset","item":"https:\/\/boardlife.se\/shop\/"},{"@type":"ListItem","position":3,"name":"Orangatang Stimulus 70mm 86a"}]},{"@type":"WebSite","@id":"https:\/\/boardlife.se\/#website","url":"https:\/\/boardlife.se\/","name":"Boardlife.se","description":"Lifestyle Provider","publisher":{"@id":"https:\/\/boardlife.se\/#organization"},"potentialAction":[{"@type":"SearchAction","target":{"@type":"EntryPoint","urlTemplate":"https:\/\/boardlife.se\/?s={search_term_string}"},"query-input":{"@type":"PropertyValueSpecification","valueRequired":true,"valueName":"search_term_string"}}],"inLanguage":"en-US"},{"@type":"Organization","@id":"https:\/\/boardlife.se\/#organization","name":"Boardlife","url":"https:\/\/boardlife.se\/","logo":{"@type":"ImageObject","inLanguage":"en-US","@id":"https:\/\/boardlife.se\/#\/schema\/logo\/image\/","url":"https:\/\/boardlife.se\/wp-content\/uploads\/2014\/09\/logo.png","contentUrl":"https:\/\/boardlife.se\/wp-content\/uploads\/2014\/09\/logo.png","width":785,"height":103,"caption":"Boardlife"},"image":{"@id":"https:\/\/boardlife.se\/#\/schema\/logo\/image\/"},"sameAs":["https:\/\/www.facebook.com\/Boardlife.se","http:\/\/instagram.com\/boardlife_official"]}]}},"jetpack_sharing_enabled":true,"_links":{"self":[{"href":"https:\/\/boardlife.se\/en\/wp-json\/wp\/v2\/product\/314","targetHints":{"allow":["GET"]}}],"collection":[{"href":"https:\/\/boardlife.se\/en\/wp-json\/wp\/v2\/product"}],"about":[{"href":"https:\/\/boardlife.se\/en\/wp-json\/wp\/v2\/types\/product"}],"replies":[{"embeddable":true,"href":"https:\/\/boardlife.se\/en\/wp-json\/wp\/v2\/comments?post=314"}],"wp:featuredmedia":[{"embeddable":true,"href":"https:\/\/boardlife.se\/en\/wp-json\/wp\/v2\/media\/1062"}],"wp:attachment":[{"href":"https:\/\/boardlife.se\/en\/wp-json\/wp\/v2\/media?parent=314"}],"wp:term":[{"taxonomy":"product_brand","embeddable":true,"href":"https:\/\/boardlife.se\/en\/wp-json\/wp\/v2\/product_brand?post=314"},{"taxonomy":"product_cat","embeddable":true,"href":"https:\/\/boardlife.se\/en\/wp-json\/wp\/v2\/product_cat?post=314"},{"taxonomy":"product_tag","embeddable":true,"href":"https:\/\/boardlife.se\/en\/wp-json\/wp\/v2\/product_tag?post=314"}],"curies":[{"name":"wp","href":"https:\/\/api.w.org\/{rel}","templated":true}]}}