{"id":33861,"date":"2016-03-07T22:55:53","date_gmt":"2016-03-07T21:55:53","guid":{"rendered":"http:\/\/www.boardlife.se\/produkt\/rad-feather-63mm84a\/"},"modified":"2024-04-23T18:49:50","modified_gmt":"2024-04-23T16:49:50","slug":"rad-feather-63mm84a","status":"publish","type":"product","link":"https:\/\/boardlife.se\/en\/shop\/longboard\/longboard-components\/longboard-wheels\/rad-feather-63mm84a\/","title":{"rendered":"RAD Feather 63mm84a"},"content":{"rendered":"<p>RAD Feather 63mm84a<\/p>\n<p>The 63mm Feather gives you everything you need to maximize ease of sliding. The smaller, versatile shape is ready for anything from city crushing to downhill freeriding. The wheel is designed to have fun and maximize your ride on any terrain you may encounter. The Feather comes with a stone ground finish ready to slide right out of the box. With a proprietary urethane formula, the Feather is ready to paste urethane up and down your local slide spot.<\/p>\n<p>RAD, Rider Approved Design, har som m\u00e5l att \u00e5teruppfinna hjulet! Det \u00e4r skatare som designar hjul f\u00f6r skatare och det m\u00e4rks verkligen n\u00e4r man anv\u00e4nder hjulen!<\/p>\n<p>&nbsp;<\/p>","protected":false},"excerpt":{"rendered":"<p>RAD Feather 63mm84a The 63mm Feather gives you everything you need to maximize ease of sliding. The smaller, versatile shape is ready for anything from city crushing to downhill freeriding. The wheel is designed to have fun and maximize your ride on any terrain you may encounter. The Feather comes with a stone ground finish [&hellip;]<\/p>\n","protected":false},"featured_media":33863,"comment_status":"open","ping_status":"closed","template":"","meta":{"_gspb_post_css":"","_crdt_document":""},"product_brand":[2598],"product_cat":[38],"product_tag":[918],"class_list":{"0":"post-33861","1":"product","2":"type-product","3":"status-publish","4":"has-post-thumbnail","6":"product_brand-r-a-d","7":"product_cat-wheels-longboard","8":"product_tag-r-a-d","9":"pa_diameter-74mm","10":"pa_durometer-80a","11":"pa_hub-placering-offset","12":"pa_kontaktyta-58mm","13":"pa_manufacturer-r-a-d","15":"first","16":"instock","17":"sale","18":"featured","19":"taxable","20":"shipping-taxable","21":"purchasable","22":"product-type-simple"},"ct_brands":[{"id":2598,"name":"ROW","slug":"r-a-d"}],"yoast_head":"<!-- This site is optimized with the Yoast SEO plugin v27.5 - https:\/\/yoast.com\/product\/yoast-seo-wordpress\/ -->\n<title>RAD Feather 63mm84a - Boardlife<\/title>\n<meta name=\"robots\" content=\"index, follow, max-snippet:-1, max-image-preview:large, max-video-preview:-1\" \/>\n<link rel=\"canonical\" href=\"https:\/\/boardlife.se\/en\/shop\/longboard\/longboard-components\/longboard-wheels\/rad-feather-63mm84a\/?wmc-currency=SEK\" \/>\n<meta property=\"og:locale\" content=\"en_US\" \/>\n<meta property=\"og:type\" content=\"article\" \/>\n<meta property=\"og:title\" content=\"RAD Feather 63mm84a - Boardlife\" \/>\n<meta property=\"og:description\" content=\"RAD Feather 63mm84a The 63mm Feather gives you everything you need to maximize ease of sliding. The smaller, versatile shape is ready for anything from city crushing to downhill freeriding. The wheel is designed to have fun and maximize your ride on any terrain you may encounter. The Feather comes with a stone ground finish [&hellip;]\" \/>\n<meta property=\"og:url\" content=\"https:\/\/boardlife.se\/en\/shop\/longboard\/longboard-components\/longboard-wheels\/rad-feather-63mm84a\/?wmc-currency=SEK\" \/>\n<meta property=\"og:site_name\" content=\"Boardlife\" \/>\n<meta property=\"article:publisher\" content=\"https:\/\/www.facebook.com\/Boardlife.se\" \/>\n<meta property=\"article:modified_time\" content=\"2024-04-23T16:49:50+00:00\" \/>\n<meta property=\"og:image\" content=\"https:\/\/boardlife.se\/wp-content\/uploads\/2016\/03\/rad_feather84a.jpg\" \/>\n\t<meta property=\"og:image:width\" content=\"1462\" \/>\n\t<meta property=\"og:image:height\" content=\"1423\" \/>\n\t<meta property=\"og:image:type\" content=\"image\/jpeg\" \/>\n<meta name=\"twitter:card\" content=\"summary_large_image\" \/>\n<meta name=\"twitter:label1\" content=\"Est. reading time\" \/>\n\t<meta name=\"twitter:data1\" content=\"1 minute\" \/>\n<script type=\"application\/ld+json\" class=\"yoast-schema-graph\">{\"@context\":\"https:\\\/\\\/schema.org\",\"@graph\":[{\"@type\":\"WebPage\",\"@id\":\"https:\\\/\\\/boardlife.se\\\/shop\\\/longboard\\\/components-longboard\\\/wheels-longboard\\\/rad-feather-63mm84a\\\/\",\"url\":\"https:\\\/\\\/boardlife.se\\\/shop\\\/longboard\\\/components-longboard\\\/wheels-longboard\\\/rad-feather-63mm84a\\\/\",\"name\":\"RAD Feather 63mm84a - Boardlife\",\"isPartOf\":{\"@id\":\"https:\\\/\\\/boardlife.se\\\/#website\"},\"primaryImageOfPage\":{\"@id\":\"https:\\\/\\\/boardlife.se\\\/shop\\\/longboard\\\/components-longboard\\\/wheels-longboard\\\/rad-feather-63mm84a\\\/#primaryimage\"},\"image\":{\"@id\":\"https:\\\/\\\/boardlife.se\\\/shop\\\/longboard\\\/components-longboard\\\/wheels-longboard\\\/rad-feather-63mm84a\\\/#primaryimage\"},\"thumbnailUrl\":\"https:\\\/\\\/boardlife.se\\\/wp-content\\\/uploads\\\/2016\\\/03\\\/rad_feather84a.jpg\",\"datePublished\":\"2016-03-07T21:55:53+00:00\",\"dateModified\":\"2024-04-23T16:49:50+00:00\",\"breadcrumb\":{\"@id\":\"https:\\\/\\\/boardlife.se\\\/shop\\\/longboard\\\/components-longboard\\\/wheels-longboard\\\/rad-feather-63mm84a\\\/#breadcrumb\"},\"inLanguage\":\"en-US\",\"potentialAction\":[{\"@type\":\"ReadAction\",\"target\":[\"https:\\\/\\\/boardlife.se\\\/shop\\\/longboard\\\/components-longboard\\\/wheels-longboard\\\/rad-feather-63mm84a\\\/\"]}]},{\"@type\":\"ImageObject\",\"inLanguage\":\"en-US\",\"@id\":\"https:\\\/\\\/boardlife.se\\\/shop\\\/longboard\\\/components-longboard\\\/wheels-longboard\\\/rad-feather-63mm84a\\\/#primaryimage\",\"url\":\"https:\\\/\\\/boardlife.se\\\/wp-content\\\/uploads\\\/2016\\\/03\\\/rad_feather84a.jpg\",\"contentUrl\":\"https:\\\/\\\/boardlife.se\\\/wp-content\\\/uploads\\\/2016\\\/03\\\/rad_feather84a.jpg\",\"width\":1462,\"height\":1423},{\"@type\":\"BreadcrumbList\",\"@id\":\"https:\\\/\\\/boardlife.se\\\/shop\\\/longboard\\\/components-longboard\\\/wheels-longboard\\\/rad-feather-63mm84a\\\/#breadcrumb\",\"itemListElement\":[{\"@type\":\"ListItem\",\"position\":1,\"name\":\"Hem\",\"item\":\"https:\\\/\\\/boardlife.se\\\/\"},{\"@type\":\"ListItem\",\"position\":2,\"name\":\"V\u00e4lkommen till skateparadiset\",\"item\":\"https:\\\/\\\/boardlife.se\\\/shop\\\/\"},{\"@type\":\"ListItem\",\"position\":3,\"name\":\"RAD Feather 63mm84a\"}]},{\"@type\":\"WebSite\",\"@id\":\"https:\\\/\\\/boardlife.se\\\/#website\",\"url\":\"https:\\\/\\\/boardlife.se\\\/\",\"name\":\"Boardlife.se\",\"description\":\"Provider of Lifestyle\",\"publisher\":{\"@id\":\"https:\\\/\\\/boardlife.se\\\/#organization\"},\"potentialAction\":[{\"@type\":\"SearchAction\",\"target\":{\"@type\":\"EntryPoint\",\"urlTemplate\":\"https:\\\/\\\/boardlife.se\\\/?s={search_term_string}\"},\"query-input\":{\"@type\":\"PropertyValueSpecification\",\"valueRequired\":true,\"valueName\":\"search_term_string\"}}],\"inLanguage\":\"en-US\"},{\"@type\":\"Organization\",\"@id\":\"https:\\\/\\\/boardlife.se\\\/#organization\",\"name\":\"Boardlife\",\"url\":\"https:\\\/\\\/boardlife.se\\\/\",\"logo\":{\"@type\":\"ImageObject\",\"inLanguage\":\"en-US\",\"@id\":\"https:\\\/\\\/boardlife.se\\\/#\\\/schema\\\/logo\\\/image\\\/\",\"url\":\"https:\\\/\\\/boardlife.se\\\/wp-content\\\/uploads\\\/2014\\\/09\\\/logo.png\",\"contentUrl\":\"https:\\\/\\\/boardlife.se\\\/wp-content\\\/uploads\\\/2014\\\/09\\\/logo.png\",\"width\":785,\"height\":103,\"caption\":\"Boardlife\"},\"image\":{\"@id\":\"https:\\\/\\\/boardlife.se\\\/#\\\/schema\\\/logo\\\/image\\\/\"},\"sameAs\":[\"https:\\\/\\\/www.facebook.com\\\/Boardlife.se\",\"http:\\\/\\\/instagram.com\\\/boardlife_official\"]}]}<\/script>\n<!-- \/ Yoast SEO plugin. -->","yoast_head_json":{"title":"RAD Feather 63mm84a - Boardlife","robots":{"index":"index","follow":"follow","max-snippet":"max-snippet:-1","max-image-preview":"max-image-preview:large","max-video-preview":"max-video-preview:-1"},"canonical":"https:\/\/boardlife.se\/en\/shop\/longboard\/longboard-components\/longboard-wheels\/rad-feather-63mm84a\/?wmc-currency=SEK","og_locale":"en_US","og_type":"article","og_title":"RAD Feather 63mm84a - Boardlife","og_description":"RAD Feather 63mm84a The 63mm Feather gives you everything you need to maximize ease of sliding. The smaller, versatile shape is ready for anything from city crushing to downhill freeriding. The wheel is designed to have fun and maximize your ride on any terrain you may encounter. The Feather comes with a stone ground finish [&hellip;]","og_url":"https:\/\/boardlife.se\/en\/shop\/longboard\/longboard-components\/longboard-wheels\/rad-feather-63mm84a\/?wmc-currency=SEK","og_site_name":"Boardlife","article_publisher":"https:\/\/www.facebook.com\/Boardlife.se","article_modified_time":"2024-04-23T16:49:50+00:00","og_image":[{"width":1462,"height":1423,"url":"https:\/\/boardlife.se\/wp-content\/uploads\/2016\/03\/rad_feather84a.jpg","type":"image\/jpeg"}],"twitter_card":"summary_large_image","twitter_misc":{"Est. reading time":"1 minute"},"schema":{"@context":"https:\/\/schema.org","@graph":[{"@type":"WebPage","@id":"https:\/\/boardlife.se\/shop\/longboard\/components-longboard\/wheels-longboard\/rad-feather-63mm84a\/","url":"https:\/\/boardlife.se\/shop\/longboard\/components-longboard\/wheels-longboard\/rad-feather-63mm84a\/","name":"RAD Feather 63mm84a - Boardlife","isPartOf":{"@id":"https:\/\/boardlife.se\/#website"},"primaryImageOfPage":{"@id":"https:\/\/boardlife.se\/shop\/longboard\/components-longboard\/wheels-longboard\/rad-feather-63mm84a\/#primaryimage"},"image":{"@id":"https:\/\/boardlife.se\/shop\/longboard\/components-longboard\/wheels-longboard\/rad-feather-63mm84a\/#primaryimage"},"thumbnailUrl":"https:\/\/boardlife.se\/wp-content\/uploads\/2016\/03\/rad_feather84a.jpg","datePublished":"2016-03-07T21:55:53+00:00","dateModified":"2024-04-23T16:49:50+00:00","breadcrumb":{"@id":"https:\/\/boardlife.se\/shop\/longboard\/components-longboard\/wheels-longboard\/rad-feather-63mm84a\/#breadcrumb"},"inLanguage":"en-US","potentialAction":[{"@type":"ReadAction","target":["https:\/\/boardlife.se\/shop\/longboard\/components-longboard\/wheels-longboard\/rad-feather-63mm84a\/"]}]},{"@type":"ImageObject","inLanguage":"en-US","@id":"https:\/\/boardlife.se\/shop\/longboard\/components-longboard\/wheels-longboard\/rad-feather-63mm84a\/#primaryimage","url":"https:\/\/boardlife.se\/wp-content\/uploads\/2016\/03\/rad_feather84a.jpg","contentUrl":"https:\/\/boardlife.se\/wp-content\/uploads\/2016\/03\/rad_feather84a.jpg","width":1462,"height":1423},{"@type":"BreadcrumbList","@id":"https:\/\/boardlife.se\/shop\/longboard\/components-longboard\/wheels-longboard\/rad-feather-63mm84a\/#breadcrumb","itemListElement":[{"@type":"ListItem","position":1,"name":"Hem","item":"https:\/\/boardlife.se\/"},{"@type":"ListItem","position":2,"name":"V\u00e4lkommen till skateparadiset","item":"https:\/\/boardlife.se\/shop\/"},{"@type":"ListItem","position":3,"name":"RAD Feather 63mm84a"}]},{"@type":"WebSite","@id":"https:\/\/boardlife.se\/#website","url":"https:\/\/boardlife.se\/","name":"Boardlife.se","description":"Lifestyle Provider","publisher":{"@id":"https:\/\/boardlife.se\/#organization"},"potentialAction":[{"@type":"SearchAction","target":{"@type":"EntryPoint","urlTemplate":"https:\/\/boardlife.se\/?s={search_term_string}"},"query-input":{"@type":"PropertyValueSpecification","valueRequired":true,"valueName":"search_term_string"}}],"inLanguage":"en-US"},{"@type":"Organization","@id":"https:\/\/boardlife.se\/#organization","name":"Boardlife","url":"https:\/\/boardlife.se\/","logo":{"@type":"ImageObject","inLanguage":"en-US","@id":"https:\/\/boardlife.se\/#\/schema\/logo\/image\/","url":"https:\/\/boardlife.se\/wp-content\/uploads\/2014\/09\/logo.png","contentUrl":"https:\/\/boardlife.se\/wp-content\/uploads\/2014\/09\/logo.png","width":785,"height":103,"caption":"Boardlife"},"image":{"@id":"https:\/\/boardlife.se\/#\/schema\/logo\/image\/"},"sameAs":["https:\/\/www.facebook.com\/Boardlife.se","http:\/\/instagram.com\/boardlife_official"]}]}},"jetpack_sharing_enabled":true,"_links":{"self":[{"href":"https:\/\/boardlife.se\/en\/wp-json\/wp\/v2\/product\/33861","targetHints":{"allow":["GET"]}}],"collection":[{"href":"https:\/\/boardlife.se\/en\/wp-json\/wp\/v2\/product"}],"about":[{"href":"https:\/\/boardlife.se\/en\/wp-json\/wp\/v2\/types\/product"}],"replies":[{"embeddable":true,"href":"https:\/\/boardlife.se\/en\/wp-json\/wp\/v2\/comments?post=33861"}],"wp:featuredmedia":[{"embeddable":true,"href":"https:\/\/boardlife.se\/en\/wp-json\/wp\/v2\/media\/33863"}],"wp:attachment":[{"href":"https:\/\/boardlife.se\/en\/wp-json\/wp\/v2\/media?parent=33861"}],"wp:term":[{"taxonomy":"product_brand","embeddable":true,"href":"https:\/\/boardlife.se\/en\/wp-json\/wp\/v2\/product_brand?post=33861"},{"taxonomy":"product_cat","embeddable":true,"href":"https:\/\/boardlife.se\/en\/wp-json\/wp\/v2\/product_cat?post=33861"},{"taxonomy":"product_tag","embeddable":true,"href":"https:\/\/boardlife.se\/en\/wp-json\/wp\/v2\/product_tag?post=33861"}],"curies":[{"name":"wp","href":"https:\/\/api.w.org\/{rel}","templated":true}]}}