{"id":33865,"date":"2016-03-07T23:05:26","date_gmt":"2016-03-07T22:05:26","guid":{"rendered":"http:\/\/www.boardlife.se\/produkt\/rad-jimmy-riha-pro-63mm80a\/"},"modified":"2016-11-23T10:19:50","modified_gmt":"2016-11-23T09:19:50","slug":"rad-jimmy-riha-pro-63mm80a","status":"publish","type":"product","link":"https:\/\/boardlife.se\/en\/shop\/longboard\/longboard-components\/longboard-wheels\/rad-jimmy-riha-pro-63mm80a\/","title":{"rendered":"RAD JIMMY RIHA PRO 63mm80a"},"content":{"rendered":"<p>RAD JIMMY RIHA PRO 63mm80a<\/p>\n<p>Rider Approved Designs introduces the Jimmy Riha Influence. This pro model features a proprietary urethane to maximize the ease of sliding. The smaller, versatile shape is ready for anything from downhill freeriding to city crushing. This wheel is designed to have fun wherever you find yourself skating. Look for features and have fun on the Jimmy Riha Influence.<\/p>\n<div class=\"product-description\">RAD, Rider Approved Design, har som m\u00e5l att \u00e5teruppfinna hjulet! Det \u00e4r skatare som designar hjul f\u00f6r skatare och det m\u00e4rks verkligen n\u00e4r man anv\u00e4nder hjulen!<\/div>\n<p>&nbsp;<\/p>","protected":false},"excerpt":{"rendered":"<p>RAD JIMMY RIHA PRO 63mm80a Rider Approved Designs introduces the Jimmy Riha Influence. This pro model features a proprietary urethane to maximize the ease of sliding. The smaller, versatile shape is ready for anything from downhill freeriding to city crushing. This wheel is designed to have fun where ever you find yourself skating. Look for [&hellip;]<\/p>\n","protected":false},"featured_media":33866,"comment_status":"open","ping_status":"closed","template":"","meta":{"_gspb_post_css":"","_crdt_document":""},"product_brand":[2598],"product_cat":[38],"product_tag":[918],"class_list":{"0":"post-33865","1":"product","2":"type-product","3":"status-publish","4":"has-post-thumbnail","6":"product_brand-r-a-d","7":"product_cat-wheels-longboard","8":"product_tag-r-a-d","9":"pa_diameter-74mm","10":"pa_durometer-80a","11":"pa_hub-placering-offset","12":"pa_kontaktyta-58mm","13":"pa_manufacturer-r-a-d","15":"first","16":"instock","17":"taxable","18":"shipping-taxable","19":"purchasable","20":"product-type-simple"},"ct_brands":[{"id":2598,"name":"ROW","slug":"r-a-d"}],"yoast_head":"<!-- This site is optimized with the Yoast SEO plugin v27.5 - https:\/\/yoast.com\/product\/yoast-seo-wordpress\/ -->\n<title>RAD JIMMY RIHA PRO 63mm80a - Boardlife<\/title>\n<meta name=\"robots\" content=\"index, follow, max-snippet:-1, max-image-preview:large, max-video-preview:-1\" \/>\n<link rel=\"canonical\" href=\"https:\/\/boardlife.se\/en\/shop\/longboard\/longboard-components\/longboard-wheels\/rad-jimmy-riha-pro-63mm80a\/?wmc-currency=SEK\" \/>\n<meta property=\"og:locale\" content=\"en_US\" \/>\n<meta property=\"og:type\" content=\"article\" \/>\n<meta property=\"og:title\" content=\"RAD JIMMY RIHA PRO 63mm80a - Boardlife\" \/>\n<meta property=\"og:description\" content=\"RAD JIMMY RIHA PRO 63mm80a Rider Approved Designs introduces the Jimmy Riha Influence. This pro model features a proprietary urethane to maximize the ease of sliding. The smaller, versatile shape is ready for anything from downhill freeriding to city crushing. This wheel is designed to have fun where ever you find yourself skating. Look for [&hellip;]\" \/>\n<meta property=\"og:url\" content=\"https:\/\/boardlife.se\/en\/shop\/longboard\/longboard-components\/longboard-wheels\/rad-jimmy-riha-pro-63mm80a\/?wmc-currency=SEK\" \/>\n<meta property=\"og:site_name\" content=\"Boardlife\" \/>\n<meta property=\"article:publisher\" content=\"https:\/\/www.facebook.com\/Boardlife.se\" \/>\n<meta property=\"article:modified_time\" content=\"2016-11-23T09:19:50+00:00\" \/>\n<meta property=\"og:image\" content=\"https:\/\/boardlife.se\/wp-content\/uploads\/2016\/03\/rad_Jimmy-Riha.jpg\" \/>\n\t<meta property=\"og:image:width\" content=\"1462\" \/>\n\t<meta property=\"og:image:height\" content=\"1423\" \/>\n\t<meta property=\"og:image:type\" content=\"image\/jpeg\" \/>\n<meta name=\"twitter:card\" content=\"summary_large_image\" \/>\n<script type=\"application\/ld+json\" class=\"yoast-schema-graph\">{\"@context\":\"https:\\\/\\\/schema.org\",\"@graph\":[{\"@type\":\"WebPage\",\"@id\":\"https:\\\/\\\/boardlife.se\\\/shop\\\/longboard\\\/components-longboard\\\/wheels-longboard\\\/rad-jimmy-riha-pro-63mm80a\\\/\",\"url\":\"https:\\\/\\\/boardlife.se\\\/shop\\\/longboard\\\/components-longboard\\\/wheels-longboard\\\/rad-jimmy-riha-pro-63mm80a\\\/\",\"name\":\"RAD JIMMY RIHA PRO 63mm80a - Boardlife\",\"isPartOf\":{\"@id\":\"https:\\\/\\\/boardlife.se\\\/#website\"},\"primaryImageOfPage\":{\"@id\":\"https:\\\/\\\/boardlife.se\\\/shop\\\/longboard\\\/components-longboard\\\/wheels-longboard\\\/rad-jimmy-riha-pro-63mm80a\\\/#primaryimage\"},\"image\":{\"@id\":\"https:\\\/\\\/boardlife.se\\\/shop\\\/longboard\\\/components-longboard\\\/wheels-longboard\\\/rad-jimmy-riha-pro-63mm80a\\\/#primaryimage\"},\"thumbnailUrl\":\"https:\\\/\\\/boardlife.se\\\/wp-content\\\/uploads\\\/2016\\\/03\\\/rad_Jimmy-Riha.jpg\",\"datePublished\":\"2016-03-07T22:05:26+00:00\",\"dateModified\":\"2016-11-23T09:19:50+00:00\",\"breadcrumb\":{\"@id\":\"https:\\\/\\\/boardlife.se\\\/shop\\\/longboard\\\/components-longboard\\\/wheels-longboard\\\/rad-jimmy-riha-pro-63mm80a\\\/#breadcrumb\"},\"inLanguage\":\"en-US\",\"potentialAction\":[{\"@type\":\"ReadAction\",\"target\":[\"https:\\\/\\\/boardlife.se\\\/shop\\\/longboard\\\/components-longboard\\\/wheels-longboard\\\/rad-jimmy-riha-pro-63mm80a\\\/\"]}]},{\"@type\":\"ImageObject\",\"inLanguage\":\"en-US\",\"@id\":\"https:\\\/\\\/boardlife.se\\\/shop\\\/longboard\\\/components-longboard\\\/wheels-longboard\\\/rad-jimmy-riha-pro-63mm80a\\\/#primaryimage\",\"url\":\"https:\\\/\\\/boardlife.se\\\/wp-content\\\/uploads\\\/2016\\\/03\\\/rad_Jimmy-Riha.jpg\",\"contentUrl\":\"https:\\\/\\\/boardlife.se\\\/wp-content\\\/uploads\\\/2016\\\/03\\\/rad_Jimmy-Riha.jpg\",\"width\":1462,\"height\":1423},{\"@type\":\"BreadcrumbList\",\"@id\":\"https:\\\/\\\/boardlife.se\\\/shop\\\/longboard\\\/components-longboard\\\/wheels-longboard\\\/rad-jimmy-riha-pro-63mm80a\\\/#breadcrumb\",\"itemListElement\":[{\"@type\":\"ListItem\",\"position\":1,\"name\":\"Hem\",\"item\":\"https:\\\/\\\/boardlife.se\\\/\"},{\"@type\":\"ListItem\",\"position\":2,\"name\":\"V\u00e4lkommen till skateparadiset\",\"item\":\"https:\\\/\\\/boardlife.se\\\/shop\\\/\"},{\"@type\":\"ListItem\",\"position\":3,\"name\":\"RAD JIMMY RIHA PRO 63mm80a\"}]},{\"@type\":\"WebSite\",\"@id\":\"https:\\\/\\\/boardlife.se\\\/#website\",\"url\":\"https:\\\/\\\/boardlife.se\\\/\",\"name\":\"Boardlife.se\",\"description\":\"Provider of Lifestyle\",\"publisher\":{\"@id\":\"https:\\\/\\\/boardlife.se\\\/#organization\"},\"potentialAction\":[{\"@type\":\"SearchAction\",\"target\":{\"@type\":\"EntryPoint\",\"urlTemplate\":\"https:\\\/\\\/boardlife.se\\\/?s={search_term_string}\"},\"query-input\":{\"@type\":\"PropertyValueSpecification\",\"valueRequired\":true,\"valueName\":\"search_term_string\"}}],\"inLanguage\":\"en-US\"},{\"@type\":\"Organization\",\"@id\":\"https:\\\/\\\/boardlife.se\\\/#organization\",\"name\":\"Boardlife\",\"url\":\"https:\\\/\\\/boardlife.se\\\/\",\"logo\":{\"@type\":\"ImageObject\",\"inLanguage\":\"en-US\",\"@id\":\"https:\\\/\\\/boardlife.se\\\/#\\\/schema\\\/logo\\\/image\\\/\",\"url\":\"https:\\\/\\\/boardlife.se\\\/wp-content\\\/uploads\\\/2014\\\/09\\\/logo.png\",\"contentUrl\":\"https:\\\/\\\/boardlife.se\\\/wp-content\\\/uploads\\\/2014\\\/09\\\/logo.png\",\"width\":785,\"height\":103,\"caption\":\"Boardlife\"},\"image\":{\"@id\":\"https:\\\/\\\/boardlife.se\\\/#\\\/schema\\\/logo\\\/image\\\/\"},\"sameAs\":[\"https:\\\/\\\/www.facebook.com\\\/Boardlife.se\",\"http:\\\/\\\/instagram.com\\\/boardlife_official\"]}]}<\/script>\n<!-- \/ Yoast SEO plugin. -->","yoast_head_json":{"title":"RAD JIMMY RIHA PRO 63mm80a - Boardlife","robots":{"index":"index","follow":"follow","max-snippet":"max-snippet:-1","max-image-preview":"max-image-preview:large","max-video-preview":"max-video-preview:-1"},"canonical":"https:\/\/boardlife.se\/en\/shop\/longboard\/longboard-components\/longboard-wheels\/rad-jimmy-riha-pro-63mm80a\/?wmc-currency=SEK","og_locale":"en_US","og_type":"article","og_title":"RAD JIMMY RIHA PRO 63mm80a - Boardlife","og_description":"RAD JIMMY RIHA PRO 63mm80a Rider Approved Designs introduces the Jimmy Riha Influence. This pro model features a proprietary urethane to maximize the ease of sliding. The smaller, versatile shape is ready for anything from downhill freeriding to city crushing. This wheel is designed to have fun where ever you find yourself skating. Look for [&hellip;]","og_url":"https:\/\/boardlife.se\/en\/shop\/longboard\/longboard-components\/longboard-wheels\/rad-jimmy-riha-pro-63mm80a\/?wmc-currency=SEK","og_site_name":"Boardlife","article_publisher":"https:\/\/www.facebook.com\/Boardlife.se","article_modified_time":"2016-11-23T09:19:50+00:00","og_image":[{"width":1462,"height":1423,"url":"https:\/\/boardlife.se\/wp-content\/uploads\/2016\/03\/rad_Jimmy-Riha.jpg","type":"image\/jpeg"}],"twitter_card":"summary_large_image","schema":{"@context":"https:\/\/schema.org","@graph":[{"@type":"WebPage","@id":"https:\/\/boardlife.se\/shop\/longboard\/components-longboard\/wheels-longboard\/rad-jimmy-riha-pro-63mm80a\/","url":"https:\/\/boardlife.se\/shop\/longboard\/components-longboard\/wheels-longboard\/rad-jimmy-riha-pro-63mm80a\/","name":"RAD JIMMY RIHA PRO 63mm80a - Boardlife","isPartOf":{"@id":"https:\/\/boardlife.se\/#website"},"primaryImageOfPage":{"@id":"https:\/\/boardlife.se\/shop\/longboard\/components-longboard\/wheels-longboard\/rad-jimmy-riha-pro-63mm80a\/#primaryimage"},"image":{"@id":"https:\/\/boardlife.se\/shop\/longboard\/components-longboard\/wheels-longboard\/rad-jimmy-riha-pro-63mm80a\/#primaryimage"},"thumbnailUrl":"https:\/\/boardlife.se\/wp-content\/uploads\/2016\/03\/rad_Jimmy-Riha.jpg","datePublished":"2016-03-07T22:05:26+00:00","dateModified":"2016-11-23T09:19:50+00:00","breadcrumb":{"@id":"https:\/\/boardlife.se\/shop\/longboard\/components-longboard\/wheels-longboard\/rad-jimmy-riha-pro-63mm80a\/#breadcrumb"},"inLanguage":"en-US","potentialAction":[{"@type":"ReadAction","target":["https:\/\/boardlife.se\/shop\/longboard\/components-longboard\/wheels-longboard\/rad-jimmy-riha-pro-63mm80a\/"]}]},{"@type":"ImageObject","inLanguage":"en-US","@id":"https:\/\/boardlife.se\/shop\/longboard\/components-longboard\/wheels-longboard\/rad-jimmy-riha-pro-63mm80a\/#primaryimage","url":"https:\/\/boardlife.se\/wp-content\/uploads\/2016\/03\/rad_Jimmy-Riha.jpg","contentUrl":"https:\/\/boardlife.se\/wp-content\/uploads\/2016\/03\/rad_Jimmy-Riha.jpg","width":1462,"height":1423},{"@type":"BreadcrumbList","@id":"https:\/\/boardlife.se\/shop\/longboard\/components-longboard\/wheels-longboard\/rad-jimmy-riha-pro-63mm80a\/#breadcrumb","itemListElement":[{"@type":"ListItem","position":1,"name":"Hem","item":"https:\/\/boardlife.se\/"},{"@type":"ListItem","position":2,"name":"V\u00e4lkommen till skateparadiset","item":"https:\/\/boardlife.se\/shop\/"},{"@type":"ListItem","position":3,"name":"RAD JIMMY RIHA PRO 63mm80a"}]},{"@type":"WebSite","@id":"https:\/\/boardlife.se\/#website","url":"https:\/\/boardlife.se\/","name":"Boardlife.se","description":"Lifestyle Provider","publisher":{"@id":"https:\/\/boardlife.se\/#organization"},"potentialAction":[{"@type":"SearchAction","target":{"@type":"EntryPoint","urlTemplate":"https:\/\/boardlife.se\/?s={search_term_string}"},"query-input":{"@type":"PropertyValueSpecification","valueRequired":true,"valueName":"search_term_string"}}],"inLanguage":"en-US"},{"@type":"Organization","@id":"https:\/\/boardlife.se\/#organization","name":"Boardlife","url":"https:\/\/boardlife.se\/","logo":{"@type":"ImageObject","inLanguage":"en-US","@id":"https:\/\/boardlife.se\/#\/schema\/logo\/image\/","url":"https:\/\/boardlife.se\/wp-content\/uploads\/2014\/09\/logo.png","contentUrl":"https:\/\/boardlife.se\/wp-content\/uploads\/2014\/09\/logo.png","width":785,"height":103,"caption":"Boardlife"},"image":{"@id":"https:\/\/boardlife.se\/#\/schema\/logo\/image\/"},"sameAs":["https:\/\/www.facebook.com\/Boardlife.se","http:\/\/instagram.com\/boardlife_official"]}]}},"jetpack_sharing_enabled":true,"_links":{"self":[{"href":"https:\/\/boardlife.se\/en\/wp-json\/wp\/v2\/product\/33865","targetHints":{"allow":["GET"]}}],"collection":[{"href":"https:\/\/boardlife.se\/en\/wp-json\/wp\/v2\/product"}],"about":[{"href":"https:\/\/boardlife.se\/en\/wp-json\/wp\/v2\/types\/product"}],"replies":[{"embeddable":true,"href":"https:\/\/boardlife.se\/en\/wp-json\/wp\/v2\/comments?post=33865"}],"wp:featuredmedia":[{"embeddable":true,"href":"https:\/\/boardlife.se\/en\/wp-json\/wp\/v2\/media\/33866"}],"wp:attachment":[{"href":"https:\/\/boardlife.se\/en\/wp-json\/wp\/v2\/media?parent=33865"}],"wp:term":[{"taxonomy":"product_brand","embeddable":true,"href":"https:\/\/boardlife.se\/en\/wp-json\/wp\/v2\/product_brand?post=33865"},{"taxonomy":"product_cat","embeddable":true,"href":"https:\/\/boardlife.se\/en\/wp-json\/wp\/v2\/product_cat?post=33865"},{"taxonomy":"product_tag","embeddable":true,"href":"https:\/\/boardlife.se\/en\/wp-json\/wp\/v2\/product_tag?post=33865"}],"curies":[{"name":"wp","href":"https:\/\/api.w.org\/{rel}","templated":true}]}}