{"id":35012,"date":"2016-03-18T11:00:46","date_gmt":"2016-03-18T10:00:46","guid":{"rendered":"http:\/\/www.boardlife.se\/produkt\/heartwood-kendama-stripe-river\/"},"modified":"2025-12-06T18:57:47","modified_gmt":"2025-12-06T17:57:47","slug":"heartwood-kendama-stripe-river","status":"publish","type":"product","link":"https:\/\/boardlife.se\/en\/shop\/stuff\/kendama\/heartwood-kendama-stripe-river\/","title":{"rendered":"Heartwood Kendama Stripe River"},"content":{"rendered":"<p>Kendama is a classic Japanese wooden toy made from the finest beech wood. With its unique appearance, it consists of a handle (Ken), a ball (tama) and a string that ties them together. A Kendama is made exclusively according to the standards of the Japanese Kendama Association, to guarantee that weight and quality are met. The game consists of using the handle to balance the ball in different ways. You can combine the movements endlessly and thus constantly develop your concentration, coordination and endurance. Kendama is about creativity, balance and style!<\/p>\n<p>All Heartwood Kendamas come with a stylish carry bag, where you can store your kendama when not in use.<\/p>\n<p>Also comes with extra string.<\/p>\n<p>Heartwood Kendama Stripe River har en rubberyta p\u00e5 &#8221;daman&#8221; som g\u00f6r det l\u00e4ttare att g\u00f6ra trix!<\/p>","protected":false},"excerpt":{"rendered":"<p>Heartwood Kendama Stripe is a series of Kendamas from Swedish Heartwood. The model is in the original size of 18 cm. Heartwood&#039;s kendama series has high precision and a nice finish.<\/p>\n<p>&nbsp;<\/p>","protected":false},"featured_media":38655,"comment_status":"open","ping_status":"closed","template":"","meta":{"_gspb_post_css":"","_crdt_document":""},"product_brand":[2570],"product_cat":[579],"product_tag":[1322],"class_list":{"0":"post-35012","1":"product","2":"type-product","3":"status-publish","4":"has-post-thumbnail","6":"product_brand-heartwood","7":"product_cat-kendama","8":"product_tag-heartwood","9":"pa_extra-extra-snore-med-parla","10":"pa_extra-heartwood-carry-bag","11":"pa_manufacturer-heartwood","13":"first","14":"instock","15":"sale","16":"taxable","17":"shipping-taxable","18":"purchasable","19":"product-type-simple"},"ct_brands":[{"id":2570,"name":"Heartwood","slug":"heartwood"}],"yoast_head":"<!-- This site is optimized with the Yoast SEO plugin v27.5 - https:\/\/yoast.com\/product\/yoast-seo-wordpress\/ -->\n<title>Heartwood Kendama Stripe River - Boardlife<\/title>\n<meta name=\"description\" content=\"Heartwood Kendama Stripe River fr\u00e5n svenska Heartwood, har tuff tv\u00e5f\u00e4rgad design. En rubberyta p\u00e5 taman\/bollen g\u00f6r trixandet l\u00e4ttare d\u00e5 du f\u00e5r b\u00e4ttre grepp.\" \/>\n<meta name=\"robots\" content=\"index, follow, max-snippet:-1, max-image-preview:large, max-video-preview:-1\" \/>\n<link rel=\"canonical\" href=\"https:\/\/boardlife.se\/en\/shop\/stuff\/kendama\/heartwood-kendama-stripe-river\/?wmc-currency=SEK\" \/>\n<meta property=\"og:locale\" content=\"en_US\" \/>\n<meta property=\"og:type\" content=\"article\" \/>\n<meta property=\"og:title\" content=\"Heartwood Kendama Stripe River - Boardlife\" \/>\n<meta property=\"og:description\" content=\"Heartwood Kendama Stripe River fr\u00e5n svenska Heartwood, har tuff tv\u00e5f\u00e4rgad design. En rubberyta p\u00e5 taman\/bollen g\u00f6r trixandet l\u00e4ttare d\u00e5 du f\u00e5r b\u00e4ttre grepp.\" \/>\n<meta property=\"og:url\" content=\"https:\/\/boardlife.se\/en\/shop\/stuff\/kendama\/heartwood-kendama-stripe-river\/?wmc-currency=SEK\" \/>\n<meta property=\"og:site_name\" content=\"Boardlife\" \/>\n<meta property=\"article:publisher\" content=\"https:\/\/www.facebook.com\/Boardlife.se\" \/>\n<meta property=\"article:modified_time\" content=\"2025-12-06T17:57:47+00:00\" \/>\n<meta property=\"og:image\" content=\"https:\/\/boardlife.se\/wp-content\/uploads\/2016\/03\/heartwood-kendama-stripe-river.jpg\" \/>\n\t<meta property=\"og:image:width\" content=\"1200\" \/>\n\t<meta property=\"og:image:height\" content=\"1200\" \/>\n\t<meta property=\"og:image:type\" content=\"image\/jpeg\" \/>\n<meta name=\"twitter:card\" content=\"summary_large_image\" \/>\n<meta name=\"twitter:label1\" content=\"Est. reading time\" \/>\n\t<meta name=\"twitter:data1\" content=\"1 minute\" \/>\n<script type=\"application\/ld+json\" class=\"yoast-schema-graph\">{\"@context\":\"https:\\\/\\\/schema.org\",\"@graph\":[{\"@type\":\"WebPage\",\"@id\":\"https:\\\/\\\/boardlife.se\\\/shop\\\/stuff\\\/kendama\\\/heartwood-kendama-stripe-river\\\/\",\"url\":\"https:\\\/\\\/boardlife.se\\\/shop\\\/stuff\\\/kendama\\\/heartwood-kendama-stripe-river\\\/\",\"name\":\"Heartwood Kendama Stripe River - Boardlife\",\"isPartOf\":{\"@id\":\"https:\\\/\\\/boardlife.se\\\/#website\"},\"primaryImageOfPage\":{\"@id\":\"https:\\\/\\\/boardlife.se\\\/shop\\\/stuff\\\/kendama\\\/heartwood-kendama-stripe-river\\\/#primaryimage\"},\"image\":{\"@id\":\"https:\\\/\\\/boardlife.se\\\/shop\\\/stuff\\\/kendama\\\/heartwood-kendama-stripe-river\\\/#primaryimage\"},\"thumbnailUrl\":\"https:\\\/\\\/boardlife.se\\\/wp-content\\\/uploads\\\/2016\\\/03\\\/heartwood-kendama-stripe-river.jpg\",\"datePublished\":\"2016-03-18T10:00:46+00:00\",\"dateModified\":\"2025-12-06T17:57:47+00:00\",\"description\":\"Heartwood Kendama Stripe River fr\u00e5n svenska Heartwood, har tuff tv\u00e5f\u00e4rgad design. En rubberyta p\u00e5 taman\\\/bollen g\u00f6r trixandet l\u00e4ttare d\u00e5 du f\u00e5r b\u00e4ttre grepp.\",\"breadcrumb\":{\"@id\":\"https:\\\/\\\/boardlife.se\\\/shop\\\/stuff\\\/kendama\\\/heartwood-kendama-stripe-river\\\/#breadcrumb\"},\"inLanguage\":\"en-US\",\"potentialAction\":[{\"@type\":\"ReadAction\",\"target\":[\"https:\\\/\\\/boardlife.se\\\/shop\\\/stuff\\\/kendama\\\/heartwood-kendama-stripe-river\\\/\"]}]},{\"@type\":\"ImageObject\",\"inLanguage\":\"en-US\",\"@id\":\"https:\\\/\\\/boardlife.se\\\/shop\\\/stuff\\\/kendama\\\/heartwood-kendama-stripe-river\\\/#primaryimage\",\"url\":\"https:\\\/\\\/boardlife.se\\\/wp-content\\\/uploads\\\/2016\\\/03\\\/heartwood-kendama-stripe-river.jpg\",\"contentUrl\":\"https:\\\/\\\/boardlife.se\\\/wp-content\\\/uploads\\\/2016\\\/03\\\/heartwood-kendama-stripe-river.jpg\",\"width\":1200,\"height\":1200,\"caption\":\"Heartwood Kendama Strip River\"},{\"@type\":\"BreadcrumbList\",\"@id\":\"https:\\\/\\\/boardlife.se\\\/shop\\\/stuff\\\/kendama\\\/heartwood-kendama-stripe-river\\\/#breadcrumb\",\"itemListElement\":[{\"@type\":\"ListItem\",\"position\":1,\"name\":\"Hem\",\"item\":\"https:\\\/\\\/boardlife.se\\\/\"},{\"@type\":\"ListItem\",\"position\":2,\"name\":\"V\u00e4lkommen till skateparadiset\",\"item\":\"https:\\\/\\\/boardlife.se\\\/shop\\\/\"},{\"@type\":\"ListItem\",\"position\":3,\"name\":\"Heartwood Kendama Stripe River\"}]},{\"@type\":\"WebSite\",\"@id\":\"https:\\\/\\\/boardlife.se\\\/#website\",\"url\":\"https:\\\/\\\/boardlife.se\\\/\",\"name\":\"Boardlife.se\",\"description\":\"Provider of Lifestyle\",\"publisher\":{\"@id\":\"https:\\\/\\\/boardlife.se\\\/#organization\"},\"potentialAction\":[{\"@type\":\"SearchAction\",\"target\":{\"@type\":\"EntryPoint\",\"urlTemplate\":\"https:\\\/\\\/boardlife.se\\\/?s={search_term_string}\"},\"query-input\":{\"@type\":\"PropertyValueSpecification\",\"valueRequired\":true,\"valueName\":\"search_term_string\"}}],\"inLanguage\":\"en-US\"},{\"@type\":\"Organization\",\"@id\":\"https:\\\/\\\/boardlife.se\\\/#organization\",\"name\":\"Boardlife\",\"url\":\"https:\\\/\\\/boardlife.se\\\/\",\"logo\":{\"@type\":\"ImageObject\",\"inLanguage\":\"en-US\",\"@id\":\"https:\\\/\\\/boardlife.se\\\/#\\\/schema\\\/logo\\\/image\\\/\",\"url\":\"https:\\\/\\\/boardlife.se\\\/wp-content\\\/uploads\\\/2014\\\/09\\\/logo.png\",\"contentUrl\":\"https:\\\/\\\/boardlife.se\\\/wp-content\\\/uploads\\\/2014\\\/09\\\/logo.png\",\"width\":785,\"height\":103,\"caption\":\"Boardlife\"},\"image\":{\"@id\":\"https:\\\/\\\/boardlife.se\\\/#\\\/schema\\\/logo\\\/image\\\/\"},\"sameAs\":[\"https:\\\/\\\/www.facebook.com\\\/Boardlife.se\",\"http:\\\/\\\/instagram.com\\\/boardlife_official\"]}]}<\/script>\n<!-- \/ Yoast SEO plugin. -->","yoast_head_json":{"title":"Heartwood Kendama Stripe River - Boardlife","description":"Heartwood Kendama Stripe River from Swedish Heartwood, has a tough two-tone design. A rubber surface on the handle\/ball makes trick-playing easier as you get a better grip.","robots":{"index":"index","follow":"follow","max-snippet":"max-snippet:-1","max-image-preview":"max-image-preview:large","max-video-preview":"max-video-preview:-1"},"canonical":"https:\/\/boardlife.se\/en\/shop\/stuff\/kendama\/heartwood-kendama-stripe-river\/?wmc-currency=SEK","og_locale":"en_US","og_type":"article","og_title":"Heartwood Kendama Stripe River - Boardlife","og_description":"Heartwood Kendama Stripe River fr\u00e5n svenska Heartwood, har tuff tv\u00e5f\u00e4rgad design. En rubberyta p\u00e5 taman\/bollen g\u00f6r trixandet l\u00e4ttare d\u00e5 du f\u00e5r b\u00e4ttre grepp.","og_url":"https:\/\/boardlife.se\/en\/shop\/stuff\/kendama\/heartwood-kendama-stripe-river\/?wmc-currency=SEK","og_site_name":"Boardlife","article_publisher":"https:\/\/www.facebook.com\/Boardlife.se","article_modified_time":"2025-12-06T17:57:47+00:00","og_image":[{"width":1200,"height":1200,"url":"https:\/\/boardlife.se\/wp-content\/uploads\/2016\/03\/heartwood-kendama-stripe-river.jpg","type":"image\/jpeg"}],"twitter_card":"summary_large_image","twitter_misc":{"Est. reading time":"1 minute"},"schema":{"@context":"https:\/\/schema.org","@graph":[{"@type":"WebPage","@id":"https:\/\/boardlife.se\/shop\/stuff\/kendama\/heartwood-kendama-stripe-river\/","url":"https:\/\/boardlife.se\/shop\/stuff\/kendama\/heartwood-kendama-stripe-river\/","name":"Heartwood Kendama Stripe River - Boardlife","isPartOf":{"@id":"https:\/\/boardlife.se\/#website"},"primaryImageOfPage":{"@id":"https:\/\/boardlife.se\/shop\/stuff\/kendama\/heartwood-kendama-stripe-river\/#primaryimage"},"image":{"@id":"https:\/\/boardlife.se\/shop\/stuff\/kendama\/heartwood-kendama-stripe-river\/#primaryimage"},"thumbnailUrl":"https:\/\/boardlife.se\/wp-content\/uploads\/2016\/03\/heartwood-kendama-stripe-river.jpg","datePublished":"2016-03-18T10:00:46+00:00","dateModified":"2025-12-06T17:57:47+00:00","description":"Heartwood Kendama Stripe River from Swedish Heartwood, has a tough two-tone design. A rubber surface on the handle\/ball makes trick-playing easier as you get a better grip.","breadcrumb":{"@id":"https:\/\/boardlife.se\/shop\/stuff\/kendama\/heartwood-kendama-stripe-river\/#breadcrumb"},"inLanguage":"en-US","potentialAction":[{"@type":"ReadAction","target":["https:\/\/boardlife.se\/shop\/stuff\/kendama\/heartwood-kendama-stripe-river\/"]}]},{"@type":"ImageObject","inLanguage":"en-US","@id":"https:\/\/boardlife.se\/shop\/stuff\/kendama\/heartwood-kendama-stripe-river\/#primaryimage","url":"https:\/\/boardlife.se\/wp-content\/uploads\/2016\/03\/heartwood-kendama-stripe-river.jpg","contentUrl":"https:\/\/boardlife.se\/wp-content\/uploads\/2016\/03\/heartwood-kendama-stripe-river.jpg","width":1200,"height":1200,"caption":"Heartwood Kendama Strip River"},{"@type":"BreadcrumbList","@id":"https:\/\/boardlife.se\/shop\/stuff\/kendama\/heartwood-kendama-stripe-river\/#breadcrumb","itemListElement":[{"@type":"ListItem","position":1,"name":"Hem","item":"https:\/\/boardlife.se\/"},{"@type":"ListItem","position":2,"name":"V\u00e4lkommen till skateparadiset","item":"https:\/\/boardlife.se\/shop\/"},{"@type":"ListItem","position":3,"name":"Heartwood Kendama Stripe River"}]},{"@type":"WebSite","@id":"https:\/\/boardlife.se\/#website","url":"https:\/\/boardlife.se\/","name":"Boardlife.se","description":"Lifestyle Provider","publisher":{"@id":"https:\/\/boardlife.se\/#organization"},"potentialAction":[{"@type":"SearchAction","target":{"@type":"EntryPoint","urlTemplate":"https:\/\/boardlife.se\/?s={search_term_string}"},"query-input":{"@type":"PropertyValueSpecification","valueRequired":true,"valueName":"search_term_string"}}],"inLanguage":"en-US"},{"@type":"Organization","@id":"https:\/\/boardlife.se\/#organization","name":"Boardlife","url":"https:\/\/boardlife.se\/","logo":{"@type":"ImageObject","inLanguage":"en-US","@id":"https:\/\/boardlife.se\/#\/schema\/logo\/image\/","url":"https:\/\/boardlife.se\/wp-content\/uploads\/2014\/09\/logo.png","contentUrl":"https:\/\/boardlife.se\/wp-content\/uploads\/2014\/09\/logo.png","width":785,"height":103,"caption":"Boardlife"},"image":{"@id":"https:\/\/boardlife.se\/#\/schema\/logo\/image\/"},"sameAs":["https:\/\/www.facebook.com\/Boardlife.se","http:\/\/instagram.com\/boardlife_official"]}]}},"jetpack_sharing_enabled":true,"_links":{"self":[{"href":"https:\/\/boardlife.se\/en\/wp-json\/wp\/v2\/product\/35012","targetHints":{"allow":["GET"]}}],"collection":[{"href":"https:\/\/boardlife.se\/en\/wp-json\/wp\/v2\/product"}],"about":[{"href":"https:\/\/boardlife.se\/en\/wp-json\/wp\/v2\/types\/product"}],"replies":[{"embeddable":true,"href":"https:\/\/boardlife.se\/en\/wp-json\/wp\/v2\/comments?post=35012"}],"wp:featuredmedia":[{"embeddable":true,"href":"https:\/\/boardlife.se\/en\/wp-json\/wp\/v2\/media\/38655"}],"wp:attachment":[{"href":"https:\/\/boardlife.se\/en\/wp-json\/wp\/v2\/media?parent=35012"}],"wp:term":[{"taxonomy":"product_brand","embeddable":true,"href":"https:\/\/boardlife.se\/en\/wp-json\/wp\/v2\/product_brand?post=35012"},{"taxonomy":"product_cat","embeddable":true,"href":"https:\/\/boardlife.se\/en\/wp-json\/wp\/v2\/product_cat?post=35012"},{"taxonomy":"product_tag","embeddable":true,"href":"https:\/\/boardlife.se\/en\/wp-json\/wp\/v2\/product_tag?post=35012"}],"curies":[{"name":"wp","href":"https:\/\/api.w.org\/{rel}","templated":true}]}}