{"id":40094,"date":"2016-07-22T14:15:35","date_gmt":"2016-07-22T12:15:35","guid":{"rendered":"http:\/\/www.boardlife.se\/produkt\/root-bughuul\/"},"modified":"2018-10-24T18:06:32","modified_gmt":"2018-10-24T16:06:32","slug":"root-bughuul","status":"publish","type":"product","link":"https:\/\/boardlife.se\/en\/shop\/longboard\/deck-only-longboard\/root-bughuul\/","title":{"rendered":"Root Bughuul"},"content":{"rendered":"<p>Root Bughuul \u00e4r en r\u00e5tuff br\u00e4da med rej\u00e4l kick. Anv\u00e4nd den f\u00f6r trick eller utnyttja kicken n\u00e4r du \u00e5ker f\u00f6r att f\u00e5 mindre tryck p\u00e5 framtrucken. Oavsett \u00e5kstil \u00e4r detta en kaxig freeridebr\u00e4da med noga placerade former.<\/p>","protected":false},"excerpt":{"rendered":"<p>A stylish freeride board from Root with a solid kick and well-placed shape. A medium concave ensures that you have good control over the board at higher speeds.<\/p>","protected":false},"featured_media":40102,"comment_status":"open","ping_status":"closed","template":"","meta":{"_gspb_post_css":"","_crdt_document":""},"product_brand":[2604],"product_cat":[22],"product_tag":[1387],"class_list":{"0":"post-40094","1":"product","2":"type-product","3":"status-publish","4":"has-post-thumbnail","6":"product_brand-root-longboards","7":"product_cat-deck-only-longboard","8":"product_tag-root-longboards","9":"pa_hjulbas-236-60cm","10":"pa_hjulbas-25-6-65-cm","11":"pa_length-37-6-955cm","12":"pa_manufacturer-root-longboards","13":"pa_truckplacering-topmount","14":"pa_width-94-24cm","16":"first","17":"outofstock","18":"taxable","19":"shipping-taxable","20":"purchasable","21":"product-type-simple"},"ct_brands":[{"id":2604,"name":"Root Longboards","slug":"root-longboards"}],"yoast_head":"<!-- This site is optimized with the Yoast SEO plugin v27.5 - https:\/\/yoast.com\/product\/yoast-seo-wordpress\/ -->\n<title>Root Bughuul - Boardlife<\/title>\n<meta name=\"robots\" content=\"index, follow, max-snippet:-1, max-image-preview:large, max-video-preview:-1\" \/>\n<link rel=\"canonical\" href=\"https:\/\/boardlife.se\/en\/shop\/longboard\/deck-only-longboard\/root-bughuul\/?wmc-currency=SEK\" \/>\n<meta property=\"og:locale\" content=\"en_US\" \/>\n<meta property=\"og:type\" content=\"article\" \/>\n<meta property=\"og:title\" content=\"Root Bughuul - Boardlife\" \/>\n<meta property=\"og:description\" content=\"En snygg freeridebr\u00e4da fr\u00e5n Root med rej\u00e4l kick och v\u00e4lplacerad shape. En medium konkav ser till att du har bra kontroll \u00f6ver br\u00e4dan i h\u00f6gre hastighet.\" \/>\n<meta property=\"og:url\" content=\"https:\/\/boardlife.se\/en\/shop\/longboard\/deck-only-longboard\/root-bughuul\/?wmc-currency=SEK\" \/>\n<meta property=\"og:site_name\" content=\"Boardlife\" \/>\n<meta property=\"article:publisher\" content=\"https:\/\/www.facebook.com\/Boardlife.se\" \/>\n<meta property=\"article:modified_time\" content=\"2018-10-24T16:06:32+00:00\" \/>\n<meta property=\"og:image\" content=\"https:\/\/boardlife.se\/wp-content\/uploads\/2016\/07\/root-bughuul.jpg\" \/>\n\t<meta property=\"og:image:width\" content=\"1100\" \/>\n\t<meta property=\"og:image:height\" content=\"1100\" \/>\n\t<meta property=\"og:image:type\" content=\"image\/jpeg\" \/>\n<meta name=\"twitter:card\" content=\"summary_large_image\" \/>\n<script type=\"application\/ld+json\" class=\"yoast-schema-graph\">{\"@context\":\"https:\\\/\\\/schema.org\",\"@graph\":[{\"@type\":\"WebPage\",\"@id\":\"https:\\\/\\\/boardlife.se\\\/shop\\\/longboard\\\/deck-only-longboard\\\/root-bughuul\\\/\",\"url\":\"https:\\\/\\\/boardlife.se\\\/shop\\\/longboard\\\/deck-only-longboard\\\/root-bughuul\\\/\",\"name\":\"Root Bughuul - Boardlife\",\"isPartOf\":{\"@id\":\"https:\\\/\\\/boardlife.se\\\/#website\"},\"primaryImageOfPage\":{\"@id\":\"https:\\\/\\\/boardlife.se\\\/shop\\\/longboard\\\/deck-only-longboard\\\/root-bughuul\\\/#primaryimage\"},\"image\":{\"@id\":\"https:\\\/\\\/boardlife.se\\\/shop\\\/longboard\\\/deck-only-longboard\\\/root-bughuul\\\/#primaryimage\"},\"thumbnailUrl\":\"https:\\\/\\\/boardlife.se\\\/wp-content\\\/uploads\\\/2016\\\/07\\\/root-bughuul.jpg\",\"datePublished\":\"2016-07-22T12:15:35+00:00\",\"dateModified\":\"2018-10-24T16:06:32+00:00\",\"breadcrumb\":{\"@id\":\"https:\\\/\\\/boardlife.se\\\/shop\\\/longboard\\\/deck-only-longboard\\\/root-bughuul\\\/#breadcrumb\"},\"inLanguage\":\"en-US\",\"potentialAction\":[{\"@type\":\"ReadAction\",\"target\":[\"https:\\\/\\\/boardlife.se\\\/shop\\\/longboard\\\/deck-only-longboard\\\/root-bughuul\\\/\"]}]},{\"@type\":\"ImageObject\",\"inLanguage\":\"en-US\",\"@id\":\"https:\\\/\\\/boardlife.se\\\/shop\\\/longboard\\\/deck-only-longboard\\\/root-bughuul\\\/#primaryimage\",\"url\":\"https:\\\/\\\/boardlife.se\\\/wp-content\\\/uploads\\\/2016\\\/07\\\/root-bughuul.jpg\",\"contentUrl\":\"https:\\\/\\\/boardlife.se\\\/wp-content\\\/uploads\\\/2016\\\/07\\\/root-bughuul.jpg\",\"width\":1100,\"height\":1100,\"caption\":\"Root Longboards Bughuul\"},{\"@type\":\"BreadcrumbList\",\"@id\":\"https:\\\/\\\/boardlife.se\\\/shop\\\/longboard\\\/deck-only-longboard\\\/root-bughuul\\\/#breadcrumb\",\"itemListElement\":[{\"@type\":\"ListItem\",\"position\":1,\"name\":\"Hem\",\"item\":\"https:\\\/\\\/boardlife.se\\\/\"},{\"@type\":\"ListItem\",\"position\":2,\"name\":\"V\u00e4lkommen till skateparadiset\",\"item\":\"https:\\\/\\\/boardlife.se\\\/shop\\\/\"},{\"@type\":\"ListItem\",\"position\":3,\"name\":\"Root Bughuul\"}]},{\"@type\":\"WebSite\",\"@id\":\"https:\\\/\\\/boardlife.se\\\/#website\",\"url\":\"https:\\\/\\\/boardlife.se\\\/\",\"name\":\"Boardlife.se\",\"description\":\"Provider of Lifestyle\",\"publisher\":{\"@id\":\"https:\\\/\\\/boardlife.se\\\/#organization\"},\"potentialAction\":[{\"@type\":\"SearchAction\",\"target\":{\"@type\":\"EntryPoint\",\"urlTemplate\":\"https:\\\/\\\/boardlife.se\\\/?s={search_term_string}\"},\"query-input\":{\"@type\":\"PropertyValueSpecification\",\"valueRequired\":true,\"valueName\":\"search_term_string\"}}],\"inLanguage\":\"en-US\"},{\"@type\":\"Organization\",\"@id\":\"https:\\\/\\\/boardlife.se\\\/#organization\",\"name\":\"Boardlife\",\"url\":\"https:\\\/\\\/boardlife.se\\\/\",\"logo\":{\"@type\":\"ImageObject\",\"inLanguage\":\"en-US\",\"@id\":\"https:\\\/\\\/boardlife.se\\\/#\\\/schema\\\/logo\\\/image\\\/\",\"url\":\"https:\\\/\\\/boardlife.se\\\/wp-content\\\/uploads\\\/2014\\\/09\\\/logo.png\",\"contentUrl\":\"https:\\\/\\\/boardlife.se\\\/wp-content\\\/uploads\\\/2014\\\/09\\\/logo.png\",\"width\":785,\"height\":103,\"caption\":\"Boardlife\"},\"image\":{\"@id\":\"https:\\\/\\\/boardlife.se\\\/#\\\/schema\\\/logo\\\/image\\\/\"},\"sameAs\":[\"https:\\\/\\\/www.facebook.com\\\/Boardlife.se\",\"http:\\\/\\\/instagram.com\\\/boardlife_official\"]}]}<\/script>\n<!-- \/ Yoast SEO plugin. -->","yoast_head_json":{"title":"Root Bughuul - Boardlife","robots":{"index":"index","follow":"follow","max-snippet":"max-snippet:-1","max-image-preview":"max-image-preview:large","max-video-preview":"max-video-preview:-1"},"canonical":"https:\/\/boardlife.se\/en\/shop\/longboard\/deck-only-longboard\/root-bughuul\/?wmc-currency=SEK","og_locale":"en_US","og_type":"article","og_title":"Root Bughuul - Boardlife","og_description":"En snygg freeridebr\u00e4da fr\u00e5n Root med rej\u00e4l kick och v\u00e4lplacerad shape. En medium konkav ser till att du har bra kontroll \u00f6ver br\u00e4dan i h\u00f6gre hastighet.","og_url":"https:\/\/boardlife.se\/en\/shop\/longboard\/deck-only-longboard\/root-bughuul\/?wmc-currency=SEK","og_site_name":"Boardlife","article_publisher":"https:\/\/www.facebook.com\/Boardlife.se","article_modified_time":"2018-10-24T16:06:32+00:00","og_image":[{"width":1100,"height":1100,"url":"https:\/\/boardlife.se\/wp-content\/uploads\/2016\/07\/root-bughuul.jpg","type":"image\/jpeg"}],"twitter_card":"summary_large_image","schema":{"@context":"https:\/\/schema.org","@graph":[{"@type":"WebPage","@id":"https:\/\/boardlife.se\/shop\/longboard\/deck-only-longboard\/root-bughuul\/","url":"https:\/\/boardlife.se\/shop\/longboard\/deck-only-longboard\/root-bughuul\/","name":"Root Bughuul - Boardlife","isPartOf":{"@id":"https:\/\/boardlife.se\/#website"},"primaryImageOfPage":{"@id":"https:\/\/boardlife.se\/shop\/longboard\/deck-only-longboard\/root-bughuul\/#primaryimage"},"image":{"@id":"https:\/\/boardlife.se\/shop\/longboard\/deck-only-longboard\/root-bughuul\/#primaryimage"},"thumbnailUrl":"https:\/\/boardlife.se\/wp-content\/uploads\/2016\/07\/root-bughuul.jpg","datePublished":"2016-07-22T12:15:35+00:00","dateModified":"2018-10-24T16:06:32+00:00","breadcrumb":{"@id":"https:\/\/boardlife.se\/shop\/longboard\/deck-only-longboard\/root-bughuul\/#breadcrumb"},"inLanguage":"en-US","potentialAction":[{"@type":"ReadAction","target":["https:\/\/boardlife.se\/shop\/longboard\/deck-only-longboard\/root-bughuul\/"]}]},{"@type":"ImageObject","inLanguage":"en-US","@id":"https:\/\/boardlife.se\/shop\/longboard\/deck-only-longboard\/root-bughuul\/#primaryimage","url":"https:\/\/boardlife.se\/wp-content\/uploads\/2016\/07\/root-bughuul.jpg","contentUrl":"https:\/\/boardlife.se\/wp-content\/uploads\/2016\/07\/root-bughuul.jpg","width":1100,"height":1100,"caption":"Root Longboards Bughuul"},{"@type":"BreadcrumbList","@id":"https:\/\/boardlife.se\/shop\/longboard\/deck-only-longboard\/root-bughuul\/#breadcrumb","itemListElement":[{"@type":"ListItem","position":1,"name":"Hem","item":"https:\/\/boardlife.se\/"},{"@type":"ListItem","position":2,"name":"V\u00e4lkommen till skateparadiset","item":"https:\/\/boardlife.se\/shop\/"},{"@type":"ListItem","position":3,"name":"Root Bughuul"}]},{"@type":"WebSite","@id":"https:\/\/boardlife.se\/#website","url":"https:\/\/boardlife.se\/","name":"Boardlife.se","description":"Lifestyle Provider","publisher":{"@id":"https:\/\/boardlife.se\/#organization"},"potentialAction":[{"@type":"SearchAction","target":{"@type":"EntryPoint","urlTemplate":"https:\/\/boardlife.se\/?s={search_term_string}"},"query-input":{"@type":"PropertyValueSpecification","valueRequired":true,"valueName":"search_term_string"}}],"inLanguage":"en-US"},{"@type":"Organization","@id":"https:\/\/boardlife.se\/#organization","name":"Boardlife","url":"https:\/\/boardlife.se\/","logo":{"@type":"ImageObject","inLanguage":"en-US","@id":"https:\/\/boardlife.se\/#\/schema\/logo\/image\/","url":"https:\/\/boardlife.se\/wp-content\/uploads\/2014\/09\/logo.png","contentUrl":"https:\/\/boardlife.se\/wp-content\/uploads\/2014\/09\/logo.png","width":785,"height":103,"caption":"Boardlife"},"image":{"@id":"https:\/\/boardlife.se\/#\/schema\/logo\/image\/"},"sameAs":["https:\/\/www.facebook.com\/Boardlife.se","http:\/\/instagram.com\/boardlife_official"]}]}},"jetpack_sharing_enabled":true,"_links":{"self":[{"href":"https:\/\/boardlife.se\/en\/wp-json\/wp\/v2\/product\/40094","targetHints":{"allow":["GET"]}}],"collection":[{"href":"https:\/\/boardlife.se\/en\/wp-json\/wp\/v2\/product"}],"about":[{"href":"https:\/\/boardlife.se\/en\/wp-json\/wp\/v2\/types\/product"}],"replies":[{"embeddable":true,"href":"https:\/\/boardlife.se\/en\/wp-json\/wp\/v2\/comments?post=40094"}],"wp:featuredmedia":[{"embeddable":true,"href":"https:\/\/boardlife.se\/en\/wp-json\/wp\/v2\/media\/40102"}],"wp:attachment":[{"href":"https:\/\/boardlife.se\/en\/wp-json\/wp\/v2\/media?parent=40094"}],"wp:term":[{"taxonomy":"product_brand","embeddable":true,"href":"https:\/\/boardlife.se\/en\/wp-json\/wp\/v2\/product_brand?post=40094"},{"taxonomy":"product_cat","embeddable":true,"href":"https:\/\/boardlife.se\/en\/wp-json\/wp\/v2\/product_cat?post=40094"},{"taxonomy":"product_tag","embeddable":true,"href":"https:\/\/boardlife.se\/en\/wp-json\/wp\/v2\/product_tag?post=40094"}],"curies":[{"name":"wp","href":"https:\/\/api.w.org\/{rel}","templated":true}]}}