{"id":40816,"date":"2016-08-19T18:53:42","date_gmt":"2016-08-19T16:53:42","guid":{"rendered":"http:\/\/www.boardlife.se\/produkt\/bygg-din-skateboard\/"},"modified":"2026-05-11T14:45:36","modified_gmt":"2026-05-11T12:45:36","slug":"build-your-skateboard","status":"publish","type":"product","link":"https:\/\/boardlife.se\/en\/shop\/skateboard\/build-your-skateboard\/","title":{"rendered":"Build your skateboard"},"content":{"rendered":"","protected":false},"excerpt":{"rendered":"<p>Bygga din skateboard precis som du vill ha den. Alla har vi olika smak och det \u00e4r d\u00e4rf\u00f6r som vi l\u00e5ter dig plocka ditt eget &#8221;l\u00f6sgodis&#8221;.<\/p>","protected":false},"featured_media":40817,"comment_status":"closed","ping_status":"closed","template":"","meta":{"_gspb_post_css":"","_crdt_document":""},"product_brand":[],"product_cat":[853],"product_tag":[],"class_list":{"0":"post-40816","1":"product","2":"type-product","3":"status-publish","4":"has-post-thumbnail","6":"product_cat-skateboard","8":"first","9":"instock","10":"taxable","11":"shipping-taxable","12":"purchasable","13":"product-type-composite"},"ct_brands":[],"yoast_head":"<!-- This site is optimized with the Yoast SEO plugin v27.5 - https:\/\/yoast.com\/product\/yoast-seo-wordpress\/ -->\n<title>Bygg din egen Longboard \/ Skateboard hos Boardlife<\/title>\n<meta name=\"description\" content=\"Bygg din egen skateboard exakt som du vill ha den. V\u00e4lj bland massor av komponenter. Hur ser din dr\u00f6mbr\u00e4da ut? In och bygg din skateboard nu!\" \/>\n<meta name=\"robots\" content=\"index, follow, max-snippet:-1, max-image-preview:large, max-video-preview:-1\" \/>\n<link rel=\"canonical\" href=\"https:\/\/boardlife.se\/en\/shop\/skateboard\/build-your-skateboard\/?wmc-currency=SEK\" \/>\n<meta property=\"og:locale\" content=\"en_US\" \/>\n<meta property=\"og:type\" content=\"article\" \/>\n<meta property=\"og:title\" content=\"Bygg din egen Longboard \/ Skateboard hos Boardlife\" \/>\n<meta property=\"og:description\" content=\"Bygg din egen longboard \/ skateboard exakt som du vill ha den. Det finns massor av &quot;godis&quot; s\u00e5 plocka ihop dina godbitar precis som du f\u00f6redrar. Hur ser din dr\u00f6mbr\u00e4da ut? In och bygg din longboard nu!\" \/>\n<meta property=\"og:url\" content=\"https:\/\/boardlife.se\/en\/shop\/skateboard\/build-your-skateboard\/?wmc-currency=SEK\" \/>\n<meta property=\"og:site_name\" content=\"Boardlife\" \/>\n<meta property=\"article:publisher\" content=\"https:\/\/www.facebook.com\/Boardlife.se\" \/>\n<meta property=\"article:modified_time\" content=\"2026-05-11T12:45:36+00:00\" \/>\n<meta property=\"og:image\" content=\"https:\/\/boardlife.se\/wp-content\/uploads\/2016\/08\/custom-skateboard.jpg\" \/>\n\t<meta property=\"og:image:width\" content=\"600\" \/>\n\t<meta property=\"og:image:height\" content=\"422\" \/>\n\t<meta property=\"og:image:type\" content=\"image\/jpeg\" \/>\n<meta name=\"twitter:card\" content=\"summary_large_image\" \/>\n<meta name=\"twitter:label1\" content=\"Est. reading time\" \/>\n\t<meta name=\"twitter:data1\" content=\"1 minute\" \/>\n<script type=\"application\/ld+json\" class=\"yoast-schema-graph\">{\"@context\":\"https:\\\/\\\/schema.org\",\"@graph\":[{\"@type\":\"WebPage\",\"@id\":\"https:\\\/\\\/boardlife.se\\\/shop\\\/skateboard\\\/bygg-din-skateboard\\\/\",\"url\":\"https:\\\/\\\/boardlife.se\\\/shop\\\/skateboard\\\/bygg-din-skateboard\\\/\",\"name\":\"Bygg din egen Longboard \\\/ Skateboard hos Boardlife\",\"isPartOf\":{\"@id\":\"https:\\\/\\\/boardlife.se\\\/#website\"},\"primaryImageOfPage\":{\"@id\":\"https:\\\/\\\/boardlife.se\\\/shop\\\/skateboard\\\/bygg-din-skateboard\\\/#primaryimage\"},\"image\":{\"@id\":\"https:\\\/\\\/boardlife.se\\\/shop\\\/skateboard\\\/bygg-din-skateboard\\\/#primaryimage\"},\"thumbnailUrl\":\"https:\\\/\\\/boardlife.se\\\/wp-content\\\/uploads\\\/2016\\\/08\\\/custom-skateboard.jpg\",\"datePublished\":\"2016-08-19T16:53:42+00:00\",\"dateModified\":\"2026-05-11T12:45:36+00:00\",\"description\":\"Bygg din egen skateboard exakt som du vill ha den. V\u00e4lj bland massor av komponenter. Hur ser din dr\u00f6mbr\u00e4da ut? In och bygg din skateboard nu!\",\"breadcrumb\":{\"@id\":\"https:\\\/\\\/boardlife.se\\\/shop\\\/skateboard\\\/bygg-din-skateboard\\\/#breadcrumb\"},\"inLanguage\":\"en-US\",\"potentialAction\":[{\"@type\":\"ReadAction\",\"target\":[\"https:\\\/\\\/boardlife.se\\\/shop\\\/skateboard\\\/bygg-din-skateboard\\\/\"]}]},{\"@type\":\"ImageObject\",\"inLanguage\":\"en-US\",\"@id\":\"https:\\\/\\\/boardlife.se\\\/shop\\\/skateboard\\\/bygg-din-skateboard\\\/#primaryimage\",\"url\":\"https:\\\/\\\/boardlife.se\\\/wp-content\\\/uploads\\\/2016\\\/08\\\/custom-skateboard.jpg\",\"contentUrl\":\"https:\\\/\\\/boardlife.se\\\/wp-content\\\/uploads\\\/2016\\\/08\\\/custom-skateboard.jpg\",\"width\":600,\"height\":422,\"caption\":\"Bygg din egen skateboard\"},{\"@type\":\"BreadcrumbList\",\"@id\":\"https:\\\/\\\/boardlife.se\\\/shop\\\/skateboard\\\/bygg-din-skateboard\\\/#breadcrumb\",\"itemListElement\":[{\"@type\":\"ListItem\",\"position\":1,\"name\":\"Hem\",\"item\":\"https:\\\/\\\/boardlife.se\\\/\"},{\"@type\":\"ListItem\",\"position\":2,\"name\":\"V\u00e4lkommen till skateparadiset\",\"item\":\"https:\\\/\\\/boardlife.se\\\/shop\\\/\"},{\"@type\":\"ListItem\",\"position\":3,\"name\":\"Bygg din skateboard\"}]},{\"@type\":\"WebSite\",\"@id\":\"https:\\\/\\\/boardlife.se\\\/#website\",\"url\":\"https:\\\/\\\/boardlife.se\\\/\",\"name\":\"Boardlife.se\",\"description\":\"Provider of Lifestyle\",\"publisher\":{\"@id\":\"https:\\\/\\\/boardlife.se\\\/#organization\"},\"potentialAction\":[{\"@type\":\"SearchAction\",\"target\":{\"@type\":\"EntryPoint\",\"urlTemplate\":\"https:\\\/\\\/boardlife.se\\\/?s={search_term_string}\"},\"query-input\":{\"@type\":\"PropertyValueSpecification\",\"valueRequired\":true,\"valueName\":\"search_term_string\"}}],\"inLanguage\":\"en-US\"},{\"@type\":\"Organization\",\"@id\":\"https:\\\/\\\/boardlife.se\\\/#organization\",\"name\":\"Boardlife\",\"url\":\"https:\\\/\\\/boardlife.se\\\/\",\"logo\":{\"@type\":\"ImageObject\",\"inLanguage\":\"en-US\",\"@id\":\"https:\\\/\\\/boardlife.se\\\/#\\\/schema\\\/logo\\\/image\\\/\",\"url\":\"https:\\\/\\\/boardlife.se\\\/wp-content\\\/uploads\\\/2014\\\/09\\\/logo.png\",\"contentUrl\":\"https:\\\/\\\/boardlife.se\\\/wp-content\\\/uploads\\\/2014\\\/09\\\/logo.png\",\"width\":785,\"height\":103,\"caption\":\"Boardlife\"},\"image\":{\"@id\":\"https:\\\/\\\/boardlife.se\\\/#\\\/schema\\\/logo\\\/image\\\/\"},\"sameAs\":[\"https:\\\/\\\/www.facebook.com\\\/Boardlife.se\",\"http:\\\/\\\/instagram.com\\\/boardlife_official\"]}]}<\/script>\n<!-- \/ Yoast SEO plugin. -->","yoast_head_json":{"title":"Build your own Longboard \/ Skateboard at Boardlife","description":"Build your own skateboard exactly the way you want it. Choose from tons of components. What does your dream board look like? Come in and build your skateboard now!","robots":{"index":"index","follow":"follow","max-snippet":"max-snippet:-1","max-image-preview":"max-image-preview:large","max-video-preview":"max-video-preview:-1"},"canonical":"https:\/\/boardlife.se\/en\/shop\/skateboard\/build-your-skateboard\/?wmc-currency=SEK","og_locale":"en_US","og_type":"article","og_title":"Bygg din egen Longboard \/ Skateboard hos Boardlife","og_description":"Bygg din egen longboard \/ skateboard exakt som du vill ha den. Det finns massor av \"godis\" s\u00e5 plocka ihop dina godbitar precis som du f\u00f6redrar. Hur ser din dr\u00f6mbr\u00e4da ut? In och bygg din longboard nu!","og_url":"https:\/\/boardlife.se\/en\/shop\/skateboard\/build-your-skateboard\/?wmc-currency=SEK","og_site_name":"Boardlife","article_publisher":"https:\/\/www.facebook.com\/Boardlife.se","article_modified_time":"2026-05-11T12:45:36+00:00","og_image":[{"width":600,"height":422,"url":"https:\/\/boardlife.se\/wp-content\/uploads\/2016\/08\/custom-skateboard.jpg","type":"image\/jpeg"}],"twitter_card":"summary_large_image","twitter_misc":{"Est. reading time":"1 minute"},"schema":{"@context":"https:\/\/schema.org","@graph":[{"@type":"WebPage","@id":"https:\/\/boardlife.se\/shop\/skateboard\/bygg-din-skateboard\/","url":"https:\/\/boardlife.se\/shop\/skateboard\/bygg-din-skateboard\/","name":"Build your own Longboard \/ Skateboard at Boardlife","isPartOf":{"@id":"https:\/\/boardlife.se\/#website"},"primaryImageOfPage":{"@id":"https:\/\/boardlife.se\/shop\/skateboard\/bygg-din-skateboard\/#primaryimage"},"image":{"@id":"https:\/\/boardlife.se\/shop\/skateboard\/bygg-din-skateboard\/#primaryimage"},"thumbnailUrl":"https:\/\/boardlife.se\/wp-content\/uploads\/2016\/08\/custom-skateboard.jpg","datePublished":"2016-08-19T16:53:42+00:00","dateModified":"2026-05-11T12:45:36+00:00","description":"Build your own skateboard exactly the way you want it. Choose from tons of components. What does your dream board look like? Come in and build your skateboard now!","breadcrumb":{"@id":"https:\/\/boardlife.se\/shop\/skateboard\/bygg-din-skateboard\/#breadcrumb"},"inLanguage":"en-US","potentialAction":[{"@type":"ReadAction","target":["https:\/\/boardlife.se\/shop\/skateboard\/bygg-din-skateboard\/"]}]},{"@type":"ImageObject","inLanguage":"en-US","@id":"https:\/\/boardlife.se\/shop\/skateboard\/bygg-din-skateboard\/#primaryimage","url":"https:\/\/boardlife.se\/wp-content\/uploads\/2016\/08\/custom-skateboard.jpg","contentUrl":"https:\/\/boardlife.se\/wp-content\/uploads\/2016\/08\/custom-skateboard.jpg","width":600,"height":422,"caption":"Bygg din egen skateboard"},{"@type":"BreadcrumbList","@id":"https:\/\/boardlife.se\/shop\/skateboard\/bygg-din-skateboard\/#breadcrumb","itemListElement":[{"@type":"ListItem","position":1,"name":"Hem","item":"https:\/\/boardlife.se\/"},{"@type":"ListItem","position":2,"name":"V\u00e4lkommen till skateparadiset","item":"https:\/\/boardlife.se\/shop\/"},{"@type":"ListItem","position":3,"name":"Bygg din skateboard"}]},{"@type":"WebSite","@id":"https:\/\/boardlife.se\/#website","url":"https:\/\/boardlife.se\/","name":"Boardlife.se","description":"Lifestyle Provider","publisher":{"@id":"https:\/\/boardlife.se\/#organization"},"potentialAction":[{"@type":"SearchAction","target":{"@type":"EntryPoint","urlTemplate":"https:\/\/boardlife.se\/?s={search_term_string}"},"query-input":{"@type":"PropertyValueSpecification","valueRequired":true,"valueName":"search_term_string"}}],"inLanguage":"en-US"},{"@type":"Organization","@id":"https:\/\/boardlife.se\/#organization","name":"Boardlife","url":"https:\/\/boardlife.se\/","logo":{"@type":"ImageObject","inLanguage":"en-US","@id":"https:\/\/boardlife.se\/#\/schema\/logo\/image\/","url":"https:\/\/boardlife.se\/wp-content\/uploads\/2014\/09\/logo.png","contentUrl":"https:\/\/boardlife.se\/wp-content\/uploads\/2014\/09\/logo.png","width":785,"height":103,"caption":"Boardlife"},"image":{"@id":"https:\/\/boardlife.se\/#\/schema\/logo\/image\/"},"sameAs":["https:\/\/www.facebook.com\/Boardlife.se","http:\/\/instagram.com\/boardlife_official"]}]}},"jetpack_sharing_enabled":true,"_links":{"self":[{"href":"https:\/\/boardlife.se\/en\/wp-json\/wp\/v2\/product\/40816","targetHints":{"allow":["GET"]}}],"collection":[{"href":"https:\/\/boardlife.se\/en\/wp-json\/wp\/v2\/product"}],"about":[{"href":"https:\/\/boardlife.se\/en\/wp-json\/wp\/v2\/types\/product"}],"replies":[{"embeddable":true,"href":"https:\/\/boardlife.se\/en\/wp-json\/wp\/v2\/comments?post=40816"}],"wp:featuredmedia":[{"embeddable":true,"href":"https:\/\/boardlife.se\/en\/wp-json\/wp\/v2\/media\/40817"}],"wp:attachment":[{"href":"https:\/\/boardlife.se\/en\/wp-json\/wp\/v2\/media?parent=40816"}],"wp:term":[{"taxonomy":"product_brand","embeddable":true,"href":"https:\/\/boardlife.se\/en\/wp-json\/wp\/v2\/product_brand?post=40816"},{"taxonomy":"product_cat","embeddable":true,"href":"https:\/\/boardlife.se\/en\/wp-json\/wp\/v2\/product_cat?post=40816"},{"taxonomy":"product_tag","embeddable":true,"href":"https:\/\/boardlife.se\/en\/wp-json\/wp\/v2\/product_tag?post=40816"}],"curies":[{"name":"wp","href":"https:\/\/api.w.org\/{rel}","templated":true}]}}