{"id":43143,"date":"2016-12-02T18:28:26","date_gmt":"2016-12-02T17:28:26","guid":{"rendered":"http:\/\/www.boardlife.se\/produkt\/heartwood-kendama-stripe-spring-blossom\/"},"modified":"2024-03-09T13:52:53","modified_gmt":"2024-03-09T12:52:53","slug":"heartwood-kendama-stripe-spring-blossom","status":"publish","type":"product","link":"https:\/\/boardlife.se\/en\/shop\/stuff\/kendama\/heartwood-kendama-stripe-spring-blossom\/","title":{"rendered":"Heartwood Kendama Stripe Spring Blossom"},"content":{"rendered":"<p>Heartwood Kendama Stripe Spring Blossom \u00e4r en soft kendama med tacky paint, vilket inneb\u00e4r att bollen \u00e4r lackad med en extra greppv\u00e4nlig lack. Den blir lite klibbig och ger bollen ett extra bra grepp. P\u00e5 s\u00e5 vis kan du g\u00f6ra vissa balanstrick enklare. Spring Blossom \u00e4r i standardstorlek p\u00e5 18cm och helt gjord av bok!<\/p>\n<p>All Heartwood Kendamas come with a stylish carry bag, where you can store your kendama when not in use.<\/p>\n<p>Also comes with extra string.<\/p>\n<p>Kendama is a classic Japanese wooden toy made from the finest beech wood. With its unique appearance, it consists of a handle (Ken), a ball (tama) and a string that ties them together. A Kendama is made exclusively according to the standards of the Japanese Kendama Association, to guarantee that weight and quality are met. The game consists of using the handle to balance the ball in different ways. You can combine the movements endlessly and thus constantly develop your concentration, coordination and endurance. Kendama is about creativity, balance and style!<\/p>","protected":false},"excerpt":{"rendered":"<p>Spring Blossom has a soft design. The ball has a so-called tacky paint which means it has extra good grip and you get great control over your tricks.<\/p>","protected":false},"featured_media":43146,"comment_status":"open","ping_status":"closed","template":"","meta":{"_gspb_post_css":"","_crdt_document":""},"product_brand":[2570],"product_cat":[579],"product_tag":[1322],"class_list":{"0":"post-43143","1":"product","2":"type-product","3":"status-publish","4":"has-post-thumbnail","6":"product_brand-heartwood","7":"product_cat-kendama","8":"product_tag-heartwood","9":"pa_extra-extra-snore-med-parla","10":"pa_extra-heartwood-carry-bag","11":"pa_manufacturer-heartwood","13":"first","14":"instock","15":"sale","16":"taxable","17":"shipping-taxable","18":"purchasable","19":"product-type-simple"},"ct_brands":[{"id":2570,"name":"Heartwood","slug":"heartwood"}],"yoast_head":"<!-- This site is optimized with the Yoast SEO plugin v27.5 - https:\/\/yoast.com\/product\/yoast-seo-wordpress\/ -->\n<title>Heartwood Kendama Stripe Spring Blossom - Boardlife<\/title>\n<meta name=\"description\" content=\"Heartwood Kendama Spring Blossom har en soft design och \u00e4r lackad med tacky paint - en klistrig f\u00e4rg som f\u00e5r dig att s\u00e4tta flera trix!\" \/>\n<meta name=\"robots\" content=\"index, follow, max-snippet:-1, max-image-preview:large, max-video-preview:-1\" \/>\n<link rel=\"canonical\" href=\"https:\/\/boardlife.se\/en\/shop\/stuff\/kendama\/heartwood-kendama-stripe-spring-blossom\/?wmc-currency=SEK\" \/>\n<meta property=\"og:locale\" content=\"en_US\" \/>\n<meta property=\"og:type\" content=\"article\" \/>\n<meta property=\"og:title\" content=\"Heartwood Kendama Stripe Spring Blossom - Boardlife\" \/>\n<meta property=\"og:description\" content=\"Heartwood Kendama Spring Blossom har en soft design och \u00e4r lackad med tacky paint - en klistrig f\u00e4rg som f\u00e5r dig att s\u00e4tta flera trix!\" \/>\n<meta property=\"og:url\" content=\"https:\/\/boardlife.se\/en\/shop\/stuff\/kendama\/heartwood-kendama-stripe-spring-blossom\/?wmc-currency=SEK\" \/>\n<meta property=\"og:site_name\" content=\"Boardlife\" \/>\n<meta property=\"article:publisher\" content=\"https:\/\/www.facebook.com\/Boardlife.se\" \/>\n<meta property=\"article:modified_time\" content=\"2024-03-09T12:52:53+00:00\" \/>\n<meta property=\"og:image\" content=\"https:\/\/boardlife.se\/wp-content\/uploads\/2016\/12\/heartwood_stripe-spring-blossom.jpg\" \/>\n\t<meta property=\"og:image:width\" content=\"1200\" \/>\n\t<meta property=\"og:image:height\" content=\"1200\" \/>\n\t<meta property=\"og:image:type\" content=\"image\/jpeg\" \/>\n<meta name=\"twitter:card\" content=\"summary_large_image\" \/>\n<meta name=\"twitter:label1\" content=\"Est. reading time\" \/>\n\t<meta name=\"twitter:data1\" content=\"1 minute\" \/>\n<script type=\"application\/ld+json\" class=\"yoast-schema-graph\">{\"@context\":\"https:\\\/\\\/schema.org\",\"@graph\":[{\"@type\":\"WebPage\",\"@id\":\"https:\\\/\\\/boardlife.se\\\/shop\\\/stuff\\\/kendama\\\/heartwood-kendama-stripe-spring-blossom\\\/\",\"url\":\"https:\\\/\\\/boardlife.se\\\/shop\\\/stuff\\\/kendama\\\/heartwood-kendama-stripe-spring-blossom\\\/\",\"name\":\"Heartwood Kendama Stripe Spring Blossom - Boardlife\",\"isPartOf\":{\"@id\":\"https:\\\/\\\/boardlife.se\\\/#website\"},\"primaryImageOfPage\":{\"@id\":\"https:\\\/\\\/boardlife.se\\\/shop\\\/stuff\\\/kendama\\\/heartwood-kendama-stripe-spring-blossom\\\/#primaryimage\"},\"image\":{\"@id\":\"https:\\\/\\\/boardlife.se\\\/shop\\\/stuff\\\/kendama\\\/heartwood-kendama-stripe-spring-blossom\\\/#primaryimage\"},\"thumbnailUrl\":\"https:\\\/\\\/boardlife.se\\\/wp-content\\\/uploads\\\/2016\\\/12\\\/heartwood_stripe-spring-blossom.jpg\",\"datePublished\":\"2016-12-02T17:28:26+00:00\",\"dateModified\":\"2024-03-09T12:52:53+00:00\",\"description\":\"Heartwood Kendama Spring Blossom har en soft design och \u00e4r lackad med tacky paint - en klistrig f\u00e4rg som f\u00e5r dig att s\u00e4tta flera trix!\",\"breadcrumb\":{\"@id\":\"https:\\\/\\\/boardlife.se\\\/shop\\\/stuff\\\/kendama\\\/heartwood-kendama-stripe-spring-blossom\\\/#breadcrumb\"},\"inLanguage\":\"en-US\",\"potentialAction\":[{\"@type\":\"ReadAction\",\"target\":[\"https:\\\/\\\/boardlife.se\\\/shop\\\/stuff\\\/kendama\\\/heartwood-kendama-stripe-spring-blossom\\\/\"]}]},{\"@type\":\"ImageObject\",\"inLanguage\":\"en-US\",\"@id\":\"https:\\\/\\\/boardlife.se\\\/shop\\\/stuff\\\/kendama\\\/heartwood-kendama-stripe-spring-blossom\\\/#primaryimage\",\"url\":\"https:\\\/\\\/boardlife.se\\\/wp-content\\\/uploads\\\/2016\\\/12\\\/heartwood_stripe-spring-blossom.jpg\",\"contentUrl\":\"https:\\\/\\\/boardlife.se\\\/wp-content\\\/uploads\\\/2016\\\/12\\\/heartwood_stripe-spring-blossom.jpg\",\"width\":1200,\"height\":1200,\"caption\":\"Heartwood Stripe Spring Blossom\"},{\"@type\":\"BreadcrumbList\",\"@id\":\"https:\\\/\\\/boardlife.se\\\/shop\\\/stuff\\\/kendama\\\/heartwood-kendama-stripe-spring-blossom\\\/#breadcrumb\",\"itemListElement\":[{\"@type\":\"ListItem\",\"position\":1,\"name\":\"Hem\",\"item\":\"https:\\\/\\\/boardlife.se\\\/\"},{\"@type\":\"ListItem\",\"position\":2,\"name\":\"V\u00e4lkommen till skateparadiset\",\"item\":\"https:\\\/\\\/boardlife.se\\\/shop\\\/\"},{\"@type\":\"ListItem\",\"position\":3,\"name\":\"Heartwood Kendama Stripe Spring Blossom\"}]},{\"@type\":\"WebSite\",\"@id\":\"https:\\\/\\\/boardlife.se\\\/#website\",\"url\":\"https:\\\/\\\/boardlife.se\\\/\",\"name\":\"Boardlife.se\",\"description\":\"Provider of Lifestyle\",\"publisher\":{\"@id\":\"https:\\\/\\\/boardlife.se\\\/#organization\"},\"potentialAction\":[{\"@type\":\"SearchAction\",\"target\":{\"@type\":\"EntryPoint\",\"urlTemplate\":\"https:\\\/\\\/boardlife.se\\\/?s={search_term_string}\"},\"query-input\":{\"@type\":\"PropertyValueSpecification\",\"valueRequired\":true,\"valueName\":\"search_term_string\"}}],\"inLanguage\":\"en-US\"},{\"@type\":\"Organization\",\"@id\":\"https:\\\/\\\/boardlife.se\\\/#organization\",\"name\":\"Boardlife\",\"url\":\"https:\\\/\\\/boardlife.se\\\/\",\"logo\":{\"@type\":\"ImageObject\",\"inLanguage\":\"en-US\",\"@id\":\"https:\\\/\\\/boardlife.se\\\/#\\\/schema\\\/logo\\\/image\\\/\",\"url\":\"https:\\\/\\\/boardlife.se\\\/wp-content\\\/uploads\\\/2014\\\/09\\\/logo.png\",\"contentUrl\":\"https:\\\/\\\/boardlife.se\\\/wp-content\\\/uploads\\\/2014\\\/09\\\/logo.png\",\"width\":785,\"height\":103,\"caption\":\"Boardlife\"},\"image\":{\"@id\":\"https:\\\/\\\/boardlife.se\\\/#\\\/schema\\\/logo\\\/image\\\/\"},\"sameAs\":[\"https:\\\/\\\/www.facebook.com\\\/Boardlife.se\",\"http:\\\/\\\/instagram.com\\\/boardlife_official\"]}]}<\/script>\n<!-- \/ Yoast SEO plugin. -->","yoast_head_json":{"title":"Heartwood Kendama Stripe Spring Blossom - Boardlife","description":"The Heartwood Kendama Spring Blossom has a soft design and is painted with tacky paint - a sticky paint that will make you do more tricks!","robots":{"index":"index","follow":"follow","max-snippet":"max-snippet:-1","max-image-preview":"max-image-preview:large","max-video-preview":"max-video-preview:-1"},"canonical":"https:\/\/boardlife.se\/en\/shop\/stuff\/kendama\/heartwood-kendama-stripe-spring-blossom\/?wmc-currency=SEK","og_locale":"en_US","og_type":"article","og_title":"Heartwood Kendama Stripe Spring Blossom - Boardlife","og_description":"Heartwood Kendama Spring Blossom har en soft design och \u00e4r lackad med tacky paint - en klistrig f\u00e4rg som f\u00e5r dig att s\u00e4tta flera trix!","og_url":"https:\/\/boardlife.se\/en\/shop\/stuff\/kendama\/heartwood-kendama-stripe-spring-blossom\/?wmc-currency=SEK","og_site_name":"Boardlife","article_publisher":"https:\/\/www.facebook.com\/Boardlife.se","article_modified_time":"2024-03-09T12:52:53+00:00","og_image":[{"width":1200,"height":1200,"url":"https:\/\/boardlife.se\/wp-content\/uploads\/2016\/12\/heartwood_stripe-spring-blossom.jpg","type":"image\/jpeg"}],"twitter_card":"summary_large_image","twitter_misc":{"Est. reading time":"1 minute"},"schema":{"@context":"https:\/\/schema.org","@graph":[{"@type":"WebPage","@id":"https:\/\/boardlife.se\/shop\/stuff\/kendama\/heartwood-kendama-stripe-spring-blossom\/","url":"https:\/\/boardlife.se\/shop\/stuff\/kendama\/heartwood-kendama-stripe-spring-blossom\/","name":"Heartwood Kendama Stripe Spring Blossom - Boardlife","isPartOf":{"@id":"https:\/\/boardlife.se\/#website"},"primaryImageOfPage":{"@id":"https:\/\/boardlife.se\/shop\/stuff\/kendama\/heartwood-kendama-stripe-spring-blossom\/#primaryimage"},"image":{"@id":"https:\/\/boardlife.se\/shop\/stuff\/kendama\/heartwood-kendama-stripe-spring-blossom\/#primaryimage"},"thumbnailUrl":"https:\/\/boardlife.se\/wp-content\/uploads\/2016\/12\/heartwood_stripe-spring-blossom.jpg","datePublished":"2016-12-02T17:28:26+00:00","dateModified":"2024-03-09T12:52:53+00:00","description":"The Heartwood Kendama Spring Blossom has a soft design and is painted with tacky paint - a sticky paint that will make you do more tricks!","breadcrumb":{"@id":"https:\/\/boardlife.se\/shop\/stuff\/kendama\/heartwood-kendama-stripe-spring-blossom\/#breadcrumb"},"inLanguage":"en-US","potentialAction":[{"@type":"ReadAction","target":["https:\/\/boardlife.se\/shop\/stuff\/kendama\/heartwood-kendama-stripe-spring-blossom\/"]}]},{"@type":"ImageObject","inLanguage":"en-US","@id":"https:\/\/boardlife.se\/shop\/stuff\/kendama\/heartwood-kendama-stripe-spring-blossom\/#primaryimage","url":"https:\/\/boardlife.se\/wp-content\/uploads\/2016\/12\/heartwood_stripe-spring-blossom.jpg","contentUrl":"https:\/\/boardlife.se\/wp-content\/uploads\/2016\/12\/heartwood_stripe-spring-blossom.jpg","width":1200,"height":1200,"caption":"Heartwood Stripe Spring Blossom"},{"@type":"BreadcrumbList","@id":"https:\/\/boardlife.se\/shop\/stuff\/kendama\/heartwood-kendama-stripe-spring-blossom\/#breadcrumb","itemListElement":[{"@type":"ListItem","position":1,"name":"Hem","item":"https:\/\/boardlife.se\/"},{"@type":"ListItem","position":2,"name":"V\u00e4lkommen till skateparadiset","item":"https:\/\/boardlife.se\/shop\/"},{"@type":"ListItem","position":3,"name":"Heartwood Kendama Stripe Spring Blossom"}]},{"@type":"WebSite","@id":"https:\/\/boardlife.se\/#website","url":"https:\/\/boardlife.se\/","name":"Boardlife.se","description":"Lifestyle Provider","publisher":{"@id":"https:\/\/boardlife.se\/#organization"},"potentialAction":[{"@type":"SearchAction","target":{"@type":"EntryPoint","urlTemplate":"https:\/\/boardlife.se\/?s={search_term_string}"},"query-input":{"@type":"PropertyValueSpecification","valueRequired":true,"valueName":"search_term_string"}}],"inLanguage":"en-US"},{"@type":"Organization","@id":"https:\/\/boardlife.se\/#organization","name":"Boardlife","url":"https:\/\/boardlife.se\/","logo":{"@type":"ImageObject","inLanguage":"en-US","@id":"https:\/\/boardlife.se\/#\/schema\/logo\/image\/","url":"https:\/\/boardlife.se\/wp-content\/uploads\/2014\/09\/logo.png","contentUrl":"https:\/\/boardlife.se\/wp-content\/uploads\/2014\/09\/logo.png","width":785,"height":103,"caption":"Boardlife"},"image":{"@id":"https:\/\/boardlife.se\/#\/schema\/logo\/image\/"},"sameAs":["https:\/\/www.facebook.com\/Boardlife.se","http:\/\/instagram.com\/boardlife_official"]}]}},"jetpack_sharing_enabled":true,"_links":{"self":[{"href":"https:\/\/boardlife.se\/en\/wp-json\/wp\/v2\/product\/43143","targetHints":{"allow":["GET"]}}],"collection":[{"href":"https:\/\/boardlife.se\/en\/wp-json\/wp\/v2\/product"}],"about":[{"href":"https:\/\/boardlife.se\/en\/wp-json\/wp\/v2\/types\/product"}],"replies":[{"embeddable":true,"href":"https:\/\/boardlife.se\/en\/wp-json\/wp\/v2\/comments?post=43143"}],"wp:featuredmedia":[{"embeddable":true,"href":"https:\/\/boardlife.se\/en\/wp-json\/wp\/v2\/media\/43146"}],"wp:attachment":[{"href":"https:\/\/boardlife.se\/en\/wp-json\/wp\/v2\/media?parent=43143"}],"wp:term":[{"taxonomy":"product_brand","embeddable":true,"href":"https:\/\/boardlife.se\/en\/wp-json\/wp\/v2\/product_brand?post=43143"},{"taxonomy":"product_cat","embeddable":true,"href":"https:\/\/boardlife.se\/en\/wp-json\/wp\/v2\/product_cat?post=43143"},{"taxonomy":"product_tag","embeddable":true,"href":"https:\/\/boardlife.se\/en\/wp-json\/wp\/v2\/product_tag?post=43143"}],"curies":[{"name":"wp","href":"https:\/\/api.w.org\/{rel}","templated":true}]}}