{"id":45503,"date":"2017-04-02T17:59:49","date_gmt":"2017-04-02T15:59:49","guid":{"rendered":"http:\/\/www.boardlife.se\/produkt\/remember-optimo-70mm-76a\/"},"modified":"2024-04-10T16:15:32","modified_gmt":"2024-04-10T14:15:32","slug":"remember-optimo-70mm-76a","status":"publish","type":"product","link":"https:\/\/boardlife.se\/en\/shop\/longboard\/longboard-components\/longboard-wheels\/remember-optimo-70mm-76a\/","title":{"rendered":"Remember Optimo 70mm 76a"},"content":{"rendered":"<p>Optimo \u00e4r ett helt nytt premiumhjul fr\u00e5n Remember Collective\u2019s. Anpassat f\u00f6r freeride. N\u00e5got som vi definitivt kan h\u00e5lla med om. Du kan v\u00e4lja mellan 74, 76, 78 och 80a vilket g\u00f6r att du kan v\u00e4lja din favorit n\u00e4r det kommer till h\u00e5rdhet. Diametern ligger p\u00e5 70mm och bredden p\u00e5 44mm vilket g\u00f6r att det \u00e4r l\u00e4tt att kasta ut p\u00e5 en slide n\u00e4r du vill. Du f\u00e5r en f\u00f6rinsliten stoneground-yta p\u00e5 hjulet s\u00e5 du kan b\u00f6rja sladda direkt. Optimo \u00e4r utrustade med en rej\u00e4l k\u00e4rna f\u00f6r att ge extra god stabilitet n\u00e4r du pressar hjulet riktigt h\u00e5rt i \u00e5kningen. Optimo bjuder p\u00e5 ett p\u00e5litligt grepp och en riktigt sk\u00f6n slide n\u00e4r du v\u00e4l sagt \u00e5t dem att sl\u00e4ppa. S\u00e4rskilt om du siktar in dig p\u00e5 de mjukare hjulen.<\/p>\n<p>&nbsp;<\/p>","protected":false},"excerpt":{"rendered":"<p>An impressive wheel from Remember with an extra large core for really good control in the slide. Roll straight or put the wheels sideways, these wheels are really fun to ride.<\/p>","protected":false},"featured_media":144647,"comment_status":"open","ping_status":"closed","template":"","meta":{"_gspb_post_css":"","_crdt_document":""},"product_brand":[2600],"product_cat":[38],"product_tag":[884,1759],"class_list":{"0":"post-45503","1":"product","2":"type-product","3":"status-publish","4":"has-post-thumbnail","6":"product_brand-remember-collective","7":"product_cat-wheels-longboard","8":"product_tag-remember-collective","9":"product_tag-sliding","10":"pa_diameter-70mm","11":"pa_durometer-76a","12":"pa_hub-placering-offset","13":"pa_kontaktyta-38mm","14":"pa_manufacturer-remember-collective","15":"pa_wheel-shape-rounded","17":"first","18":"instock","19":"taxable","20":"shipping-taxable","21":"purchasable","22":"product-type-simple"},"ct_brands":[{"id":2600,"name":"Remember Collective","slug":"remember-collectively"}],"yoast_head":"<!-- This site is optimized with the Yoast SEO plugin v27.5 - https:\/\/yoast.com\/product\/yoast-seo-wordpress\/ -->\n<title>Remember Optimo 70mm 76a - Boardlife<\/title>\n<meta name=\"description\" content=\"Remember Optimo, ett imponerande hjul med en extra stor k\u00e4rna f\u00f6r riktigt bra kontroll i slide. Dessa hjul \u00e4r riktigt roliga att \u00e5ka p\u00e5.\" \/>\n<meta name=\"robots\" content=\"index, follow, max-snippet:-1, max-image-preview:large, max-video-preview:-1\" \/>\n<link rel=\"canonical\" href=\"https:\/\/boardlife.se\/en\/shop\/longboard\/longboard-components\/longboard-wheels\/remember-optimo-70mm-76a\/?wmc-currency=SEK\" \/>\n<meta property=\"og:locale\" content=\"en_US\" \/>\n<meta property=\"og:type\" content=\"article\" \/>\n<meta property=\"og:title\" content=\"Remember Optimo 70mm 76a - Boardlife\" \/>\n<meta property=\"og:description\" content=\"Remember Optimo, ett imponerande hjul med en extra stor k\u00e4rna f\u00f6r riktigt bra kontroll i slide. Dessa hjul \u00e4r riktigt roliga att \u00e5ka p\u00e5.\" \/>\n<meta property=\"og:url\" content=\"https:\/\/boardlife.se\/en\/shop\/longboard\/longboard-components\/longboard-wheels\/remember-optimo-70mm-76a\/?wmc-currency=SEK\" \/>\n<meta property=\"og:site_name\" content=\"Boardlife\" \/>\n<meta property=\"article:publisher\" content=\"https:\/\/www.facebook.com\/Boardlife.se\" \/>\n<meta property=\"article:modified_time\" content=\"2024-04-10T14:15:32+00:00\" \/>\n<meta property=\"og:image\" content=\"https:\/\/boardlife.se\/wp-content\/uploads\/2017\/04\/70mm-Remember-Optimo-Wheels-Pink-1.jpg\" \/>\n\t<meta property=\"og:image:width\" content=\"800\" \/>\n\t<meta property=\"og:image:height\" content=\"800\" \/>\n\t<meta property=\"og:image:type\" content=\"image\/jpeg\" \/>\n<meta name=\"twitter:card\" content=\"summary_large_image\" \/>\n<meta name=\"twitter:label1\" content=\"Est. reading time\" \/>\n\t<meta name=\"twitter:data1\" content=\"1 minute\" \/>\n<script type=\"application\/ld+json\" class=\"yoast-schema-graph\">{\"@context\":\"https:\\\/\\\/schema.org\",\"@graph\":[{\"@type\":\"WebPage\",\"@id\":\"https:\\\/\\\/boardlife.se\\\/shop\\\/longboard\\\/components-longboard\\\/wheels-longboard\\\/remember-optimo-70mm-76a\\\/\",\"url\":\"https:\\\/\\\/boardlife.se\\\/shop\\\/longboard\\\/components-longboard\\\/wheels-longboard\\\/remember-optimo-70mm-76a\\\/\",\"name\":\"Remember Optimo 70mm 76a - Boardlife\",\"isPartOf\":{\"@id\":\"https:\\\/\\\/boardlife.se\\\/#website\"},\"primaryImageOfPage\":{\"@id\":\"https:\\\/\\\/boardlife.se\\\/shop\\\/longboard\\\/components-longboard\\\/wheels-longboard\\\/remember-optimo-70mm-76a\\\/#primaryimage\"},\"image\":{\"@id\":\"https:\\\/\\\/boardlife.se\\\/shop\\\/longboard\\\/components-longboard\\\/wheels-longboard\\\/remember-optimo-70mm-76a\\\/#primaryimage\"},\"thumbnailUrl\":\"https:\\\/\\\/boardlife.se\\\/wp-content\\\/uploads\\\/2017\\\/04\\\/70mm-Remember-Optimo-Wheels-Pink-1.jpg\",\"datePublished\":\"2017-04-02T15:59:49+00:00\",\"dateModified\":\"2024-04-10T14:15:32+00:00\",\"description\":\"Remember Optimo, ett imponerande hjul med en extra stor k\u00e4rna f\u00f6r riktigt bra kontroll i slide. Dessa hjul \u00e4r riktigt roliga att \u00e5ka p\u00e5.\",\"breadcrumb\":{\"@id\":\"https:\\\/\\\/boardlife.se\\\/shop\\\/longboard\\\/components-longboard\\\/wheels-longboard\\\/remember-optimo-70mm-76a\\\/#breadcrumb\"},\"inLanguage\":\"en-US\",\"potentialAction\":[{\"@type\":\"ReadAction\",\"target\":[\"https:\\\/\\\/boardlife.se\\\/shop\\\/longboard\\\/components-longboard\\\/wheels-longboard\\\/remember-optimo-70mm-76a\\\/\"]}]},{\"@type\":\"ImageObject\",\"inLanguage\":\"en-US\",\"@id\":\"https:\\\/\\\/boardlife.se\\\/shop\\\/longboard\\\/components-longboard\\\/wheels-longboard\\\/remember-optimo-70mm-76a\\\/#primaryimage\",\"url\":\"https:\\\/\\\/boardlife.se\\\/wp-content\\\/uploads\\\/2017\\\/04\\\/70mm-Remember-Optimo-Wheels-Pink-1.jpg\",\"contentUrl\":\"https:\\\/\\\/boardlife.se\\\/wp-content\\\/uploads\\\/2017\\\/04\\\/70mm-Remember-Optimo-Wheels-Pink-1.jpg\",\"width\":800,\"height\":800,\"caption\":\"Remember Optimo Wheels 70mm Pink\"},{\"@type\":\"BreadcrumbList\",\"@id\":\"https:\\\/\\\/boardlife.se\\\/shop\\\/longboard\\\/components-longboard\\\/wheels-longboard\\\/remember-optimo-70mm-76a\\\/#breadcrumb\",\"itemListElement\":[{\"@type\":\"ListItem\",\"position\":1,\"name\":\"Hem\",\"item\":\"https:\\\/\\\/boardlife.se\\\/\"},{\"@type\":\"ListItem\",\"position\":2,\"name\":\"V\u00e4lkommen till skateparadiset\",\"item\":\"https:\\\/\\\/boardlife.se\\\/shop\\\/\"},{\"@type\":\"ListItem\",\"position\":3,\"name\":\"Remember Optimo 70mm 76a\"}]},{\"@type\":\"WebSite\",\"@id\":\"https:\\\/\\\/boardlife.se\\\/#website\",\"url\":\"https:\\\/\\\/boardlife.se\\\/\",\"name\":\"Boardlife.se\",\"description\":\"Provider of Lifestyle\",\"publisher\":{\"@id\":\"https:\\\/\\\/boardlife.se\\\/#organization\"},\"potentialAction\":[{\"@type\":\"SearchAction\",\"target\":{\"@type\":\"EntryPoint\",\"urlTemplate\":\"https:\\\/\\\/boardlife.se\\\/?s={search_term_string}\"},\"query-input\":{\"@type\":\"PropertyValueSpecification\",\"valueRequired\":true,\"valueName\":\"search_term_string\"}}],\"inLanguage\":\"en-US\"},{\"@type\":\"Organization\",\"@id\":\"https:\\\/\\\/boardlife.se\\\/#organization\",\"name\":\"Boardlife\",\"url\":\"https:\\\/\\\/boardlife.se\\\/\",\"logo\":{\"@type\":\"ImageObject\",\"inLanguage\":\"en-US\",\"@id\":\"https:\\\/\\\/boardlife.se\\\/#\\\/schema\\\/logo\\\/image\\\/\",\"url\":\"https:\\\/\\\/boardlife.se\\\/wp-content\\\/uploads\\\/2014\\\/09\\\/logo.png\",\"contentUrl\":\"https:\\\/\\\/boardlife.se\\\/wp-content\\\/uploads\\\/2014\\\/09\\\/logo.png\",\"width\":785,\"height\":103,\"caption\":\"Boardlife\"},\"image\":{\"@id\":\"https:\\\/\\\/boardlife.se\\\/#\\\/schema\\\/logo\\\/image\\\/\"},\"sameAs\":[\"https:\\\/\\\/www.facebook.com\\\/Boardlife.se\",\"http:\\\/\\\/instagram.com\\\/boardlife_official\"]}]}<\/script>\n<!-- \/ Yoast SEO plugin. -->","yoast_head_json":{"title":"Remember Optimo 70mm 76a - Boardlife","description":"Remember Optimo, an impressive wheel with an extra large core for really good control in slides. These wheels are really fun to ride.","robots":{"index":"index","follow":"follow","max-snippet":"max-snippet:-1","max-image-preview":"max-image-preview:large","max-video-preview":"max-video-preview:-1"},"canonical":"https:\/\/boardlife.se\/en\/shop\/longboard\/longboard-components\/longboard-wheels\/remember-optimo-70mm-76a\/?wmc-currency=SEK","og_locale":"en_US","og_type":"article","og_title":"Remember Optimo 70mm 76a - Boardlife","og_description":"Remember Optimo, ett imponerande hjul med en extra stor k\u00e4rna f\u00f6r riktigt bra kontroll i slide. Dessa hjul \u00e4r riktigt roliga att \u00e5ka p\u00e5.","og_url":"https:\/\/boardlife.se\/en\/shop\/longboard\/longboard-components\/longboard-wheels\/remember-optimo-70mm-76a\/?wmc-currency=SEK","og_site_name":"Boardlife","article_publisher":"https:\/\/www.facebook.com\/Boardlife.se","article_modified_time":"2024-04-10T14:15:32+00:00","og_image":[{"width":800,"height":800,"url":"https:\/\/boardlife.se\/wp-content\/uploads\/2017\/04\/70mm-Remember-Optimo-Wheels-Pink-1.jpg","type":"image\/jpeg"}],"twitter_card":"summary_large_image","twitter_misc":{"Est. reading time":"1 minute"},"schema":{"@context":"https:\/\/schema.org","@graph":[{"@type":"WebPage","@id":"https:\/\/boardlife.se\/shop\/longboard\/components-longboard\/wheels-longboard\/remember-optimo-70mm-76a\/","url":"https:\/\/boardlife.se\/shop\/longboard\/components-longboard\/wheels-longboard\/remember-optimo-70mm-76a\/","name":"Remember Optimo 70mm 76a - Boardlife","isPartOf":{"@id":"https:\/\/boardlife.se\/#website"},"primaryImageOfPage":{"@id":"https:\/\/boardlife.se\/shop\/longboard\/components-longboard\/wheels-longboard\/remember-optimo-70mm-76a\/#primaryimage"},"image":{"@id":"https:\/\/boardlife.se\/shop\/longboard\/components-longboard\/wheels-longboard\/remember-optimo-70mm-76a\/#primaryimage"},"thumbnailUrl":"https:\/\/boardlife.se\/wp-content\/uploads\/2017\/04\/70mm-Remember-Optimo-Wheels-Pink-1.jpg","datePublished":"2017-04-02T15:59:49+00:00","dateModified":"2024-04-10T14:15:32+00:00","description":"Remember Optimo, an impressive wheel with an extra large core for really good control in slides. These wheels are really fun to ride.","breadcrumb":{"@id":"https:\/\/boardlife.se\/shop\/longboard\/components-longboard\/wheels-longboard\/remember-optimo-70mm-76a\/#breadcrumb"},"inLanguage":"en-US","potentialAction":[{"@type":"ReadAction","target":["https:\/\/boardlife.se\/shop\/longboard\/components-longboard\/wheels-longboard\/remember-optimo-70mm-76a\/"]}]},{"@type":"ImageObject","inLanguage":"en-US","@id":"https:\/\/boardlife.se\/shop\/longboard\/components-longboard\/wheels-longboard\/remember-optimo-70mm-76a\/#primaryimage","url":"https:\/\/boardlife.se\/wp-content\/uploads\/2017\/04\/70mm-Remember-Optimo-Wheels-Pink-1.jpg","contentUrl":"https:\/\/boardlife.se\/wp-content\/uploads\/2017\/04\/70mm-Remember-Optimo-Wheels-Pink-1.jpg","width":800,"height":800,"caption":"Remember Optimo Wheels 70mm Pink"},{"@type":"BreadcrumbList","@id":"https:\/\/boardlife.se\/shop\/longboard\/components-longboard\/wheels-longboard\/remember-optimo-70mm-76a\/#breadcrumb","itemListElement":[{"@type":"ListItem","position":1,"name":"Hem","item":"https:\/\/boardlife.se\/"},{"@type":"ListItem","position":2,"name":"V\u00e4lkommen till skateparadiset","item":"https:\/\/boardlife.se\/shop\/"},{"@type":"ListItem","position":3,"name":"Remember Optimo 70mm 76a"}]},{"@type":"WebSite","@id":"https:\/\/boardlife.se\/#website","url":"https:\/\/boardlife.se\/","name":"Boardlife.se","description":"Lifestyle Provider","publisher":{"@id":"https:\/\/boardlife.se\/#organization"},"potentialAction":[{"@type":"SearchAction","target":{"@type":"EntryPoint","urlTemplate":"https:\/\/boardlife.se\/?s={search_term_string}"},"query-input":{"@type":"PropertyValueSpecification","valueRequired":true,"valueName":"search_term_string"}}],"inLanguage":"en-US"},{"@type":"Organization","@id":"https:\/\/boardlife.se\/#organization","name":"Boardlife","url":"https:\/\/boardlife.se\/","logo":{"@type":"ImageObject","inLanguage":"en-US","@id":"https:\/\/boardlife.se\/#\/schema\/logo\/image\/","url":"https:\/\/boardlife.se\/wp-content\/uploads\/2014\/09\/logo.png","contentUrl":"https:\/\/boardlife.se\/wp-content\/uploads\/2014\/09\/logo.png","width":785,"height":103,"caption":"Boardlife"},"image":{"@id":"https:\/\/boardlife.se\/#\/schema\/logo\/image\/"},"sameAs":["https:\/\/www.facebook.com\/Boardlife.se","http:\/\/instagram.com\/boardlife_official"]}]}},"jetpack_sharing_enabled":true,"_links":{"self":[{"href":"https:\/\/boardlife.se\/en\/wp-json\/wp\/v2\/product\/45503","targetHints":{"allow":["GET"]}}],"collection":[{"href":"https:\/\/boardlife.se\/en\/wp-json\/wp\/v2\/product"}],"about":[{"href":"https:\/\/boardlife.se\/en\/wp-json\/wp\/v2\/types\/product"}],"replies":[{"embeddable":true,"href":"https:\/\/boardlife.se\/en\/wp-json\/wp\/v2\/comments?post=45503"}],"wp:featuredmedia":[{"embeddable":true,"href":"https:\/\/boardlife.se\/en\/wp-json\/wp\/v2\/media\/144647"}],"wp:attachment":[{"href":"https:\/\/boardlife.se\/en\/wp-json\/wp\/v2\/media?parent=45503"}],"wp:term":[{"taxonomy":"product_brand","embeddable":true,"href":"https:\/\/boardlife.se\/en\/wp-json\/wp\/v2\/product_brand?post=45503"},{"taxonomy":"product_cat","embeddable":true,"href":"https:\/\/boardlife.se\/en\/wp-json\/wp\/v2\/product_cat?post=45503"},{"taxonomy":"product_tag","embeddable":true,"href":"https:\/\/boardlife.se\/en\/wp-json\/wp\/v2\/product_tag?post=45503"}],"curies":[{"name":"wp","href":"https:\/\/api.w.org\/{rel}","templated":true}]}}