{"id":47299,"date":"2017-06-28T09:08:28","date_gmt":"2017-06-28T07:08:28","guid":{"rendered":"http:\/\/www.boardlife.se\/?post_type=product&#038;p=47299"},"modified":"2021-05-04T12:33:56","modified_gmt":"2021-05-04T10:33:56","slug":"remember-lil-hoots-yellow-65mm-74a","status":"publish","type":"product","link":"https:\/\/boardlife.se\/en\/shop\/longboard\/longboard-components\/longboard-wheels\/remember-lil-hoots-yellow-65mm-74a\/","title":{"rendered":"Remember Lil&#039; Hoots Yellow 65mm 74a"},"content":{"rendered":"<h2>Remember Lil&#8217; Hoots<\/h2>\n<p>Remember lanserar nu sina uppdaterade Lil&#8217;hoots 65mm. En mindre version av storebrodern Hoots. \u00a0Det som skiljer Lil&#8217; Hoots fr\u00e5n de st\u00f6rre Hoots \u00e4r dock inte bara storlek och pris. Genom att de \u00e4r 65mm ist\u00e4llet f\u00f6r 70mm och dessutom smalare f\u00e5r du ett hjul som \u00e4r lite l\u00e4ttare att s\u00e4tta ig\u00e5ng i slide. Tillh\u00f6r du en \u00e5kare som pressar hjulet i h\u00f6gre hastigheter s\u00e5 \u00e4r nog Hoots b\u00e4ttre. Givetvis kan du ju alltid experimentera med de olika h\u00e5rdheterna som nu g\u00e5r fr\u00e5n 74a &#8211; 80a. L\u00e4mnar sp\u00f6kaktiga linjer i marken men slits inte alls fort j\u00e4mf\u00f6rt med t.ex ABEC11 eller n\u00e5got annat hjul som l\u00e4mnar linjer.<\/p>\n<p>F\u00f6r den som vill b\u00f6rja l\u00e4ra sig slidea eller f\u00f6r den som vill kunna dra ig\u00e5ng en slide i l\u00e4gre hastighet s\u00e5 \u00e4r Lil&#8217; Hoots verkligen ett bra hjul. V\u00e4lj bara den h\u00e5rdhet som passar dig b\u00e4st. Alla b\u00f6r ha minst ett set Hoots i l\u00e5dan, priset g\u00f6r det absolut v\u00e4rt det ocks\u00e5. Ett starkt tips fr\u00e5n v\u00e5r sida.<\/p>","protected":false},"excerpt":{"rendered":"<p>Lil&#8217; Hoots \u00e4r den mindre versionen av Hoots. Med sina 65mm f\u00e5r du en perfekt storlek f\u00f6r att komma ig\u00e5ng och sladda direkt. Riktigt prisv\u00e4rt hjul som passar b\u00e5de nyb\u00f6rjaren och den mer erfarna freeride\u00e5karen. I denna uppdaterade serie kan du v\u00e4lja p\u00e5 fler duros \u00e4n tidigare. Perfekt f\u00f6r att hitta ett hjul som passar dig extra bra.<\/p>","protected":false},"featured_media":50521,"comment_status":"open","ping_status":"closed","template":"","meta":{"_gspb_post_css":"","_crdt_document":""},"product_brand":[2600],"product_cat":[38],"product_tag":[884,1759],"class_list":{"0":"post-47299","1":"product","2":"type-product","3":"status-publish","4":"has-post-thumbnail","6":"product_brand-remember-collective","7":"product_cat-wheels-longboard","8":"product_tag-remember-collective","9":"product_tag-sliding","10":"pa_diameter-65mm","11":"pa_durometer-74a","12":"pa_kontaktyta-335mm","13":"pa_manufacturer-remember-collective","14":"pa_wheel-shape-rounded","16":"first","17":"outofstock","18":"taxable","19":"shipping-taxable","20":"purchasable","21":"product-type-simple"},"ct_brands":[{"id":2600,"name":"Remember Collective","slug":"remember-collectively"}],"yoast_head":"<!-- This site is optimized with the Yoast SEO plugin v27.5 - https:\/\/yoast.com\/product\/yoast-seo-wordpress\/ -->\n<title>Remember Lil&#039; Hoots Yellow 65mm 74a - Boardlife<\/title>\n<meta name=\"description\" content=\"Remember lanserar nu sina uppdaterade Lil&#039;hoots 65mm. En mindre version av storebrodern Hoots. L\u00e4mnar sp\u00f6kaktiga linjer i marken men slits inte alls fort.\" \/>\n<meta name=\"robots\" content=\"index, follow, max-snippet:-1, max-image-preview:large, max-video-preview:-1\" \/>\n<link rel=\"canonical\" href=\"https:\/\/boardlife.se\/en\/shop\/longboard\/longboard-components\/longboard-wheels\/remember-lil-hoots-yellow-65mm-74a\/?wmc-currency=SEK\" \/>\n<meta property=\"og:locale\" content=\"en_US\" \/>\n<meta property=\"og:type\" content=\"article\" \/>\n<meta property=\"og:title\" content=\"Remember Lil&#039; Hoots Yellow 65mm 74a - Boardlife\" \/>\n<meta property=\"og:description\" content=\"Remember lanserar nu sina uppdaterade Lil&#039;hoots 65mm. En mindre version av storebrodern Hoots. L\u00e4mnar sp\u00f6kaktiga linjer i marken men slits inte alls fort.\" \/>\n<meta property=\"og:url\" content=\"https:\/\/boardlife.se\/en\/shop\/longboard\/longboard-components\/longboard-wheels\/remember-lil-hoots-yellow-65mm-74a\/?wmc-currency=SEK\" \/>\n<meta property=\"og:site_name\" content=\"Boardlife\" \/>\n<meta property=\"article:publisher\" content=\"https:\/\/www.facebook.com\/Boardlife.se\" \/>\n<meta property=\"article:modified_time\" content=\"2021-05-04T10:33:56+00:00\" \/>\n<meta property=\"og:image\" content=\"https:\/\/boardlife.se\/wp-content\/uploads\/2017\/06\/Remember-Lil_Hoot-65mm-Longboard-Skateboard-Wheels-yellow-74a.jpg\" \/>\n\t<meta property=\"og:image:width\" content=\"1100\" \/>\n\t<meta property=\"og:image:height\" content=\"1100\" \/>\n\t<meta property=\"og:image:type\" content=\"image\/jpeg\" \/>\n<meta name=\"twitter:card\" content=\"summary_large_image\" \/>\n<meta name=\"twitter:label1\" content=\"Est. reading time\" \/>\n\t<meta name=\"twitter:data1\" content=\"1 minute\" \/>\n<script type=\"application\/ld+json\" class=\"yoast-schema-graph\">{\"@context\":\"https:\\\/\\\/schema.org\",\"@graph\":[{\"@type\":\"WebPage\",\"@id\":\"https:\\\/\\\/boardlife.se\\\/shop\\\/longboard\\\/components-longboard\\\/wheels-longboard\\\/remember-lil-hoots-yellow-65mm-74a\\\/\",\"url\":\"https:\\\/\\\/boardlife.se\\\/shop\\\/longboard\\\/components-longboard\\\/wheels-longboard\\\/remember-lil-hoots-yellow-65mm-74a\\\/\",\"name\":\"Remember Lil' Hoots Yellow 65mm 74a - Boardlife\",\"isPartOf\":{\"@id\":\"https:\\\/\\\/boardlife.se\\\/#website\"},\"primaryImageOfPage\":{\"@id\":\"https:\\\/\\\/boardlife.se\\\/shop\\\/longboard\\\/components-longboard\\\/wheels-longboard\\\/remember-lil-hoots-yellow-65mm-74a\\\/#primaryimage\"},\"image\":{\"@id\":\"https:\\\/\\\/boardlife.se\\\/shop\\\/longboard\\\/components-longboard\\\/wheels-longboard\\\/remember-lil-hoots-yellow-65mm-74a\\\/#primaryimage\"},\"thumbnailUrl\":\"https:\\\/\\\/boardlife.se\\\/wp-content\\\/uploads\\\/2017\\\/06\\\/Remember-Lil_Hoot-65mm-Longboard-Skateboard-Wheels-yellow-74a.jpg\",\"datePublished\":\"2017-06-28T07:08:28+00:00\",\"dateModified\":\"2021-05-04T10:33:56+00:00\",\"description\":\"Remember lanserar nu sina uppdaterade Lil'hoots 65mm. En mindre version av storebrodern Hoots. L\u00e4mnar sp\u00f6kaktiga linjer i marken men slits inte alls fort.\",\"breadcrumb\":{\"@id\":\"https:\\\/\\\/boardlife.se\\\/shop\\\/longboard\\\/components-longboard\\\/wheels-longboard\\\/remember-lil-hoots-yellow-65mm-74a\\\/#breadcrumb\"},\"inLanguage\":\"en-US\",\"potentialAction\":[{\"@type\":\"ReadAction\",\"target\":[\"https:\\\/\\\/boardlife.se\\\/shop\\\/longboard\\\/components-longboard\\\/wheels-longboard\\\/remember-lil-hoots-yellow-65mm-74a\\\/\"]}]},{\"@type\":\"ImageObject\",\"inLanguage\":\"en-US\",\"@id\":\"https:\\\/\\\/boardlife.se\\\/shop\\\/longboard\\\/components-longboard\\\/wheels-longboard\\\/remember-lil-hoots-yellow-65mm-74a\\\/#primaryimage\",\"url\":\"https:\\\/\\\/boardlife.se\\\/wp-content\\\/uploads\\\/2017\\\/06\\\/Remember-Lil_Hoot-65mm-Longboard-Skateboard-Wheels-yellow-74a.jpg\",\"contentUrl\":\"https:\\\/\\\/boardlife.se\\\/wp-content\\\/uploads\\\/2017\\\/06\\\/Remember-Lil_Hoot-65mm-Longboard-Skateboard-Wheels-yellow-74a.jpg\",\"width\":1100,\"height\":1100,\"caption\":\"Remember Lil Hoot 65mm Longboard Skateboard Wheels yellow 74a\"},{\"@type\":\"BreadcrumbList\",\"@id\":\"https:\\\/\\\/boardlife.se\\\/shop\\\/longboard\\\/components-longboard\\\/wheels-longboard\\\/remember-lil-hoots-yellow-65mm-74a\\\/#breadcrumb\",\"itemListElement\":[{\"@type\":\"ListItem\",\"position\":1,\"name\":\"Hem\",\"item\":\"https:\\\/\\\/boardlife.se\\\/\"},{\"@type\":\"ListItem\",\"position\":2,\"name\":\"V\u00e4lkommen till skateparadiset\",\"item\":\"https:\\\/\\\/boardlife.se\\\/shop\\\/\"},{\"@type\":\"ListItem\",\"position\":3,\"name\":\"Remember Lil&#8217; Hoots Yellow 65mm 74a\"}]},{\"@type\":\"WebSite\",\"@id\":\"https:\\\/\\\/boardlife.se\\\/#website\",\"url\":\"https:\\\/\\\/boardlife.se\\\/\",\"name\":\"Boardlife.se\",\"description\":\"Provider of Lifestyle\",\"publisher\":{\"@id\":\"https:\\\/\\\/boardlife.se\\\/#organization\"},\"potentialAction\":[{\"@type\":\"SearchAction\",\"target\":{\"@type\":\"EntryPoint\",\"urlTemplate\":\"https:\\\/\\\/boardlife.se\\\/?s={search_term_string}\"},\"query-input\":{\"@type\":\"PropertyValueSpecification\",\"valueRequired\":true,\"valueName\":\"search_term_string\"}}],\"inLanguage\":\"en-US\"},{\"@type\":\"Organization\",\"@id\":\"https:\\\/\\\/boardlife.se\\\/#organization\",\"name\":\"Boardlife\",\"url\":\"https:\\\/\\\/boardlife.se\\\/\",\"logo\":{\"@type\":\"ImageObject\",\"inLanguage\":\"en-US\",\"@id\":\"https:\\\/\\\/boardlife.se\\\/#\\\/schema\\\/logo\\\/image\\\/\",\"url\":\"https:\\\/\\\/boardlife.se\\\/wp-content\\\/uploads\\\/2014\\\/09\\\/logo.png\",\"contentUrl\":\"https:\\\/\\\/boardlife.se\\\/wp-content\\\/uploads\\\/2014\\\/09\\\/logo.png\",\"width\":785,\"height\":103,\"caption\":\"Boardlife\"},\"image\":{\"@id\":\"https:\\\/\\\/boardlife.se\\\/#\\\/schema\\\/logo\\\/image\\\/\"},\"sameAs\":[\"https:\\\/\\\/www.facebook.com\\\/Boardlife.se\",\"http:\\\/\\\/instagram.com\\\/boardlife_official\"]}]}<\/script>\n<!-- \/ Yoast SEO plugin. -->","yoast_head_json":{"title":"Remember Lil' Hoots Yellow 65mm 74a - Boardlife","description":"Remember lanserar nu sina uppdaterade Lil'hoots 65mm. En mindre version av storebrodern Hoots. L\u00e4mnar sp\u00f6kaktiga linjer i marken men slits inte alls fort.","robots":{"index":"index","follow":"follow","max-snippet":"max-snippet:-1","max-image-preview":"max-image-preview:large","max-video-preview":"max-video-preview:-1"},"canonical":"https:\/\/boardlife.se\/en\/shop\/longboard\/longboard-components\/longboard-wheels\/remember-lil-hoots-yellow-65mm-74a\/?wmc-currency=SEK","og_locale":"en_US","og_type":"article","og_title":"Remember Lil' Hoots Yellow 65mm 74a - Boardlife","og_description":"Remember lanserar nu sina uppdaterade Lil'hoots 65mm. En mindre version av storebrodern Hoots. L\u00e4mnar sp\u00f6kaktiga linjer i marken men slits inte alls fort.","og_url":"https:\/\/boardlife.se\/en\/shop\/longboard\/longboard-components\/longboard-wheels\/remember-lil-hoots-yellow-65mm-74a\/?wmc-currency=SEK","og_site_name":"Boardlife","article_publisher":"https:\/\/www.facebook.com\/Boardlife.se","article_modified_time":"2021-05-04T10:33:56+00:00","og_image":[{"width":1100,"height":1100,"url":"https:\/\/boardlife.se\/wp-content\/uploads\/2017\/06\/Remember-Lil_Hoot-65mm-Longboard-Skateboard-Wheels-yellow-74a.jpg","type":"image\/jpeg"}],"twitter_card":"summary_large_image","twitter_misc":{"Est. reading time":"1 minute"},"schema":{"@context":"https:\/\/schema.org","@graph":[{"@type":"WebPage","@id":"https:\/\/boardlife.se\/shop\/longboard\/components-longboard\/wheels-longboard\/remember-lil-hoots-yellow-65mm-74a\/","url":"https:\/\/boardlife.se\/shop\/longboard\/components-longboard\/wheels-longboard\/remember-lil-hoots-yellow-65mm-74a\/","name":"Remember Lil' Hoots Yellow 65mm 74a - Boardlife","isPartOf":{"@id":"https:\/\/boardlife.se\/#website"},"primaryImageOfPage":{"@id":"https:\/\/boardlife.se\/shop\/longboard\/components-longboard\/wheels-longboard\/remember-lil-hoots-yellow-65mm-74a\/#primaryimage"},"image":{"@id":"https:\/\/boardlife.se\/shop\/longboard\/components-longboard\/wheels-longboard\/remember-lil-hoots-yellow-65mm-74a\/#primaryimage"},"thumbnailUrl":"https:\/\/boardlife.se\/wp-content\/uploads\/2017\/06\/Remember-Lil_Hoot-65mm-Longboard-Skateboard-Wheels-yellow-74a.jpg","datePublished":"2017-06-28T07:08:28+00:00","dateModified":"2021-05-04T10:33:56+00:00","description":"Remember lanserar nu sina uppdaterade Lil'hoots 65mm. En mindre version av storebrodern Hoots. L\u00e4mnar sp\u00f6kaktiga linjer i marken men slits inte alls fort.","breadcrumb":{"@id":"https:\/\/boardlife.se\/shop\/longboard\/components-longboard\/wheels-longboard\/remember-lil-hoots-yellow-65mm-74a\/#breadcrumb"},"inLanguage":"en-US","potentialAction":[{"@type":"ReadAction","target":["https:\/\/boardlife.se\/shop\/longboard\/components-longboard\/wheels-longboard\/remember-lil-hoots-yellow-65mm-74a\/"]}]},{"@type":"ImageObject","inLanguage":"en-US","@id":"https:\/\/boardlife.se\/shop\/longboard\/components-longboard\/wheels-longboard\/remember-lil-hoots-yellow-65mm-74a\/#primaryimage","url":"https:\/\/boardlife.se\/wp-content\/uploads\/2017\/06\/Remember-Lil_Hoot-65mm-Longboard-Skateboard-Wheels-yellow-74a.jpg","contentUrl":"https:\/\/boardlife.se\/wp-content\/uploads\/2017\/06\/Remember-Lil_Hoot-65mm-Longboard-Skateboard-Wheels-yellow-74a.jpg","width":1100,"height":1100,"caption":"Remember Lil Hoot 65mm Longboard Skateboard Wheels yellow 74a"},{"@type":"BreadcrumbList","@id":"https:\/\/boardlife.se\/shop\/longboard\/components-longboard\/wheels-longboard\/remember-lil-hoots-yellow-65mm-74a\/#breadcrumb","itemListElement":[{"@type":"ListItem","position":1,"name":"Hem","item":"https:\/\/boardlife.se\/"},{"@type":"ListItem","position":2,"name":"V\u00e4lkommen till skateparadiset","item":"https:\/\/boardlife.se\/shop\/"},{"@type":"ListItem","position":3,"name":"Remember Lil&#8217; Hoots Yellow 65mm 74a"}]},{"@type":"WebSite","@id":"https:\/\/boardlife.se\/#website","url":"https:\/\/boardlife.se\/","name":"Boardlife.se","description":"Lifestyle Provider","publisher":{"@id":"https:\/\/boardlife.se\/#organization"},"potentialAction":[{"@type":"SearchAction","target":{"@type":"EntryPoint","urlTemplate":"https:\/\/boardlife.se\/?s={search_term_string}"},"query-input":{"@type":"PropertyValueSpecification","valueRequired":true,"valueName":"search_term_string"}}],"inLanguage":"en-US"},{"@type":"Organization","@id":"https:\/\/boardlife.se\/#organization","name":"Boardlife","url":"https:\/\/boardlife.se\/","logo":{"@type":"ImageObject","inLanguage":"en-US","@id":"https:\/\/boardlife.se\/#\/schema\/logo\/image\/","url":"https:\/\/boardlife.se\/wp-content\/uploads\/2014\/09\/logo.png","contentUrl":"https:\/\/boardlife.se\/wp-content\/uploads\/2014\/09\/logo.png","width":785,"height":103,"caption":"Boardlife"},"image":{"@id":"https:\/\/boardlife.se\/#\/schema\/logo\/image\/"},"sameAs":["https:\/\/www.facebook.com\/Boardlife.se","http:\/\/instagram.com\/boardlife_official"]}]}},"jetpack_sharing_enabled":true,"_links":{"self":[{"href":"https:\/\/boardlife.se\/en\/wp-json\/wp\/v2\/product\/47299","targetHints":{"allow":["GET"]}}],"collection":[{"href":"https:\/\/boardlife.se\/en\/wp-json\/wp\/v2\/product"}],"about":[{"href":"https:\/\/boardlife.se\/en\/wp-json\/wp\/v2\/types\/product"}],"replies":[{"embeddable":true,"href":"https:\/\/boardlife.se\/en\/wp-json\/wp\/v2\/comments?post=47299"}],"wp:featuredmedia":[{"embeddable":true,"href":"https:\/\/boardlife.se\/en\/wp-json\/wp\/v2\/media\/50521"}],"wp:attachment":[{"href":"https:\/\/boardlife.se\/en\/wp-json\/wp\/v2\/media?parent=47299"}],"wp:term":[{"taxonomy":"product_brand","embeddable":true,"href":"https:\/\/boardlife.se\/en\/wp-json\/wp\/v2\/product_brand?post=47299"},{"taxonomy":"product_cat","embeddable":true,"href":"https:\/\/boardlife.se\/en\/wp-json\/wp\/v2\/product_cat?post=47299"},{"taxonomy":"product_tag","embeddable":true,"href":"https:\/\/boardlife.se\/en\/wp-json\/wp\/v2\/product_tag?post=47299"}],"curies":[{"name":"wp","href":"https:\/\/api.w.org\/{rel}","templated":true}]}}