{"id":47346,"date":"2017-06-28T19:46:40","date_gmt":"2017-06-28T17:46:40","guid":{"rendered":"http:\/\/www.boardlife.se\/?post_type=product&#038;p=47346"},"modified":"2021-07-22T09:48:56","modified_gmt":"2021-07-22T07:48:56","slug":"remember-california-cruiser-pink-70mm-78a","status":"publish","type":"product","link":"https:\/\/boardlife.se\/en\/shop\/longboard\/longboard-components\/longboard-wheels\/remember-california-cruiser-pink-70mm-78a\/","title":{"rendered":"Remember California Cruiser Pink 70mm 78a"},"content":{"rendered":"<p>Remember has always made it a priority to produce easy-to-slide wheels, and this is also the case with their new cruiser wheels, even though the width gives you more grip.<\/p>\n<p>California Cruisers are their most pure cruiser wheels. But despite this, you still get to take part in their legendary formula used in their other wheels. The wheel has a diameter of 70 mm and a contact area of 50 mm, which gives you a good grip despite the slide formula. But the possibility of slide still remains. Perfect for those who mainly cruise but who may still want to keep the doors open for some controlled releases in the future. If you want, you can push this wheel a little harder and you get the famous feeling in the slide.<\/p>\n<p>The wheel comes with a stone ground surface.<\/p>\n<p>&nbsp;<\/p>\n<p>&nbsp;<\/p>\n<p>&nbsp;<\/p>\n<p>&nbsp;<\/p>","protected":false},"excerpt":{"rendered":"<p>Remember presents a perfect cruiser wheel with a good size while still getting their famous slide formula. Perfect for those who primarily want to cruise but who may eventually want to move on to sliding. The price is also very remarkable! Really affordable wheel that suits both beginners and more experienced freeride riders.<\/p>","protected":false},"featured_media":144639,"comment_status":"open","ping_status":"closed","template":"","meta":{"_gspb_post_css":"","_crdt_document":""},"product_brand":[2600],"product_cat":[38],"product_tag":[884],"class_list":{"0":"post-47346","1":"product","2":"type-product","3":"status-publish","4":"has-post-thumbnail","6":"product_brand-remember-collective","7":"product_cat-wheels-longboard","8":"product_tag-remember-collective","9":"pa_diameter-70mm","10":"pa_durometer-78a","11":"pa_hub-placering-centerset","12":"pa_kontaktyta-50mm","13":"pa_manufacturer-remember-collective","14":"pa_wheel-shape-rounded","15":"pa_wheel-shape-sharp","17":"first","18":"instock","19":"taxable","20":"shipping-taxable","21":"purchasable","22":"product-type-simple"},"ct_brands":[{"id":2600,"name":"Remember Collective","slug":"remember-collectively"}],"yoast_head":"<!-- This site is optimized with the Yoast SEO plugin v27.5 - https:\/\/yoast.com\/product\/yoast-seo-wordpress\/ -->\n<title>Remember California Cruiser Pink 70mm 78a - Boardlife<\/title>\n<meta name=\"description\" content=\"Remember california cruiser. Ett Prisv\u00e4rt cruiserhjul med sk\u00f6n formula. Ett prisv\u00e4rt hjul f\u00f6r dig som bara beh\u00f6ver ett fint cruiserhjul med bra grepp.\" \/>\n<meta name=\"robots\" content=\"index, follow, max-snippet:-1, max-image-preview:large, max-video-preview:-1\" \/>\n<link rel=\"canonical\" href=\"https:\/\/boardlife.se\/en\/shop\/longboard\/longboard-components\/longboard-wheels\/remember-california-cruiser-pink-70mm-78a\/?wmc-currency=SEK\" \/>\n<meta property=\"og:locale\" content=\"en_US\" \/>\n<meta property=\"og:type\" content=\"article\" \/>\n<meta property=\"og:title\" content=\"Remember California Cruiser Pink 70mm 78a - Boardlife\" \/>\n<meta property=\"og:description\" content=\"Remember california cruiser. Ett Prisv\u00e4rt cruiserhjul med sk\u00f6n formula. Ett prisv\u00e4rt hjul f\u00f6r dig som bara beh\u00f6ver ett fint cruiserhjul med bra grepp.\" \/>\n<meta property=\"og:url\" content=\"https:\/\/boardlife.se\/en\/shop\/longboard\/longboard-components\/longboard-wheels\/remember-california-cruiser-pink-70mm-78a\/?wmc-currency=SEK\" \/>\n<meta property=\"og:site_name\" content=\"Boardlife\" \/>\n<meta property=\"article:publisher\" content=\"https:\/\/www.facebook.com\/Boardlife.se\" \/>\n<meta property=\"article:modified_time\" content=\"2021-07-22T07:48:56+00:00\" \/>\n<meta property=\"og:image\" content=\"https:\/\/boardlife.se\/wp-content\/uploads\/2017\/06\/remember-california-cruisers-70mm-pink-1.jpg\" \/>\n\t<meta property=\"og:image:width\" content=\"700\" \/>\n\t<meta property=\"og:image:height\" content=\"700\" \/>\n\t<meta property=\"og:image:type\" content=\"image\/jpeg\" \/>\n<meta name=\"twitter:card\" content=\"summary_large_image\" \/>\n<meta name=\"twitter:label1\" content=\"Est. reading time\" \/>\n\t<meta name=\"twitter:data1\" content=\"1 minute\" \/>\n<script type=\"application\/ld+json\" class=\"yoast-schema-graph\">{\"@context\":\"https:\\\/\\\/schema.org\",\"@graph\":[{\"@type\":\"WebPage\",\"@id\":\"https:\\\/\\\/boardlife.se\\\/shop\\\/longboard\\\/components-longboard\\\/wheels-longboard\\\/remember-california-cruiser-pink-70mm-78a\\\/\",\"url\":\"https:\\\/\\\/boardlife.se\\\/shop\\\/longboard\\\/components-longboard\\\/wheels-longboard\\\/remember-california-cruiser-pink-70mm-78a\\\/\",\"name\":\"Remember California Cruiser Pink 70mm 78a - Boardlife\",\"isPartOf\":{\"@id\":\"https:\\\/\\\/boardlife.se\\\/#website\"},\"primaryImageOfPage\":{\"@id\":\"https:\\\/\\\/boardlife.se\\\/shop\\\/longboard\\\/components-longboard\\\/wheels-longboard\\\/remember-california-cruiser-pink-70mm-78a\\\/#primaryimage\"},\"image\":{\"@id\":\"https:\\\/\\\/boardlife.se\\\/shop\\\/longboard\\\/components-longboard\\\/wheels-longboard\\\/remember-california-cruiser-pink-70mm-78a\\\/#primaryimage\"},\"thumbnailUrl\":\"https:\\\/\\\/boardlife.se\\\/wp-content\\\/uploads\\\/2017\\\/06\\\/remember-california-cruisers-70mm-pink-1.jpg\",\"datePublished\":\"2017-06-28T17:46:40+00:00\",\"dateModified\":\"2021-07-22T07:48:56+00:00\",\"description\":\"Remember california cruiser. Ett Prisv\u00e4rt cruiserhjul med sk\u00f6n formula. Ett prisv\u00e4rt hjul f\u00f6r dig som bara beh\u00f6ver ett fint cruiserhjul med bra grepp.\",\"breadcrumb\":{\"@id\":\"https:\\\/\\\/boardlife.se\\\/shop\\\/longboard\\\/components-longboard\\\/wheels-longboard\\\/remember-california-cruiser-pink-70mm-78a\\\/#breadcrumb\"},\"inLanguage\":\"en-US\",\"potentialAction\":[{\"@type\":\"ReadAction\",\"target\":[\"https:\\\/\\\/boardlife.se\\\/shop\\\/longboard\\\/components-longboard\\\/wheels-longboard\\\/remember-california-cruiser-pink-70mm-78a\\\/\"]}]},{\"@type\":\"ImageObject\",\"inLanguage\":\"en-US\",\"@id\":\"https:\\\/\\\/boardlife.se\\\/shop\\\/longboard\\\/components-longboard\\\/wheels-longboard\\\/remember-california-cruiser-pink-70mm-78a\\\/#primaryimage\",\"url\":\"https:\\\/\\\/boardlife.se\\\/wp-content\\\/uploads\\\/2017\\\/06\\\/remember-california-cruisers-70mm-pink-1.jpg\",\"contentUrl\":\"https:\\\/\\\/boardlife.se\\\/wp-content\\\/uploads\\\/2017\\\/06\\\/remember-california-cruisers-70mm-pink-1.jpg\",\"width\":700,\"height\":700,\"caption\":\"Remember california cruisers 70mm pink\"},{\"@type\":\"BreadcrumbList\",\"@id\":\"https:\\\/\\\/boardlife.se\\\/shop\\\/longboard\\\/components-longboard\\\/wheels-longboard\\\/remember-california-cruiser-pink-70mm-78a\\\/#breadcrumb\",\"itemListElement\":[{\"@type\":\"ListItem\",\"position\":1,\"name\":\"Hem\",\"item\":\"https:\\\/\\\/boardlife.se\\\/\"},{\"@type\":\"ListItem\",\"position\":2,\"name\":\"V\u00e4lkommen till skateparadiset\",\"item\":\"https:\\\/\\\/boardlife.se\\\/shop\\\/\"},{\"@type\":\"ListItem\",\"position\":3,\"name\":\"Remember California Cruiser Pink 70mm 78a\"}]},{\"@type\":\"WebSite\",\"@id\":\"https:\\\/\\\/boardlife.se\\\/#website\",\"url\":\"https:\\\/\\\/boardlife.se\\\/\",\"name\":\"Boardlife.se\",\"description\":\"Provider of Lifestyle\",\"publisher\":{\"@id\":\"https:\\\/\\\/boardlife.se\\\/#organization\"},\"potentialAction\":[{\"@type\":\"SearchAction\",\"target\":{\"@type\":\"EntryPoint\",\"urlTemplate\":\"https:\\\/\\\/boardlife.se\\\/?s={search_term_string}\"},\"query-input\":{\"@type\":\"PropertyValueSpecification\",\"valueRequired\":true,\"valueName\":\"search_term_string\"}}],\"inLanguage\":\"en-US\"},{\"@type\":\"Organization\",\"@id\":\"https:\\\/\\\/boardlife.se\\\/#organization\",\"name\":\"Boardlife\",\"url\":\"https:\\\/\\\/boardlife.se\\\/\",\"logo\":{\"@type\":\"ImageObject\",\"inLanguage\":\"en-US\",\"@id\":\"https:\\\/\\\/boardlife.se\\\/#\\\/schema\\\/logo\\\/image\\\/\",\"url\":\"https:\\\/\\\/boardlife.se\\\/wp-content\\\/uploads\\\/2014\\\/09\\\/logo.png\",\"contentUrl\":\"https:\\\/\\\/boardlife.se\\\/wp-content\\\/uploads\\\/2014\\\/09\\\/logo.png\",\"width\":785,\"height\":103,\"caption\":\"Boardlife\"},\"image\":{\"@id\":\"https:\\\/\\\/boardlife.se\\\/#\\\/schema\\\/logo\\\/image\\\/\"},\"sameAs\":[\"https:\\\/\\\/www.facebook.com\\\/Boardlife.se\",\"http:\\\/\\\/instagram.com\\\/boardlife_official\"]}]}<\/script>\n<!-- \/ Yoast SEO plugin. -->","yoast_head_json":{"title":"Remember California Cruiser Pink 70mm 78a - Boardlife","description":"Remember california cruiser. An affordable cruiser wheel with a nice formula. An affordable wheel for those who just need a nice cruiser wheel with good grip.","robots":{"index":"index","follow":"follow","max-snippet":"max-snippet:-1","max-image-preview":"max-image-preview:large","max-video-preview":"max-video-preview:-1"},"canonical":"https:\/\/boardlife.se\/en\/shop\/longboard\/longboard-components\/longboard-wheels\/remember-california-cruiser-pink-70mm-78a\/?wmc-currency=SEK","og_locale":"en_US","og_type":"article","og_title":"Remember California Cruiser Pink 70mm 78a - Boardlife","og_description":"Remember california cruiser. Ett Prisv\u00e4rt cruiserhjul med sk\u00f6n formula. Ett prisv\u00e4rt hjul f\u00f6r dig som bara beh\u00f6ver ett fint cruiserhjul med bra grepp.","og_url":"https:\/\/boardlife.se\/en\/shop\/longboard\/longboard-components\/longboard-wheels\/remember-california-cruiser-pink-70mm-78a\/?wmc-currency=SEK","og_site_name":"Boardlife","article_publisher":"https:\/\/www.facebook.com\/Boardlife.se","article_modified_time":"2021-07-22T07:48:56+00:00","og_image":[{"width":700,"height":700,"url":"https:\/\/boardlife.se\/wp-content\/uploads\/2017\/06\/remember-california-cruisers-70mm-pink-1.jpg","type":"image\/jpeg"}],"twitter_card":"summary_large_image","twitter_misc":{"Est. reading time":"1 minute"},"schema":{"@context":"https:\/\/schema.org","@graph":[{"@type":"WebPage","@id":"https:\/\/boardlife.se\/shop\/longboard\/components-longboard\/wheels-longboard\/remember-california-cruiser-pink-70mm-78a\/","url":"https:\/\/boardlife.se\/shop\/longboard\/components-longboard\/wheels-longboard\/remember-california-cruiser-pink-70mm-78a\/","name":"Remember California Cruiser Pink 70mm 78a - Boardlife","isPartOf":{"@id":"https:\/\/boardlife.se\/#website"},"primaryImageOfPage":{"@id":"https:\/\/boardlife.se\/shop\/longboard\/components-longboard\/wheels-longboard\/remember-california-cruiser-pink-70mm-78a\/#primaryimage"},"image":{"@id":"https:\/\/boardlife.se\/shop\/longboard\/components-longboard\/wheels-longboard\/remember-california-cruiser-pink-70mm-78a\/#primaryimage"},"thumbnailUrl":"https:\/\/boardlife.se\/wp-content\/uploads\/2017\/06\/remember-california-cruisers-70mm-pink-1.jpg","datePublished":"2017-06-28T17:46:40+00:00","dateModified":"2021-07-22T07:48:56+00:00","description":"Remember california cruiser. An affordable cruiser wheel with a nice formula. An affordable wheel for those who just need a nice cruiser wheel with good grip.","breadcrumb":{"@id":"https:\/\/boardlife.se\/shop\/longboard\/components-longboard\/wheels-longboard\/remember-california-cruiser-pink-70mm-78a\/#breadcrumb"},"inLanguage":"en-US","potentialAction":[{"@type":"ReadAction","target":["https:\/\/boardlife.se\/shop\/longboard\/components-longboard\/wheels-longboard\/remember-california-cruiser-pink-70mm-78a\/"]}]},{"@type":"ImageObject","inLanguage":"en-US","@id":"https:\/\/boardlife.se\/shop\/longboard\/components-longboard\/wheels-longboard\/remember-california-cruiser-pink-70mm-78a\/#primaryimage","url":"https:\/\/boardlife.se\/wp-content\/uploads\/2017\/06\/remember-california-cruisers-70mm-pink-1.jpg","contentUrl":"https:\/\/boardlife.se\/wp-content\/uploads\/2017\/06\/remember-california-cruisers-70mm-pink-1.jpg","width":700,"height":700,"caption":"Remember california cruisers 70mm pink"},{"@type":"BreadcrumbList","@id":"https:\/\/boardlife.se\/shop\/longboard\/components-longboard\/wheels-longboard\/remember-california-cruiser-pink-70mm-78a\/#breadcrumb","itemListElement":[{"@type":"ListItem","position":1,"name":"Hem","item":"https:\/\/boardlife.se\/"},{"@type":"ListItem","position":2,"name":"V\u00e4lkommen till skateparadiset","item":"https:\/\/boardlife.se\/shop\/"},{"@type":"ListItem","position":3,"name":"Remember California Cruiser Pink 70mm 78a"}]},{"@type":"WebSite","@id":"https:\/\/boardlife.se\/#website","url":"https:\/\/boardlife.se\/","name":"Boardlife.se","description":"Lifestyle Provider","publisher":{"@id":"https:\/\/boardlife.se\/#organization"},"potentialAction":[{"@type":"SearchAction","target":{"@type":"EntryPoint","urlTemplate":"https:\/\/boardlife.se\/?s={search_term_string}"},"query-input":{"@type":"PropertyValueSpecification","valueRequired":true,"valueName":"search_term_string"}}],"inLanguage":"en-US"},{"@type":"Organization","@id":"https:\/\/boardlife.se\/#organization","name":"Boardlife","url":"https:\/\/boardlife.se\/","logo":{"@type":"ImageObject","inLanguage":"en-US","@id":"https:\/\/boardlife.se\/#\/schema\/logo\/image\/","url":"https:\/\/boardlife.se\/wp-content\/uploads\/2014\/09\/logo.png","contentUrl":"https:\/\/boardlife.se\/wp-content\/uploads\/2014\/09\/logo.png","width":785,"height":103,"caption":"Boardlife"},"image":{"@id":"https:\/\/boardlife.se\/#\/schema\/logo\/image\/"},"sameAs":["https:\/\/www.facebook.com\/Boardlife.se","http:\/\/instagram.com\/boardlife_official"]}]}},"jetpack_sharing_enabled":true,"_links":{"self":[{"href":"https:\/\/boardlife.se\/en\/wp-json\/wp\/v2\/product\/47346","targetHints":{"allow":["GET"]}}],"collection":[{"href":"https:\/\/boardlife.se\/en\/wp-json\/wp\/v2\/product"}],"about":[{"href":"https:\/\/boardlife.se\/en\/wp-json\/wp\/v2\/types\/product"}],"replies":[{"embeddable":true,"href":"https:\/\/boardlife.se\/en\/wp-json\/wp\/v2\/comments?post=47346"}],"wp:featuredmedia":[{"embeddable":true,"href":"https:\/\/boardlife.se\/en\/wp-json\/wp\/v2\/media\/144639"}],"wp:attachment":[{"href":"https:\/\/boardlife.se\/en\/wp-json\/wp\/v2\/media?parent=47346"}],"wp:term":[{"taxonomy":"product_brand","embeddable":true,"href":"https:\/\/boardlife.se\/en\/wp-json\/wp\/v2\/product_brand?post=47346"},{"taxonomy":"product_cat","embeddable":true,"href":"https:\/\/boardlife.se\/en\/wp-json\/wp\/v2\/product_cat?post=47346"},{"taxonomy":"product_tag","embeddable":true,"href":"https:\/\/boardlife.se\/en\/wp-json\/wp\/v2\/product_tag?post=47346"}],"curies":[{"name":"wp","href":"https:\/\/api.w.org\/{rel}","templated":true}]}}