{"id":48093,"date":"2017-08-13T17:15:50","date_gmt":"2017-08-13T15:15:50","guid":{"rendered":"http:\/\/www.boardlife.se\/?post_type=product&#038;p=48093"},"modified":"2025-01-09T13:09:58","modified_gmt":"2025-01-09T12:09:58","slug":"moby-dick","status":"publish","type":"product","link":"https:\/\/boardlife.se\/en\/shop\/longboard\/deck-only-longboard\/moby-dick\/","title":{"rendered":"Root Moby Dick"},"content":{"rendered":"<p>Root presenterar en vacker och supersk\u00f6n freestyle\/dance\/cruiser. Br\u00e4dan har en medium konkav och \u00e4r precis som alla br\u00e4dor fr\u00e5n Root f\u00f6rst\u00e4rkt med ett lager glasfiber. Materialet \u00e4r bambu och ask i en sk\u00f6n kombination. Till skillnad fr\u00e5n andra popul\u00e4ra dancers som Bhangra \u00e4r Moby Dick v\u00e4ldigt tunn i sin konstruktion, vilket \u00e4r sk\u00f6nt n\u00e4r du vill b\u00f6rja freestylea med den. Moby Dick \u00e4r den enda br\u00e4dan fr\u00e5n Root som faktiskt kommer f\u00e4rdiggrippad.<\/p>\n<p>Egna ord fr\u00e5n designern Peter Markgraf:<\/p>\n<p id=\"yui_3_17_2_1_1502637218012_529\">&#8221;My mission was to create a board that inherits both, the street skating and the longboarding style. Building a bridge in-between some of the most demanding expressions of skateboarding when it comes to wear and tear of your beloved gear. I just had to connect my left and right side of the brain in one deck. This board pushes happily around town all day but don\u2019t be misled by it\u2019s friendly nature and easy to handle appearance: throw your hardest freestyle moves at it and it will swallow all the abuse with ease and laughter. Living up to it&#8217;s promise with a massive pop and an unmatched light, yet super robust, construction. The timeless graphic supplied by Boggie Gramb are the icing on the cake of a ruthless, tough and incredibly fun board. Say hello to my brainchild: the Moby Dick&#8221;<\/p>\n<p>&nbsp;<\/p>","protected":false},"excerpt":{"rendered":"<p>Moby Dick is a fantastically stylish and comfortable board intended for Freestyle\/Dancing\/cruising. Root stands as usual for high quality and incredible feel in its products! This model is absolutely no exception.<\/p>","protected":false},"featured_media":48099,"comment_status":"open","ping_status":"closed","template":"","meta":{"_gspb_post_css":"","_crdt_document":""},"product_brand":[2604],"product_cat":[22],"product_tag":[2482,1387],"class_list":{"0":"post-48093","1":"product","2":"type-product","3":"status-publish","4":"has-post-thumbnail","6":"product_brand-root-longboards","7":"product_cat-deck-only-longboard","8":"product_tag-dancing-freestyle","9":"product_tag-root-longboards","10":"pa_length-43-3-110cm","11":"pa_manufacturer-root-longboards","12":"pa_width-925-235cm","14":"first","15":"instock","16":"sale","17":"taxable","18":"shipping-taxable","19":"purchasable","20":"product-type-simple"},"ct_brands":[{"id":2604,"name":"Root Longboards","slug":"root-longboards"}],"yoast_head":"<!-- This site is optimized with the Yoast SEO plugin v27.5 - https:\/\/yoast.com\/product\/yoast-seo-wordpress\/ -->\n<title>Root Moby Dick - Boardlife<\/title>\n<meta name=\"description\" content=\"Root Slayer Of the Unicorn \u00e4r en snygg och m\u00e5ngsidig br\u00e4da. Root som varum\u00e4rke st\u00e5r f\u00f6r h\u00f6g kvalitet och otrolig k\u00e4nsla i sina produkter!\" \/>\n<meta name=\"robots\" content=\"index, follow, max-snippet:-1, max-image-preview:large, max-video-preview:-1\" \/>\n<link rel=\"canonical\" href=\"https:\/\/boardlife.se\/en\/shop\/longboard\/deck-only-longboard\/moby-dick\/?wmc-currency=SEK\" \/>\n<meta property=\"og:locale\" content=\"en_US\" \/>\n<meta property=\"og:type\" content=\"article\" \/>\n<meta property=\"og:title\" content=\"Root Moby Dick - Boardlife\" \/>\n<meta property=\"og:description\" content=\"Root Slayer Of the Unicorn \u00e4r en snygg och m\u00e5ngsidig br\u00e4da. Root som varum\u00e4rke st\u00e5r f\u00f6r h\u00f6g kvalitet och otrolig k\u00e4nsla i sina produkter!\" \/>\n<meta property=\"og:url\" content=\"https:\/\/boardlife.se\/en\/shop\/longboard\/deck-only-longboard\/moby-dick\/?wmc-currency=SEK\" \/>\n<meta property=\"og:site_name\" content=\"Boardlife\" \/>\n<meta property=\"article:publisher\" content=\"https:\/\/www.facebook.com\/Boardlife.se\" \/>\n<meta property=\"article:modified_time\" content=\"2025-01-09T12:09:58+00:00\" \/>\n<meta property=\"og:image\" content=\"https:\/\/boardlife.se\/wp-content\/uploads\/2017\/08\/root-moby-dick-bottom.jpg\" \/>\n\t<meta property=\"og:image:width\" content=\"1100\" \/>\n\t<meta property=\"og:image:height\" content=\"1100\" \/>\n\t<meta property=\"og:image:type\" content=\"image\/jpeg\" \/>\n<meta name=\"twitter:card\" content=\"summary_large_image\" \/>\n<meta name=\"twitter:label1\" content=\"Est. reading time\" \/>\n\t<meta name=\"twitter:data1\" content=\"1 minute\" \/>\n<script type=\"application\/ld+json\" class=\"yoast-schema-graph\">{\"@context\":\"https:\\\/\\\/schema.org\",\"@graph\":[{\"@type\":\"WebPage\",\"@id\":\"https:\\\/\\\/boardlife.se\\\/en\\\/shop\\\/longboard\\\/deck-only-longboard\\\/moby-dick\\\/\",\"url\":\"https:\\\/\\\/boardlife.se\\\/en\\\/shop\\\/longboard\\\/deck-only-longboard\\\/moby-dick\\\/\",\"name\":\"Root Moby Dick - Boardlife\",\"isPartOf\":{\"@id\":\"https:\\\/\\\/boardlife.se\\\/#website\"},\"primaryImageOfPage\":{\"@id\":\"https:\\\/\\\/boardlife.se\\\/en\\\/shop\\\/longboard\\\/deck-only-longboard\\\/moby-dick\\\/#primaryimage\"},\"image\":{\"@id\":\"https:\\\/\\\/boardlife.se\\\/en\\\/shop\\\/longboard\\\/deck-only-longboard\\\/moby-dick\\\/#primaryimage\"},\"thumbnailUrl\":\"https:\\\/\\\/boardlife.se\\\/wp-content\\\/uploads\\\/2017\\\/08\\\/root-moby-dick-bottom.jpg\",\"datePublished\":\"2017-08-13T15:15:50+00:00\",\"dateModified\":\"2025-01-09T12:09:58+00:00\",\"description\":\"Root Slayer Of the Unicorn \u00e4r en snygg och m\u00e5ngsidig br\u00e4da. Root som varum\u00e4rke st\u00e5r f\u00f6r h\u00f6g kvalitet och otrolig k\u00e4nsla i sina produkter!\",\"breadcrumb\":{\"@id\":\"https:\\\/\\\/boardlife.se\\\/en\\\/shop\\\/longboard\\\/deck-only-longboard\\\/moby-dick\\\/#breadcrumb\"},\"inLanguage\":\"en-US\",\"potentialAction\":[{\"@type\":\"ReadAction\",\"target\":[\"https:\\\/\\\/boardlife.se\\\/en\\\/shop\\\/longboard\\\/deck-only-longboard\\\/moby-dick\\\/\"]}]},{\"@type\":\"ImageObject\",\"inLanguage\":\"en-US\",\"@id\":\"https:\\\/\\\/boardlife.se\\\/en\\\/shop\\\/longboard\\\/deck-only-longboard\\\/moby-dick\\\/#primaryimage\",\"url\":\"https:\\\/\\\/boardlife.se\\\/wp-content\\\/uploads\\\/2017\\\/08\\\/root-moby-dick-bottom.jpg\",\"contentUrl\":\"https:\\\/\\\/boardlife.se\\\/wp-content\\\/uploads\\\/2017\\\/08\\\/root-moby-dick-bottom.jpg\",\"width\":1100,\"height\":1100,\"caption\":\"Root Moby Dick\"},{\"@type\":\"BreadcrumbList\",\"@id\":\"https:\\\/\\\/boardlife.se\\\/en\\\/shop\\\/longboard\\\/deck-only-longboard\\\/moby-dick\\\/#breadcrumb\",\"itemListElement\":[{\"@type\":\"ListItem\",\"position\":1,\"name\":\"Hem\",\"item\":\"https:\\\/\\\/boardlife.se\\\/\"},{\"@type\":\"ListItem\",\"position\":2,\"name\":\"V\u00e4lkommen till skateparadiset\",\"item\":\"https:\\\/\\\/boardlife.se\\\/shop\\\/\"},{\"@type\":\"ListItem\",\"position\":3,\"name\":\"Root Moby Dick\"}]},{\"@type\":\"WebSite\",\"@id\":\"https:\\\/\\\/boardlife.se\\\/#website\",\"url\":\"https:\\\/\\\/boardlife.se\\\/\",\"name\":\"Boardlife.se\",\"description\":\"Provider of Lifestyle\",\"publisher\":{\"@id\":\"https:\\\/\\\/boardlife.se\\\/#organization\"},\"potentialAction\":[{\"@type\":\"SearchAction\",\"target\":{\"@type\":\"EntryPoint\",\"urlTemplate\":\"https:\\\/\\\/boardlife.se\\\/?s={search_term_string}\"},\"query-input\":{\"@type\":\"PropertyValueSpecification\",\"valueRequired\":true,\"valueName\":\"search_term_string\"}}],\"inLanguage\":\"en-US\"},{\"@type\":\"Organization\",\"@id\":\"https:\\\/\\\/boardlife.se\\\/#organization\",\"name\":\"Boardlife\",\"url\":\"https:\\\/\\\/boardlife.se\\\/\",\"logo\":{\"@type\":\"ImageObject\",\"inLanguage\":\"en-US\",\"@id\":\"https:\\\/\\\/boardlife.se\\\/#\\\/schema\\\/logo\\\/image\\\/\",\"url\":\"https:\\\/\\\/boardlife.se\\\/wp-content\\\/uploads\\\/2014\\\/09\\\/logo.png\",\"contentUrl\":\"https:\\\/\\\/boardlife.se\\\/wp-content\\\/uploads\\\/2014\\\/09\\\/logo.png\",\"width\":785,\"height\":103,\"caption\":\"Boardlife\"},\"image\":{\"@id\":\"https:\\\/\\\/boardlife.se\\\/#\\\/schema\\\/logo\\\/image\\\/\"},\"sameAs\":[\"https:\\\/\\\/www.facebook.com\\\/Boardlife.se\",\"http:\\\/\\\/instagram.com\\\/boardlife_official\"]}]}<\/script>\n<!-- \/ Yoast SEO plugin. -->","yoast_head_json":{"title":"Root Moby Dick - Boardlife","description":"Root Slayer Of the Unicorn is a stylish and versatile board. Root as a brand stands for high quality and incredible feel in its products!","robots":{"index":"index","follow":"follow","max-snippet":"max-snippet:-1","max-image-preview":"max-image-preview:large","max-video-preview":"max-video-preview:-1"},"canonical":"https:\/\/boardlife.se\/en\/shop\/longboard\/deck-only-longboard\/moby-dick\/?wmc-currency=SEK","og_locale":"en_US","og_type":"article","og_title":"Root Moby Dick - Boardlife","og_description":"Root Slayer Of the Unicorn \u00e4r en snygg och m\u00e5ngsidig br\u00e4da. Root som varum\u00e4rke st\u00e5r f\u00f6r h\u00f6g kvalitet och otrolig k\u00e4nsla i sina produkter!","og_url":"https:\/\/boardlife.se\/en\/shop\/longboard\/deck-only-longboard\/moby-dick\/?wmc-currency=SEK","og_site_name":"Boardlife","article_publisher":"https:\/\/www.facebook.com\/Boardlife.se","article_modified_time":"2025-01-09T12:09:58+00:00","og_image":[{"width":1100,"height":1100,"url":"https:\/\/boardlife.se\/wp-content\/uploads\/2017\/08\/root-moby-dick-bottom.jpg","type":"image\/jpeg"}],"twitter_card":"summary_large_image","twitter_misc":{"Est. reading time":"1 minute"},"schema":{"@context":"https:\/\/schema.org","@graph":[{"@type":"WebPage","@id":"https:\/\/boardlife.se\/en\/shop\/longboard\/deck-only-longboard\/moby-dick\/","url":"https:\/\/boardlife.se\/en\/shop\/longboard\/deck-only-longboard\/moby-dick\/","name":"Root Moby Dick - Boardlife","isPartOf":{"@id":"https:\/\/boardlife.se\/#website"},"primaryImageOfPage":{"@id":"https:\/\/boardlife.se\/en\/shop\/longboard\/deck-only-longboard\/moby-dick\/#primaryimage"},"image":{"@id":"https:\/\/boardlife.se\/en\/shop\/longboard\/deck-only-longboard\/moby-dick\/#primaryimage"},"thumbnailUrl":"https:\/\/boardlife.se\/wp-content\/uploads\/2017\/08\/root-moby-dick-bottom.jpg","datePublished":"2017-08-13T15:15:50+00:00","dateModified":"2025-01-09T12:09:58+00:00","description":"Root Slayer Of the Unicorn is a stylish and versatile board. Root as a brand stands for high quality and incredible feel in its products!","breadcrumb":{"@id":"https:\/\/boardlife.se\/en\/shop\/longboard\/deck-only-longboard\/moby-dick\/#breadcrumb"},"inLanguage":"en-US","potentialAction":[{"@type":"ReadAction","target":["https:\/\/boardlife.se\/en\/shop\/longboard\/deck-only-longboard\/moby-dick\/"]}]},{"@type":"ImageObject","inLanguage":"en-US","@id":"https:\/\/boardlife.se\/en\/shop\/longboard\/deck-only-longboard\/moby-dick\/#primaryimage","url":"https:\/\/boardlife.se\/wp-content\/uploads\/2017\/08\/root-moby-dick-bottom.jpg","contentUrl":"https:\/\/boardlife.se\/wp-content\/uploads\/2017\/08\/root-moby-dick-bottom.jpg","width":1100,"height":1100,"caption":"Root Moby Dick"},{"@type":"BreadcrumbList","@id":"https:\/\/boardlife.se\/en\/shop\/longboard\/deck-only-longboard\/moby-dick\/#breadcrumb","itemListElement":[{"@type":"ListItem","position":1,"name":"Hem","item":"https:\/\/boardlife.se\/"},{"@type":"ListItem","position":2,"name":"V\u00e4lkommen till skateparadiset","item":"https:\/\/boardlife.se\/shop\/"},{"@type":"ListItem","position":3,"name":"Root Moby Dick"}]},{"@type":"WebSite","@id":"https:\/\/boardlife.se\/#website","url":"https:\/\/boardlife.se\/","name":"Boardlife.se","description":"Lifestyle Provider","publisher":{"@id":"https:\/\/boardlife.se\/#organization"},"potentialAction":[{"@type":"SearchAction","target":{"@type":"EntryPoint","urlTemplate":"https:\/\/boardlife.se\/?s={search_term_string}"},"query-input":{"@type":"PropertyValueSpecification","valueRequired":true,"valueName":"search_term_string"}}],"inLanguage":"en-US"},{"@type":"Organization","@id":"https:\/\/boardlife.se\/#organization","name":"Boardlife","url":"https:\/\/boardlife.se\/","logo":{"@type":"ImageObject","inLanguage":"en-US","@id":"https:\/\/boardlife.se\/#\/schema\/logo\/image\/","url":"https:\/\/boardlife.se\/wp-content\/uploads\/2014\/09\/logo.png","contentUrl":"https:\/\/boardlife.se\/wp-content\/uploads\/2014\/09\/logo.png","width":785,"height":103,"caption":"Boardlife"},"image":{"@id":"https:\/\/boardlife.se\/#\/schema\/logo\/image\/"},"sameAs":["https:\/\/www.facebook.com\/Boardlife.se","http:\/\/instagram.com\/boardlife_official"]}]}},"jetpack_sharing_enabled":true,"_links":{"self":[{"href":"https:\/\/boardlife.se\/en\/wp-json\/wp\/v2\/product\/48093","targetHints":{"allow":["GET"]}}],"collection":[{"href":"https:\/\/boardlife.se\/en\/wp-json\/wp\/v2\/product"}],"about":[{"href":"https:\/\/boardlife.se\/en\/wp-json\/wp\/v2\/types\/product"}],"replies":[{"embeddable":true,"href":"https:\/\/boardlife.se\/en\/wp-json\/wp\/v2\/comments?post=48093"}],"wp:featuredmedia":[{"embeddable":true,"href":"https:\/\/boardlife.se\/en\/wp-json\/wp\/v2\/media\/48099"}],"wp:attachment":[{"href":"https:\/\/boardlife.se\/en\/wp-json\/wp\/v2\/media?parent=48093"}],"wp:term":[{"taxonomy":"product_brand","embeddable":true,"href":"https:\/\/boardlife.se\/en\/wp-json\/wp\/v2\/product_brand?post=48093"},{"taxonomy":"product_cat","embeddable":true,"href":"https:\/\/boardlife.se\/en\/wp-json\/wp\/v2\/product_cat?post=48093"},{"taxonomy":"product_tag","embeddable":true,"href":"https:\/\/boardlife.se\/en\/wp-json\/wp\/v2\/product_tag?post=48093"}],"curies":[{"name":"wp","href":"https:\/\/api.w.org\/{rel}","templated":true}]}}