{"id":49356,"date":"2018-01-15T14:50:22","date_gmt":"2018-01-15T13:50:22","guid":{"rendered":"https:\/\/www.boardlife.se\/?post_type=product&#038;p=49356"},"modified":"2025-11-17T19:26:09","modified_gmt":"2025-11-17T18:26:09","slug":"moyu-lingpo-2x2-pink-stickerless","status":"publish","type":"product","link":"https:\/\/boardlife.se\/en\/shop\/stuff\/speedcube\/moyu-lingpo-2x2-pink-stickerless\/","title":{"rendered":"MoYu LingPo Pink Stickerless"},"content":{"rendered":"<p>MoYu LingPo 2&#215;2 Pink Stickerless \u00e4r en extra liten Speedcube. Till skillnad fr\u00e5n originalet med 3 x 3 block har LingPo endast 2 x 2 vilket g\u00f6r den om \u00e4nnu smidigare. Precis som alla MoYu \u00e4r denna kub ruskigt snabb. Med avfasade kanter inne i kuben kan du vrida allt som du \u00f6nskar och beh\u00f6ver inte t\u00e4nka p\u00e5 att varje vridning du g\u00f6r ska stanna perfekt innan du p\u00e5b\u00f6rjar n\u00e4sta. Denna version \u00e4r stickerless vilket g\u00f6r att den blir \u00e4n renare i f\u00e4rgerna f\u00f6r \u00f6gat.<\/p>\n<p>MoYu g\u00f6r n\u00e5gra av v\u00e4rldens ledande Speedcube. Perfekt present till den som redan har allt.<\/p>\n<p>Speedcube \u00e4r en uppdaterad version av Rubiks Kub. Skillnaden \u00e4r konstruktionen som g\u00f6r att de blir l\u00e4ttare att vrida och p\u00e5 s\u00e5 vis ocks\u00e5 m\u00f6jliga att l\u00f6sa snabbare f\u00f6r den som vet hur man ska g\u00f6ra.<\/p>\n<p>Size: 48mm<\/p>\n<p>WEIGHT: 70 grams<\/p>\n<p>&nbsp;<\/p>","protected":false},"excerpt":{"rendered":"<p>Without a doubt, it is one of the best competition cubes on the market. The MoYu LingPo is even more agile because it has 2 x 2 blocks.<\/p>","protected":false},"featured_media":49358,"comment_status":"open","ping_status":"closed","template":"","meta":{"_gspb_post_css":"","_crdt_document":""},"product_brand":[2587],"product_cat":[1436],"product_tag":[1812],"class_list":{"0":"post-49356","1":"product","2":"type-product","3":"status-publish","4":"has-post-thumbnail","6":"product_brand-moyu-cube","7":"product_cat-speedcube","8":"product_tag-rubiks-kub","9":"pa_manufacturer-moyu-cube","11":"first","12":"instock","13":"sale","14":"taxable","15":"shipping-taxable","16":"purchasable","17":"product-type-simple"},"ct_brands":[{"id":2587,"name":"Moyu Cube","slug":"moyu-cube"}],"yoast_head":"<!-- This site is optimized with the Yoast SEO plugin v27.5 - https:\/\/yoast.com\/product\/yoast-seo-wordpress\/ -->\n<title>MoYu LingPo Pink Stickerless - Boardlife<\/title>\n<meta name=\"description\" content=\"Utan tvekan \u00e4r den en av de b\u00e4sta t\u00e4vlingskuberna p\u00e5 marknaden. MoYu LingPo \u00e4r \u00e4nnu smidigare eftersom den har 2 x 2 block.\u00a0\" \/>\n<meta name=\"robots\" content=\"index, follow, max-snippet:-1, max-image-preview:large, max-video-preview:-1\" \/>\n<link rel=\"canonical\" href=\"https:\/\/boardlife.se\/en\/shop\/stuff\/speedcube\/moyu-lingpo-2x2-pink-stickerless\/?wmc-currency=SEK\" \/>\n<meta property=\"og:locale\" content=\"en_US\" \/>\n<meta property=\"og:type\" content=\"article\" \/>\n<meta property=\"og:title\" content=\"MoYu LingPo Pink Stickerless - Boardlife\" \/>\n<meta property=\"og:description\" content=\"Utan tvekan \u00e4r den en av de b\u00e4sta t\u00e4vlingskuberna p\u00e5 marknaden. MoYu LingPo \u00e4r \u00e4nnu smidigare eftersom den har 2 x 2 block.\u00a0\" \/>\n<meta property=\"og:url\" content=\"https:\/\/boardlife.se\/en\/shop\/stuff\/speedcube\/moyu-lingpo-2x2-pink-stickerless\/?wmc-currency=SEK\" \/>\n<meta property=\"og:site_name\" content=\"Boardlife\" \/>\n<meta property=\"article:publisher\" content=\"https:\/\/www.facebook.com\/Boardlife.se\" \/>\n<meta property=\"article:modified_time\" content=\"2025-11-17T18:26:09+00:00\" \/>\n<meta property=\"og:image\" content=\"https:\/\/boardlife.se\/wp-content\/uploads\/2018\/01\/speedcube-moyu-lingpo-pink-stickerless.jpg\" \/>\n\t<meta property=\"og:image:width\" content=\"700\" \/>\n\t<meta property=\"og:image:height\" content=\"700\" \/>\n\t<meta property=\"og:image:type\" content=\"image\/jpeg\" \/>\n<meta name=\"twitter:card\" content=\"summary_large_image\" \/>\n<meta name=\"twitter:label1\" content=\"Est. reading time\" \/>\n\t<meta name=\"twitter:data1\" content=\"1 minute\" \/>\n<script type=\"application\/ld+json\" class=\"yoast-schema-graph\">{\"@context\":\"https:\\\/\\\/schema.org\",\"@graph\":[{\"@type\":\"WebPage\",\"@id\":\"https:\\\/\\\/boardlife.se\\\/en\\\/shop\\\/stuff\\\/speedcube\\\/moyu-lingpo-2x2-pink-stickerless\\\/\",\"url\":\"https:\\\/\\\/boardlife.se\\\/en\\\/shop\\\/stuff\\\/speedcube\\\/moyu-lingpo-2x2-pink-stickerless\\\/\",\"name\":\"MoYu LingPo Pink Stickerless - Boardlife\",\"isPartOf\":{\"@id\":\"https:\\\/\\\/boardlife.se\\\/#website\"},\"primaryImageOfPage\":{\"@id\":\"https:\\\/\\\/boardlife.se\\\/en\\\/shop\\\/stuff\\\/speedcube\\\/moyu-lingpo-2x2-pink-stickerless\\\/#primaryimage\"},\"image\":{\"@id\":\"https:\\\/\\\/boardlife.se\\\/en\\\/shop\\\/stuff\\\/speedcube\\\/moyu-lingpo-2x2-pink-stickerless\\\/#primaryimage\"},\"thumbnailUrl\":\"https:\\\/\\\/boardlife.se\\\/wp-content\\\/uploads\\\/2018\\\/01\\\/speedcube-moyu-lingpo-pink-stickerless.jpg\",\"datePublished\":\"2018-01-15T13:50:22+00:00\",\"dateModified\":\"2025-11-17T18:26:09+00:00\",\"description\":\"Utan tvekan \u00e4r den en av de b\u00e4sta t\u00e4vlingskuberna p\u00e5 marknaden. MoYu LingPo \u00e4r \u00e4nnu smidigare eftersom den har 2 x 2 block.\u00a0\",\"breadcrumb\":{\"@id\":\"https:\\\/\\\/boardlife.se\\\/en\\\/shop\\\/stuff\\\/speedcube\\\/moyu-lingpo-2x2-pink-stickerless\\\/#breadcrumb\"},\"inLanguage\":\"en-US\",\"potentialAction\":[{\"@type\":\"ReadAction\",\"target\":[\"https:\\\/\\\/boardlife.se\\\/en\\\/shop\\\/stuff\\\/speedcube\\\/moyu-lingpo-2x2-pink-stickerless\\\/\"]}]},{\"@type\":\"ImageObject\",\"inLanguage\":\"en-US\",\"@id\":\"https:\\\/\\\/boardlife.se\\\/en\\\/shop\\\/stuff\\\/speedcube\\\/moyu-lingpo-2x2-pink-stickerless\\\/#primaryimage\",\"url\":\"https:\\\/\\\/boardlife.se\\\/wp-content\\\/uploads\\\/2018\\\/01\\\/speedcube-moyu-lingpo-pink-stickerless.jpg\",\"contentUrl\":\"https:\\\/\\\/boardlife.se\\\/wp-content\\\/uploads\\\/2018\\\/01\\\/speedcube-moyu-lingpo-pink-stickerless.jpg\",\"width\":700,\"height\":700,\"caption\":\"Speedcube Moyu LingPo Pink Stickerless\"},{\"@type\":\"BreadcrumbList\",\"@id\":\"https:\\\/\\\/boardlife.se\\\/en\\\/shop\\\/stuff\\\/speedcube\\\/moyu-lingpo-2x2-pink-stickerless\\\/#breadcrumb\",\"itemListElement\":[{\"@type\":\"ListItem\",\"position\":1,\"name\":\"Hem\",\"item\":\"https:\\\/\\\/boardlife.se\\\/\"},{\"@type\":\"ListItem\",\"position\":2,\"name\":\"V\u00e4lkommen till skateparadiset\",\"item\":\"https:\\\/\\\/boardlife.se\\\/shop\\\/\"},{\"@type\":\"ListItem\",\"position\":3,\"name\":\"MoYu LingPo Pink Stickerless\"}]},{\"@type\":\"WebSite\",\"@id\":\"https:\\\/\\\/boardlife.se\\\/#website\",\"url\":\"https:\\\/\\\/boardlife.se\\\/\",\"name\":\"Boardlife.se\",\"description\":\"Provider of Lifestyle\",\"publisher\":{\"@id\":\"https:\\\/\\\/boardlife.se\\\/#organization\"},\"potentialAction\":[{\"@type\":\"SearchAction\",\"target\":{\"@type\":\"EntryPoint\",\"urlTemplate\":\"https:\\\/\\\/boardlife.se\\\/?s={search_term_string}\"},\"query-input\":{\"@type\":\"PropertyValueSpecification\",\"valueRequired\":true,\"valueName\":\"search_term_string\"}}],\"inLanguage\":\"en-US\"},{\"@type\":\"Organization\",\"@id\":\"https:\\\/\\\/boardlife.se\\\/#organization\",\"name\":\"Boardlife\",\"url\":\"https:\\\/\\\/boardlife.se\\\/\",\"logo\":{\"@type\":\"ImageObject\",\"inLanguage\":\"en-US\",\"@id\":\"https:\\\/\\\/boardlife.se\\\/#\\\/schema\\\/logo\\\/image\\\/\",\"url\":\"https:\\\/\\\/boardlife.se\\\/wp-content\\\/uploads\\\/2014\\\/09\\\/logo.png\",\"contentUrl\":\"https:\\\/\\\/boardlife.se\\\/wp-content\\\/uploads\\\/2014\\\/09\\\/logo.png\",\"width\":785,\"height\":103,\"caption\":\"Boardlife\"},\"image\":{\"@id\":\"https:\\\/\\\/boardlife.se\\\/#\\\/schema\\\/logo\\\/image\\\/\"},\"sameAs\":[\"https:\\\/\\\/www.facebook.com\\\/Boardlife.se\",\"http:\\\/\\\/instagram.com\\\/boardlife_official\"]}]}<\/script>\n<!-- \/ Yoast SEO plugin. -->","yoast_head_json":{"title":"MoYu LingPo Pink Stickerless - Boardlife","description":"Without a doubt, it is one of the best competition cubes on the market. The MoYu LingPo is even more agile because it has 2 x 2 blocks.\u00a0","robots":{"index":"index","follow":"follow","max-snippet":"max-snippet:-1","max-image-preview":"max-image-preview:large","max-video-preview":"max-video-preview:-1"},"canonical":"https:\/\/boardlife.se\/en\/shop\/stuff\/speedcube\/moyu-lingpo-2x2-pink-stickerless\/?wmc-currency=SEK","og_locale":"en_US","og_type":"article","og_title":"MoYu LingPo Pink Stickerless - Boardlife","og_description":"Utan tvekan \u00e4r den en av de b\u00e4sta t\u00e4vlingskuberna p\u00e5 marknaden. MoYu LingPo \u00e4r \u00e4nnu smidigare eftersom den har 2 x 2 block.\u00a0","og_url":"https:\/\/boardlife.se\/en\/shop\/stuff\/speedcube\/moyu-lingpo-2x2-pink-stickerless\/?wmc-currency=SEK","og_site_name":"Boardlife","article_publisher":"https:\/\/www.facebook.com\/Boardlife.se","article_modified_time":"2025-11-17T18:26:09+00:00","og_image":[{"width":700,"height":700,"url":"https:\/\/boardlife.se\/wp-content\/uploads\/2018\/01\/speedcube-moyu-lingpo-pink-stickerless.jpg","type":"image\/jpeg"}],"twitter_card":"summary_large_image","twitter_misc":{"Est. reading time":"1 minute"},"schema":{"@context":"https:\/\/schema.org","@graph":[{"@type":"WebPage","@id":"https:\/\/boardlife.se\/en\/shop\/stuff\/speedcube\/moyu-lingpo-2x2-pink-stickerless\/","url":"https:\/\/boardlife.se\/en\/shop\/stuff\/speedcube\/moyu-lingpo-2x2-pink-stickerless\/","name":"MoYu LingPo Pink Stickerless - Boardlife","isPartOf":{"@id":"https:\/\/boardlife.se\/#website"},"primaryImageOfPage":{"@id":"https:\/\/boardlife.se\/en\/shop\/stuff\/speedcube\/moyu-lingpo-2x2-pink-stickerless\/#primaryimage"},"image":{"@id":"https:\/\/boardlife.se\/en\/shop\/stuff\/speedcube\/moyu-lingpo-2x2-pink-stickerless\/#primaryimage"},"thumbnailUrl":"https:\/\/boardlife.se\/wp-content\/uploads\/2018\/01\/speedcube-moyu-lingpo-pink-stickerless.jpg","datePublished":"2018-01-15T13:50:22+00:00","dateModified":"2025-11-17T18:26:09+00:00","description":"Without a doubt, it is one of the best competition cubes on the market. The MoYu LingPo is even more agile because it has 2 x 2 blocks.\u00a0","breadcrumb":{"@id":"https:\/\/boardlife.se\/en\/shop\/stuff\/speedcube\/moyu-lingpo-2x2-pink-stickerless\/#breadcrumb"},"inLanguage":"en-US","potentialAction":[{"@type":"ReadAction","target":["https:\/\/boardlife.se\/en\/shop\/stuff\/speedcube\/moyu-lingpo-2x2-pink-stickerless\/"]}]},{"@type":"ImageObject","inLanguage":"en-US","@id":"https:\/\/boardlife.se\/en\/shop\/stuff\/speedcube\/moyu-lingpo-2x2-pink-stickerless\/#primaryimage","url":"https:\/\/boardlife.se\/wp-content\/uploads\/2018\/01\/speedcube-moyu-lingpo-pink-stickerless.jpg","contentUrl":"https:\/\/boardlife.se\/wp-content\/uploads\/2018\/01\/speedcube-moyu-lingpo-pink-stickerless.jpg","width":700,"height":700,"caption":"Speedcube Moyu LingPo Pink Stickerless"},{"@type":"BreadcrumbList","@id":"https:\/\/boardlife.se\/en\/shop\/stuff\/speedcube\/moyu-lingpo-2x2-pink-stickerless\/#breadcrumb","itemListElement":[{"@type":"ListItem","position":1,"name":"Hem","item":"https:\/\/boardlife.se\/"},{"@type":"ListItem","position":2,"name":"V\u00e4lkommen till skateparadiset","item":"https:\/\/boardlife.se\/shop\/"},{"@type":"ListItem","position":3,"name":"MoYu LingPo Pink Stickerless"}]},{"@type":"WebSite","@id":"https:\/\/boardlife.se\/#website","url":"https:\/\/boardlife.se\/","name":"Boardlife.se","description":"Lifestyle Provider","publisher":{"@id":"https:\/\/boardlife.se\/#organization"},"potentialAction":[{"@type":"SearchAction","target":{"@type":"EntryPoint","urlTemplate":"https:\/\/boardlife.se\/?s={search_term_string}"},"query-input":{"@type":"PropertyValueSpecification","valueRequired":true,"valueName":"search_term_string"}}],"inLanguage":"en-US"},{"@type":"Organization","@id":"https:\/\/boardlife.se\/#organization","name":"Boardlife","url":"https:\/\/boardlife.se\/","logo":{"@type":"ImageObject","inLanguage":"en-US","@id":"https:\/\/boardlife.se\/#\/schema\/logo\/image\/","url":"https:\/\/boardlife.se\/wp-content\/uploads\/2014\/09\/logo.png","contentUrl":"https:\/\/boardlife.se\/wp-content\/uploads\/2014\/09\/logo.png","width":785,"height":103,"caption":"Boardlife"},"image":{"@id":"https:\/\/boardlife.se\/#\/schema\/logo\/image\/"},"sameAs":["https:\/\/www.facebook.com\/Boardlife.se","http:\/\/instagram.com\/boardlife_official"]}]}},"jetpack_sharing_enabled":true,"_links":{"self":[{"href":"https:\/\/boardlife.se\/en\/wp-json\/wp\/v2\/product\/49356","targetHints":{"allow":["GET"]}}],"collection":[{"href":"https:\/\/boardlife.se\/en\/wp-json\/wp\/v2\/product"}],"about":[{"href":"https:\/\/boardlife.se\/en\/wp-json\/wp\/v2\/types\/product"}],"replies":[{"embeddable":true,"href":"https:\/\/boardlife.se\/en\/wp-json\/wp\/v2\/comments?post=49356"}],"wp:featuredmedia":[{"embeddable":true,"href":"https:\/\/boardlife.se\/en\/wp-json\/wp\/v2\/media\/49358"}],"wp:attachment":[{"href":"https:\/\/boardlife.se\/en\/wp-json\/wp\/v2\/media?parent=49356"}],"wp:term":[{"taxonomy":"product_brand","embeddable":true,"href":"https:\/\/boardlife.se\/en\/wp-json\/wp\/v2\/product_brand?post=49356"},{"taxonomy":"product_cat","embeddable":true,"href":"https:\/\/boardlife.se\/en\/wp-json\/wp\/v2\/product_cat?post=49356"},{"taxonomy":"product_tag","embeddable":true,"href":"https:\/\/boardlife.se\/en\/wp-json\/wp\/v2\/product_tag?post=49356"}],"curies":[{"name":"wp","href":"https:\/\/api.w.org\/{rel}","templated":true}]}}