{"id":49622,"date":"2018-03-03T14:54:37","date_gmt":"2018-03-03T13:54:37","guid":{"rendered":"https:\/\/www.boardlife.se\/?post_type=product&#038;p=49622"},"modified":"2022-03-26T19:48:45","modified_gmt":"2022-03-26T18:48:45","slug":"enjoy-wonder-rub-grip-gum","status":"publish","type":"product","link":"https:\/\/boardlife.se\/en\/shop\/hardware\/grip-tape\/enjoy-wonder-rub-grip-gum\/","title":{"rendered":"Enjoi Wonder Rub Grip Gum"},"content":{"rendered":"<p>Grip gum \u00e4r ett finurligt tillskott till din befintliga utrustning. Det fungerar i princip som ett stort suddgummi som du kan anv\u00e4nda p\u00e5 din griptape. Genom att &#8221;sudda&#8221; och gnugga p\u00e5 grippan kan du p\u00e5 ett enkelt vis f\u00e5 bort smuts och skr\u00e4p och f\u00e5 din br\u00e4da att g\u00e5 tillbaka sin look p\u00e5 ett bra s\u00e4tt.<\/p>\n<p>Gummit \u00e4r kompakt vilket g\u00f6r att det h\u00e5ller v\u00e4ldigt l\u00e4nge och till m\u00e5nga omg\u00e5ngar reng\u00f6ring.<\/p>","protected":false},"excerpt":{"rendered":"<p>A convenient way to keep your griptape looking nice and fresh. With Enjois grip gum you can easily scrub away dirt from your griptape. Perfect accessory for your kit.<\/p>","protected":false},"featured_media":49623,"comment_status":"open","ping_status":"closed","template":"","meta":{"_gspb_post_css":"","_crdt_document":""},"product_brand":[2554],"product_cat":[202,1310],"product_tag":[],"class_list":{"0":"post-49622","1":"product","2":"type-product","3":"status-publish","4":"has-post-thumbnail","6":"product_brand-enjoi","7":"product_cat-griptape","8":"product_cat-service","9":"pa_manufacturer-enjoi","11":"first","12":"outofstock","13":"taxable","14":"shipping-taxable","15":"purchasable","16":"product-type-simple"},"ct_brands":[{"id":2554,"name":"Enjoy","slug":"enjoy"}],"yoast_head":"<!-- This site is optimized with the Yoast SEO plugin v27.5 - https:\/\/yoast.com\/product\/yoast-seo-wordpress\/ -->\n<title>Enjoi Wonder Rub Grip Gum - Boardlife<\/title>\n<meta name=\"description\" content=\"Ett smidigt s\u00e4tt att h\u00e5lla din griptape snygg och fr\u00e4sch. Med Enjois grip gum kan du enkelt skrubba bort smuts fr\u00e5n din grippa. Perfekt tillbeh\u00f6r till ditt kit.\u00a0\" \/>\n<meta name=\"robots\" content=\"index, follow, max-snippet:-1, max-image-preview:large, max-video-preview:-1\" \/>\n<link rel=\"canonical\" href=\"https:\/\/boardlife.se\/en\/shop\/hardware\/grip-tape\/enjoy-wonder-rub-grip-gum\/?wmc-currency=SEK\" \/>\n<meta property=\"og:locale\" content=\"en_US\" \/>\n<meta property=\"og:type\" content=\"article\" \/>\n<meta property=\"og:title\" content=\"Enjoi Wonder Rub Grip Gum - Boardlife\" \/>\n<meta property=\"og:description\" content=\"Ett smidigt s\u00e4tt att h\u00e5lla din griptape snygg och fr\u00e4sch. Med Enjois grip gum kan du enkelt skrubba bort smuts fr\u00e5n din grippa. Perfekt tillbeh\u00f6r till ditt kit.\u00a0\" \/>\n<meta property=\"og:url\" content=\"https:\/\/boardlife.se\/en\/shop\/hardware\/grip-tape\/enjoy-wonder-rub-grip-gum\/?wmc-currency=SEK\" \/>\n<meta property=\"og:site_name\" content=\"Boardlife\" \/>\n<meta property=\"article:publisher\" content=\"https:\/\/www.facebook.com\/Boardlife.se\" \/>\n<meta property=\"article:modified_time\" content=\"2022-03-26T18:48:45+00:00\" \/>\n<meta property=\"og:image\" content=\"https:\/\/boardlife.se\/wp-content\/uploads\/2018\/03\/enjoi-grip-gum-cleaner-scaled.jpg\" \/>\n\t<meta property=\"og:image:width\" content=\"2560\" \/>\n\t<meta property=\"og:image:height\" content=\"2560\" \/>\n\t<meta property=\"og:image:type\" content=\"image\/jpeg\" \/>\n<meta name=\"twitter:card\" content=\"summary_large_image\" \/>\n<script type=\"application\/ld+json\" class=\"yoast-schema-graph\">{\"@context\":\"https:\\\/\\\/schema.org\",\"@graph\":[{\"@type\":\"WebPage\",\"@id\":\"https:\\\/\\\/boardlife.se\\\/en\\\/shop\\\/hardware\\\/grip-tape\\\/enjoy-wonder-rub-grip-gum\\\/\",\"url\":\"https:\\\/\\\/boardlife.se\\\/en\\\/shop\\\/hardware\\\/grip-tape\\\/enjoy-wonder-rub-grip-gum\\\/\",\"name\":\"Enjoi Wonder Rub Grip Gum - Boardlife\",\"isPartOf\":{\"@id\":\"https:\\\/\\\/boardlife.se\\\/#website\"},\"primaryImageOfPage\":{\"@id\":\"https:\\\/\\\/boardlife.se\\\/en\\\/shop\\\/hardware\\\/grip-tape\\\/enjoy-wonder-rub-grip-gum\\\/#primaryimage\"},\"image\":{\"@id\":\"https:\\\/\\\/boardlife.se\\\/en\\\/shop\\\/hardware\\\/grip-tape\\\/enjoy-wonder-rub-grip-gum\\\/#primaryimage\"},\"thumbnailUrl\":\"https:\\\/\\\/boardlife.se\\\/wp-content\\\/uploads\\\/2018\\\/03\\\/enjoi-grip-gum-cleaner-scaled.jpg\",\"datePublished\":\"2018-03-03T13:54:37+00:00\",\"dateModified\":\"2022-03-26T18:48:45+00:00\",\"description\":\"Ett smidigt s\u00e4tt att h\u00e5lla din griptape snygg och fr\u00e4sch. Med Enjois grip gum kan du enkelt skrubba bort smuts fr\u00e5n din grippa. Perfekt tillbeh\u00f6r till ditt kit.\u00a0\",\"breadcrumb\":{\"@id\":\"https:\\\/\\\/boardlife.se\\\/en\\\/shop\\\/hardware\\\/grip-tape\\\/enjoy-wonder-rub-grip-gum\\\/#breadcrumb\"},\"inLanguage\":\"en-US\",\"potentialAction\":[{\"@type\":\"ReadAction\",\"target\":[\"https:\\\/\\\/boardlife.se\\\/en\\\/shop\\\/hardware\\\/grip-tape\\\/enjoy-wonder-rub-grip-gum\\\/\"]}]},{\"@type\":\"ImageObject\",\"inLanguage\":\"en-US\",\"@id\":\"https:\\\/\\\/boardlife.se\\\/en\\\/shop\\\/hardware\\\/grip-tape\\\/enjoy-wonder-rub-grip-gum\\\/#primaryimage\",\"url\":\"https:\\\/\\\/boardlife.se\\\/wp-content\\\/uploads\\\/2018\\\/03\\\/enjoi-grip-gum-cleaner-scaled.jpg\",\"contentUrl\":\"https:\\\/\\\/boardlife.se\\\/wp-content\\\/uploads\\\/2018\\\/03\\\/enjoi-grip-gum-cleaner-scaled.jpg\",\"width\":2560,\"height\":2560,\"caption\":\"Enjoi Grip Gum Cleaner\"},{\"@type\":\"BreadcrumbList\",\"@id\":\"https:\\\/\\\/boardlife.se\\\/en\\\/shop\\\/hardware\\\/grip-tape\\\/enjoy-wonder-rub-grip-gum\\\/#breadcrumb\",\"itemListElement\":[{\"@type\":\"ListItem\",\"position\":1,\"name\":\"Hem\",\"item\":\"https:\\\/\\\/boardlife.se\\\/\"},{\"@type\":\"ListItem\",\"position\":2,\"name\":\"V\u00e4lkommen till skateparadiset\",\"item\":\"https:\\\/\\\/boardlife.se\\\/shop\\\/\"},{\"@type\":\"ListItem\",\"position\":3,\"name\":\"Enjoi Wonder Rub Grip Gum\"}]},{\"@type\":\"WebSite\",\"@id\":\"https:\\\/\\\/boardlife.se\\\/#website\",\"url\":\"https:\\\/\\\/boardlife.se\\\/\",\"name\":\"Boardlife.se\",\"description\":\"Provider of Lifestyle\",\"publisher\":{\"@id\":\"https:\\\/\\\/boardlife.se\\\/#organization\"},\"potentialAction\":[{\"@type\":\"SearchAction\",\"target\":{\"@type\":\"EntryPoint\",\"urlTemplate\":\"https:\\\/\\\/boardlife.se\\\/?s={search_term_string}\"},\"query-input\":{\"@type\":\"PropertyValueSpecification\",\"valueRequired\":true,\"valueName\":\"search_term_string\"}}],\"inLanguage\":\"en-US\"},{\"@type\":\"Organization\",\"@id\":\"https:\\\/\\\/boardlife.se\\\/#organization\",\"name\":\"Boardlife\",\"url\":\"https:\\\/\\\/boardlife.se\\\/\",\"logo\":{\"@type\":\"ImageObject\",\"inLanguage\":\"en-US\",\"@id\":\"https:\\\/\\\/boardlife.se\\\/#\\\/schema\\\/logo\\\/image\\\/\",\"url\":\"https:\\\/\\\/boardlife.se\\\/wp-content\\\/uploads\\\/2014\\\/09\\\/logo.png\",\"contentUrl\":\"https:\\\/\\\/boardlife.se\\\/wp-content\\\/uploads\\\/2014\\\/09\\\/logo.png\",\"width\":785,\"height\":103,\"caption\":\"Boardlife\"},\"image\":{\"@id\":\"https:\\\/\\\/boardlife.se\\\/#\\\/schema\\\/logo\\\/image\\\/\"},\"sameAs\":[\"https:\\\/\\\/www.facebook.com\\\/Boardlife.se\",\"http:\\\/\\\/instagram.com\\\/boardlife_official\"]}]}<\/script>\n<!-- \/ Yoast SEO plugin. -->","yoast_head_json":{"title":"Enjoi Wonder Rub Grip Gum - Boardlife","description":"A convenient way to keep your griptape looking nice and fresh. With Enjois grip gum you can easily scrub away dirt from your griptape. Perfect accessory for your kit.\u00a0","robots":{"index":"index","follow":"follow","max-snippet":"max-snippet:-1","max-image-preview":"max-image-preview:large","max-video-preview":"max-video-preview:-1"},"canonical":"https:\/\/boardlife.se\/en\/shop\/hardware\/grip-tape\/enjoy-wonder-rub-grip-gum\/?wmc-currency=SEK","og_locale":"en_US","og_type":"article","og_title":"Enjoi Wonder Rub Grip Gum - Boardlife","og_description":"Ett smidigt s\u00e4tt att h\u00e5lla din griptape snygg och fr\u00e4sch. Med Enjois grip gum kan du enkelt skrubba bort smuts fr\u00e5n din grippa. Perfekt tillbeh\u00f6r till ditt kit.\u00a0","og_url":"https:\/\/boardlife.se\/en\/shop\/hardware\/grip-tape\/enjoy-wonder-rub-grip-gum\/?wmc-currency=SEK","og_site_name":"Boardlife","article_publisher":"https:\/\/www.facebook.com\/Boardlife.se","article_modified_time":"2022-03-26T18:48:45+00:00","og_image":[{"width":2560,"height":2560,"url":"https:\/\/boardlife.se\/wp-content\/uploads\/2018\/03\/enjoi-grip-gum-cleaner-scaled.jpg","type":"image\/jpeg"}],"twitter_card":"summary_large_image","schema":{"@context":"https:\/\/schema.org","@graph":[{"@type":"WebPage","@id":"https:\/\/boardlife.se\/en\/shop\/hardware\/grip-tape\/enjoy-wonder-rub-grip-gum\/","url":"https:\/\/boardlife.se\/en\/shop\/hardware\/grip-tape\/enjoy-wonder-rub-grip-gum\/","name":"Enjoi Wonder Rub Grip Gum - Boardlife","isPartOf":{"@id":"https:\/\/boardlife.se\/#website"},"primaryImageOfPage":{"@id":"https:\/\/boardlife.se\/en\/shop\/hardware\/grip-tape\/enjoy-wonder-rub-grip-gum\/#primaryimage"},"image":{"@id":"https:\/\/boardlife.se\/en\/shop\/hardware\/grip-tape\/enjoy-wonder-rub-grip-gum\/#primaryimage"},"thumbnailUrl":"https:\/\/boardlife.se\/wp-content\/uploads\/2018\/03\/enjoi-grip-gum-cleaner-scaled.jpg","datePublished":"2018-03-03T13:54:37+00:00","dateModified":"2022-03-26T18:48:45+00:00","description":"A convenient way to keep your griptape looking nice and fresh. With Enjois grip gum you can easily scrub away dirt from your griptape. Perfect accessory for your kit.\u00a0","breadcrumb":{"@id":"https:\/\/boardlife.se\/en\/shop\/hardware\/grip-tape\/enjoy-wonder-rub-grip-gum\/#breadcrumb"},"inLanguage":"en-US","potentialAction":[{"@type":"ReadAction","target":["https:\/\/boardlife.se\/en\/shop\/hardware\/grip-tape\/enjoy-wonder-rub-grip-gum\/"]}]},{"@type":"ImageObject","inLanguage":"en-US","@id":"https:\/\/boardlife.se\/en\/shop\/hardware\/grip-tape\/enjoy-wonder-rub-grip-gum\/#primaryimage","url":"https:\/\/boardlife.se\/wp-content\/uploads\/2018\/03\/enjoi-grip-gum-cleaner-scaled.jpg","contentUrl":"https:\/\/boardlife.se\/wp-content\/uploads\/2018\/03\/enjoi-grip-gum-cleaner-scaled.jpg","width":2560,"height":2560,"caption":"Enjoi Grip Gum Cleaner"},{"@type":"BreadcrumbList","@id":"https:\/\/boardlife.se\/en\/shop\/hardware\/grip-tape\/enjoy-wonder-rub-grip-gum\/#breadcrumb","itemListElement":[{"@type":"ListItem","position":1,"name":"Hem","item":"https:\/\/boardlife.se\/"},{"@type":"ListItem","position":2,"name":"V\u00e4lkommen till skateparadiset","item":"https:\/\/boardlife.se\/shop\/"},{"@type":"ListItem","position":3,"name":"Enjoi Wonder Rub Grip Gum"}]},{"@type":"WebSite","@id":"https:\/\/boardlife.se\/#website","url":"https:\/\/boardlife.se\/","name":"Boardlife.se","description":"Lifestyle Provider","publisher":{"@id":"https:\/\/boardlife.se\/#organization"},"potentialAction":[{"@type":"SearchAction","target":{"@type":"EntryPoint","urlTemplate":"https:\/\/boardlife.se\/?s={search_term_string}"},"query-input":{"@type":"PropertyValueSpecification","valueRequired":true,"valueName":"search_term_string"}}],"inLanguage":"en-US"},{"@type":"Organization","@id":"https:\/\/boardlife.se\/#organization","name":"Boardlife","url":"https:\/\/boardlife.se\/","logo":{"@type":"ImageObject","inLanguage":"en-US","@id":"https:\/\/boardlife.se\/#\/schema\/logo\/image\/","url":"https:\/\/boardlife.se\/wp-content\/uploads\/2014\/09\/logo.png","contentUrl":"https:\/\/boardlife.se\/wp-content\/uploads\/2014\/09\/logo.png","width":785,"height":103,"caption":"Boardlife"},"image":{"@id":"https:\/\/boardlife.se\/#\/schema\/logo\/image\/"},"sameAs":["https:\/\/www.facebook.com\/Boardlife.se","http:\/\/instagram.com\/boardlife_official"]}]}},"jetpack_sharing_enabled":true,"_links":{"self":[{"href":"https:\/\/boardlife.se\/en\/wp-json\/wp\/v2\/product\/49622","targetHints":{"allow":["GET"]}}],"collection":[{"href":"https:\/\/boardlife.se\/en\/wp-json\/wp\/v2\/product"}],"about":[{"href":"https:\/\/boardlife.se\/en\/wp-json\/wp\/v2\/types\/product"}],"replies":[{"embeddable":true,"href":"https:\/\/boardlife.se\/en\/wp-json\/wp\/v2\/comments?post=49622"}],"wp:featuredmedia":[{"embeddable":true,"href":"https:\/\/boardlife.se\/en\/wp-json\/wp\/v2\/media\/49623"}],"wp:attachment":[{"href":"https:\/\/boardlife.se\/en\/wp-json\/wp\/v2\/media?parent=49622"}],"wp:term":[{"taxonomy":"product_brand","embeddable":true,"href":"https:\/\/boardlife.se\/en\/wp-json\/wp\/v2\/product_brand?post=49622"},{"taxonomy":"product_cat","embeddable":true,"href":"https:\/\/boardlife.se\/en\/wp-json\/wp\/v2\/product_cat?post=49622"},{"taxonomy":"product_tag","embeddable":true,"href":"https:\/\/boardlife.se\/en\/wp-json\/wp\/v2\/product_tag?post=49622"}],"curies":[{"name":"wp","href":"https:\/\/api.w.org\/{rel}","templated":true}]}}