{"id":49858,"date":"2018-04-08T12:21:14","date_gmt":"2018-04-08T10:21:14","guid":{"rendered":"https:\/\/www.boardlife.se\/?post_type=product&#038;p=49858"},"modified":"2026-04-27T12:53:55","modified_gmt":"2026-04-27T10:53:55","slug":"tsg-skate-bmx-injected-white","status":"publish","type":"product","link":"https:\/\/boardlife.se\/en\/shop\/protection\/helmets\/tsg-skate-bmx-injected-white\/","title":{"rendered":"TSG Skate\/BMX injected White"},"content":{"rendered":"<p>TSG &#8211; Skate\/BMX injected White<\/p>\n<p>Hj\u00e4lm fr\u00e5n TSG med brett anv\u00e4ndningsomr\u00e5de. Godk\u00e4nd b\u00e5de f\u00f6r skate, BMX och inlines.<\/p>\n<p>&#8211; Skal i ABS.<br \/>\n&#8211; Foder i EPS Impact Foam.<br \/>\n&#8211; Snug Fit &#8211; Anatomisk form.<br \/>\n&#8211; 13 Aerodynamiska ventilationsh\u00e5l.<br \/>\n&#8211; Tv\u00e4ttbara pads.<br \/>\n&#8211; Tuned Fit System.<br \/>\n&#8211; 3-punkters strap justering.<\/p>\n<p>M\u00e5tt:<br \/>\nS\/M: 54-56 cm \/ 21.3-22.0&#8243;<br \/>\n<del>L\/XL 57-59 cm \/ 22.4-23.2&#8243;<\/del><\/p>","protected":false},"excerpt":{"rendered":"<p>TSG &#8211; Skate\/BMX injected White Hj\u00e4lm fr\u00e5n TSG med brett anv\u00e4ndningsomr\u00e5de. Godk\u00e4nd b\u00e5de f\u00f6r skate, BMX och inlines. &#8211; Skal i ABS. &#8211; Foder i EPS Impact Foam. &#8211; Snug Fit &#8211; Anatomisk form. &#8211; 13 Aerodynamiska ventilationsh\u00e5l. &#8211; Tv\u00e4ttbara pads. &#8211; Tuned Fit System. &#8211; 3-punkters strap justering. M\u00e5tt: S\/M: 54-56 cm \/ 21.3-22.0&#8243; [&hellip;]<\/p>\n","protected":false},"featured_media":49861,"comment_status":"open","ping_status":"closed","template":"","meta":{"_gspb_post_css":"","_crdt_document":""},"product_brand":[2622],"product_cat":[90],"product_tag":[898],"class_list":{"0":"post-49858","1":"product","2":"type-product","3":"status-publish","4":"has-post-thumbnail","6":"product_brand-tsg-technical-safety-gear","7":"product_cat-helmets","8":"product_tag-tsg-technical-safety-gear","9":"pa_manufacturer-tsg-technical-safety-gear","10":"pa_storlekar-lxl","11":"pa_storlekar-sm","13":"first","14":"outofstock","15":"sale","16":"taxable","17":"shipping-taxable","18":"purchasable","19":"product-type-variable","20":"has-default-attributes"},"ct_brands":[{"id":2622,"name":"TSG - Technical Safety Gear","slug":"tsg-technical-safety-gear"}],"yoast_head":"<!-- This site is optimized with the Yoast SEO plugin v27.5 - https:\/\/yoast.com\/product\/yoast-seo-wordpress\/ -->\n<title>TSG Skate\/BMX injected White - Boardlife<\/title>\n<meta name=\"robots\" content=\"index, follow, max-snippet:-1, max-image-preview:large, max-video-preview:-1\" \/>\n<link rel=\"canonical\" href=\"https:\/\/boardlife.se\/en\/shop\/protection\/helmets\/tsg-skate-bmx-injected-white\/?wmc-currency=SEK\" \/>\n<meta property=\"og:locale\" content=\"en_US\" \/>\n<meta property=\"og:type\" content=\"article\" \/>\n<meta property=\"og:title\" content=\"TSG Skate\/BMX injected White - Boardlife\" \/>\n<meta property=\"og:description\" content=\"TSG &#8211; Skate\/BMX injected White Hj\u00e4lm fr\u00e5n TSG med brett anv\u00e4ndningsomr\u00e5de. Godk\u00e4nd b\u00e5de f\u00f6r skate, BMX och inlines. &#8211; Skal i ABS. &#8211; Foder i EPS Impact Foam. &#8211; Snug Fit &#8211; Anatomisk form. &#8211; 13 Aerodynamiska ventilationsh\u00e5l. &#8211; Tv\u00e4ttbara pads. &#8211; Tuned Fit System. &#8211; 3-punkters strap justering. M\u00e5tt: S\/M: 54-56 cm \/ 21.3-22.0&#8243; [&hellip;]\" \/>\n<meta property=\"og:url\" content=\"https:\/\/boardlife.se\/en\/shop\/protection\/helmets\/tsg-skate-bmx-injected-white\/?wmc-currency=SEK\" \/>\n<meta property=\"og:site_name\" content=\"Boardlife\" \/>\n<meta property=\"article:publisher\" content=\"https:\/\/www.facebook.com\/Boardlife.se\" \/>\n<meta property=\"article:modified_time\" content=\"2026-04-27T10:53:55+00:00\" \/>\n<meta property=\"og:image\" content=\"https:\/\/boardlife.se\/wp-content\/uploads\/2018\/04\/TSG-Skate-BMX-Solid-Colors-Helm-Injected-White.jpg\" \/>\n\t<meta property=\"og:image:width\" content=\"1024\" \/>\n\t<meta property=\"og:image:height\" content=\"1024\" \/>\n\t<meta property=\"og:image:type\" content=\"image\/jpeg\" \/>\n<meta name=\"twitter:card\" content=\"summary_large_image\" \/>\n<script type=\"application\/ld+json\" class=\"yoast-schema-graph\">{\"@context\":\"https:\\\/\\\/schema.org\",\"@graph\":[{\"@type\":\"WebPage\",\"@id\":\"https:\\\/\\\/boardlife.se\\\/shop\\\/protection\\\/helmets\\\/tsg-skate-bmx-injected-white\\\/\",\"url\":\"https:\\\/\\\/boardlife.se\\\/shop\\\/protection\\\/helmets\\\/tsg-skate-bmx-injected-white\\\/\",\"name\":\"TSG Skate\\\/BMX injected White - Boardlife\",\"isPartOf\":{\"@id\":\"https:\\\/\\\/boardlife.se\\\/#website\"},\"primaryImageOfPage\":{\"@id\":\"https:\\\/\\\/boardlife.se\\\/shop\\\/protection\\\/helmets\\\/tsg-skate-bmx-injected-white\\\/#primaryimage\"},\"image\":{\"@id\":\"https:\\\/\\\/boardlife.se\\\/shop\\\/protection\\\/helmets\\\/tsg-skate-bmx-injected-white\\\/#primaryimage\"},\"thumbnailUrl\":\"https:\\\/\\\/boardlife.se\\\/wp-content\\\/uploads\\\/2018\\\/04\\\/TSG-Skate-BMX-Solid-Colors-Helm-Injected-White.jpg\",\"datePublished\":\"2018-04-08T10:21:14+00:00\",\"dateModified\":\"2026-04-27T10:53:55+00:00\",\"breadcrumb\":{\"@id\":\"https:\\\/\\\/boardlife.se\\\/shop\\\/protection\\\/helmets\\\/tsg-skate-bmx-injected-white\\\/#breadcrumb\"},\"inLanguage\":\"en-US\",\"potentialAction\":[{\"@type\":\"ReadAction\",\"target\":[\"https:\\\/\\\/boardlife.se\\\/shop\\\/protection\\\/helmets\\\/tsg-skate-bmx-injected-white\\\/\"]}]},{\"@type\":\"ImageObject\",\"inLanguage\":\"en-US\",\"@id\":\"https:\\\/\\\/boardlife.se\\\/shop\\\/protection\\\/helmets\\\/tsg-skate-bmx-injected-white\\\/#primaryimage\",\"url\":\"https:\\\/\\\/boardlife.se\\\/wp-content\\\/uploads\\\/2018\\\/04\\\/TSG-Skate-BMX-Solid-Colors-Helm-Injected-White.jpg\",\"contentUrl\":\"https:\\\/\\\/boardlife.se\\\/wp-content\\\/uploads\\\/2018\\\/04\\\/TSG-Skate-BMX-Solid-Colors-Helm-Injected-White.jpg\",\"width\":1024,\"height\":1024,\"caption\":\"TSG Skate BMX Solid Colors Helmet Injected White\"},{\"@type\":\"BreadcrumbList\",\"@id\":\"https:\\\/\\\/boardlife.se\\\/shop\\\/protection\\\/helmets\\\/tsg-skate-bmx-injected-white\\\/#breadcrumb\",\"itemListElement\":[{\"@type\":\"ListItem\",\"position\":1,\"name\":\"Hem\",\"item\":\"https:\\\/\\\/boardlife.se\\\/\"},{\"@type\":\"ListItem\",\"position\":2,\"name\":\"V\u00e4lkommen till skateparadiset\",\"item\":\"https:\\\/\\\/boardlife.se\\\/shop\\\/\"},{\"@type\":\"ListItem\",\"position\":3,\"name\":\"TSG Skate\\\/BMX injected White\"}]},{\"@type\":\"WebSite\",\"@id\":\"https:\\\/\\\/boardlife.se\\\/#website\",\"url\":\"https:\\\/\\\/boardlife.se\\\/\",\"name\":\"Boardlife.se\",\"description\":\"Provider of Lifestyle\",\"publisher\":{\"@id\":\"https:\\\/\\\/boardlife.se\\\/#organization\"},\"potentialAction\":[{\"@type\":\"SearchAction\",\"target\":{\"@type\":\"EntryPoint\",\"urlTemplate\":\"https:\\\/\\\/boardlife.se\\\/?s={search_term_string}\"},\"query-input\":{\"@type\":\"PropertyValueSpecification\",\"valueRequired\":true,\"valueName\":\"search_term_string\"}}],\"inLanguage\":\"en-US\"},{\"@type\":\"Organization\",\"@id\":\"https:\\\/\\\/boardlife.se\\\/#organization\",\"name\":\"Boardlife\",\"url\":\"https:\\\/\\\/boardlife.se\\\/\",\"logo\":{\"@type\":\"ImageObject\",\"inLanguage\":\"en-US\",\"@id\":\"https:\\\/\\\/boardlife.se\\\/#\\\/schema\\\/logo\\\/image\\\/\",\"url\":\"https:\\\/\\\/boardlife.se\\\/wp-content\\\/uploads\\\/2014\\\/09\\\/logo.png\",\"contentUrl\":\"https:\\\/\\\/boardlife.se\\\/wp-content\\\/uploads\\\/2014\\\/09\\\/logo.png\",\"width\":785,\"height\":103,\"caption\":\"Boardlife\"},\"image\":{\"@id\":\"https:\\\/\\\/boardlife.se\\\/#\\\/schema\\\/logo\\\/image\\\/\"},\"sameAs\":[\"https:\\\/\\\/www.facebook.com\\\/Boardlife.se\",\"http:\\\/\\\/instagram.com\\\/boardlife_official\"]}]}<\/script>\n<!-- \/ Yoast SEO plugin. -->","yoast_head_json":{"title":"TSG Skate\/BMX injected White - Boardlife","robots":{"index":"index","follow":"follow","max-snippet":"max-snippet:-1","max-image-preview":"max-image-preview:large","max-video-preview":"max-video-preview:-1"},"canonical":"https:\/\/boardlife.se\/en\/shop\/protection\/helmets\/tsg-skate-bmx-injected-white\/?wmc-currency=SEK","og_locale":"en_US","og_type":"article","og_title":"TSG Skate\/BMX injected White - Boardlife","og_description":"TSG &#8211; Skate\/BMX injected White Hj\u00e4lm fr\u00e5n TSG med brett anv\u00e4ndningsomr\u00e5de. Godk\u00e4nd b\u00e5de f\u00f6r skate, BMX och inlines. &#8211; Skal i ABS. &#8211; Foder i EPS Impact Foam. &#8211; Snug Fit &#8211; Anatomisk form. &#8211; 13 Aerodynamiska ventilationsh\u00e5l. &#8211; Tv\u00e4ttbara pads. &#8211; Tuned Fit System. &#8211; 3-punkters strap justering. M\u00e5tt: S\/M: 54-56 cm \/ 21.3-22.0&#8243; [&hellip;]","og_url":"https:\/\/boardlife.se\/en\/shop\/protection\/helmets\/tsg-skate-bmx-injected-white\/?wmc-currency=SEK","og_site_name":"Boardlife","article_publisher":"https:\/\/www.facebook.com\/Boardlife.se","article_modified_time":"2026-04-27T10:53:55+00:00","og_image":[{"width":1024,"height":1024,"url":"https:\/\/boardlife.se\/wp-content\/uploads\/2018\/04\/TSG-Skate-BMX-Solid-Colors-Helm-Injected-White.jpg","type":"image\/jpeg"}],"twitter_card":"summary_large_image","schema":{"@context":"https:\/\/schema.org","@graph":[{"@type":"WebPage","@id":"https:\/\/boardlife.se\/shop\/protection\/helmets\/tsg-skate-bmx-injected-white\/","url":"https:\/\/boardlife.se\/shop\/protection\/helmets\/tsg-skate-bmx-injected-white\/","name":"TSG Skate\/BMX injected White - Boardlife","isPartOf":{"@id":"https:\/\/boardlife.se\/#website"},"primaryImageOfPage":{"@id":"https:\/\/boardlife.se\/shop\/protection\/helmets\/tsg-skate-bmx-injected-white\/#primaryimage"},"image":{"@id":"https:\/\/boardlife.se\/shop\/protection\/helmets\/tsg-skate-bmx-injected-white\/#primaryimage"},"thumbnailUrl":"https:\/\/boardlife.se\/wp-content\/uploads\/2018\/04\/TSG-Skate-BMX-Solid-Colors-Helm-Injected-White.jpg","datePublished":"2018-04-08T10:21:14+00:00","dateModified":"2026-04-27T10:53:55+00:00","breadcrumb":{"@id":"https:\/\/boardlife.se\/shop\/protection\/helmets\/tsg-skate-bmx-injected-white\/#breadcrumb"},"inLanguage":"en-US","potentialAction":[{"@type":"ReadAction","target":["https:\/\/boardlife.se\/shop\/protection\/helmets\/tsg-skate-bmx-injected-white\/"]}]},{"@type":"ImageObject","inLanguage":"en-US","@id":"https:\/\/boardlife.se\/shop\/protection\/helmets\/tsg-skate-bmx-injected-white\/#primaryimage","url":"https:\/\/boardlife.se\/wp-content\/uploads\/2018\/04\/TSG-Skate-BMX-Solid-Colors-Helm-Injected-White.jpg","contentUrl":"https:\/\/boardlife.se\/wp-content\/uploads\/2018\/04\/TSG-Skate-BMX-Solid-Colors-Helm-Injected-White.jpg","width":1024,"height":1024,"caption":"TSG Skate BMX Solid Colors Helmet Injected White"},{"@type":"BreadcrumbList","@id":"https:\/\/boardlife.se\/shop\/protection\/helmets\/tsg-skate-bmx-injected-white\/#breadcrumb","itemListElement":[{"@type":"ListItem","position":1,"name":"Hem","item":"https:\/\/boardlife.se\/"},{"@type":"ListItem","position":2,"name":"V\u00e4lkommen till skateparadiset","item":"https:\/\/boardlife.se\/shop\/"},{"@type":"ListItem","position":3,"name":"TSG Skate\/BMX injected White"}]},{"@type":"WebSite","@id":"https:\/\/boardlife.se\/#website","url":"https:\/\/boardlife.se\/","name":"Boardlife.se","description":"Lifestyle Provider","publisher":{"@id":"https:\/\/boardlife.se\/#organization"},"potentialAction":[{"@type":"SearchAction","target":{"@type":"EntryPoint","urlTemplate":"https:\/\/boardlife.se\/?s={search_term_string}"},"query-input":{"@type":"PropertyValueSpecification","valueRequired":true,"valueName":"search_term_string"}}],"inLanguage":"en-US"},{"@type":"Organization","@id":"https:\/\/boardlife.se\/#organization","name":"Boardlife","url":"https:\/\/boardlife.se\/","logo":{"@type":"ImageObject","inLanguage":"en-US","@id":"https:\/\/boardlife.se\/#\/schema\/logo\/image\/","url":"https:\/\/boardlife.se\/wp-content\/uploads\/2014\/09\/logo.png","contentUrl":"https:\/\/boardlife.se\/wp-content\/uploads\/2014\/09\/logo.png","width":785,"height":103,"caption":"Boardlife"},"image":{"@id":"https:\/\/boardlife.se\/#\/schema\/logo\/image\/"},"sameAs":["https:\/\/www.facebook.com\/Boardlife.se","http:\/\/instagram.com\/boardlife_official"]}]}},"jetpack_sharing_enabled":true,"_links":{"self":[{"href":"https:\/\/boardlife.se\/en\/wp-json\/wp\/v2\/product\/49858","targetHints":{"allow":["GET"]}}],"collection":[{"href":"https:\/\/boardlife.se\/en\/wp-json\/wp\/v2\/product"}],"about":[{"href":"https:\/\/boardlife.se\/en\/wp-json\/wp\/v2\/types\/product"}],"replies":[{"embeddable":true,"href":"https:\/\/boardlife.se\/en\/wp-json\/wp\/v2\/comments?post=49858"}],"wp:featuredmedia":[{"embeddable":true,"href":"https:\/\/boardlife.se\/en\/wp-json\/wp\/v2\/media\/49861"}],"wp:attachment":[{"href":"https:\/\/boardlife.se\/en\/wp-json\/wp\/v2\/media?parent=49858"}],"wp:term":[{"taxonomy":"product_brand","embeddable":true,"href":"https:\/\/boardlife.se\/en\/wp-json\/wp\/v2\/product_brand?post=49858"},{"taxonomy":"product_cat","embeddable":true,"href":"https:\/\/boardlife.se\/en\/wp-json\/wp\/v2\/product_cat?post=49858"},{"taxonomy":"product_tag","embeddable":true,"href":"https:\/\/boardlife.se\/en\/wp-json\/wp\/v2\/product_tag?post=49858"}],"curies":[{"name":"wp","href":"https:\/\/api.w.org\/{rel}","templated":true}]}}