{"id":50652,"date":"2018-05-22T22:40:38","date_gmt":"2018-05-22T20:40:38","guid":{"rendered":"https:\/\/www.boardlife.se\/?post_type=product&#038;p=50652"},"modified":"2025-04-08T09:39:07","modified_gmt":"2025-04-08T07:39:07","slug":"luxe-lite-truck-180mm-satin-blue","status":"publish","type":"product","link":"https:\/\/boardlife.se\/en\/shop\/longboard\/longboard-components\/longboard-trucks\/luxe-lite-truck-180mm-satin-blue\/","title":{"rendered":"Luxe Lite Truck 180mm Satin Blue"},"content":{"rendered":"<p>Vi \u00e4r stolta \u00f6ver att kunna presentera Luxe Lite-truckar. Inte minst har de supersk\u00f6na f\u00e4rger, de kommer ocks\u00e5 i ett extra l\u00e4tt utf\u00f6rande d\u00e4r man har en ih\u00e5lig basplatta och ih\u00e5lig kingpin. P\u00e5 detta \u00e4r ocks\u00e5 priset v\u00e4ldigt trevligt. Luxe bjuder p\u00e5 en bra standardtruck med tv\u00e5 raka bushings som ger en bra stabilitet och sk\u00f6n man\u00f6vrering vid din cruise. De har ett bra st\u00f6d f\u00f6r bushingen i hangern vilket ocks\u00e5 ger dem b\u00e4ttre stabilitet om du best\u00e4mmer dig f\u00f6r att k\u00f6ra mer extremt med dem.<\/p>\n<p>Truckens bredd ligger p\u00e5 180mm och vinkeln p\u00e5 basplattan \u00e4r 50\u00b0. En bra allroundtruck f\u00f6r en bra peng helt enkelt.<\/p>","protected":false},"excerpt":{"rendered":"<p>A good all-round truck for those who want to be able to do mixed driving on your longboard. Luxe Lite is a series with extra low weight as well. It has a hollow base plate and kingpin.<\/p>","protected":false},"featured_media":50654,"comment_status":"open","ping_status":"closed","template":"","meta":{"_gspb_post_css":"","_crdt_document":""},"product_brand":[2582],"product_cat":[23],"product_tag":[],"class_list":{"0":"post-50652","1":"product","2":"type-product","3":"status-publish","4":"has-post-thumbnail","6":"product_brand-luxe","7":"product_cat-trucks-longboard","8":"pa_manufacturer-luxe","9":"pa_truck-bredd-180mm","10":"pa_vinkel-54","12":"first","13":"instock","14":"sale","15":"taxable","16":"shipping-taxable","17":"purchasable","18":"product-type-simple"},"ct_brands":[{"id":2582,"name":"Luxe","slug":"luxury"}],"yoast_head":"<!-- This site is optimized with the Yoast SEO plugin v27.5 - https:\/\/yoast.com\/product\/yoast-seo-wordpress\/ -->\n<title>Luxe Lite Truck 180mm Satin Blue - Boardlife<\/title>\n<meta name=\"description\" content=\"En bra allroundtruck f\u00f6r dig som vill kunna k\u00f6ra blandad k\u00f6rning p\u00e5 din longboard. Luxe Lite \u00e4r en serie med extra l\u00e5g vikt dessutom. Man har en ih\u00e5lig basplatta och kingpin.\u00a0Finns i flera underbara f\u00e4rger.\" \/>\n<meta name=\"robots\" content=\"index, follow, max-snippet:-1, max-image-preview:large, max-video-preview:-1\" \/>\n<link rel=\"canonical\" href=\"https:\/\/boardlife.se\/en\/shop\/longboard\/longboard-components\/longboard-trucks\/luxe-lite-truck-180mm-satin-blue\/?wmc-currency=SEK\" \/>\n<meta property=\"og:locale\" content=\"en_US\" \/>\n<meta property=\"og:type\" content=\"article\" \/>\n<meta property=\"og:title\" content=\"Luxe Lite Truck 180mm Satin Blue - Boardlife\" \/>\n<meta property=\"og:description\" content=\"En bra allroundtruck f\u00f6r dig som vill kunna k\u00f6ra blandad k\u00f6rning p\u00e5 din longboard. Luxe Lite \u00e4r en serie med extra l\u00e5g vikt dessutom. Man har en ih\u00e5lig basplatta och kingpin.\u00a0Finns i flera underbara f\u00e4rger.\" \/>\n<meta property=\"og:url\" content=\"https:\/\/boardlife.se\/en\/shop\/longboard\/longboard-components\/longboard-trucks\/luxe-lite-truck-180mm-satin-blue\/?wmc-currency=SEK\" \/>\n<meta property=\"og:site_name\" content=\"Boardlife\" \/>\n<meta property=\"article:publisher\" content=\"https:\/\/www.facebook.com\/Boardlife.se\" \/>\n<meta property=\"article:modified_time\" content=\"2025-04-08T07:39:07+00:00\" \/>\n<meta property=\"og:image\" content=\"https:\/\/boardlife.se\/wp-content\/uploads\/2018\/05\/LUXE-Longboard-Truck-Blue-Front.jpg\" \/>\n\t<meta property=\"og:image:width\" content=\"1100\" \/>\n\t<meta property=\"og:image:height\" content=\"1100\" \/>\n\t<meta property=\"og:image:type\" content=\"image\/jpeg\" \/>\n<meta name=\"twitter:card\" content=\"summary_large_image\" \/>\n<meta name=\"twitter:label1\" content=\"Est. reading time\" \/>\n\t<meta name=\"twitter:data1\" content=\"1 minute\" \/>\n<script type=\"application\/ld+json\" class=\"yoast-schema-graph\">{\"@context\":\"https:\\\/\\\/schema.org\",\"@graph\":[{\"@type\":\"WebPage\",\"@id\":\"https:\\\/\\\/boardlife.se\\\/shop\\\/longboard\\\/components-longboard\\\/trucks-longboard\\\/luxe-lite-truck-180mm-satin-blue\\\/\",\"url\":\"https:\\\/\\\/boardlife.se\\\/shop\\\/longboard\\\/components-longboard\\\/trucks-longboard\\\/luxe-lite-truck-180mm-satin-blue\\\/\",\"name\":\"Luxe Lite Truck 180mm Satin Blue - Boardlife\",\"isPartOf\":{\"@id\":\"https:\\\/\\\/boardlife.se\\\/#website\"},\"primaryImageOfPage\":{\"@id\":\"https:\\\/\\\/boardlife.se\\\/shop\\\/longboard\\\/components-longboard\\\/trucks-longboard\\\/luxe-lite-truck-180mm-satin-blue\\\/#primaryimage\"},\"image\":{\"@id\":\"https:\\\/\\\/boardlife.se\\\/shop\\\/longboard\\\/components-longboard\\\/trucks-longboard\\\/luxe-lite-truck-180mm-satin-blue\\\/#primaryimage\"},\"thumbnailUrl\":\"https:\\\/\\\/boardlife.se\\\/wp-content\\\/uploads\\\/2018\\\/05\\\/LUXE-Longboard-Truck-Blue-Front.jpg\",\"datePublished\":\"2018-05-22T20:40:38+00:00\",\"dateModified\":\"2025-04-08T07:39:07+00:00\",\"description\":\"En bra allroundtruck f\u00f6r dig som vill kunna k\u00f6ra blandad k\u00f6rning p\u00e5 din longboard. Luxe Lite \u00e4r en serie med extra l\u00e5g vikt dessutom. Man har en ih\u00e5lig basplatta och kingpin.\u00a0Finns i flera underbara f\u00e4rger.\",\"breadcrumb\":{\"@id\":\"https:\\\/\\\/boardlife.se\\\/shop\\\/longboard\\\/components-longboard\\\/trucks-longboard\\\/luxe-lite-truck-180mm-satin-blue\\\/#breadcrumb\"},\"inLanguage\":\"en-US\",\"potentialAction\":[{\"@type\":\"ReadAction\",\"target\":[\"https:\\\/\\\/boardlife.se\\\/shop\\\/longboard\\\/components-longboard\\\/trucks-longboard\\\/luxe-lite-truck-180mm-satin-blue\\\/\"]}]},{\"@type\":\"ImageObject\",\"inLanguage\":\"en-US\",\"@id\":\"https:\\\/\\\/boardlife.se\\\/shop\\\/longboard\\\/components-longboard\\\/trucks-longboard\\\/luxe-lite-truck-180mm-satin-blue\\\/#primaryimage\",\"url\":\"https:\\\/\\\/boardlife.se\\\/wp-content\\\/uploads\\\/2018\\\/05\\\/LUXE-Longboard-Truck-Blue-Front.jpg\",\"contentUrl\":\"https:\\\/\\\/boardlife.se\\\/wp-content\\\/uploads\\\/2018\\\/05\\\/LUXE-Longboard-Truck-Blue-Front.jpg\",\"width\":1100,\"height\":1100,\"caption\":\"LUXE Longboard trucks Lite Blue Front\"},{\"@type\":\"BreadcrumbList\",\"@id\":\"https:\\\/\\\/boardlife.se\\\/shop\\\/longboard\\\/components-longboard\\\/trucks-longboard\\\/luxe-lite-truck-180mm-satin-blue\\\/#breadcrumb\",\"itemListElement\":[{\"@type\":\"ListItem\",\"position\":1,\"name\":\"Hem\",\"item\":\"https:\\\/\\\/boardlife.se\\\/\"},{\"@type\":\"ListItem\",\"position\":2,\"name\":\"V\u00e4lkommen till skateparadiset\",\"item\":\"https:\\\/\\\/boardlife.se\\\/shop\\\/\"},{\"@type\":\"ListItem\",\"position\":3,\"name\":\"Luxe Lite Truck 180mm Satin Blue\"}]},{\"@type\":\"WebSite\",\"@id\":\"https:\\\/\\\/boardlife.se\\\/#website\",\"url\":\"https:\\\/\\\/boardlife.se\\\/\",\"name\":\"Boardlife.se\",\"description\":\"Provider of Lifestyle\",\"publisher\":{\"@id\":\"https:\\\/\\\/boardlife.se\\\/#organization\"},\"potentialAction\":[{\"@type\":\"SearchAction\",\"target\":{\"@type\":\"EntryPoint\",\"urlTemplate\":\"https:\\\/\\\/boardlife.se\\\/?s={search_term_string}\"},\"query-input\":{\"@type\":\"PropertyValueSpecification\",\"valueRequired\":true,\"valueName\":\"search_term_string\"}}],\"inLanguage\":\"en-US\"},{\"@type\":\"Organization\",\"@id\":\"https:\\\/\\\/boardlife.se\\\/#organization\",\"name\":\"Boardlife\",\"url\":\"https:\\\/\\\/boardlife.se\\\/\",\"logo\":{\"@type\":\"ImageObject\",\"inLanguage\":\"en-US\",\"@id\":\"https:\\\/\\\/boardlife.se\\\/#\\\/schema\\\/logo\\\/image\\\/\",\"url\":\"https:\\\/\\\/boardlife.se\\\/wp-content\\\/uploads\\\/2014\\\/09\\\/logo.png\",\"contentUrl\":\"https:\\\/\\\/boardlife.se\\\/wp-content\\\/uploads\\\/2014\\\/09\\\/logo.png\",\"width\":785,\"height\":103,\"caption\":\"Boardlife\"},\"image\":{\"@id\":\"https:\\\/\\\/boardlife.se\\\/#\\\/schema\\\/logo\\\/image\\\/\"},\"sameAs\":[\"https:\\\/\\\/www.facebook.com\\\/Boardlife.se\",\"http:\\\/\\\/instagram.com\\\/boardlife_official\"]}]}<\/script>\n<!-- \/ Yoast SEO plugin. -->","yoast_head_json":{"title":"Luxe Lite Truck 180mm Satin Blue - Boardlife","description":"A good all-round truck for those who want to be able to do mixed driving on your longboard. Luxe Lite is a series with extra low weight as well. It has a hollow base plate and kingpin. Available in several wonderful colors.","robots":{"index":"index","follow":"follow","max-snippet":"max-snippet:-1","max-image-preview":"max-image-preview:large","max-video-preview":"max-video-preview:-1"},"canonical":"https:\/\/boardlife.se\/en\/shop\/longboard\/longboard-components\/longboard-trucks\/luxe-lite-truck-180mm-satin-blue\/?wmc-currency=SEK","og_locale":"en_US","og_type":"article","og_title":"Luxe Lite Truck 180mm Satin Blue - Boardlife","og_description":"En bra allroundtruck f\u00f6r dig som vill kunna k\u00f6ra blandad k\u00f6rning p\u00e5 din longboard. Luxe Lite \u00e4r en serie med extra l\u00e5g vikt dessutom. Man har en ih\u00e5lig basplatta och kingpin.\u00a0Finns i flera underbara f\u00e4rger.","og_url":"https:\/\/boardlife.se\/en\/shop\/longboard\/longboard-components\/longboard-trucks\/luxe-lite-truck-180mm-satin-blue\/?wmc-currency=SEK","og_site_name":"Boardlife","article_publisher":"https:\/\/www.facebook.com\/Boardlife.se","article_modified_time":"2025-04-08T07:39:07+00:00","og_image":[{"width":1100,"height":1100,"url":"https:\/\/boardlife.se\/wp-content\/uploads\/2018\/05\/LUXE-Longboard-Truck-Blue-Front.jpg","type":"image\/jpeg"}],"twitter_card":"summary_large_image","twitter_misc":{"Est. reading time":"1 minute"},"schema":{"@context":"https:\/\/schema.org","@graph":[{"@type":"WebPage","@id":"https:\/\/boardlife.se\/shop\/longboard\/components-longboard\/trucks-longboard\/luxe-lite-truck-180mm-satin-blue\/","url":"https:\/\/boardlife.se\/shop\/longboard\/components-longboard\/trucks-longboard\/luxe-lite-truck-180mm-satin-blue\/","name":"Luxe Lite Truck 180mm Satin Blue - Boardlife","isPartOf":{"@id":"https:\/\/boardlife.se\/#website"},"primaryImageOfPage":{"@id":"https:\/\/boardlife.se\/shop\/longboard\/components-longboard\/trucks-longboard\/luxe-lite-truck-180mm-satin-blue\/#primaryimage"},"image":{"@id":"https:\/\/boardlife.se\/shop\/longboard\/components-longboard\/trucks-longboard\/luxe-lite-truck-180mm-satin-blue\/#primaryimage"},"thumbnailUrl":"https:\/\/boardlife.se\/wp-content\/uploads\/2018\/05\/LUXE-Longboard-Truck-Blue-Front.jpg","datePublished":"2018-05-22T20:40:38+00:00","dateModified":"2025-04-08T07:39:07+00:00","description":"A good all-round truck for those who want to be able to do mixed driving on your longboard. Luxe Lite is a series with extra low weight as well. It has a hollow base plate and kingpin. Available in several wonderful colors.","breadcrumb":{"@id":"https:\/\/boardlife.se\/shop\/longboard\/components-longboard\/trucks-longboard\/luxe-lite-truck-180mm-satin-blue\/#breadcrumb"},"inLanguage":"en-US","potentialAction":[{"@type":"ReadAction","target":["https:\/\/boardlife.se\/shop\/longboard\/components-longboard\/trucks-longboard\/luxe-lite-truck-180mm-satin-blue\/"]}]},{"@type":"ImageObject","inLanguage":"en-US","@id":"https:\/\/boardlife.se\/shop\/longboard\/components-longboard\/trucks-longboard\/luxe-lite-truck-180mm-satin-blue\/#primaryimage","url":"https:\/\/boardlife.se\/wp-content\/uploads\/2018\/05\/LUXE-Longboard-Truck-Blue-Front.jpg","contentUrl":"https:\/\/boardlife.se\/wp-content\/uploads\/2018\/05\/LUXE-Longboard-Truck-Blue-Front.jpg","width":1100,"height":1100,"caption":"LUXE Longboard trucks Lite Blue Front"},{"@type":"BreadcrumbList","@id":"https:\/\/boardlife.se\/shop\/longboard\/components-longboard\/trucks-longboard\/luxe-lite-truck-180mm-satin-blue\/#breadcrumb","itemListElement":[{"@type":"ListItem","position":1,"name":"Hem","item":"https:\/\/boardlife.se\/"},{"@type":"ListItem","position":2,"name":"V\u00e4lkommen till skateparadiset","item":"https:\/\/boardlife.se\/shop\/"},{"@type":"ListItem","position":3,"name":"Luxe Lite Truck 180mm Satin Blue"}]},{"@type":"WebSite","@id":"https:\/\/boardlife.se\/#website","url":"https:\/\/boardlife.se\/","name":"Boardlife.se","description":"Lifestyle Provider","publisher":{"@id":"https:\/\/boardlife.se\/#organization"},"potentialAction":[{"@type":"SearchAction","target":{"@type":"EntryPoint","urlTemplate":"https:\/\/boardlife.se\/?s={search_term_string}"},"query-input":{"@type":"PropertyValueSpecification","valueRequired":true,"valueName":"search_term_string"}}],"inLanguage":"en-US"},{"@type":"Organization","@id":"https:\/\/boardlife.se\/#organization","name":"Boardlife","url":"https:\/\/boardlife.se\/","logo":{"@type":"ImageObject","inLanguage":"en-US","@id":"https:\/\/boardlife.se\/#\/schema\/logo\/image\/","url":"https:\/\/boardlife.se\/wp-content\/uploads\/2014\/09\/logo.png","contentUrl":"https:\/\/boardlife.se\/wp-content\/uploads\/2014\/09\/logo.png","width":785,"height":103,"caption":"Boardlife"},"image":{"@id":"https:\/\/boardlife.se\/#\/schema\/logo\/image\/"},"sameAs":["https:\/\/www.facebook.com\/Boardlife.se","http:\/\/instagram.com\/boardlife_official"]}]}},"jetpack_sharing_enabled":true,"_links":{"self":[{"href":"https:\/\/boardlife.se\/en\/wp-json\/wp\/v2\/product\/50652","targetHints":{"allow":["GET"]}}],"collection":[{"href":"https:\/\/boardlife.se\/en\/wp-json\/wp\/v2\/product"}],"about":[{"href":"https:\/\/boardlife.se\/en\/wp-json\/wp\/v2\/types\/product"}],"replies":[{"embeddable":true,"href":"https:\/\/boardlife.se\/en\/wp-json\/wp\/v2\/comments?post=50652"}],"wp:featuredmedia":[{"embeddable":true,"href":"https:\/\/boardlife.se\/en\/wp-json\/wp\/v2\/media\/50654"}],"wp:attachment":[{"href":"https:\/\/boardlife.se\/en\/wp-json\/wp\/v2\/media?parent=50652"}],"wp:term":[{"taxonomy":"product_brand","embeddable":true,"href":"https:\/\/boardlife.se\/en\/wp-json\/wp\/v2\/product_brand?post=50652"},{"taxonomy":"product_cat","embeddable":true,"href":"https:\/\/boardlife.se\/en\/wp-json\/wp\/v2\/product_cat?post=50652"},{"taxonomy":"product_tag","embeddable":true,"href":"https:\/\/boardlife.se\/en\/wp-json\/wp\/v2\/product_tag?post=50652"}],"curies":[{"name":"wp","href":"https:\/\/api.w.org\/{rel}","templated":true}]}}