{"id":51241,"date":"2018-06-14T15:05:17","date_gmt":"2018-06-14T13:05:17","guid":{"rendered":"https:\/\/www.boardlife.se\/?post_type=product&#038;p=51241"},"modified":"2024-08-28T20:32:23","modified_gmt":"2024-08-28T18:32:23","slug":"miller-division-pablo-solar-pro-model","status":"publish","type":"product","link":"https:\/\/boardlife.se\/en\/shop\/skateboard\/cruiser\/miller-division-pablo-solar-pro-model\/","title":{"rendered":"Miller Division Pablo Solar Pro Model"},"content":{"rendered":"<h1>Ett helt nytt s\u00e4tt att surfa<\/h1>\n<p>H\u00e4r kommer en surfupplevelse du sent ska gl\u00f6mma. Miller Division presenterar sin Surf Skate serie som \u00e4r precis vad det l\u00e5ter. Surf p\u00e5 land. Genom en extremt sv\u00e4ngig fram- och baktruck f\u00e5r du en otrolig frihetsk\u00e4nsla och genom att pumpa eller sv\u00e4nga snabbt kan du allts\u00e5 generera fart p\u00e5 ett s\u00e4tt du inte riktigt kan med vanliga truckar. Fr\u00e5n stillast\u00e5ende till h\u00f6g hastighet. N\u00e4r du v\u00e4l f\u00e5r koll p\u00e5 dessa truckar vill du inte riktigt byta tillbaka till din gamla cruiser. Truckarna \u00e4r av typen Reverse King Pin. Fram och baktrucken \u00e4r n\u00e5got olika och dessutom v\u00e4nda \u00e5t samma h\u00e5ll f\u00f6r att ge en extra bra kraft. Till skillnad fr\u00e5n m\u00e5nga andra Surf Skates erbjuder Miller exakt samma k\u00e4nsla och kvalit\u00e9 men till en br\u00e5kdel av kostnaden.<\/p>\n<p>De p\u00e5minner till viss del om Gullwing Sidewinder men \u00e4r konstruerade p\u00e5 ett s\u00e4tt som g\u00f6r att du kan pumpa ig\u00e5ng fart p\u00e5 ett s\u00e4tt som Sidewinder inte riktigt klarar. Truckarna finns att k\u00f6pa l\u00f6st om du vill bygga om en redan befintlig br\u00e4da.<\/p>\n<p>Br\u00e4dan \u00e4r perfekt om du vill \u00e5ka d\u00e4r det \u00e4r tr\u00e5nga passager eller om du vill surfa ner kors och tv\u00e4rs l\u00e4ngs en backe som om det vore en stor v\u00e5g. Eller kanske till parken eller poolen!<\/p>\n<p>Har du inte testat detta innan s\u00e5 m\u00e5ste du verkligen g\u00f6ra det nu!<\/p>\n<p>Levereras med Creek hjul p\u00e5 71mm 80a och kullager med abec-9.<\/p>","protected":false},"excerpt":{"rendered":"<p>This is an extremely surfy Surf Skate from the legend Pablo Solar. The board is designed to give you the same look and feel in surfing whether it&#039;s on land or in the water. A stylish model that Miller has managed to capture the classic look in. With these trucks you can generate speed from a standstill just by swinging them. Really fun board with many possibilities. Read more under the product facts to learn more about how this works.<\/p>","protected":false},"featured_media":51242,"comment_status":"open","ping_status":"closed","template":"","meta":{"_gspb_post_css":"","_crdt_document":""},"product_brand":[2585],"product_cat":[1309,1654],"product_tag":[900,1691],"class_list":{"0":"post-51241","1":"product","2":"type-product","3":"status-publish","4":"has-post-thumbnail","6":"product_brand-miller-division","7":"product_cat-cruiser","8":"product_cat-surf-skate","9":"product_tag-miller-division","10":"product_tag-surf-skate","11":"pa_konstruktion-8-lager-lonn","12":"pa_length-32-5-826cm","13":"pa_manufacturer-miller-division","14":"pa_width-10-254cm","16":"first","17":"outofstock","18":"sale","19":"featured","20":"taxable","21":"shipping-taxable","22":"purchasable","23":"product-type-simple"},"ct_brands":[{"id":2585,"name":"Miller Division","slug":"miller-division"}],"yoast_head":"<!-- This site is optimized with the Yoast SEO plugin v27.5 - https:\/\/yoast.com\/product\/yoast-seo-wordpress\/ -->\n<title>Miller Division Pablo Solar Pro Model - Boardlife<\/title>\n<meta name=\"description\" content=\"Superkul br\u00e4da med Miller Surf Skate-truckar. En fantastisk upplevelse som tar dig s\u00e5 n\u00e4ra surfing du kan komma. Riktigt kul br\u00e4da med m\u00e5nga m\u00f6jligheter.\" \/>\n<meta name=\"robots\" content=\"index, follow, max-snippet:-1, max-image-preview:large, max-video-preview:-1\" \/>\n<link rel=\"canonical\" href=\"https:\/\/boardlife.se\/en\/shop\/skateboard\/cruiser\/miller-division-pablo-solar-pro-model\/?wmc-currency=SEK\" \/>\n<meta property=\"og:locale\" content=\"en_US\" \/>\n<meta property=\"og:type\" content=\"article\" \/>\n<meta property=\"og:title\" content=\"Miller Division Pablo Solar Pro Model - Boardlife\" \/>\n<meta property=\"og:description\" content=\"Superkul br\u00e4da med Miller Surf Skate-truckar. En fantastisk upplevelse som tar dig s\u00e5 n\u00e4ra surfing du kan komma. Riktigt kul br\u00e4da med m\u00e5nga m\u00f6jligheter.\" \/>\n<meta property=\"og:url\" content=\"https:\/\/boardlife.se\/en\/shop\/skateboard\/cruiser\/miller-division-pablo-solar-pro-model\/?wmc-currency=SEK\" \/>\n<meta property=\"og:site_name\" content=\"Boardlife\" \/>\n<meta property=\"article:publisher\" content=\"https:\/\/www.facebook.com\/Boardlife.se\" \/>\n<meta property=\"article:modified_time\" content=\"2024-08-28T18:32:23+00:00\" \/>\n<meta property=\"og:image\" content=\"https:\/\/boardlife.se\/wp-content\/uploads\/2018\/06\/miller-division-surf-skates-Pablo-Solar-pro-model.jpg\" \/>\n\t<meta property=\"og:image:width\" content=\"1100\" \/>\n\t<meta property=\"og:image:height\" content=\"1100\" \/>\n\t<meta property=\"og:image:type\" content=\"image\/jpeg\" \/>\n<meta name=\"twitter:card\" content=\"summary_large_image\" \/>\n<meta name=\"twitter:label1\" content=\"Est. reading time\" \/>\n\t<meta name=\"twitter:data1\" content=\"1 minute\" \/>\n<script type=\"application\/ld+json\" class=\"yoast-schema-graph\">{\"@context\":\"https:\\\/\\\/schema.org\",\"@graph\":[{\"@type\":\"WebPage\",\"@id\":\"https:\\\/\\\/boardlife.se\\\/en\\\/shop\\\/skateboard\\\/cruiser\\\/miller-division-pablo-solar-pro-model\\\/\",\"url\":\"https:\\\/\\\/boardlife.se\\\/en\\\/shop\\\/skateboard\\\/cruiser\\\/miller-division-pablo-solar-pro-model\\\/\",\"name\":\"Miller Division Pablo Solar Pro Model - Boardlife\",\"isPartOf\":{\"@id\":\"https:\\\/\\\/boardlife.se\\\/#website\"},\"primaryImageOfPage\":{\"@id\":\"https:\\\/\\\/boardlife.se\\\/en\\\/shop\\\/skateboard\\\/cruiser\\\/miller-division-pablo-solar-pro-model\\\/#primaryimage\"},\"image\":{\"@id\":\"https:\\\/\\\/boardlife.se\\\/en\\\/shop\\\/skateboard\\\/cruiser\\\/miller-division-pablo-solar-pro-model\\\/#primaryimage\"},\"thumbnailUrl\":\"https:\\\/\\\/boardlife.se\\\/wp-content\\\/uploads\\\/2018\\\/06\\\/miller-division-surf-skates-Pablo-Solar-pro-model.jpg\",\"datePublished\":\"2018-06-14T13:05:17+00:00\",\"dateModified\":\"2024-08-28T18:32:23+00:00\",\"description\":\"Superkul br\u00e4da med Miller Surf Skate-truckar. En fantastisk upplevelse som tar dig s\u00e5 n\u00e4ra surfing du kan komma. Riktigt kul br\u00e4da med m\u00e5nga m\u00f6jligheter.\",\"breadcrumb\":{\"@id\":\"https:\\\/\\\/boardlife.se\\\/en\\\/shop\\\/skateboard\\\/cruiser\\\/miller-division-pablo-solar-pro-model\\\/#breadcrumb\"},\"inLanguage\":\"en-US\",\"potentialAction\":[{\"@type\":\"ReadAction\",\"target\":[\"https:\\\/\\\/boardlife.se\\\/en\\\/shop\\\/skateboard\\\/cruiser\\\/miller-division-pablo-solar-pro-model\\\/\"]}]},{\"@type\":\"ImageObject\",\"inLanguage\":\"en-US\",\"@id\":\"https:\\\/\\\/boardlife.se\\\/en\\\/shop\\\/skateboard\\\/cruiser\\\/miller-division-pablo-solar-pro-model\\\/#primaryimage\",\"url\":\"https:\\\/\\\/boardlife.se\\\/wp-content\\\/uploads\\\/2018\\\/06\\\/miller-division-surf-skates-Pablo-Solar-pro-model.jpg\",\"contentUrl\":\"https:\\\/\\\/boardlife.se\\\/wp-content\\\/uploads\\\/2018\\\/06\\\/miller-division-surf-skates-Pablo-Solar-pro-model.jpg\",\"width\":1100,\"height\":1100,\"caption\":\"Miller Division Surf Skates Pablo Solar Pro Model\"},{\"@type\":\"BreadcrumbList\",\"@id\":\"https:\\\/\\\/boardlife.se\\\/en\\\/shop\\\/skateboard\\\/cruiser\\\/miller-division-pablo-solar-pro-model\\\/#breadcrumb\",\"itemListElement\":[{\"@type\":\"ListItem\",\"position\":1,\"name\":\"Hem\",\"item\":\"https:\\\/\\\/boardlife.se\\\/\"},{\"@type\":\"ListItem\",\"position\":2,\"name\":\"V\u00e4lkommen till skateparadiset\",\"item\":\"https:\\\/\\\/boardlife.se\\\/shop\\\/\"},{\"@type\":\"ListItem\",\"position\":3,\"name\":\"Miller Division Pablo Solar Pro Model\"}]},{\"@type\":\"WebSite\",\"@id\":\"https:\\\/\\\/boardlife.se\\\/#website\",\"url\":\"https:\\\/\\\/boardlife.se\\\/\",\"name\":\"Boardlife.se\",\"description\":\"Provider of Lifestyle\",\"publisher\":{\"@id\":\"https:\\\/\\\/boardlife.se\\\/#organization\"},\"potentialAction\":[{\"@type\":\"SearchAction\",\"target\":{\"@type\":\"EntryPoint\",\"urlTemplate\":\"https:\\\/\\\/boardlife.se\\\/?s={search_term_string}\"},\"query-input\":{\"@type\":\"PropertyValueSpecification\",\"valueRequired\":true,\"valueName\":\"search_term_string\"}}],\"inLanguage\":\"en-US\"},{\"@type\":\"Organization\",\"@id\":\"https:\\\/\\\/boardlife.se\\\/#organization\",\"name\":\"Boardlife\",\"url\":\"https:\\\/\\\/boardlife.se\\\/\",\"logo\":{\"@type\":\"ImageObject\",\"inLanguage\":\"en-US\",\"@id\":\"https:\\\/\\\/boardlife.se\\\/#\\\/schema\\\/logo\\\/image\\\/\",\"url\":\"https:\\\/\\\/boardlife.se\\\/wp-content\\\/uploads\\\/2014\\\/09\\\/logo.png\",\"contentUrl\":\"https:\\\/\\\/boardlife.se\\\/wp-content\\\/uploads\\\/2014\\\/09\\\/logo.png\",\"width\":785,\"height\":103,\"caption\":\"Boardlife\"},\"image\":{\"@id\":\"https:\\\/\\\/boardlife.se\\\/#\\\/schema\\\/logo\\\/image\\\/\"},\"sameAs\":[\"https:\\\/\\\/www.facebook.com\\\/Boardlife.se\",\"http:\\\/\\\/instagram.com\\\/boardlife_official\"]}]}<\/script>\n<!-- \/ Yoast SEO plugin. -->","yoast_head_json":{"title":"Miller Division Pablo Solar Pro Model - Boardlife","description":"Super fun board with Miller Surf Skate trucks. A fantastic experience that takes you as close to surfing as you can get. Really fun board with lots of possibilities.","robots":{"index":"index","follow":"follow","max-snippet":"max-snippet:-1","max-image-preview":"max-image-preview:large","max-video-preview":"max-video-preview:-1"},"canonical":"https:\/\/boardlife.se\/en\/shop\/skateboard\/cruiser\/miller-division-pablo-solar-pro-model\/?wmc-currency=SEK","og_locale":"en_US","og_type":"article","og_title":"Miller Division Pablo Solar Pro Model - Boardlife","og_description":"Superkul br\u00e4da med Miller Surf Skate-truckar. En fantastisk upplevelse som tar dig s\u00e5 n\u00e4ra surfing du kan komma. Riktigt kul br\u00e4da med m\u00e5nga m\u00f6jligheter.","og_url":"https:\/\/boardlife.se\/en\/shop\/skateboard\/cruiser\/miller-division-pablo-solar-pro-model\/?wmc-currency=SEK","og_site_name":"Boardlife","article_publisher":"https:\/\/www.facebook.com\/Boardlife.se","article_modified_time":"2024-08-28T18:32:23+00:00","og_image":[{"width":1100,"height":1100,"url":"https:\/\/boardlife.se\/wp-content\/uploads\/2018\/06\/miller-division-surf-skates-Pablo-Solar-pro-model.jpg","type":"image\/jpeg"}],"twitter_card":"summary_large_image","twitter_misc":{"Est. reading time":"1 minute"},"schema":{"@context":"https:\/\/schema.org","@graph":[{"@type":"WebPage","@id":"https:\/\/boardlife.se\/en\/shop\/skateboard\/cruiser\/miller-division-pablo-solar-pro-model\/","url":"https:\/\/boardlife.se\/en\/shop\/skateboard\/cruiser\/miller-division-pablo-solar-pro-model\/","name":"Miller Division Pablo Solar Pro Model - Boardlife","isPartOf":{"@id":"https:\/\/boardlife.se\/#website"},"primaryImageOfPage":{"@id":"https:\/\/boardlife.se\/en\/shop\/skateboard\/cruiser\/miller-division-pablo-solar-pro-model\/#primaryimage"},"image":{"@id":"https:\/\/boardlife.se\/en\/shop\/skateboard\/cruiser\/miller-division-pablo-solar-pro-model\/#primaryimage"},"thumbnailUrl":"https:\/\/boardlife.se\/wp-content\/uploads\/2018\/06\/miller-division-surf-skates-Pablo-Solar-pro-model.jpg","datePublished":"2018-06-14T13:05:17+00:00","dateModified":"2024-08-28T18:32:23+00:00","description":"Super fun board with Miller Surf Skate trucks. A fantastic experience that takes you as close to surfing as you can get. Really fun board with lots of possibilities.","breadcrumb":{"@id":"https:\/\/boardlife.se\/en\/shop\/skateboard\/cruiser\/miller-division-pablo-solar-pro-model\/#breadcrumb"},"inLanguage":"en-US","potentialAction":[{"@type":"ReadAction","target":["https:\/\/boardlife.se\/en\/shop\/skateboard\/cruiser\/miller-division-pablo-solar-pro-model\/"]}]},{"@type":"ImageObject","inLanguage":"en-US","@id":"https:\/\/boardlife.se\/en\/shop\/skateboard\/cruiser\/miller-division-pablo-solar-pro-model\/#primaryimage","url":"https:\/\/boardlife.se\/wp-content\/uploads\/2018\/06\/miller-division-surf-skates-Pablo-Solar-pro-model.jpg","contentUrl":"https:\/\/boardlife.se\/wp-content\/uploads\/2018\/06\/miller-division-surf-skates-Pablo-Solar-pro-model.jpg","width":1100,"height":1100,"caption":"Miller Division Surf Skates Pablo Solar Pro Model"},{"@type":"BreadcrumbList","@id":"https:\/\/boardlife.se\/en\/shop\/skateboard\/cruiser\/miller-division-pablo-solar-pro-model\/#breadcrumb","itemListElement":[{"@type":"ListItem","position":1,"name":"Hem","item":"https:\/\/boardlife.se\/"},{"@type":"ListItem","position":2,"name":"V\u00e4lkommen till skateparadiset","item":"https:\/\/boardlife.se\/shop\/"},{"@type":"ListItem","position":3,"name":"Miller Division Pablo Solar Pro Model"}]},{"@type":"WebSite","@id":"https:\/\/boardlife.se\/#website","url":"https:\/\/boardlife.se\/","name":"Boardlife.se","description":"Lifestyle Provider","publisher":{"@id":"https:\/\/boardlife.se\/#organization"},"potentialAction":[{"@type":"SearchAction","target":{"@type":"EntryPoint","urlTemplate":"https:\/\/boardlife.se\/?s={search_term_string}"},"query-input":{"@type":"PropertyValueSpecification","valueRequired":true,"valueName":"search_term_string"}}],"inLanguage":"en-US"},{"@type":"Organization","@id":"https:\/\/boardlife.se\/#organization","name":"Boardlife","url":"https:\/\/boardlife.se\/","logo":{"@type":"ImageObject","inLanguage":"en-US","@id":"https:\/\/boardlife.se\/#\/schema\/logo\/image\/","url":"https:\/\/boardlife.se\/wp-content\/uploads\/2014\/09\/logo.png","contentUrl":"https:\/\/boardlife.se\/wp-content\/uploads\/2014\/09\/logo.png","width":785,"height":103,"caption":"Boardlife"},"image":{"@id":"https:\/\/boardlife.se\/#\/schema\/logo\/image\/"},"sameAs":["https:\/\/www.facebook.com\/Boardlife.se","http:\/\/instagram.com\/boardlife_official"]}]}},"jetpack_sharing_enabled":true,"_links":{"self":[{"href":"https:\/\/boardlife.se\/en\/wp-json\/wp\/v2\/product\/51241","targetHints":{"allow":["GET"]}}],"collection":[{"href":"https:\/\/boardlife.se\/en\/wp-json\/wp\/v2\/product"}],"about":[{"href":"https:\/\/boardlife.se\/en\/wp-json\/wp\/v2\/types\/product"}],"replies":[{"embeddable":true,"href":"https:\/\/boardlife.se\/en\/wp-json\/wp\/v2\/comments?post=51241"}],"wp:featuredmedia":[{"embeddable":true,"href":"https:\/\/boardlife.se\/en\/wp-json\/wp\/v2\/media\/51242"}],"wp:attachment":[{"href":"https:\/\/boardlife.se\/en\/wp-json\/wp\/v2\/media?parent=51241"}],"wp:term":[{"taxonomy":"product_brand","embeddable":true,"href":"https:\/\/boardlife.se\/en\/wp-json\/wp\/v2\/product_brand?post=51241"},{"taxonomy":"product_cat","embeddable":true,"href":"https:\/\/boardlife.se\/en\/wp-json\/wp\/v2\/product_cat?post=51241"},{"taxonomy":"product_tag","embeddable":true,"href":"https:\/\/boardlife.se\/en\/wp-json\/wp\/v2\/product_tag?post=51241"}],"curies":[{"name":"wp","href":"https:\/\/api.w.org\/{rel}","templated":true}]}}