{"id":52571,"date":"2018-08-15T14:00:10","date_gmt":"2018-08-15T12:00:10","guid":{"rendered":"https:\/\/www.boardlife.se\/?post_type=product&#038;p=52571"},"modified":"2022-09-07T10:08:23","modified_gmt":"2022-09-07T08:08:23","slug":"remember-california-cruiser-orange-61mm-78a","status":"publish","type":"product","link":"https:\/\/boardlife.se\/en\/shop\/longboard\/longboard-components\/longboard-wheels\/remember-california-cruiser-orange-61mm-78a\/","title":{"rendered":"Remember California Cruiser Orange 61mm 78a"},"content":{"rendered":"<p>Remember has always made it a priority to produce easy-to-slide wheels, and this is also the case with their new cruiser wheels, even though the width gives you more grip.<\/p>\n<p>California Cruisers \u00e4r deras mest renodlade cruiserhjul. Men trots detta f\u00e5r du fortfarande ta del av deras legendariska formula som anv\u00e4nds i deras \u00f6vriga hjul. Hjulet har en diameter p\u00e5 61mm och en kontaktyta p\u00e5 hela 50 mm vilket ger dig ett bra grepp trots slideformulan. Men m\u00f6jligheten till slide kvarst\u00e5r fortfarande. Perfekt f\u00f6r dig som fr\u00e4mst cruisar men som kanske \u00e4nd\u00e5 vill h\u00e5lla d\u00f6rrarna \u00f6ppna f\u00f6r lite kontrollerade sl\u00e4pp i framtiden. Vill du kan du trycka till detta hjul lite h\u00e5rdare s\u00e5 f\u00e5r du den ber\u00f6mda k\u00e4nslan i sliden.<\/p>\n<p>The wheel comes with a stone ground surface.<\/p>\n<p>&nbsp;<\/p>\n<p>&nbsp;<\/p>\n<p>&nbsp;<\/p>\n<p>&nbsp;<\/p>","protected":false},"excerpt":{"rendered":"<p><strong>NOTE 61mm!<\/strong><br \/>\nRemember presents a perfect cruiser wheel with a good size while still getting their famous slide formula. Perfect for those who primarily want to cruise but who may eventually want to move on to sliding. The price is also very remarkable! Really affordable wheel that suits both beginners and more experienced freeride riders.<\/p>","protected":false},"featured_media":0,"comment_status":"open","ping_status":"closed","template":"","meta":{"_gspb_post_css":"","_crdt_document":""},"product_brand":[2600],"product_cat":[38],"product_tag":[884],"class_list":{"0":"post-52571","1":"product","2":"type-product","3":"status-publish","5":"product_brand-remember-collective","6":"product_cat-wheels-longboard","7":"product_tag-remember-collective","8":"pa_diameter-61mm","9":"pa_durometer-78a","10":"pa_hub-placering-centerset","11":"pa_kontaktyta-50mm","12":"pa_manufacturer-remember-collective","13":"pa_wheel-shape-rounded","14":"pa_wheel-shape-sharp","16":"first","17":"instock","18":"taxable","19":"shipping-taxable","20":"purchasable","21":"product-type-simple"},"ct_brands":[{"id":2600,"name":"Remember Collective","slug":"remember-collectively"}],"yoast_head":"<!-- This site is optimized with the Yoast SEO plugin v27.5 - https:\/\/yoast.com\/product\/yoast-seo-wordpress\/ -->\n<title>Remember California Cruiser Orange 61mm 78a - Boardlife<\/title>\n<meta name=\"description\" content=\"Remember california cruiser. Ett Prisv\u00e4rt cruiserhjul med slideformula. Perfekt f\u00f6r dig som vill cruisa men som p\u00e5 sikt kanske vill slidea.\" \/>\n<meta name=\"robots\" content=\"index, follow, max-snippet:-1, max-image-preview:large, max-video-preview:-1\" \/>\n<link rel=\"canonical\" href=\"https:\/\/boardlife.se\/en\/shop\/longboard\/longboard-components\/longboard-wheels\/remember-california-cruiser-orange-61mm-78a\/?wmc-currency=SEK\" \/>\n<meta property=\"og:locale\" content=\"en_US\" \/>\n<meta property=\"og:type\" content=\"article\" \/>\n<meta property=\"og:title\" content=\"Remember California Cruiser Orange 61mm 78a - Boardlife\" \/>\n<meta property=\"og:description\" content=\"Remember california cruiser. Ett Prisv\u00e4rt cruiserhjul med slideformula. Perfekt f\u00f6r dig som vill cruisa men som p\u00e5 sikt kanske vill slidea.\" \/>\n<meta property=\"og:url\" content=\"https:\/\/boardlife.se\/en\/shop\/longboard\/longboard-components\/longboard-wheels\/remember-california-cruiser-orange-61mm-78a\/?wmc-currency=SEK\" \/>\n<meta property=\"og:site_name\" content=\"Boardlife\" \/>\n<meta property=\"article:publisher\" content=\"https:\/\/www.facebook.com\/Boardlife.se\" \/>\n<meta property=\"article:modified_time\" content=\"2022-09-07T08:08:23+00:00\" \/>\n<meta property=\"og:image\" content=\"https:\/\/www.boardlife.se\/wp-content\/uploads\/2014\/12\/gravatar-2.png\" \/>\n<meta name=\"twitter:card\" content=\"summary_large_image\" \/>\n<meta name=\"twitter:label1\" content=\"Est. reading time\" \/>\n\t<meta name=\"twitter:data1\" content=\"1 minute\" \/>\n<script type=\"application\/ld+json\" class=\"yoast-schema-graph\">{\"@context\":\"https:\\\/\\\/schema.org\",\"@graph\":[{\"@type\":\"WebPage\",\"@id\":\"https:\\\/\\\/boardlife.se\\\/shop\\\/longboard\\\/components-longboard\\\/wheels-longboard\\\/remember-california-cruiser-orange-61mm-78a\\\/\",\"url\":\"https:\\\/\\\/boardlife.se\\\/shop\\\/longboard\\\/components-longboard\\\/wheels-longboard\\\/remember-california-cruiser-orange-61mm-78a\\\/\",\"name\":\"Remember California Cruiser Orange 61mm 78a - Boardlife\",\"isPartOf\":{\"@id\":\"https:\\\/\\\/boardlife.se\\\/#website\"},\"datePublished\":\"2018-08-15T12:00:10+00:00\",\"dateModified\":\"2022-09-07T08:08:23+00:00\",\"description\":\"Remember california cruiser. Ett Prisv\u00e4rt cruiserhjul med slideformula. Perfekt f\u00f6r dig som vill cruisa men som p\u00e5 sikt kanske vill slidea.\",\"breadcrumb\":{\"@id\":\"https:\\\/\\\/boardlife.se\\\/shop\\\/longboard\\\/components-longboard\\\/wheels-longboard\\\/remember-california-cruiser-orange-61mm-78a\\\/#breadcrumb\"},\"inLanguage\":\"en-US\",\"potentialAction\":[{\"@type\":\"ReadAction\",\"target\":[\"https:\\\/\\\/boardlife.se\\\/shop\\\/longboard\\\/components-longboard\\\/wheels-longboard\\\/remember-california-cruiser-orange-61mm-78a\\\/\"]}]},{\"@type\":\"BreadcrumbList\",\"@id\":\"https:\\\/\\\/boardlife.se\\\/shop\\\/longboard\\\/components-longboard\\\/wheels-longboard\\\/remember-california-cruiser-orange-61mm-78a\\\/#breadcrumb\",\"itemListElement\":[{\"@type\":\"ListItem\",\"position\":1,\"name\":\"Hem\",\"item\":\"https:\\\/\\\/boardlife.se\\\/\"},{\"@type\":\"ListItem\",\"position\":2,\"name\":\"V\u00e4lkommen till skateparadiset\",\"item\":\"https:\\\/\\\/boardlife.se\\\/shop\\\/\"},{\"@type\":\"ListItem\",\"position\":3,\"name\":\"Remember California Cruiser Orange 61mm 78a\"}]},{\"@type\":\"WebSite\",\"@id\":\"https:\\\/\\\/boardlife.se\\\/#website\",\"url\":\"https:\\\/\\\/boardlife.se\\\/\",\"name\":\"Boardlife.se\",\"description\":\"Provider of Lifestyle\",\"publisher\":{\"@id\":\"https:\\\/\\\/boardlife.se\\\/#organization\"},\"potentialAction\":[{\"@type\":\"SearchAction\",\"target\":{\"@type\":\"EntryPoint\",\"urlTemplate\":\"https:\\\/\\\/boardlife.se\\\/?s={search_term_string}\"},\"query-input\":{\"@type\":\"PropertyValueSpecification\",\"valueRequired\":true,\"valueName\":\"search_term_string\"}}],\"inLanguage\":\"en-US\"},{\"@type\":\"Organization\",\"@id\":\"https:\\\/\\\/boardlife.se\\\/#organization\",\"name\":\"Boardlife\",\"url\":\"https:\\\/\\\/boardlife.se\\\/\",\"logo\":{\"@type\":\"ImageObject\",\"inLanguage\":\"en-US\",\"@id\":\"https:\\\/\\\/boardlife.se\\\/#\\\/schema\\\/logo\\\/image\\\/\",\"url\":\"https:\\\/\\\/boardlife.se\\\/wp-content\\\/uploads\\\/2014\\\/09\\\/logo.png\",\"contentUrl\":\"https:\\\/\\\/boardlife.se\\\/wp-content\\\/uploads\\\/2014\\\/09\\\/logo.png\",\"width\":785,\"height\":103,\"caption\":\"Boardlife\"},\"image\":{\"@id\":\"https:\\\/\\\/boardlife.se\\\/#\\\/schema\\\/logo\\\/image\\\/\"},\"sameAs\":[\"https:\\\/\\\/www.facebook.com\\\/Boardlife.se\",\"http:\\\/\\\/instagram.com\\\/boardlife_official\"]}]}<\/script>\n<!-- \/ Yoast SEO plugin. -->","yoast_head_json":{"title":"Remember California Cruiser Orange 61mm 78a - Boardlife","description":"Remember California Cruiser. An affordable cruiser wheel with slide formula. Perfect for those who want to cruise but who may eventually want to slide.","robots":{"index":"index","follow":"follow","max-snippet":"max-snippet:-1","max-image-preview":"max-image-preview:large","max-video-preview":"max-video-preview:-1"},"canonical":"https:\/\/boardlife.se\/en\/shop\/longboard\/longboard-components\/longboard-wheels\/remember-california-cruiser-orange-61mm-78a\/?wmc-currency=SEK","og_locale":"en_US","og_type":"article","og_title":"Remember California Cruiser Orange 61mm 78a - Boardlife","og_description":"Remember california cruiser. Ett Prisv\u00e4rt cruiserhjul med slideformula. Perfekt f\u00f6r dig som vill cruisa men som p\u00e5 sikt kanske vill slidea.","og_url":"https:\/\/boardlife.se\/en\/shop\/longboard\/longboard-components\/longboard-wheels\/remember-california-cruiser-orange-61mm-78a\/?wmc-currency=SEK","og_site_name":"Boardlife","article_publisher":"https:\/\/www.facebook.com\/Boardlife.se","article_modified_time":"2022-09-07T08:08:23+00:00","og_image":[{"url":"https:\/\/www.boardlife.se\/wp-content\/uploads\/2014\/12\/gravatar-2.png","type":"","width":"","height":""}],"twitter_card":"summary_large_image","twitter_misc":{"Est. reading time":"1 minute"},"schema":{"@context":"https:\/\/schema.org","@graph":[{"@type":"WebPage","@id":"https:\/\/boardlife.se\/shop\/longboard\/components-longboard\/wheels-longboard\/remember-california-cruiser-orange-61mm-78a\/","url":"https:\/\/boardlife.se\/shop\/longboard\/components-longboard\/wheels-longboard\/remember-california-cruiser-orange-61mm-78a\/","name":"Remember California Cruiser Orange 61mm 78a - Boardlife","isPartOf":{"@id":"https:\/\/boardlife.se\/#website"},"datePublished":"2018-08-15T12:00:10+00:00","dateModified":"2022-09-07T08:08:23+00:00","description":"Remember California Cruiser. An affordable cruiser wheel with slide formula. Perfect for those who want to cruise but who may eventually want to slide.","breadcrumb":{"@id":"https:\/\/boardlife.se\/shop\/longboard\/components-longboard\/wheels-longboard\/remember-california-cruiser-orange-61mm-78a\/#breadcrumb"},"inLanguage":"en-US","potentialAction":[{"@type":"ReadAction","target":["https:\/\/boardlife.se\/shop\/longboard\/components-longboard\/wheels-longboard\/remember-california-cruiser-orange-61mm-78a\/"]}]},{"@type":"BreadcrumbList","@id":"https:\/\/boardlife.se\/shop\/longboard\/components-longboard\/wheels-longboard\/remember-california-cruiser-orange-61mm-78a\/#breadcrumb","itemListElement":[{"@type":"ListItem","position":1,"name":"Hem","item":"https:\/\/boardlife.se\/"},{"@type":"ListItem","position":2,"name":"V\u00e4lkommen till skateparadiset","item":"https:\/\/boardlife.se\/shop\/"},{"@type":"ListItem","position":3,"name":"Remember California Cruiser Orange 61mm 78a"}]},{"@type":"WebSite","@id":"https:\/\/boardlife.se\/#website","url":"https:\/\/boardlife.se\/","name":"Boardlife.se","description":"Lifestyle Provider","publisher":{"@id":"https:\/\/boardlife.se\/#organization"},"potentialAction":[{"@type":"SearchAction","target":{"@type":"EntryPoint","urlTemplate":"https:\/\/boardlife.se\/?s={search_term_string}"},"query-input":{"@type":"PropertyValueSpecification","valueRequired":true,"valueName":"search_term_string"}}],"inLanguage":"en-US"},{"@type":"Organization","@id":"https:\/\/boardlife.se\/#organization","name":"Boardlife","url":"https:\/\/boardlife.se\/","logo":{"@type":"ImageObject","inLanguage":"en-US","@id":"https:\/\/boardlife.se\/#\/schema\/logo\/image\/","url":"https:\/\/boardlife.se\/wp-content\/uploads\/2014\/09\/logo.png","contentUrl":"https:\/\/boardlife.se\/wp-content\/uploads\/2014\/09\/logo.png","width":785,"height":103,"caption":"Boardlife"},"image":{"@id":"https:\/\/boardlife.se\/#\/schema\/logo\/image\/"},"sameAs":["https:\/\/www.facebook.com\/Boardlife.se","http:\/\/instagram.com\/boardlife_official"]}]}},"jetpack_sharing_enabled":true,"_links":{"self":[{"href":"https:\/\/boardlife.se\/en\/wp-json\/wp\/v2\/product\/52571","targetHints":{"allow":["GET"]}}],"collection":[{"href":"https:\/\/boardlife.se\/en\/wp-json\/wp\/v2\/product"}],"about":[{"href":"https:\/\/boardlife.se\/en\/wp-json\/wp\/v2\/types\/product"}],"replies":[{"embeddable":true,"href":"https:\/\/boardlife.se\/en\/wp-json\/wp\/v2\/comments?post=52571"}],"wp:attachment":[{"href":"https:\/\/boardlife.se\/en\/wp-json\/wp\/v2\/media?parent=52571"}],"wp:term":[{"taxonomy":"product_brand","embeddable":true,"href":"https:\/\/boardlife.se\/en\/wp-json\/wp\/v2\/product_brand?post=52571"},{"taxonomy":"product_cat","embeddable":true,"href":"https:\/\/boardlife.se\/en\/wp-json\/wp\/v2\/product_cat?post=52571"},{"taxonomy":"product_tag","embeddable":true,"href":"https:\/\/boardlife.se\/en\/wp-json\/wp\/v2\/product_tag?post=52571"}],"curies":[{"name":"wp","href":"https:\/\/api.w.org\/{rel}","templated":true}]}}