{"id":74044,"date":"2019-08-12T16:48:24","date_gmt":"2019-08-12T14:48:24","guid":{"rendered":"https:\/\/www.boardlife.se\/?post_type=product&#038;p=74044"},"modified":"2019-12-15T16:06:57","modified_gmt":"2019-12-15T15:06:57","slug":"sammy-icon-checker","status":"publish","type":"product","link":"https:\/\/boardlife.se\/en\/shop\/streetwear\/socks\/sammy-icon-checker\/","title":{"rendered":"Sammy Icon Checker"},"content":{"rendered":"<p>Sk\u00f6na, personliga strumpor fr\u00e5n Sammy Icon som enbart finns i Sverige hos oss p\u00e5 Boardlife. Sammy Icon har sedan 2013 skapat unikt designade strumpor med livliga motiv. Ut\u00f6ver detta \u00e4r strumporna grymt sk\u00f6na och av bra kvalit\u00e9. Har du sv\u00e5rt att best\u00e4mma dig f\u00f6r randigt eller rutigt? Perfekt har f\u00e5r du b\u00e5da och beh\u00f6ver inte f\u00e5 \u00e5ngest n\u00e4r du v\u00e4ljer strumpor p\u00e5 morgonen.<\/p>","protected":false},"excerpt":{"rendered":"<p>Life is too short for boring socks. Buy these and feel the joy of life. Sammy Icon has been making colorful socks since 2013 and delivers a comfortable feel and great quality. Having trouble deciding between stripes or plaid? Perfect has you get both and don&#039;t have to worry about choosing socks in the morning.<\/p>","protected":false},"featured_media":74047,"comment_status":"open","ping_status":"closed","template":"","meta":{"_gspb_post_css":"","_crdt_document":""},"product_brand":[2605],"product_cat":[1703],"product_tag":[2055],"class_list":{"0":"post-74044","1":"product","2":"type-product","3":"status-publish","4":"has-post-thumbnail","6":"product_brand-sammy-icon","7":"product_cat-socks","8":"product_tag-sammy-icon","9":"pa_manufacturer-sammy-icon","10":"pa_storlekar-36-40","11":"pa_storlekar-40-46","13":"first","14":"instock","15":"taxable","16":"shipping-taxable","17":"purchasable","18":"product-type-variable","19":"has-default-attributes"},"ct_brands":[{"id":2605,"name":"Sammy Icon","slug":"sammy-icon"}],"yoast_head":"<!-- This site is optimized with the Yoast SEO plugin v27.6 - https:\/\/yoast.com\/product\/yoast-seo-wordpress\/ -->\n<title>Sammy Icon Checker - Boardlife<\/title>\n<meta name=\"description\" content=\"Livet \u00e4r f\u00f6r kort f\u00f6r tr\u00e5kiga strumpor. K\u00f6p dessa och k\u00e4nn livsgl\u00e4djen. Sammy Icon har gjort f\u00e4rgstarka strumpor sedan 2013 och levererar sk\u00f6n k\u00e4nsla och grym kvalit\u00e9. Har du sv\u00e5rt att best\u00e4mma dig f\u00f6r randigt eller rutigt? Perfekt har f\u00e5r du b\u00e5da och beh\u00f6ver inte f\u00e5 \u00e5ngest n\u00e4r du v\u00e4ljer strumpor p\u00e5 morgonen.\" \/>\n<meta name=\"robots\" content=\"index, follow, max-snippet:-1, max-image-preview:large, max-video-preview:-1\" \/>\n<link rel=\"canonical\" href=\"https:\/\/boardlife.se\/en\/shop\/streetwear\/socks\/sammy-icon-checker\/?wmc-currency=SEK\" \/>\n<meta property=\"og:locale\" content=\"en_US\" \/>\n<meta property=\"og:type\" content=\"article\" \/>\n<meta property=\"og:title\" content=\"Sammy Icon Checker - Boardlife\" \/>\n<meta property=\"og:description\" content=\"Livet \u00e4r f\u00f6r kort f\u00f6r tr\u00e5kiga strumpor. K\u00f6p dessa och k\u00e4nn livsgl\u00e4djen. Sammy Icon har gjort f\u00e4rgstarka strumpor sedan 2013 och levererar sk\u00f6n k\u00e4nsla och grym kvalit\u00e9. Har du sv\u00e5rt att best\u00e4mma dig f\u00f6r randigt eller rutigt? Perfekt har f\u00e5r du b\u00e5da och beh\u00f6ver inte f\u00e5 \u00e5ngest n\u00e4r du v\u00e4ljer strumpor p\u00e5 morgonen.\" \/>\n<meta property=\"og:url\" content=\"https:\/\/boardlife.se\/en\/shop\/streetwear\/socks\/sammy-icon-checker\/?wmc-currency=SEK\" \/>\n<meta property=\"og:site_name\" content=\"Boardlife\" \/>\n<meta property=\"article:publisher\" content=\"https:\/\/www.facebook.com\/Boardlife.se\" \/>\n<meta property=\"article:modified_time\" content=\"2019-12-15T15:06:57+00:00\" \/>\n<meta property=\"og:image\" content=\"https:\/\/boardlife.se\/wp-content\/uploads\/2019\/08\/sammi-icon-checker.jpg\" \/>\n\t<meta property=\"og:image:width\" content=\"1000\" \/>\n\t<meta property=\"og:image:height\" content=\"1000\" \/>\n\t<meta property=\"og:image:type\" content=\"image\/jpeg\" \/>\n<meta name=\"twitter:card\" content=\"summary_large_image\" \/>\n<script type=\"application\/ld+json\" class=\"yoast-schema-graph\">{\"@context\":\"https:\\\/\\\/schema.org\",\"@graph\":[{\"@type\":\"WebPage\",\"@id\":\"https:\\\/\\\/boardlife.se\\\/shop\\\/streetwear\\\/socks\\\/sammy-icon-checker\\\/\",\"url\":\"https:\\\/\\\/boardlife.se\\\/shop\\\/streetwear\\\/socks\\\/sammy-icon-checker\\\/\",\"name\":\"Sammy Icon Checker - Boardlife\",\"isPartOf\":{\"@id\":\"https:\\\/\\\/boardlife.se\\\/#website\"},\"primaryImageOfPage\":{\"@id\":\"https:\\\/\\\/boardlife.se\\\/shop\\\/streetwear\\\/socks\\\/sammy-icon-checker\\\/#primaryimage\"},\"image\":{\"@id\":\"https:\\\/\\\/boardlife.se\\\/shop\\\/streetwear\\\/socks\\\/sammy-icon-checker\\\/#primaryimage\"},\"thumbnailUrl\":\"https:\\\/\\\/boardlife.se\\\/wp-content\\\/uploads\\\/2019\\\/08\\\/sammi-icon-checker.jpg\",\"datePublished\":\"2019-08-12T14:48:24+00:00\",\"dateModified\":\"2019-12-15T15:06:57+00:00\",\"description\":\"Livet \u00e4r f\u00f6r kort f\u00f6r tr\u00e5kiga strumpor. K\u00f6p dessa och k\u00e4nn livsgl\u00e4djen. Sammy Icon har gjort f\u00e4rgstarka strumpor sedan 2013 och levererar sk\u00f6n k\u00e4nsla och grym kvalit\u00e9. Har du sv\u00e5rt att best\u00e4mma dig f\u00f6r randigt eller rutigt? Perfekt har f\u00e5r du b\u00e5da och beh\u00f6ver inte f\u00e5 \u00e5ngest n\u00e4r du v\u00e4ljer strumpor p\u00e5 morgonen.\",\"breadcrumb\":{\"@id\":\"https:\\\/\\\/boardlife.se\\\/shop\\\/streetwear\\\/socks\\\/sammy-icon-checker\\\/#breadcrumb\"},\"inLanguage\":\"en-US\",\"potentialAction\":[{\"@type\":\"ReadAction\",\"target\":[\"https:\\\/\\\/boardlife.se\\\/shop\\\/streetwear\\\/socks\\\/sammy-icon-checker\\\/\"]}]},{\"@type\":\"ImageObject\",\"inLanguage\":\"en-US\",\"@id\":\"https:\\\/\\\/boardlife.se\\\/shop\\\/streetwear\\\/socks\\\/sammy-icon-checker\\\/#primaryimage\",\"url\":\"https:\\\/\\\/boardlife.se\\\/wp-content\\\/uploads\\\/2019\\\/08\\\/sammi-icon-checker.jpg\",\"contentUrl\":\"https:\\\/\\\/boardlife.se\\\/wp-content\\\/uploads\\\/2019\\\/08\\\/sammi-icon-checker.jpg\",\"width\":1000,\"height\":1000,\"caption\":\"sammi icon checker\"},{\"@type\":\"BreadcrumbList\",\"@id\":\"https:\\\/\\\/boardlife.se\\\/shop\\\/streetwear\\\/socks\\\/sammy-icon-checker\\\/#breadcrumb\",\"itemListElement\":[{\"@type\":\"ListItem\",\"position\":1,\"name\":\"Hem\",\"item\":\"https:\\\/\\\/boardlife.se\\\/\"},{\"@type\":\"ListItem\",\"position\":2,\"name\":\"V\u00e4lkommen till skateparadiset\",\"item\":\"https:\\\/\\\/boardlife.se\\\/shop\\\/\"},{\"@type\":\"ListItem\",\"position\":3,\"name\":\"Sammy Icon Checker\"}]},{\"@type\":\"WebSite\",\"@id\":\"https:\\\/\\\/boardlife.se\\\/#website\",\"url\":\"https:\\\/\\\/boardlife.se\\\/\",\"name\":\"Boardlife.se\",\"description\":\"Provider of Lifestyle\",\"publisher\":{\"@id\":\"https:\\\/\\\/boardlife.se\\\/#organization\"},\"potentialAction\":[{\"@type\":\"SearchAction\",\"target\":{\"@type\":\"EntryPoint\",\"urlTemplate\":\"https:\\\/\\\/boardlife.se\\\/?s={search_term_string}\"},\"query-input\":{\"@type\":\"PropertyValueSpecification\",\"valueRequired\":true,\"valueName\":\"search_term_string\"}}],\"inLanguage\":\"en-US\"},{\"@type\":\"Organization\",\"@id\":\"https:\\\/\\\/boardlife.se\\\/#organization\",\"name\":\"Boardlife\",\"url\":\"https:\\\/\\\/boardlife.se\\\/\",\"logo\":{\"@type\":\"ImageObject\",\"inLanguage\":\"en-US\",\"@id\":\"https:\\\/\\\/boardlife.se\\\/#\\\/schema\\\/logo\\\/image\\\/\",\"url\":\"https:\\\/\\\/boardlife.se\\\/wp-content\\\/uploads\\\/2014\\\/09\\\/logo.png\",\"contentUrl\":\"https:\\\/\\\/boardlife.se\\\/wp-content\\\/uploads\\\/2014\\\/09\\\/logo.png\",\"width\":785,\"height\":103,\"caption\":\"Boardlife\"},\"image\":{\"@id\":\"https:\\\/\\\/boardlife.se\\\/#\\\/schema\\\/logo\\\/image\\\/\"},\"sameAs\":[\"https:\\\/\\\/www.facebook.com\\\/Boardlife.se\",\"http:\\\/\\\/instagram.com\\\/boardlife_official\"]}]}<\/script>\n<!-- \/ Yoast SEO plugin. -->","yoast_head_json":{"title":"Sammy Icon Checker - Boardlife","description":"Life is too short for boring socks. Buy these and feel the joy of life. Sammy Icon has been making colorful socks since 2013 and delivers a comfortable feel and great quality. Having trouble deciding between stripes or plaid? Perfect has you get both and don&#039;t have to worry about choosing socks in the morning.","robots":{"index":"index","follow":"follow","max-snippet":"max-snippet:-1","max-image-preview":"max-image-preview:large","max-video-preview":"max-video-preview:-1"},"canonical":"https:\/\/boardlife.se\/en\/shop\/streetwear\/socks\/sammy-icon-checker\/?wmc-currency=SEK","og_locale":"en_US","og_type":"article","og_title":"Sammy Icon Checker - Boardlife","og_description":"Livet \u00e4r f\u00f6r kort f\u00f6r tr\u00e5kiga strumpor. K\u00f6p dessa och k\u00e4nn livsgl\u00e4djen. Sammy Icon har gjort f\u00e4rgstarka strumpor sedan 2013 och levererar sk\u00f6n k\u00e4nsla och grym kvalit\u00e9. Har du sv\u00e5rt att best\u00e4mma dig f\u00f6r randigt eller rutigt? Perfekt har f\u00e5r du b\u00e5da och beh\u00f6ver inte f\u00e5 \u00e5ngest n\u00e4r du v\u00e4ljer strumpor p\u00e5 morgonen.","og_url":"https:\/\/boardlife.se\/en\/shop\/streetwear\/socks\/sammy-icon-checker\/?wmc-currency=SEK","og_site_name":"Boardlife","article_publisher":"https:\/\/www.facebook.com\/Boardlife.se","article_modified_time":"2019-12-15T15:06:57+00:00","og_image":[{"width":1000,"height":1000,"url":"https:\/\/boardlife.se\/wp-content\/uploads\/2019\/08\/sammi-icon-checker.jpg","type":"image\/jpeg"}],"twitter_card":"summary_large_image","schema":{"@context":"https:\/\/schema.org","@graph":[{"@type":"WebPage","@id":"https:\/\/boardlife.se\/shop\/streetwear\/socks\/sammy-icon-checker\/","url":"https:\/\/boardlife.se\/shop\/streetwear\/socks\/sammy-icon-checker\/","name":"Sammy Icon Checker - Boardlife","isPartOf":{"@id":"https:\/\/boardlife.se\/#website"},"primaryImageOfPage":{"@id":"https:\/\/boardlife.se\/shop\/streetwear\/socks\/sammy-icon-checker\/#primaryimage"},"image":{"@id":"https:\/\/boardlife.se\/shop\/streetwear\/socks\/sammy-icon-checker\/#primaryimage"},"thumbnailUrl":"https:\/\/boardlife.se\/wp-content\/uploads\/2019\/08\/sammi-icon-checker.jpg","datePublished":"2019-08-12T14:48:24+00:00","dateModified":"2019-12-15T15:06:57+00:00","description":"Life is too short for boring socks. Buy these and feel the joy of life. Sammy Icon has been making colorful socks since 2013 and delivers a comfortable feel and great quality. Having trouble deciding between stripes or plaid? Perfect has you get both and don&#039;t have to worry about choosing socks in the morning.","breadcrumb":{"@id":"https:\/\/boardlife.se\/shop\/streetwear\/socks\/sammy-icon-checker\/#breadcrumb"},"inLanguage":"en-US","potentialAction":[{"@type":"ReadAction","target":["https:\/\/boardlife.se\/shop\/streetwear\/socks\/sammy-icon-checker\/"]}]},{"@type":"ImageObject","inLanguage":"en-US","@id":"https:\/\/boardlife.se\/shop\/streetwear\/socks\/sammy-icon-checker\/#primaryimage","url":"https:\/\/boardlife.se\/wp-content\/uploads\/2019\/08\/sammi-icon-checker.jpg","contentUrl":"https:\/\/boardlife.se\/wp-content\/uploads\/2019\/08\/sammi-icon-checker.jpg","width":1000,"height":1000,"caption":"sammi icon checker"},{"@type":"BreadcrumbList","@id":"https:\/\/boardlife.se\/shop\/streetwear\/socks\/sammy-icon-checker\/#breadcrumb","itemListElement":[{"@type":"ListItem","position":1,"name":"Hem","item":"https:\/\/boardlife.se\/"},{"@type":"ListItem","position":2,"name":"V\u00e4lkommen till skateparadiset","item":"https:\/\/boardlife.se\/shop\/"},{"@type":"ListItem","position":3,"name":"Sammy Icon Checker"}]},{"@type":"WebSite","@id":"https:\/\/boardlife.se\/#website","url":"https:\/\/boardlife.se\/","name":"Boardlife.se","description":"Lifestyle Provider","publisher":{"@id":"https:\/\/boardlife.se\/#organization"},"potentialAction":[{"@type":"SearchAction","target":{"@type":"EntryPoint","urlTemplate":"https:\/\/boardlife.se\/?s={search_term_string}"},"query-input":{"@type":"PropertyValueSpecification","valueRequired":true,"valueName":"search_term_string"}}],"inLanguage":"en-US"},{"@type":"Organization","@id":"https:\/\/boardlife.se\/#organization","name":"Boardlife","url":"https:\/\/boardlife.se\/","logo":{"@type":"ImageObject","inLanguage":"en-US","@id":"https:\/\/boardlife.se\/#\/schema\/logo\/image\/","url":"https:\/\/boardlife.se\/wp-content\/uploads\/2014\/09\/logo.png","contentUrl":"https:\/\/boardlife.se\/wp-content\/uploads\/2014\/09\/logo.png","width":785,"height":103,"caption":"Boardlife"},"image":{"@id":"https:\/\/boardlife.se\/#\/schema\/logo\/image\/"},"sameAs":["https:\/\/www.facebook.com\/Boardlife.se","http:\/\/instagram.com\/boardlife_official"]}]}},"jetpack_sharing_enabled":true,"_links":{"self":[{"href":"https:\/\/boardlife.se\/en\/wp-json\/wp\/v2\/product\/74044","targetHints":{"allow":["GET"]}}],"collection":[{"href":"https:\/\/boardlife.se\/en\/wp-json\/wp\/v2\/product"}],"about":[{"href":"https:\/\/boardlife.se\/en\/wp-json\/wp\/v2\/types\/product"}],"replies":[{"embeddable":true,"href":"https:\/\/boardlife.se\/en\/wp-json\/wp\/v2\/comments?post=74044"}],"wp:featuredmedia":[{"embeddable":true,"href":"https:\/\/boardlife.se\/en\/wp-json\/wp\/v2\/media\/74047"}],"wp:attachment":[{"href":"https:\/\/boardlife.se\/en\/wp-json\/wp\/v2\/media?parent=74044"}],"wp:term":[{"taxonomy":"product_brand","embeddable":true,"href":"https:\/\/boardlife.se\/en\/wp-json\/wp\/v2\/product_brand?post=74044"},{"taxonomy":"product_cat","embeddable":true,"href":"https:\/\/boardlife.se\/en\/wp-json\/wp\/v2\/product_cat?post=74044"},{"taxonomy":"product_tag","embeddable":true,"href":"https:\/\/boardlife.se\/en\/wp-json\/wp\/v2\/product_tag?post=74044"}],"curies":[{"name":"wp","href":"https:\/\/api.w.org\/{rel}","templated":true}]}}