{"id":74050,"date":"2019-08-12T16:54:55","date_gmt":"2019-08-12T14:54:55","guid":{"rendered":"https:\/\/www.boardlife.se\/?post_type=product&#038;p=74050"},"modified":"2021-11-26T12:54:12","modified_gmt":"2021-11-26T11:54:12","slug":"sammy-icon-double-r","status":"publish","type":"product","link":"https:\/\/boardlife.se\/en\/shop\/streetwear\/socks\/sammy-icon-double-r\/","title":{"rendered":"Sammy Icon Double R"},"content":{"rendered":"<p>Sk\u00f6na, personliga strumpor fr\u00e5n Sammy Icon som enbart finns i Sverige hos oss p\u00e5 Boardlife. Sammy Icon har sedan 2013 skapat unikt designade strumpor med livliga motiv. Ut\u00f6ver detta \u00e4r strumporna grymt sk\u00f6na och av bra kvalit\u00e9. Med denna design har du m\u00f6jlighet att uttrycka din k\u00e4rlek f\u00f6r kaffe och kaka.<\/p>","protected":false},"excerpt":{"rendered":"<p>Life is too short for boring socks. Buy these and feel the joy of life. Sammy Icon has been making colorful socks since 2013 and delivers a comfortable feel and great quality. With this design you have the opportunity to express your love for coffee and cake.<\/p>","protected":false},"featured_media":74054,"comment_status":"open","ping_status":"closed","template":"","meta":{"_gspb_post_css":"","_crdt_document":""},"product_brand":[2605],"product_cat":[1703],"product_tag":[2055],"class_list":{"0":"post-74050","1":"product","2":"type-product","3":"status-publish","4":"has-post-thumbnail","6":"product_brand-sammy-icon","7":"product_cat-socks","8":"product_tag-sammy-icon","9":"pa_manufacturer-sammy-icon","10":"pa_storlekar-36-40","11":"pa_storlekar-40-46","13":"first","14":"instock","15":"sale","16":"featured","17":"taxable","18":"shipping-taxable","19":"purchasable","20":"product-type-variable","21":"has-default-attributes"},"ct_brands":[{"id":2605,"name":"Sammy Icon","slug":"sammy-icon"}],"yoast_head":"<!-- This site is optimized with the Yoast SEO plugin v27.6 - https:\/\/yoast.com\/product\/yoast-seo-wordpress\/ -->\n<title>Sammy Icon Double R - Boardlife<\/title>\n<meta name=\"description\" content=\"Livet \u00e4r f\u00f6r kort f\u00f6r tr\u00e5kiga strumpor. K\u00f6p dessa och k\u00e4nn livsgl\u00e4djen. Sammy Icon har gjort f\u00e4rgstarka strumpor sedan 2013 och levererar sk\u00f6n k\u00e4nsla och grym kvalit\u00e9. Med denna design har du m\u00f6jlighet att uttrycka din k\u00e4rlek f\u00f6r kaffe och kaka.\" \/>\n<meta name=\"robots\" content=\"index, follow, max-snippet:-1, max-image-preview:large, max-video-preview:-1\" \/>\n<link rel=\"canonical\" href=\"https:\/\/boardlife.se\/en\/shop\/streetwear\/socks\/sammy-icon-double-r\/?wmc-currency=SEK\" \/>\n<meta property=\"og:locale\" content=\"en_US\" \/>\n<meta property=\"og:type\" content=\"article\" \/>\n<meta property=\"og:title\" content=\"Sammy Icon Double R - Boardlife\" \/>\n<meta property=\"og:description\" content=\"Livet \u00e4r f\u00f6r kort f\u00f6r tr\u00e5kiga strumpor. K\u00f6p dessa och k\u00e4nn livsgl\u00e4djen. Sammy Icon har gjort f\u00e4rgstarka strumpor sedan 2013 och levererar sk\u00f6n k\u00e4nsla och grym kvalit\u00e9. Med denna design har du m\u00f6jlighet att uttrycka din k\u00e4rlek f\u00f6r kaffe och kaka.\" \/>\n<meta property=\"og:url\" content=\"https:\/\/boardlife.se\/en\/shop\/streetwear\/socks\/sammy-icon-double-r\/?wmc-currency=SEK\" \/>\n<meta property=\"og:site_name\" content=\"Boardlife\" \/>\n<meta property=\"article:publisher\" content=\"https:\/\/www.facebook.com\/Boardlife.se\" \/>\n<meta property=\"article:modified_time\" content=\"2021-11-26T11:54:12+00:00\" \/>\n<meta property=\"og:image\" content=\"https:\/\/boardlife.se\/wp-content\/uploads\/2019\/08\/sammy-icon-double-r.jpg\" \/>\n\t<meta property=\"og:image:width\" content=\"1000\" \/>\n\t<meta property=\"og:image:height\" content=\"1000\" \/>\n\t<meta property=\"og:image:type\" content=\"image\/jpeg\" \/>\n<meta name=\"twitter:card\" content=\"summary_large_image\" \/>\n<script type=\"application\/ld+json\" class=\"yoast-schema-graph\">{\"@context\":\"https:\\\/\\\/schema.org\",\"@graph\":[{\"@type\":\"WebPage\",\"@id\":\"https:\\\/\\\/boardlife.se\\\/shop\\\/streetwear\\\/socks\\\/sammy-icon-double-r\\\/\",\"url\":\"https:\\\/\\\/boardlife.se\\\/shop\\\/streetwear\\\/socks\\\/sammy-icon-double-r\\\/\",\"name\":\"Sammy Icon Double R - Boardlife\",\"isPartOf\":{\"@id\":\"https:\\\/\\\/boardlife.se\\\/#website\"},\"primaryImageOfPage\":{\"@id\":\"https:\\\/\\\/boardlife.se\\\/shop\\\/streetwear\\\/socks\\\/sammy-icon-double-r\\\/#primaryimage\"},\"image\":{\"@id\":\"https:\\\/\\\/boardlife.se\\\/shop\\\/streetwear\\\/socks\\\/sammy-icon-double-r\\\/#primaryimage\"},\"thumbnailUrl\":\"https:\\\/\\\/boardlife.se\\\/wp-content\\\/uploads\\\/2019\\\/08\\\/sammy-icon-double-r.jpg\",\"datePublished\":\"2019-08-12T14:54:55+00:00\",\"dateModified\":\"2021-11-26T11:54:12+00:00\",\"description\":\"Livet \u00e4r f\u00f6r kort f\u00f6r tr\u00e5kiga strumpor. K\u00f6p dessa och k\u00e4nn livsgl\u00e4djen. Sammy Icon har gjort f\u00e4rgstarka strumpor sedan 2013 och levererar sk\u00f6n k\u00e4nsla och grym kvalit\u00e9. Med denna design har du m\u00f6jlighet att uttrycka din k\u00e4rlek f\u00f6r kaffe och kaka.\",\"breadcrumb\":{\"@id\":\"https:\\\/\\\/boardlife.se\\\/shop\\\/streetwear\\\/socks\\\/sammy-icon-double-r\\\/#breadcrumb\"},\"inLanguage\":\"en-US\",\"potentialAction\":[{\"@type\":\"ReadAction\",\"target\":[\"https:\\\/\\\/boardlife.se\\\/shop\\\/streetwear\\\/socks\\\/sammy-icon-double-r\\\/\"]}]},{\"@type\":\"ImageObject\",\"inLanguage\":\"en-US\",\"@id\":\"https:\\\/\\\/boardlife.se\\\/shop\\\/streetwear\\\/socks\\\/sammy-icon-double-r\\\/#primaryimage\",\"url\":\"https:\\\/\\\/boardlife.se\\\/wp-content\\\/uploads\\\/2019\\\/08\\\/sammy-icon-double-r.jpg\",\"contentUrl\":\"https:\\\/\\\/boardlife.se\\\/wp-content\\\/uploads\\\/2019\\\/08\\\/sammy-icon-double-r.jpg\",\"width\":1000,\"height\":1000,\"caption\":\"sammy icon double r\"},{\"@type\":\"BreadcrumbList\",\"@id\":\"https:\\\/\\\/boardlife.se\\\/shop\\\/streetwear\\\/socks\\\/sammy-icon-double-r\\\/#breadcrumb\",\"itemListElement\":[{\"@type\":\"ListItem\",\"position\":1,\"name\":\"Hem\",\"item\":\"https:\\\/\\\/boardlife.se\\\/\"},{\"@type\":\"ListItem\",\"position\":2,\"name\":\"V\u00e4lkommen till skateparadiset\",\"item\":\"https:\\\/\\\/boardlife.se\\\/shop\\\/\"},{\"@type\":\"ListItem\",\"position\":3,\"name\":\"Sammy Icon Double R\"}]},{\"@type\":\"WebSite\",\"@id\":\"https:\\\/\\\/boardlife.se\\\/#website\",\"url\":\"https:\\\/\\\/boardlife.se\\\/\",\"name\":\"Boardlife.se\",\"description\":\"Provider of Lifestyle\",\"publisher\":{\"@id\":\"https:\\\/\\\/boardlife.se\\\/#organization\"},\"potentialAction\":[{\"@type\":\"SearchAction\",\"target\":{\"@type\":\"EntryPoint\",\"urlTemplate\":\"https:\\\/\\\/boardlife.se\\\/?s={search_term_string}\"},\"query-input\":{\"@type\":\"PropertyValueSpecification\",\"valueRequired\":true,\"valueName\":\"search_term_string\"}}],\"inLanguage\":\"en-US\"},{\"@type\":\"Organization\",\"@id\":\"https:\\\/\\\/boardlife.se\\\/#organization\",\"name\":\"Boardlife\",\"url\":\"https:\\\/\\\/boardlife.se\\\/\",\"logo\":{\"@type\":\"ImageObject\",\"inLanguage\":\"en-US\",\"@id\":\"https:\\\/\\\/boardlife.se\\\/#\\\/schema\\\/logo\\\/image\\\/\",\"url\":\"https:\\\/\\\/boardlife.se\\\/wp-content\\\/uploads\\\/2014\\\/09\\\/logo.png\",\"contentUrl\":\"https:\\\/\\\/boardlife.se\\\/wp-content\\\/uploads\\\/2014\\\/09\\\/logo.png\",\"width\":785,\"height\":103,\"caption\":\"Boardlife\"},\"image\":{\"@id\":\"https:\\\/\\\/boardlife.se\\\/#\\\/schema\\\/logo\\\/image\\\/\"},\"sameAs\":[\"https:\\\/\\\/www.facebook.com\\\/Boardlife.se\",\"http:\\\/\\\/instagram.com\\\/boardlife_official\"]}]}<\/script>\n<!-- \/ Yoast SEO plugin. -->","yoast_head_json":{"title":"Sammy Icon Double R - Boardlife","description":"Life is too short for boring socks. Buy these and feel the joy of life. Sammy Icon has been making colorful socks since 2013 and delivers a comfortable feel and great quality. With this design you have the opportunity to express your love for coffee and cake.","robots":{"index":"index","follow":"follow","max-snippet":"max-snippet:-1","max-image-preview":"max-image-preview:large","max-video-preview":"max-video-preview:-1"},"canonical":"https:\/\/boardlife.se\/en\/shop\/streetwear\/socks\/sammy-icon-double-r\/?wmc-currency=SEK","og_locale":"en_US","og_type":"article","og_title":"Sammy Icon Double R - Boardlife","og_description":"Livet \u00e4r f\u00f6r kort f\u00f6r tr\u00e5kiga strumpor. K\u00f6p dessa och k\u00e4nn livsgl\u00e4djen. Sammy Icon har gjort f\u00e4rgstarka strumpor sedan 2013 och levererar sk\u00f6n k\u00e4nsla och grym kvalit\u00e9. Med denna design har du m\u00f6jlighet att uttrycka din k\u00e4rlek f\u00f6r kaffe och kaka.","og_url":"https:\/\/boardlife.se\/en\/shop\/streetwear\/socks\/sammy-icon-double-r\/?wmc-currency=SEK","og_site_name":"Boardlife","article_publisher":"https:\/\/www.facebook.com\/Boardlife.se","article_modified_time":"2021-11-26T11:54:12+00:00","og_image":[{"width":1000,"height":1000,"url":"https:\/\/boardlife.se\/wp-content\/uploads\/2019\/08\/sammy-icon-double-r.jpg","type":"image\/jpeg"}],"twitter_card":"summary_large_image","schema":{"@context":"https:\/\/schema.org","@graph":[{"@type":"WebPage","@id":"https:\/\/boardlife.se\/shop\/streetwear\/socks\/sammy-icon-double-r\/","url":"https:\/\/boardlife.se\/shop\/streetwear\/socks\/sammy-icon-double-r\/","name":"Sammy Icon Double R - Boardlife","isPartOf":{"@id":"https:\/\/boardlife.se\/#website"},"primaryImageOfPage":{"@id":"https:\/\/boardlife.se\/shop\/streetwear\/socks\/sammy-icon-double-r\/#primaryimage"},"image":{"@id":"https:\/\/boardlife.se\/shop\/streetwear\/socks\/sammy-icon-double-r\/#primaryimage"},"thumbnailUrl":"https:\/\/boardlife.se\/wp-content\/uploads\/2019\/08\/sammy-icon-double-r.jpg","datePublished":"2019-08-12T14:54:55+00:00","dateModified":"2021-11-26T11:54:12+00:00","description":"Life is too short for boring socks. Buy these and feel the joy of life. Sammy Icon has been making colorful socks since 2013 and delivers a comfortable feel and great quality. With this design you have the opportunity to express your love for coffee and cake.","breadcrumb":{"@id":"https:\/\/boardlife.se\/shop\/streetwear\/socks\/sammy-icon-double-r\/#breadcrumb"},"inLanguage":"en-US","potentialAction":[{"@type":"ReadAction","target":["https:\/\/boardlife.se\/shop\/streetwear\/socks\/sammy-icon-double-r\/"]}]},{"@type":"ImageObject","inLanguage":"en-US","@id":"https:\/\/boardlife.se\/shop\/streetwear\/socks\/sammy-icon-double-r\/#primaryimage","url":"https:\/\/boardlife.se\/wp-content\/uploads\/2019\/08\/sammy-icon-double-r.jpg","contentUrl":"https:\/\/boardlife.se\/wp-content\/uploads\/2019\/08\/sammy-icon-double-r.jpg","width":1000,"height":1000,"caption":"sammy icon double r"},{"@type":"BreadcrumbList","@id":"https:\/\/boardlife.se\/shop\/streetwear\/socks\/sammy-icon-double-r\/#breadcrumb","itemListElement":[{"@type":"ListItem","position":1,"name":"Hem","item":"https:\/\/boardlife.se\/"},{"@type":"ListItem","position":2,"name":"V\u00e4lkommen till skateparadiset","item":"https:\/\/boardlife.se\/shop\/"},{"@type":"ListItem","position":3,"name":"Sammy Icon Double R"}]},{"@type":"WebSite","@id":"https:\/\/boardlife.se\/#website","url":"https:\/\/boardlife.se\/","name":"Boardlife.se","description":"Lifestyle Provider","publisher":{"@id":"https:\/\/boardlife.se\/#organization"},"potentialAction":[{"@type":"SearchAction","target":{"@type":"EntryPoint","urlTemplate":"https:\/\/boardlife.se\/?s={search_term_string}"},"query-input":{"@type":"PropertyValueSpecification","valueRequired":true,"valueName":"search_term_string"}}],"inLanguage":"en-US"},{"@type":"Organization","@id":"https:\/\/boardlife.se\/#organization","name":"Boardlife","url":"https:\/\/boardlife.se\/","logo":{"@type":"ImageObject","inLanguage":"en-US","@id":"https:\/\/boardlife.se\/#\/schema\/logo\/image\/","url":"https:\/\/boardlife.se\/wp-content\/uploads\/2014\/09\/logo.png","contentUrl":"https:\/\/boardlife.se\/wp-content\/uploads\/2014\/09\/logo.png","width":785,"height":103,"caption":"Boardlife"},"image":{"@id":"https:\/\/boardlife.se\/#\/schema\/logo\/image\/"},"sameAs":["https:\/\/www.facebook.com\/Boardlife.se","http:\/\/instagram.com\/boardlife_official"]}]}},"jetpack_sharing_enabled":true,"_links":{"self":[{"href":"https:\/\/boardlife.se\/en\/wp-json\/wp\/v2\/product\/74050","targetHints":{"allow":["GET"]}}],"collection":[{"href":"https:\/\/boardlife.se\/en\/wp-json\/wp\/v2\/product"}],"about":[{"href":"https:\/\/boardlife.se\/en\/wp-json\/wp\/v2\/types\/product"}],"replies":[{"embeddable":true,"href":"https:\/\/boardlife.se\/en\/wp-json\/wp\/v2\/comments?post=74050"}],"wp:featuredmedia":[{"embeddable":true,"href":"https:\/\/boardlife.se\/en\/wp-json\/wp\/v2\/media\/74054"}],"wp:attachment":[{"href":"https:\/\/boardlife.se\/en\/wp-json\/wp\/v2\/media?parent=74050"}],"wp:term":[{"taxonomy":"product_brand","embeddable":true,"href":"https:\/\/boardlife.se\/en\/wp-json\/wp\/v2\/product_brand?post=74050"},{"taxonomy":"product_cat","embeddable":true,"href":"https:\/\/boardlife.se\/en\/wp-json\/wp\/v2\/product_cat?post=74050"},{"taxonomy":"product_tag","embeddable":true,"href":"https:\/\/boardlife.se\/en\/wp-json\/wp\/v2\/product_tag?post=74050"}],"curies":[{"name":"wp","href":"https:\/\/api.w.org\/{rel}","templated":true}]}}