{"id":74062,"date":"2019-08-12T17:16:25","date_gmt":"2019-08-12T15:16:25","guid":{"rendered":"https:\/\/www.boardlife.se\/?post_type=product&#038;p=74062"},"modified":"2020-01-08T16:34:51","modified_gmt":"2020-01-08T15:34:51","slug":"sammy-icon-grid","status":"publish","type":"product","link":"https:\/\/boardlife.se\/en\/shop\/streetwear\/socks\/sammy-icon-grid\/","title":{"rendered":"Sammy Icon Grid"},"content":{"rendered":"<p>Sk\u00f6na, personliga strumpor fr\u00e5n Sammy Icon som enbart finns i Sverige hos oss p\u00e5 Boardlife. Sammy Icon har sedan 2013 skapat unikt designade strumpor med livliga motiv. Ut\u00f6ver detta \u00e4r strumporna grymt sk\u00f6na och av bra kvalit\u00e9. En klassisk design i ny tappning. H\u00e4r ser vi den rutiga kokboken i strumpform.<\/p>","protected":false},"excerpt":{"rendered":"<p>Life is too short for boring socks. Buy these and feel the joy of life. Sammy Icon has been making colorful socks since 2013 and delivers a comfortable feel and great quality. A classic design in a new style. Here we see the checkered cookbook in sock form.<\/p>","protected":false},"featured_media":74064,"comment_status":"open","ping_status":"closed","template":"","meta":{"_gspb_post_css":"","_crdt_document":""},"product_brand":[2605],"product_cat":[1703],"product_tag":[2055],"class_list":{"0":"post-74062","1":"product","2":"type-product","3":"status-publish","4":"has-post-thumbnail","6":"product_brand-sammy-icon","7":"product_cat-socks","8":"product_tag-sammy-icon","9":"pa_manufacturer-sammy-icon","10":"pa_storlekar-36-40","11":"pa_storlekar-40-46","13":"first","14":"instock","15":"taxable","16":"shipping-taxable","17":"purchasable","18":"product-type-variable","19":"has-default-attributes"},"ct_brands":[{"id":2605,"name":"Sammy Icon","slug":"sammy-icon"}],"yoast_head":"<!-- This site is optimized with the Yoast SEO plugin v27.5 - https:\/\/yoast.com\/product\/yoast-seo-wordpress\/ -->\n<title>Sammy Icon Grid - Boardlife<\/title>\n<meta name=\"description\" content=\"Livet \u00e4r f\u00f6r kort f\u00f6r tr\u00e5kiga strumpor. K\u00f6p dessa och k\u00e4nn livsgl\u00e4djen. Sammy Icon har gjort f\u00e4rgstarka strumpor sedan 2013 och levererar sk\u00f6n k\u00e4nsla och grym kvalit\u00e9. En klassisk design i ny tappning. H\u00e4r ser vi den rutiga kokboken i strumpform.\" \/>\n<meta name=\"robots\" content=\"index, follow, max-snippet:-1, max-image-preview:large, max-video-preview:-1\" \/>\n<link rel=\"canonical\" href=\"https:\/\/boardlife.se\/en\/shop\/streetwear\/socks\/sammy-icon-grid\/?wmc-currency=SEK\" \/>\n<meta property=\"og:locale\" content=\"en_US\" \/>\n<meta property=\"og:type\" content=\"article\" \/>\n<meta property=\"og:title\" content=\"Sammy Icon Grid - Boardlife\" \/>\n<meta property=\"og:description\" content=\"Livet \u00e4r f\u00f6r kort f\u00f6r tr\u00e5kiga strumpor. K\u00f6p dessa och k\u00e4nn livsgl\u00e4djen. Sammy Icon har gjort f\u00e4rgstarka strumpor sedan 2013 och levererar sk\u00f6n k\u00e4nsla och grym kvalit\u00e9. En klassisk design i ny tappning. H\u00e4r ser vi den rutiga kokboken i strumpform.\" \/>\n<meta property=\"og:url\" content=\"https:\/\/boardlife.se\/en\/shop\/streetwear\/socks\/sammy-icon-grid\/?wmc-currency=SEK\" \/>\n<meta property=\"og:site_name\" content=\"Boardlife\" \/>\n<meta property=\"article:publisher\" content=\"https:\/\/www.facebook.com\/Boardlife.se\" \/>\n<meta property=\"article:modified_time\" content=\"2020-01-08T15:34:51+00:00\" \/>\n<meta property=\"og:image\" content=\"https:\/\/boardlife.se\/wp-content\/uploads\/2019\/08\/sammy-icon-grid.jpg\" \/>\n\t<meta property=\"og:image:width\" content=\"1000\" \/>\n\t<meta property=\"og:image:height\" content=\"1000\" \/>\n\t<meta property=\"og:image:type\" content=\"image\/jpeg\" \/>\n<meta name=\"twitter:card\" content=\"summary_large_image\" \/>\n<script type=\"application\/ld+json\" class=\"yoast-schema-graph\">{\"@context\":\"https:\\\/\\\/schema.org\",\"@graph\":[{\"@type\":\"WebPage\",\"@id\":\"https:\\\/\\\/boardlife.se\\\/shop\\\/streetwear\\\/socks\\\/sammy-icon-grid\\\/\",\"url\":\"https:\\\/\\\/boardlife.se\\\/shop\\\/streetwear\\\/socks\\\/sammy-icon-grid\\\/\",\"name\":\"Sammy Icon Grid - Boardlife\",\"isPartOf\":{\"@id\":\"https:\\\/\\\/boardlife.se\\\/#website\"},\"primaryImageOfPage\":{\"@id\":\"https:\\\/\\\/boardlife.se\\\/shop\\\/streetwear\\\/socks\\\/sammy-icon-grid\\\/#primaryimage\"},\"image\":{\"@id\":\"https:\\\/\\\/boardlife.se\\\/shop\\\/streetwear\\\/socks\\\/sammy-icon-grid\\\/#primaryimage\"},\"thumbnailUrl\":\"https:\\\/\\\/boardlife.se\\\/wp-content\\\/uploads\\\/2019\\\/08\\\/sammy-icon-grid.jpg\",\"datePublished\":\"2019-08-12T15:16:25+00:00\",\"dateModified\":\"2020-01-08T15:34:51+00:00\",\"description\":\"Livet \u00e4r f\u00f6r kort f\u00f6r tr\u00e5kiga strumpor. K\u00f6p dessa och k\u00e4nn livsgl\u00e4djen. Sammy Icon har gjort f\u00e4rgstarka strumpor sedan 2013 och levererar sk\u00f6n k\u00e4nsla och grym kvalit\u00e9. En klassisk design i ny tappning. H\u00e4r ser vi den rutiga kokboken i strumpform.\",\"breadcrumb\":{\"@id\":\"https:\\\/\\\/boardlife.se\\\/shop\\\/streetwear\\\/socks\\\/sammy-icon-grid\\\/#breadcrumb\"},\"inLanguage\":\"en-US\",\"potentialAction\":[{\"@type\":\"ReadAction\",\"target\":[\"https:\\\/\\\/boardlife.se\\\/shop\\\/streetwear\\\/socks\\\/sammy-icon-grid\\\/\"]}]},{\"@type\":\"ImageObject\",\"inLanguage\":\"en-US\",\"@id\":\"https:\\\/\\\/boardlife.se\\\/shop\\\/streetwear\\\/socks\\\/sammy-icon-grid\\\/#primaryimage\",\"url\":\"https:\\\/\\\/boardlife.se\\\/wp-content\\\/uploads\\\/2019\\\/08\\\/sammy-icon-grid.jpg\",\"contentUrl\":\"https:\\\/\\\/boardlife.se\\\/wp-content\\\/uploads\\\/2019\\\/08\\\/sammy-icon-grid.jpg\",\"width\":1000,\"height\":1000,\"caption\":\"sammy icon grid\"},{\"@type\":\"BreadcrumbList\",\"@id\":\"https:\\\/\\\/boardlife.se\\\/shop\\\/streetwear\\\/socks\\\/sammy-icon-grid\\\/#breadcrumb\",\"itemListElement\":[{\"@type\":\"ListItem\",\"position\":1,\"name\":\"Hem\",\"item\":\"https:\\\/\\\/boardlife.se\\\/\"},{\"@type\":\"ListItem\",\"position\":2,\"name\":\"V\u00e4lkommen till skateparadiset\",\"item\":\"https:\\\/\\\/boardlife.se\\\/shop\\\/\"},{\"@type\":\"ListItem\",\"position\":3,\"name\":\"Sammy Icon Grid\"}]},{\"@type\":\"WebSite\",\"@id\":\"https:\\\/\\\/boardlife.se\\\/#website\",\"url\":\"https:\\\/\\\/boardlife.se\\\/\",\"name\":\"Boardlife.se\",\"description\":\"Provider of Lifestyle\",\"publisher\":{\"@id\":\"https:\\\/\\\/boardlife.se\\\/#organization\"},\"potentialAction\":[{\"@type\":\"SearchAction\",\"target\":{\"@type\":\"EntryPoint\",\"urlTemplate\":\"https:\\\/\\\/boardlife.se\\\/?s={search_term_string}\"},\"query-input\":{\"@type\":\"PropertyValueSpecification\",\"valueRequired\":true,\"valueName\":\"search_term_string\"}}],\"inLanguage\":\"en-US\"},{\"@type\":\"Organization\",\"@id\":\"https:\\\/\\\/boardlife.se\\\/#organization\",\"name\":\"Boardlife\",\"url\":\"https:\\\/\\\/boardlife.se\\\/\",\"logo\":{\"@type\":\"ImageObject\",\"inLanguage\":\"en-US\",\"@id\":\"https:\\\/\\\/boardlife.se\\\/#\\\/schema\\\/logo\\\/image\\\/\",\"url\":\"https:\\\/\\\/boardlife.se\\\/wp-content\\\/uploads\\\/2014\\\/09\\\/logo.png\",\"contentUrl\":\"https:\\\/\\\/boardlife.se\\\/wp-content\\\/uploads\\\/2014\\\/09\\\/logo.png\",\"width\":785,\"height\":103,\"caption\":\"Boardlife\"},\"image\":{\"@id\":\"https:\\\/\\\/boardlife.se\\\/#\\\/schema\\\/logo\\\/image\\\/\"},\"sameAs\":[\"https:\\\/\\\/www.facebook.com\\\/Boardlife.se\",\"http:\\\/\\\/instagram.com\\\/boardlife_official\"]}]}<\/script>\n<!-- \/ Yoast SEO plugin. -->","yoast_head_json":{"title":"Sammy Icon Grid - Boardlife","description":"Life is too short for boring socks. Buy these and feel the joy of life. Sammy Icon has been making colorful socks since 2013 and delivers a comfortable feel and great quality. A classic design in a new style. Here we see the checkered cookbook in sock form.","robots":{"index":"index","follow":"follow","max-snippet":"max-snippet:-1","max-image-preview":"max-image-preview:large","max-video-preview":"max-video-preview:-1"},"canonical":"https:\/\/boardlife.se\/en\/shop\/streetwear\/socks\/sammy-icon-grid\/?wmc-currency=SEK","og_locale":"en_US","og_type":"article","og_title":"Sammy Icon Grid - Boardlife","og_description":"Livet \u00e4r f\u00f6r kort f\u00f6r tr\u00e5kiga strumpor. K\u00f6p dessa och k\u00e4nn livsgl\u00e4djen. Sammy Icon har gjort f\u00e4rgstarka strumpor sedan 2013 och levererar sk\u00f6n k\u00e4nsla och grym kvalit\u00e9. En klassisk design i ny tappning. H\u00e4r ser vi den rutiga kokboken i strumpform.","og_url":"https:\/\/boardlife.se\/en\/shop\/streetwear\/socks\/sammy-icon-grid\/?wmc-currency=SEK","og_site_name":"Boardlife","article_publisher":"https:\/\/www.facebook.com\/Boardlife.se","article_modified_time":"2020-01-08T15:34:51+00:00","og_image":[{"width":1000,"height":1000,"url":"https:\/\/boardlife.se\/wp-content\/uploads\/2019\/08\/sammy-icon-grid.jpg","type":"image\/jpeg"}],"twitter_card":"summary_large_image","schema":{"@context":"https:\/\/schema.org","@graph":[{"@type":"WebPage","@id":"https:\/\/boardlife.se\/shop\/streetwear\/socks\/sammy-icon-grid\/","url":"https:\/\/boardlife.se\/shop\/streetwear\/socks\/sammy-icon-grid\/","name":"Sammy Icon Grid - Boardlife","isPartOf":{"@id":"https:\/\/boardlife.se\/#website"},"primaryImageOfPage":{"@id":"https:\/\/boardlife.se\/shop\/streetwear\/socks\/sammy-icon-grid\/#primaryimage"},"image":{"@id":"https:\/\/boardlife.se\/shop\/streetwear\/socks\/sammy-icon-grid\/#primaryimage"},"thumbnailUrl":"https:\/\/boardlife.se\/wp-content\/uploads\/2019\/08\/sammy-icon-grid.jpg","datePublished":"2019-08-12T15:16:25+00:00","dateModified":"2020-01-08T15:34:51+00:00","description":"Life is too short for boring socks. Buy these and feel the joy of life. Sammy Icon has been making colorful socks since 2013 and delivers a comfortable feel and great quality. A classic design in a new style. Here we see the checkered cookbook in sock form.","breadcrumb":{"@id":"https:\/\/boardlife.se\/shop\/streetwear\/socks\/sammy-icon-grid\/#breadcrumb"},"inLanguage":"en-US","potentialAction":[{"@type":"ReadAction","target":["https:\/\/boardlife.se\/shop\/streetwear\/socks\/sammy-icon-grid\/"]}]},{"@type":"ImageObject","inLanguage":"en-US","@id":"https:\/\/boardlife.se\/shop\/streetwear\/socks\/sammy-icon-grid\/#primaryimage","url":"https:\/\/boardlife.se\/wp-content\/uploads\/2019\/08\/sammy-icon-grid.jpg","contentUrl":"https:\/\/boardlife.se\/wp-content\/uploads\/2019\/08\/sammy-icon-grid.jpg","width":1000,"height":1000,"caption":"sammy icon grid"},{"@type":"BreadcrumbList","@id":"https:\/\/boardlife.se\/shop\/streetwear\/socks\/sammy-icon-grid\/#breadcrumb","itemListElement":[{"@type":"ListItem","position":1,"name":"Hem","item":"https:\/\/boardlife.se\/"},{"@type":"ListItem","position":2,"name":"V\u00e4lkommen till skateparadiset","item":"https:\/\/boardlife.se\/shop\/"},{"@type":"ListItem","position":3,"name":"Sammy Icon Grid"}]},{"@type":"WebSite","@id":"https:\/\/boardlife.se\/#website","url":"https:\/\/boardlife.se\/","name":"Boardlife.se","description":"Lifestyle Provider","publisher":{"@id":"https:\/\/boardlife.se\/#organization"},"potentialAction":[{"@type":"SearchAction","target":{"@type":"EntryPoint","urlTemplate":"https:\/\/boardlife.se\/?s={search_term_string}"},"query-input":{"@type":"PropertyValueSpecification","valueRequired":true,"valueName":"search_term_string"}}],"inLanguage":"en-US"},{"@type":"Organization","@id":"https:\/\/boardlife.se\/#organization","name":"Boardlife","url":"https:\/\/boardlife.se\/","logo":{"@type":"ImageObject","inLanguage":"en-US","@id":"https:\/\/boardlife.se\/#\/schema\/logo\/image\/","url":"https:\/\/boardlife.se\/wp-content\/uploads\/2014\/09\/logo.png","contentUrl":"https:\/\/boardlife.se\/wp-content\/uploads\/2014\/09\/logo.png","width":785,"height":103,"caption":"Boardlife"},"image":{"@id":"https:\/\/boardlife.se\/#\/schema\/logo\/image\/"},"sameAs":["https:\/\/www.facebook.com\/Boardlife.se","http:\/\/instagram.com\/boardlife_official"]}]}},"jetpack_sharing_enabled":true,"_links":{"self":[{"href":"https:\/\/boardlife.se\/en\/wp-json\/wp\/v2\/product\/74062","targetHints":{"allow":["GET"]}}],"collection":[{"href":"https:\/\/boardlife.se\/en\/wp-json\/wp\/v2\/product"}],"about":[{"href":"https:\/\/boardlife.se\/en\/wp-json\/wp\/v2\/types\/product"}],"replies":[{"embeddable":true,"href":"https:\/\/boardlife.se\/en\/wp-json\/wp\/v2\/comments?post=74062"}],"wp:featuredmedia":[{"embeddable":true,"href":"https:\/\/boardlife.se\/en\/wp-json\/wp\/v2\/media\/74064"}],"wp:attachment":[{"href":"https:\/\/boardlife.se\/en\/wp-json\/wp\/v2\/media?parent=74062"}],"wp:term":[{"taxonomy":"product_brand","embeddable":true,"href":"https:\/\/boardlife.se\/en\/wp-json\/wp\/v2\/product_brand?post=74062"},{"taxonomy":"product_cat","embeddable":true,"href":"https:\/\/boardlife.se\/en\/wp-json\/wp\/v2\/product_cat?post=74062"},{"taxonomy":"product_tag","embeddable":true,"href":"https:\/\/boardlife.se\/en\/wp-json\/wp\/v2\/product_tag?post=74062"}],"curies":[{"name":"wp","href":"https:\/\/api.w.org\/{rel}","templated":true}]}}