{"id":74068,"date":"2019-08-12T17:27:16","date_gmt":"2019-08-12T15:27:16","guid":{"rendered":"https:\/\/www.boardlife.se\/?post_type=product&#038;p=74068"},"modified":"2019-09-05T13:43:43","modified_gmt":"2019-09-05T11:43:43","slug":"sammy-icon-mullen","status":"publish","type":"product","link":"https:\/\/boardlife.se\/en\/shop\/streetwear\/socks\/sammy-icon-mullen\/","title":{"rendered":"Sammy Icon Mullen"},"content":{"rendered":"<p>Sk\u00f6na, personliga strumpor fr\u00e5n Sammy Icon som enbart finns i Sverige hos oss p\u00e5 Boardlife. Sammy Icon har sedan 2013 skapat unikt designade strumpor med livliga motiv. Ut\u00f6ver detta \u00e4r strumporna grymt sk\u00f6na och av bra kvalit\u00e9. Denna strumpa gissar vi \u00e4r inspirerad av sj\u00e4lvaste Rodney Mullen som inte \u00e4r en lurig hund utan en legendarisk skejtare utan dess like.<\/p>","protected":false},"excerpt":{"rendered":"<p>Life is too short for boring socks. Buy these and feel the joy of life. Sammy Icon has been making colorful socks since 2013 and delivers a comfortable feel and great quality. We guess this sock is inspired by Rodney Mullen himself who is not a sneaky dog but a legendary skater like no other.<\/p>","protected":false},"featured_media":74071,"comment_status":"open","ping_status":"closed","template":"","meta":{"_gspb_post_css":"","_crdt_document":""},"product_brand":[2605],"product_cat":[1703],"product_tag":[2055],"class_list":{"0":"post-74068","1":"product","2":"type-product","3":"status-publish","4":"has-post-thumbnail","6":"product_brand-sammy-icon","7":"product_cat-socks","8":"product_tag-sammy-icon","9":"pa_manufacturer-sammy-icon","10":"pa_storlekar-36-40","11":"pa_storlekar-40-46","13":"first","14":"instock","15":"taxable","16":"shipping-taxable","17":"purchasable","18":"product-type-variable","19":"has-default-attributes"},"ct_brands":[{"id":2605,"name":"Sammy Icon","slug":"sammy-icon"}],"yoast_head":"<!-- This site is optimized with the Yoast SEO plugin v27.6 - https:\/\/yoast.com\/product\/yoast-seo-wordpress\/ -->\n<title>Sammy Icon Mullen - Boardlife<\/title>\n<meta name=\"description\" content=\"Livet \u00e4r f\u00f6r kort f\u00f6r tr\u00e5kiga strumpor. K\u00f6p dessa och k\u00e4nn livsgl\u00e4djen. Sammy Icon har gjort f\u00e4rgstarka strumpor sedan 2013 och levererar sk\u00f6n k\u00e4nsla och grym kvalit\u00e9. Denna strumpa gissar vi \u00e4r inspirerad av sj\u00e4lvaste Rodney Mullen som inte \u00e4r en lurig hund utan en legendarisk skejtare utan dess like.\" \/>\n<meta name=\"robots\" content=\"index, follow, max-snippet:-1, max-image-preview:large, max-video-preview:-1\" \/>\n<link rel=\"canonical\" href=\"https:\/\/boardlife.se\/en\/shop\/streetwear\/socks\/sammy-icon-mullen\/?wmc-currency=SEK\" \/>\n<meta property=\"og:locale\" content=\"en_US\" \/>\n<meta property=\"og:type\" content=\"article\" \/>\n<meta property=\"og:title\" content=\"Sammy Icon Mullen - Boardlife\" \/>\n<meta property=\"og:description\" content=\"Livet \u00e4r f\u00f6r kort f\u00f6r tr\u00e5kiga strumpor. K\u00f6p dessa och k\u00e4nn livsgl\u00e4djen. Sammy Icon har gjort f\u00e4rgstarka strumpor sedan 2013 och levererar sk\u00f6n k\u00e4nsla och grym kvalit\u00e9. Denna strumpa gissar vi \u00e4r inspirerad av sj\u00e4lvaste Rodney Mullen som inte \u00e4r en lurig hund utan en legendarisk skejtare utan dess like.\" \/>\n<meta property=\"og:url\" content=\"https:\/\/boardlife.se\/en\/shop\/streetwear\/socks\/sammy-icon-mullen\/?wmc-currency=SEK\" \/>\n<meta property=\"og:site_name\" content=\"Boardlife\" \/>\n<meta property=\"article:publisher\" content=\"https:\/\/www.facebook.com\/Boardlife.se\" \/>\n<meta property=\"article:modified_time\" content=\"2019-09-05T11:43:43+00:00\" \/>\n<meta property=\"og:image\" content=\"https:\/\/boardlife.se\/wp-content\/uploads\/2019\/08\/sammy-icon-mullen.jpg\" \/>\n\t<meta property=\"og:image:width\" content=\"1000\" \/>\n\t<meta property=\"og:image:height\" content=\"1000\" \/>\n\t<meta property=\"og:image:type\" content=\"image\/jpeg\" \/>\n<meta name=\"twitter:card\" content=\"summary_large_image\" \/>\n<script type=\"application\/ld+json\" class=\"yoast-schema-graph\">{\"@context\":\"https:\\\/\\\/schema.org\",\"@graph\":[{\"@type\":\"WebPage\",\"@id\":\"https:\\\/\\\/boardlife.se\\\/shop\\\/streetwear\\\/socks\\\/sammy-icon-mullen\\\/\",\"url\":\"https:\\\/\\\/boardlife.se\\\/shop\\\/streetwear\\\/socks\\\/sammy-icon-mullen\\\/\",\"name\":\"Sammy Icon Mullen - Boardlife\",\"isPartOf\":{\"@id\":\"https:\\\/\\\/boardlife.se\\\/#website\"},\"primaryImageOfPage\":{\"@id\":\"https:\\\/\\\/boardlife.se\\\/shop\\\/streetwear\\\/socks\\\/sammy-icon-mullen\\\/#primaryimage\"},\"image\":{\"@id\":\"https:\\\/\\\/boardlife.se\\\/shop\\\/streetwear\\\/socks\\\/sammy-icon-mullen\\\/#primaryimage\"},\"thumbnailUrl\":\"https:\\\/\\\/boardlife.se\\\/wp-content\\\/uploads\\\/2019\\\/08\\\/sammy-icon-mullen.jpg\",\"datePublished\":\"2019-08-12T15:27:16+00:00\",\"dateModified\":\"2019-09-05T11:43:43+00:00\",\"description\":\"Livet \u00e4r f\u00f6r kort f\u00f6r tr\u00e5kiga strumpor. K\u00f6p dessa och k\u00e4nn livsgl\u00e4djen. Sammy Icon har gjort f\u00e4rgstarka strumpor sedan 2013 och levererar sk\u00f6n k\u00e4nsla och grym kvalit\u00e9. Denna strumpa gissar vi \u00e4r inspirerad av sj\u00e4lvaste Rodney Mullen som inte \u00e4r en lurig hund utan en legendarisk skejtare utan dess like.\",\"breadcrumb\":{\"@id\":\"https:\\\/\\\/boardlife.se\\\/shop\\\/streetwear\\\/socks\\\/sammy-icon-mullen\\\/#breadcrumb\"},\"inLanguage\":\"en-US\",\"potentialAction\":[{\"@type\":\"ReadAction\",\"target\":[\"https:\\\/\\\/boardlife.se\\\/shop\\\/streetwear\\\/socks\\\/sammy-icon-mullen\\\/\"]}]},{\"@type\":\"ImageObject\",\"inLanguage\":\"en-US\",\"@id\":\"https:\\\/\\\/boardlife.se\\\/shop\\\/streetwear\\\/socks\\\/sammy-icon-mullen\\\/#primaryimage\",\"url\":\"https:\\\/\\\/boardlife.se\\\/wp-content\\\/uploads\\\/2019\\\/08\\\/sammy-icon-mullen.jpg\",\"contentUrl\":\"https:\\\/\\\/boardlife.se\\\/wp-content\\\/uploads\\\/2019\\\/08\\\/sammy-icon-mullen.jpg\",\"width\":1000,\"height\":1000,\"caption\":\"sammy icon mullen\"},{\"@type\":\"BreadcrumbList\",\"@id\":\"https:\\\/\\\/boardlife.se\\\/shop\\\/streetwear\\\/socks\\\/sammy-icon-mullen\\\/#breadcrumb\",\"itemListElement\":[{\"@type\":\"ListItem\",\"position\":1,\"name\":\"Hem\",\"item\":\"https:\\\/\\\/boardlife.se\\\/\"},{\"@type\":\"ListItem\",\"position\":2,\"name\":\"V\u00e4lkommen till skateparadiset\",\"item\":\"https:\\\/\\\/boardlife.se\\\/shop\\\/\"},{\"@type\":\"ListItem\",\"position\":3,\"name\":\"Sammy Icon Mullen\"}]},{\"@type\":\"WebSite\",\"@id\":\"https:\\\/\\\/boardlife.se\\\/#website\",\"url\":\"https:\\\/\\\/boardlife.se\\\/\",\"name\":\"Boardlife.se\",\"description\":\"Provider of Lifestyle\",\"publisher\":{\"@id\":\"https:\\\/\\\/boardlife.se\\\/#organization\"},\"potentialAction\":[{\"@type\":\"SearchAction\",\"target\":{\"@type\":\"EntryPoint\",\"urlTemplate\":\"https:\\\/\\\/boardlife.se\\\/?s={search_term_string}\"},\"query-input\":{\"@type\":\"PropertyValueSpecification\",\"valueRequired\":true,\"valueName\":\"search_term_string\"}}],\"inLanguage\":\"en-US\"},{\"@type\":\"Organization\",\"@id\":\"https:\\\/\\\/boardlife.se\\\/#organization\",\"name\":\"Boardlife\",\"url\":\"https:\\\/\\\/boardlife.se\\\/\",\"logo\":{\"@type\":\"ImageObject\",\"inLanguage\":\"en-US\",\"@id\":\"https:\\\/\\\/boardlife.se\\\/#\\\/schema\\\/logo\\\/image\\\/\",\"url\":\"https:\\\/\\\/boardlife.se\\\/wp-content\\\/uploads\\\/2014\\\/09\\\/logo.png\",\"contentUrl\":\"https:\\\/\\\/boardlife.se\\\/wp-content\\\/uploads\\\/2014\\\/09\\\/logo.png\",\"width\":785,\"height\":103,\"caption\":\"Boardlife\"},\"image\":{\"@id\":\"https:\\\/\\\/boardlife.se\\\/#\\\/schema\\\/logo\\\/image\\\/\"},\"sameAs\":[\"https:\\\/\\\/www.facebook.com\\\/Boardlife.se\",\"http:\\\/\\\/instagram.com\\\/boardlife_official\"]}]}<\/script>\n<!-- \/ Yoast SEO plugin. -->","yoast_head_json":{"title":"Sammy Icon Mullen - Boardlife","description":"Life is too short for boring socks. Buy these and feel the joy of life. Sammy Icon has been making colorful socks since 2013 and delivers a comfortable feel and great quality. We guess this sock is inspired by Rodney Mullen himself who is not a sneaky dog but a legendary skater like no other.","robots":{"index":"index","follow":"follow","max-snippet":"max-snippet:-1","max-image-preview":"max-image-preview:large","max-video-preview":"max-video-preview:-1"},"canonical":"https:\/\/boardlife.se\/en\/shop\/streetwear\/socks\/sammy-icon-mullen\/?wmc-currency=SEK","og_locale":"en_US","og_type":"article","og_title":"Sammy Icon Mullen - Boardlife","og_description":"Livet \u00e4r f\u00f6r kort f\u00f6r tr\u00e5kiga strumpor. K\u00f6p dessa och k\u00e4nn livsgl\u00e4djen. Sammy Icon har gjort f\u00e4rgstarka strumpor sedan 2013 och levererar sk\u00f6n k\u00e4nsla och grym kvalit\u00e9. Denna strumpa gissar vi \u00e4r inspirerad av sj\u00e4lvaste Rodney Mullen som inte \u00e4r en lurig hund utan en legendarisk skejtare utan dess like.","og_url":"https:\/\/boardlife.se\/en\/shop\/streetwear\/socks\/sammy-icon-mullen\/?wmc-currency=SEK","og_site_name":"Boardlife","article_publisher":"https:\/\/www.facebook.com\/Boardlife.se","article_modified_time":"2019-09-05T11:43:43+00:00","og_image":[{"width":1000,"height":1000,"url":"https:\/\/boardlife.se\/wp-content\/uploads\/2019\/08\/sammy-icon-mullen.jpg","type":"image\/jpeg"}],"twitter_card":"summary_large_image","schema":{"@context":"https:\/\/schema.org","@graph":[{"@type":"WebPage","@id":"https:\/\/boardlife.se\/shop\/streetwear\/socks\/sammy-icon-mullen\/","url":"https:\/\/boardlife.se\/shop\/streetwear\/socks\/sammy-icon-mullen\/","name":"Sammy Icon Mullen - Boardlife","isPartOf":{"@id":"https:\/\/boardlife.se\/#website"},"primaryImageOfPage":{"@id":"https:\/\/boardlife.se\/shop\/streetwear\/socks\/sammy-icon-mullen\/#primaryimage"},"image":{"@id":"https:\/\/boardlife.se\/shop\/streetwear\/socks\/sammy-icon-mullen\/#primaryimage"},"thumbnailUrl":"https:\/\/boardlife.se\/wp-content\/uploads\/2019\/08\/sammy-icon-mullen.jpg","datePublished":"2019-08-12T15:27:16+00:00","dateModified":"2019-09-05T11:43:43+00:00","description":"Life is too short for boring socks. Buy these and feel the joy of life. Sammy Icon has been making colorful socks since 2013 and delivers a comfortable feel and great quality. We guess this sock is inspired by Rodney Mullen himself who is not a sneaky dog but a legendary skater like no other.","breadcrumb":{"@id":"https:\/\/boardlife.se\/shop\/streetwear\/socks\/sammy-icon-mullen\/#breadcrumb"},"inLanguage":"en-US","potentialAction":[{"@type":"ReadAction","target":["https:\/\/boardlife.se\/shop\/streetwear\/socks\/sammy-icon-mullen\/"]}]},{"@type":"ImageObject","inLanguage":"en-US","@id":"https:\/\/boardlife.se\/shop\/streetwear\/socks\/sammy-icon-mullen\/#primaryimage","url":"https:\/\/boardlife.se\/wp-content\/uploads\/2019\/08\/sammy-icon-mullen.jpg","contentUrl":"https:\/\/boardlife.se\/wp-content\/uploads\/2019\/08\/sammy-icon-mullen.jpg","width":1000,"height":1000,"caption":"sammy icon mullen"},{"@type":"BreadcrumbList","@id":"https:\/\/boardlife.se\/shop\/streetwear\/socks\/sammy-icon-mullen\/#breadcrumb","itemListElement":[{"@type":"ListItem","position":1,"name":"Hem","item":"https:\/\/boardlife.se\/"},{"@type":"ListItem","position":2,"name":"V\u00e4lkommen till skateparadiset","item":"https:\/\/boardlife.se\/shop\/"},{"@type":"ListItem","position":3,"name":"Sammy Icon Mullen"}]},{"@type":"WebSite","@id":"https:\/\/boardlife.se\/#website","url":"https:\/\/boardlife.se\/","name":"Boardlife.se","description":"Lifestyle Provider","publisher":{"@id":"https:\/\/boardlife.se\/#organization"},"potentialAction":[{"@type":"SearchAction","target":{"@type":"EntryPoint","urlTemplate":"https:\/\/boardlife.se\/?s={search_term_string}"},"query-input":{"@type":"PropertyValueSpecification","valueRequired":true,"valueName":"search_term_string"}}],"inLanguage":"en-US"},{"@type":"Organization","@id":"https:\/\/boardlife.se\/#organization","name":"Boardlife","url":"https:\/\/boardlife.se\/","logo":{"@type":"ImageObject","inLanguage":"en-US","@id":"https:\/\/boardlife.se\/#\/schema\/logo\/image\/","url":"https:\/\/boardlife.se\/wp-content\/uploads\/2014\/09\/logo.png","contentUrl":"https:\/\/boardlife.se\/wp-content\/uploads\/2014\/09\/logo.png","width":785,"height":103,"caption":"Boardlife"},"image":{"@id":"https:\/\/boardlife.se\/#\/schema\/logo\/image\/"},"sameAs":["https:\/\/www.facebook.com\/Boardlife.se","http:\/\/instagram.com\/boardlife_official"]}]}},"jetpack_sharing_enabled":true,"_links":{"self":[{"href":"https:\/\/boardlife.se\/en\/wp-json\/wp\/v2\/product\/74068","targetHints":{"allow":["GET"]}}],"collection":[{"href":"https:\/\/boardlife.se\/en\/wp-json\/wp\/v2\/product"}],"about":[{"href":"https:\/\/boardlife.se\/en\/wp-json\/wp\/v2\/types\/product"}],"replies":[{"embeddable":true,"href":"https:\/\/boardlife.se\/en\/wp-json\/wp\/v2\/comments?post=74068"}],"wp:featuredmedia":[{"embeddable":true,"href":"https:\/\/boardlife.se\/en\/wp-json\/wp\/v2\/media\/74071"}],"wp:attachment":[{"href":"https:\/\/boardlife.se\/en\/wp-json\/wp\/v2\/media?parent=74068"}],"wp:term":[{"taxonomy":"product_brand","embeddable":true,"href":"https:\/\/boardlife.se\/en\/wp-json\/wp\/v2\/product_brand?post=74068"},{"taxonomy":"product_cat","embeddable":true,"href":"https:\/\/boardlife.se\/en\/wp-json\/wp\/v2\/product_cat?post=74068"},{"taxonomy":"product_tag","embeddable":true,"href":"https:\/\/boardlife.se\/en\/wp-json\/wp\/v2\/product_tag?post=74068"}],"curies":[{"name":"wp","href":"https:\/\/api.w.org\/{rel}","templated":true}]}}